{"id":47620,"date":"2024-07-29T12:17:01","date_gmt":"2024-07-29T10:17:01","guid":{"rendered":"https:\/\/www.gemm-srl.com\/non%20class\u00e9\/cl2-1713\/"},"modified":"2026-04-14T06:18:46","modified_gmt":"2026-04-14T04:18:46","slug":"cl2-1713","status":"publish","type":"product","link":"https:\/\/www.gemm-srl.com\/fr\/retarder-provers\/planet-rooms\/cl2-1713\/","title":{"rendered":"CL2\/1713"},"content":{"rendered":"<p>CELLULE FERMENTATION CONTR\u00d4L\u00c9E 2 CHARIOTS 600&#215;800 AVEC RAMPE &#8211; Cellule de fermentation contr\u00f4l\u00e9e avec panneaux modulaires compl\u00e8te de producteur de vapeur, panneau de contr\u00f4le 7\u00a0\u00bb avec contr\u00f4le de la ventilation et de l&rsquo;humidit\u00e9 dans toutes les phases, supervision Wi-Fi \u00e0 distance.<\/p>\n","protected":false},"excerpt":{"rendered":"<p>CELLULE FERMENTATION CONTR\u00d4L\u00c9E 2 CHARIOTS 600&#215;800 AVEC RAMPE &#8211; Cellule de fermentation contr\u00f4l\u00e9e avec panneaux modulaires compl\u00e8te de producteur de vapeur, panneau de contr\u00f4le 7\u00a0\u00bb avec contr\u00f4le de la ventilation et de l&rsquo;humidit\u00e9 dans toutes les phases, supervision Wi-Fi \u00e0 distance.<\/p>\n","protected":false},"featured_media":152889,"template":"","meta":{"_acf_changed":false},"product_brand":[],"product_cat":[571],"product_tag":[528],"class_list":{"0":"post-47620","1":"product","2":"type-product","3":"status-publish","4":"has-post-thumbnail","6":"product_cat-planet-rooms","7":"product_tag-pastry","9":"first","10":"instock","11":"purchasable","12":"product-type-simple"},"acf":{"titolo_h2":"MAX 90 % HR","tipo":"","video":"","file_privati":[148469],"file_pubblici":"","scheda_tecnica":"https:\/\/gemm.datipro.it\/pdf-datasheet\/fr\/48001090","depliant":"https:\/\/gemm.datipro.it\/pdf-depliant\/\/DEPLIANT%202025\/GEMM_PLANET_2026_FR.pdf","struttura_info":"finition ext\u00e9rieure en t\u00f4le PET couleur gris \/ finition int\u00e9rieure en rev\u00eatement en acier inoxydable AISI 304 18\/34","posizione_vano_tecnico":"tableau de commande et installation \u00e9lectrique avec acc\u00e8s frontal","tipo_di_refrigerazione_info":"froid ventil\u00e9 \"gentil\" indirect\/doux","elettronica_info":"carte \u00e9lectronique \u00e0 \u00e9cran TACTILE 7''","sbrinamento_info":"automatique avec r\u00e9sistance \u00e9lectrique","evaporazione_acqua_di_condensa_info":"tuyau pour l'\u00e9limination de l'eau de condensation (pr\u00e9voir un raccordement)","allestimenti_a_richiesta":"","dotazione_info":"USB, syst\u00e8me de surveillance Wi-Fi GEMM-Cloud","esclusioni_info":"chariots, tuyauterie de connexion \u00e0 l\u2019unit\u00e9 de condensation et charge de gaz","spessore_di_isolamento_info":"80","passo_guide_info":"","posizioni_su_cremagliera":"","piano_di_lavoro_inox_info":"","tipo_serratura":"OUI","illuminazione":"OUI","controllo_ventilazione":"OUI","controllo_umidita":"OUI","umidita_relativa":"max 90%","gas_info":"","tensione_info":"3x400V ~ 50Hz","classe_climatica_info":"5","elenco_accessori":[{"accessori":"48002000 - Porte standard 80x197h cm avec rampe (ajout)"},{"accessori":"48002005 - Porte standard cm 100x197h avec rampe (ajout)"},{"accessori":"48002030 - Dictator<br \/>(pour une fermeture douce et automatique de la porte)"},{"accessori":"48002040 - Hublot 40x40 cm pour porte (suppl\u00e9ment)"},{"accessori":"48002045 - Hublot 40x160 cm pour porte (suppl\u00e9ment)"},{"accessori":"48002050 - Porte avec charni\u00e8res \u00e0 gauche (suppl\u00e9ment)"},{"accessori":"48002060 - Finition ext\u00e9rieure en acier inoxydable AISI 304 (suppl\u00e9ment)"},{"accessori":"40200560 - Fr\u00e9quence 60Hz"}],"immagini_portabottiglie":"","strutture_portabottiglie":null,"soluzioni_portabottiglie":null},"yoast_head":"<!-- This site is optimized with the Yoast SEO plugin v26.5 - https:\/\/yoast.com\/wordpress\/plugins\/seo\/ -->\n<title>CL2\/1713 - Gemm srl<\/title>\n<meta name=\"robots\" content=\"index, follow, max-snippet:-1, max-image-preview:large, max-video-preview:-1\" \/>\n<link rel=\"canonical\" href=\"https:\/\/www.gemm-srl.com\/fr\/retarder-provers\/planet-rooms\/cl2-1713\/\" \/>\n<meta property=\"og:locale\" content=\"fr_FR\" \/>\n<meta property=\"og:type\" content=\"article\" \/>\n<meta property=\"og:title\" content=\"CL2\/1713 - Gemm srl\" \/>\n<meta property=\"og:description\" content=\"CELLULE FERMENTATION CONTR\u00d4L\u00c9E 2 CHARIOTS 600&#215;800 AVEC RAMPE &#8211; Cellule de fermentation contr\u00f4l\u00e9e avec panneaux modulaires compl\u00e8te de producteur de vapeur, panneau de contr\u00f4le 7\u00a0\u00bb avec contr\u00f4le de la ventilation et de l&rsquo;humidit\u00e9 dans toutes les phases, supervision Wi-Fi \u00e0 distance.\" \/>\n<meta property=\"og:url\" content=\"https:\/\/www.gemm-srl.com\/fr\/retarder-provers\/planet-rooms\/cl2-1713\/\" \/>\n<meta property=\"og:site_name\" content=\"Gemm srl\" \/>\n<meta property=\"article:publisher\" content=\"https:\/\/www.facebook.com\/people\/GEMM-SRL\/100065046666797\/\" \/>\n<meta property=\"article:modified_time\" content=\"2026-04-14T04:18:46+00:00\" \/>\n<meta property=\"og:image\" content=\"https:\/\/www.gemm-srl.com\/wp-content\/uploads\/2026\/01\/CL2_1713_SITO-scaled.jpg\" \/>\n\t<meta property=\"og:image:width\" content=\"2560\" \/>\n\t<meta property=\"og:image:height\" content=\"2560\" \/>\n\t<meta property=\"og:image:type\" content=\"image\/jpeg\" \/>\n<meta name=\"twitter:card\" content=\"summary_large_image\" \/>\n<script type=\"application\/ld+json\" class=\"yoast-schema-graph\">{\"@context\":\"https:\/\/schema.org\",\"@graph\":[{\"@type\":\"WebPage\",\"@id\":\"https:\/\/www.gemm-srl.com\/fr\/retarder-provers\/planet-rooms\/cl2-1713\/\",\"url\":\"https:\/\/www.gemm-srl.com\/fr\/retarder-provers\/planet-rooms\/cl2-1713\/\",\"name\":\"CL2\/1713 - Gemm srl\",\"isPartOf\":{\"@id\":\"https:\/\/www.gemm-srl.com\/fr\/#website\"},\"primaryImageOfPage\":{\"@id\":\"https:\/\/www.gemm-srl.com\/fr\/retarder-provers\/planet-rooms\/cl2-1713\/#primaryimage\"},\"image\":{\"@id\":\"https:\/\/www.gemm-srl.com\/fr\/retarder-provers\/planet-rooms\/cl2-1713\/#primaryimage\"},\"thumbnailUrl\":\"https:\/\/www.gemm-srl.com\/wp-content\/uploads\/2026\/01\/CL2_1713_SITO-scaled.jpg\",\"datePublished\":\"2024-07-29T10:17:01+00:00\",\"dateModified\":\"2026-04-14T04:18:46+00:00\",\"breadcrumb\":{\"@id\":\"https:\/\/www.gemm-srl.com\/fr\/retarder-provers\/planet-rooms\/cl2-1713\/#breadcrumb\"},\"inLanguage\":\"fr-FR\",\"potentialAction\":[{\"@type\":\"ReadAction\",\"target\":[\"https:\/\/www.gemm-srl.com\/fr\/retarder-provers\/planet-rooms\/cl2-1713\/\"]}]},{\"@type\":\"ImageObject\",\"inLanguage\":\"fr-FR\",\"@id\":\"https:\/\/www.gemm-srl.com\/fr\/retarder-provers\/planet-rooms\/cl2-1713\/#primaryimage\",\"url\":\"https:\/\/www.gemm-srl.com\/wp-content\/uploads\/2026\/01\/CL2_1713_SITO-scaled.jpg\",\"contentUrl\":\"https:\/\/www.gemm-srl.com\/wp-content\/uploads\/2026\/01\/CL2_1713_SITO-scaled.jpg\",\"width\":2560,\"height\":2560},{\"@type\":\"BreadcrumbList\",\"@id\":\"https:\/\/www.gemm-srl.com\/fr\/retarder-provers\/planet-rooms\/cl2-1713\/#breadcrumb\",\"itemListElement\":[{\"@type\":\"ListItem\",\"position\":1,\"name\":\"Home\",\"item\":\"https:\/\/www.gemm-srl.com\/fr\/\"},{\"@type\":\"ListItem\",\"position\":2,\"name\":\"Produits\",\"item\":\"https:\/\/www.gemm-srl.com\/fr\/produits\/\"},{\"@type\":\"ListItem\",\"position\":3,\"name\":\"Fermentation contr\u00f4l\u00e9e\",\"item\":\"https:\/\/www.gemm-srl.com\/fr\/fermentation-controlee\/\"},{\"@type\":\"ListItem\",\"position\":4,\"name\":\"Planet Chambres\",\"item\":\"https:\/\/www.gemm-srl.com\/fr\/fermentation-controlee\/planet-chambres\/\"},{\"@type\":\"ListItem\",\"position\":5,\"name\":\"CL2\/1713\"}]},{\"@type\":\"WebSite\",\"@id\":\"https:\/\/www.gemm-srl.com\/fr\/#website\",\"url\":\"https:\/\/www.gemm-srl.com\/fr\/\",\"name\":\"Gemm srl\",\"description\":\"Sistemi refrigerati professionali di alta qualit\u00e0\",\"publisher\":{\"@id\":\"https:\/\/www.gemm-srl.com\/fr\/#organization\"},\"potentialAction\":[{\"@type\":\"SearchAction\",\"target\":{\"@type\":\"EntryPoint\",\"urlTemplate\":\"https:\/\/www.gemm-srl.com\/fr\/?s={search_term_string}\"},\"query-input\":{\"@type\":\"PropertyValueSpecification\",\"valueRequired\":true,\"valueName\":\"search_term_string\"}}],\"inLanguage\":\"fr-FR\"},{\"@type\":\"Organization\",\"@id\":\"https:\/\/www.gemm-srl.com\/fr\/#organization\",\"name\":\"Gemm srl\",\"url\":\"https:\/\/www.gemm-srl.com\/fr\/\",\"logo\":{\"@type\":\"ImageObject\",\"inLanguage\":\"fr-FR\",\"@id\":\"https:\/\/www.gemm-srl.com\/fr\/#\/schema\/logo\/image\/\",\"url\":\"https:\/\/www.gemm-srl.com\/wp-content\/uploads\/2020\/11\/logo_nero.png\",\"contentUrl\":\"https:\/\/www.gemm-srl.com\/wp-content\/uploads\/2020\/11\/logo_nero.png\",\"width\":250,\"height\":59,\"caption\":\"Gemm srl\"},\"image\":{\"@id\":\"https:\/\/www.gemm-srl.com\/fr\/#\/schema\/logo\/image\/\"},\"sameAs\":[\"https:\/\/www.facebook.com\/people\/GEMM-SRL\/100065046666797\/\",\"https:\/\/www.youtube.com\/@gemmsrl\",\"https:\/\/www.linkedin.com\/company\/gemm-s.r.l.\/\",\"https:\/\/www.instagram.com\/gemmsrl\/\"]}]}<\/script>\n<!-- \/ Yoast SEO plugin. -->","yoast_head_json":{"title":"CL2\/1713 - Gemm srl","robots":{"index":"index","follow":"follow","max-snippet":"max-snippet:-1","max-image-preview":"max-image-preview:large","max-video-preview":"max-video-preview:-1"},"canonical":"https:\/\/www.gemm-srl.com\/fr\/retarder-provers\/planet-rooms\/cl2-1713\/","og_locale":"fr_FR","og_type":"article","og_title":"CL2\/1713 - Gemm srl","og_description":"CELLULE FERMENTATION CONTR\u00d4L\u00c9E 2 CHARIOTS 600&#215;800 AVEC RAMPE &#8211; Cellule de fermentation contr\u00f4l\u00e9e avec panneaux modulaires compl\u00e8te de producteur de vapeur, panneau de contr\u00f4le 7\u00a0\u00bb avec contr\u00f4le de la ventilation et de l&rsquo;humidit\u00e9 dans toutes les phases, supervision Wi-Fi \u00e0 distance.","og_url":"https:\/\/www.gemm-srl.com\/fr\/retarder-provers\/planet-rooms\/cl2-1713\/","og_site_name":"Gemm srl","article_publisher":"https:\/\/www.facebook.com\/people\/GEMM-SRL\/100065046666797\/","article_modified_time":"2026-04-14T04:18:46+00:00","og_image":[{"width":2560,"height":2560,"url":"https:\/\/www.gemm-srl.com\/wp-content\/uploads\/2026\/01\/CL2_1713_SITO-scaled.jpg","type":"image\/jpeg"}],"twitter_card":"summary_large_image","schema":{"@context":"https:\/\/schema.org","@graph":[{"@type":"WebPage","@id":"https:\/\/www.gemm-srl.com\/fr\/retarder-provers\/planet-rooms\/cl2-1713\/","url":"https:\/\/www.gemm-srl.com\/fr\/retarder-provers\/planet-rooms\/cl2-1713\/","name":"CL2\/1713 - Gemm srl","isPartOf":{"@id":"https:\/\/www.gemm-srl.com\/fr\/#website"},"primaryImageOfPage":{"@id":"https:\/\/www.gemm-srl.com\/fr\/retarder-provers\/planet-rooms\/cl2-1713\/#primaryimage"},"image":{"@id":"https:\/\/www.gemm-srl.com\/fr\/retarder-provers\/planet-rooms\/cl2-1713\/#primaryimage"},"thumbnailUrl":"https:\/\/www.gemm-srl.com\/wp-content\/uploads\/2026\/01\/CL2_1713_SITO-scaled.jpg","datePublished":"2024-07-29T10:17:01+00:00","dateModified":"2026-04-14T04:18:46+00:00","breadcrumb":{"@id":"https:\/\/www.gemm-srl.com\/fr\/retarder-provers\/planet-rooms\/cl2-1713\/#breadcrumb"},"inLanguage":"fr-FR","potentialAction":[{"@type":"ReadAction","target":["https:\/\/www.gemm-srl.com\/fr\/retarder-provers\/planet-rooms\/cl2-1713\/"]}]},{"@type":"ImageObject","inLanguage":"fr-FR","@id":"https:\/\/www.gemm-srl.com\/fr\/retarder-provers\/planet-rooms\/cl2-1713\/#primaryimage","url":"https:\/\/www.gemm-srl.com\/wp-content\/uploads\/2026\/01\/CL2_1713_SITO-scaled.jpg","contentUrl":"https:\/\/www.gemm-srl.com\/wp-content\/uploads\/2026\/01\/CL2_1713_SITO-scaled.jpg","width":2560,"height":2560},{"@type":"BreadcrumbList","@id":"https:\/\/www.gemm-srl.com\/fr\/retarder-provers\/planet-rooms\/cl2-1713\/#breadcrumb","itemListElement":[{"@type":"ListItem","position":1,"name":"Home","item":"https:\/\/www.gemm-srl.com\/fr\/"},{"@type":"ListItem","position":2,"name":"Produits","item":"https:\/\/www.gemm-srl.com\/fr\/produits\/"},{"@type":"ListItem","position":3,"name":"Fermentation contr\u00f4l\u00e9e","item":"https:\/\/www.gemm-srl.com\/fr\/fermentation-controlee\/"},{"@type":"ListItem","position":4,"name":"Planet Chambres","item":"https:\/\/www.gemm-srl.com\/fr\/fermentation-controlee\/planet-chambres\/"},{"@type":"ListItem","position":5,"name":"CL2\/1713"}]},{"@type":"WebSite","@id":"https:\/\/www.gemm-srl.com\/fr\/#website","url":"https:\/\/www.gemm-srl.com\/fr\/","name":"Gemm srl","description":"Sistemi refrigerati professionali di alta qualit\u00e0","publisher":{"@id":"https:\/\/www.gemm-srl.com\/fr\/#organization"},"potentialAction":[{"@type":"SearchAction","target":{"@type":"EntryPoint","urlTemplate":"https:\/\/www.gemm-srl.com\/fr\/?s={search_term_string}"},"query-input":{"@type":"PropertyValueSpecification","valueRequired":true,"valueName":"search_term_string"}}],"inLanguage":"fr-FR"},{"@type":"Organization","@id":"https:\/\/www.gemm-srl.com\/fr\/#organization","name":"Gemm srl","url":"https:\/\/www.gemm-srl.com\/fr\/","logo":{"@type":"ImageObject","inLanguage":"fr-FR","@id":"https:\/\/www.gemm-srl.com\/fr\/#\/schema\/logo\/image\/","url":"https:\/\/www.gemm-srl.com\/wp-content\/uploads\/2020\/11\/logo_nero.png","contentUrl":"https:\/\/www.gemm-srl.com\/wp-content\/uploads\/2020\/11\/logo_nero.png","width":250,"height":59,"caption":"Gemm srl"},"image":{"@id":"https:\/\/www.gemm-srl.com\/fr\/#\/schema\/logo\/image\/"},"sameAs":["https:\/\/www.facebook.com\/people\/GEMM-SRL\/100065046666797\/","https:\/\/www.youtube.com\/@gemmsrl","https:\/\/www.linkedin.com\/company\/gemm-s.r.l.\/","https:\/\/www.instagram.com\/gemmsrl\/"]}]}},"_links":{"self":[{"href":"https:\/\/www.gemm-srl.com\/fr\/wp-json\/wp\/v2\/product\/47620","targetHints":{"allow":["GET"]}}],"collection":[{"href":"https:\/\/www.gemm-srl.com\/fr\/wp-json\/wp\/v2\/product"}],"about":[{"href":"https:\/\/www.gemm-srl.com\/fr\/wp-json\/wp\/v2\/types\/product"}],"acf:post":[{"embeddable":true,"href":"https:\/\/www.gemm-srl.com\/fr\/wp-json\/wp\/v2\/wpdmpro\/148469"}],"wp:featuredmedia":[{"embeddable":true,"href":"https:\/\/www.gemm-srl.com\/fr\/wp-json\/wp\/v2\/media\/152889"}],"wp:attachment":[{"href":"https:\/\/www.gemm-srl.com\/fr\/wp-json\/wp\/v2\/media?parent=47620"}],"wp:term":[{"taxonomy":"product_brand","embeddable":true,"href":"https:\/\/www.gemm-srl.com\/fr\/wp-json\/wp\/v2\/product_brand?post=47620"},{"taxonomy":"product_cat","embeddable":true,"href":"https:\/\/www.gemm-srl.com\/fr\/wp-json\/wp\/v2\/product_cat?post=47620"},{"taxonomy":"product_tag","embeddable":true,"href":"https:\/\/www.gemm-srl.com\/fr\/wp-json\/wp\/v2\/product_tag?post=47620"}],"curies":[{"name":"wp","href":"https:\/\/api.w.org\/{rel}","templated":true}]}}