{"id":39137,"date":"2024-07-25T09:42:58","date_gmt":"2024-07-25T07:42:58","guid":{"rendered":"https:\/\/www.gemm-srl.com\/non%20class\u00e9\/wd7-121\/"},"modified":"2026-03-21T01:35:31","modified_gmt":"2026-03-21T00:35:31","slug":"wd7-121","status":"publish","type":"product","link":"https:\/\/www.gemm-srl.com\/fr\/vetrine-vino-en\/wine-display-en\/wd7-121\/","title":{"rendered":"WD7\/121"},"content":{"rendered":"<p>VITRINE R\u00c9FRIG\u00c9R\u00c9E \u00c0 VIN: capacit\u00e9 max. 224 bouteilles. Compacte et \u00e9l\u00e9gante, r\u00e9alis\u00e9e en acier inoxydable avec isolation en polyur\u00e9thane haute densit\u00e9, avec fonctionnement en modalit\u00e9 ventil\u00e9 ou statique, elle peut conserver diff\u00e9rents types de vins \u00e0 la bonne temp\u00e9rature de service, mettant en valeur chaque bouteille gr\u00e2ce \u00e0 la porte enti\u00e8rement vitr\u00e9e \u00e9quip\u00e9e avec dispositif anti-bu\u00e9e et \u00e9clairage LED blanc (ou chaud sur demande).<\/p>\n","protected":false},"excerpt":{"rendered":"<p>VITRINE R\u00c9FRIG\u00c9R\u00c9E \u00c0 VIN: capacit\u00e9 max. 224 bouteilles. Compacte et \u00e9l\u00e9gante, r\u00e9alis\u00e9e en acier inoxydable avec isolation en polyur\u00e9thane haute densit\u00e9, avec fonctionnement en modalit\u00e9 ventil\u00e9 ou statique, elle peut conserver diff\u00e9rents types de vins \u00e0 la bonne temp\u00e9rature de service, mettant en valeur chaque bouteille gr\u00e2ce \u00e0 la porte enti\u00e8rement vitr\u00e9e \u00e9quip\u00e9e avec dispositif [&hellip;]<\/p>\n","protected":false},"featured_media":148611,"template":"","meta":{"_acf_changed":false},"product_brand":[],"product_cat":[1088],"product_tag":[1132],"class_list":{"0":"post-39137","1":"product","2":"type-product","3":"status-publish","4":"has-post-thumbnail","6":"product_cat-wine-display-en","7":"product_tag-wine-display-en","9":"first","10":"instock","11":"purchasable","12":"product-type-simple"},"acf":{"titolo_h2":"\u00c0 MUR","tipo":"","video":"","file_privati":[151618],"file_pubblici":"","scheda_tecnica":"https:\/\/gemm.datipro.it\/pdf-datasheet\/fr\/60001045","depliant":"https:\/\/gemm.datipro.it\/pdf-depliant\/\/DEPLIANT%202025\/GEMM_BRERA_2025_ENG.pdf","struttura_info":"monocoque en acier inoxydable","posizione_vano_tecnico":"r\u00e9tractable, sur le fond","tipo_di_refrigerazione_info":"r\u00e9frig\u00e9ration ventil\u00e9e ou statique","elettronica_info":"panneau de contr\u00f4le touch 2.8\", visualisation digit","sbrinamento_info":"avec arr\u00eat","evaporazione_acqua_di_condensa_info":"automatique","allestimenti_a_richiesta":"finition couleur sur demande","dotazione_info":"","esclusioni_info":"structures porte-bouteilles","spessore_di_isolamento_info":"50","passo_guide_info":"","posizioni_su_cremagliera":"","piano_di_lavoro_inox_info":"","tipo_serratura":"OUI","illuminazione":"OUI, 6000K (sur demande 2700K)","controllo_ventilazione":"NON","controllo_umidita":"NON","umidita_relativa":"","gas_info":"R290","tensione_info":"1x230V ~ 50Hz","classe_climatica_info":"4","elenco_accessori":[{"accessori":"60001145 - Structure porte-bouteille fixe en acier inox pour WD7\/121 en tube carr\u00e9 satin\u00e9 (capacit\u00e9 : 120 bouteilles)"},{"accessori":"60001155 - Plan finition sup\u00e9rieur en acier inox 81x70x2h cm"},{"accessori":"60002105 - \u00c9tag\u00e8re en acier inox pour DA-SF7\/"},{"accessori":"60002200 - Finition couleur WD DA SF (suppl\u00e9ment)"},{"accessori":"60002190 - Dimmer r\u00e9glage illumination led pour Wine Display"},{"accessori":"60002180 - Kit roulettes r\u00e9tractables"},{"accessori":"40200180Unit\u00e9 de condensation 1\/4 HP (distance \u2264 10 m)"},{"accessori":"45000565 - Syst\u00e8me de supervision Wi-Fi (suppl\u00e9ment)"},{"accessori":"40200560 - Fr\u00e9quence 60Hz"}],"immagini_portabottiglie":"","strutture_portabottiglie":null,"soluzioni_portabottiglie":null},"yoast_head":"<!-- This site is optimized with the Yoast SEO plugin v26.5 - https:\/\/yoast.com\/wordpress\/plugins\/seo\/ -->\n<title>WD7\/121 - Gemm srl<\/title>\n<meta name=\"robots\" content=\"index, follow, max-snippet:-1, max-image-preview:large, max-video-preview:-1\" \/>\n<link rel=\"canonical\" href=\"https:\/\/www.gemm-srl.com\/fr\/vetrine-vino-en\/wine-display-en\/wd7-121\/\" \/>\n<meta property=\"og:locale\" content=\"fr_FR\" \/>\n<meta property=\"og:type\" content=\"article\" \/>\n<meta property=\"og:title\" content=\"WD7\/121 - Gemm srl\" \/>\n<meta property=\"og:description\" content=\"VITRINE R\u00c9FRIG\u00c9R\u00c9E \u00c0 VIN: capacit\u00e9 max. 224 bouteilles. Compacte et \u00e9l\u00e9gante, r\u00e9alis\u00e9e en acier inoxydable avec isolation en polyur\u00e9thane haute densit\u00e9, avec fonctionnement en modalit\u00e9 ventil\u00e9 ou statique, elle peut conserver diff\u00e9rents types de vins \u00e0 la bonne temp\u00e9rature de service, mettant en valeur chaque bouteille gr\u00e2ce \u00e0 la porte enti\u00e8rement vitr\u00e9e \u00e9quip\u00e9e avec dispositif [&hellip;]\" \/>\n<meta property=\"og:url\" content=\"https:\/\/www.gemm-srl.com\/fr\/vetrine-vino-en\/wine-display-en\/wd7-121\/\" \/>\n<meta property=\"og:site_name\" content=\"Gemm srl\" \/>\n<meta property=\"article:publisher\" content=\"https:\/\/www.facebook.com\/people\/GEMM-SRL\/100065046666797\/\" \/>\n<meta property=\"article:modified_time\" content=\"2026-03-21T00:35:31+00:00\" \/>\n<meta property=\"og:image\" content=\"https:\/\/www.gemm-srl.com\/wp-content\/uploads\/2025\/03\/WD7_121_PROVA-scaled.jpg\" \/>\n\t<meta property=\"og:image:width\" content=\"2560\" \/>\n\t<meta property=\"og:image:height\" content=\"2560\" \/>\n\t<meta property=\"og:image:type\" content=\"image\/jpeg\" \/>\n<meta name=\"twitter:card\" content=\"summary_large_image\" \/>\n<script type=\"application\/ld+json\" class=\"yoast-schema-graph\">{\"@context\":\"https:\/\/schema.org\",\"@graph\":[{\"@type\":\"WebPage\",\"@id\":\"https:\/\/www.gemm-srl.com\/fr\/vetrine-vino-en\/wine-display-en\/wd7-121\/\",\"url\":\"https:\/\/www.gemm-srl.com\/fr\/vetrine-vino-en\/wine-display-en\/wd7-121\/\",\"name\":\"WD7\/121 - Gemm srl\",\"isPartOf\":{\"@id\":\"https:\/\/www.gemm-srl.com\/fr\/#website\"},\"primaryImageOfPage\":{\"@id\":\"https:\/\/www.gemm-srl.com\/fr\/vetrine-vino-en\/wine-display-en\/wd7-121\/#primaryimage\"},\"image\":{\"@id\":\"https:\/\/www.gemm-srl.com\/fr\/vetrine-vino-en\/wine-display-en\/wd7-121\/#primaryimage\"},\"thumbnailUrl\":\"https:\/\/www.gemm-srl.com\/wp-content\/uploads\/2025\/03\/WD7_121_PROVA-scaled.jpg\",\"datePublished\":\"2024-07-25T07:42:58+00:00\",\"dateModified\":\"2026-03-21T00:35:31+00:00\",\"breadcrumb\":{\"@id\":\"https:\/\/www.gemm-srl.com\/fr\/vetrine-vino-en\/wine-display-en\/wd7-121\/#breadcrumb\"},\"inLanguage\":\"fr-FR\",\"potentialAction\":[{\"@type\":\"ReadAction\",\"target\":[\"https:\/\/www.gemm-srl.com\/fr\/vetrine-vino-en\/wine-display-en\/wd7-121\/\"]}]},{\"@type\":\"ImageObject\",\"inLanguage\":\"fr-FR\",\"@id\":\"https:\/\/www.gemm-srl.com\/fr\/vetrine-vino-en\/wine-display-en\/wd7-121\/#primaryimage\",\"url\":\"https:\/\/www.gemm-srl.com\/wp-content\/uploads\/2025\/03\/WD7_121_PROVA-scaled.jpg\",\"contentUrl\":\"https:\/\/www.gemm-srl.com\/wp-content\/uploads\/2025\/03\/WD7_121_PROVA-scaled.jpg\",\"width\":2560,\"height\":2560},{\"@type\":\"BreadcrumbList\",\"@id\":\"https:\/\/www.gemm-srl.com\/fr\/vetrine-vino-en\/wine-display-en\/wd7-121\/#breadcrumb\",\"itemListElement\":[{\"@type\":\"ListItem\",\"position\":1,\"name\":\"Home\",\"item\":\"https:\/\/www.gemm-srl.com\/fr\/\"},{\"@type\":\"ListItem\",\"position\":2,\"name\":\"Produits\",\"item\":\"https:\/\/www.gemm-srl.com\/fr\/produits\/\"},{\"@type\":\"ListItem\",\"position\":3,\"name\":\"Caves \u00e0 vin\",\"item\":\"https:\/\/www.gemm-srl.com\/fr\/vetrine-vino-fr\/\"},{\"@type\":\"ListItem\",\"position\":4,\"name\":\"Wine Display\",\"item\":\"https:\/\/www.gemm-srl.com\/fr\/vetrine-vino-fr\/wine-display-fr\/\"},{\"@type\":\"ListItem\",\"position\":5,\"name\":\"WD7\/121\"}]},{\"@type\":\"WebSite\",\"@id\":\"https:\/\/www.gemm-srl.com\/fr\/#website\",\"url\":\"https:\/\/www.gemm-srl.com\/fr\/\",\"name\":\"Gemm srl\",\"description\":\"Sistemi refrigerati professionali di alta qualit\u00e0\",\"publisher\":{\"@id\":\"https:\/\/www.gemm-srl.com\/fr\/#organization\"},\"potentialAction\":[{\"@type\":\"SearchAction\",\"target\":{\"@type\":\"EntryPoint\",\"urlTemplate\":\"https:\/\/www.gemm-srl.com\/fr\/?s={search_term_string}\"},\"query-input\":{\"@type\":\"PropertyValueSpecification\",\"valueRequired\":true,\"valueName\":\"search_term_string\"}}],\"inLanguage\":\"fr-FR\"},{\"@type\":\"Organization\",\"@id\":\"https:\/\/www.gemm-srl.com\/fr\/#organization\",\"name\":\"Gemm srl\",\"url\":\"https:\/\/www.gemm-srl.com\/fr\/\",\"logo\":{\"@type\":\"ImageObject\",\"inLanguage\":\"fr-FR\",\"@id\":\"https:\/\/www.gemm-srl.com\/fr\/#\/schema\/logo\/image\/\",\"url\":\"https:\/\/www.gemm-srl.com\/wp-content\/uploads\/2020\/11\/logo_nero.png\",\"contentUrl\":\"https:\/\/www.gemm-srl.com\/wp-content\/uploads\/2020\/11\/logo_nero.png\",\"width\":250,\"height\":59,\"caption\":\"Gemm srl\"},\"image\":{\"@id\":\"https:\/\/www.gemm-srl.com\/fr\/#\/schema\/logo\/image\/\"},\"sameAs\":[\"https:\/\/www.facebook.com\/people\/GEMM-SRL\/100065046666797\/\",\"https:\/\/www.youtube.com\/@gemmsrl\",\"https:\/\/www.linkedin.com\/company\/gemm-s.r.l.\/\",\"https:\/\/www.instagram.com\/gemmsrl\/\"]}]}<\/script>\n<!-- \/ Yoast SEO plugin. -->","yoast_head_json":{"title":"WD7\/121 - Gemm srl","robots":{"index":"index","follow":"follow","max-snippet":"max-snippet:-1","max-image-preview":"max-image-preview:large","max-video-preview":"max-video-preview:-1"},"canonical":"https:\/\/www.gemm-srl.com\/fr\/vetrine-vino-en\/wine-display-en\/wd7-121\/","og_locale":"fr_FR","og_type":"article","og_title":"WD7\/121 - Gemm srl","og_description":"VITRINE R\u00c9FRIG\u00c9R\u00c9E \u00c0 VIN: capacit\u00e9 max. 224 bouteilles. Compacte et \u00e9l\u00e9gante, r\u00e9alis\u00e9e en acier inoxydable avec isolation en polyur\u00e9thane haute densit\u00e9, avec fonctionnement en modalit\u00e9 ventil\u00e9 ou statique, elle peut conserver diff\u00e9rents types de vins \u00e0 la bonne temp\u00e9rature de service, mettant en valeur chaque bouteille gr\u00e2ce \u00e0 la porte enti\u00e8rement vitr\u00e9e \u00e9quip\u00e9e avec dispositif [&hellip;]","og_url":"https:\/\/www.gemm-srl.com\/fr\/vetrine-vino-en\/wine-display-en\/wd7-121\/","og_site_name":"Gemm srl","article_publisher":"https:\/\/www.facebook.com\/people\/GEMM-SRL\/100065046666797\/","article_modified_time":"2026-03-21T00:35:31+00:00","og_image":[{"width":2560,"height":2560,"url":"https:\/\/www.gemm-srl.com\/wp-content\/uploads\/2025\/03\/WD7_121_PROVA-scaled.jpg","type":"image\/jpeg"}],"twitter_card":"summary_large_image","schema":{"@context":"https:\/\/schema.org","@graph":[{"@type":"WebPage","@id":"https:\/\/www.gemm-srl.com\/fr\/vetrine-vino-en\/wine-display-en\/wd7-121\/","url":"https:\/\/www.gemm-srl.com\/fr\/vetrine-vino-en\/wine-display-en\/wd7-121\/","name":"WD7\/121 - Gemm srl","isPartOf":{"@id":"https:\/\/www.gemm-srl.com\/fr\/#website"},"primaryImageOfPage":{"@id":"https:\/\/www.gemm-srl.com\/fr\/vetrine-vino-en\/wine-display-en\/wd7-121\/#primaryimage"},"image":{"@id":"https:\/\/www.gemm-srl.com\/fr\/vetrine-vino-en\/wine-display-en\/wd7-121\/#primaryimage"},"thumbnailUrl":"https:\/\/www.gemm-srl.com\/wp-content\/uploads\/2025\/03\/WD7_121_PROVA-scaled.jpg","datePublished":"2024-07-25T07:42:58+00:00","dateModified":"2026-03-21T00:35:31+00:00","breadcrumb":{"@id":"https:\/\/www.gemm-srl.com\/fr\/vetrine-vino-en\/wine-display-en\/wd7-121\/#breadcrumb"},"inLanguage":"fr-FR","potentialAction":[{"@type":"ReadAction","target":["https:\/\/www.gemm-srl.com\/fr\/vetrine-vino-en\/wine-display-en\/wd7-121\/"]}]},{"@type":"ImageObject","inLanguage":"fr-FR","@id":"https:\/\/www.gemm-srl.com\/fr\/vetrine-vino-en\/wine-display-en\/wd7-121\/#primaryimage","url":"https:\/\/www.gemm-srl.com\/wp-content\/uploads\/2025\/03\/WD7_121_PROVA-scaled.jpg","contentUrl":"https:\/\/www.gemm-srl.com\/wp-content\/uploads\/2025\/03\/WD7_121_PROVA-scaled.jpg","width":2560,"height":2560},{"@type":"BreadcrumbList","@id":"https:\/\/www.gemm-srl.com\/fr\/vetrine-vino-en\/wine-display-en\/wd7-121\/#breadcrumb","itemListElement":[{"@type":"ListItem","position":1,"name":"Home","item":"https:\/\/www.gemm-srl.com\/fr\/"},{"@type":"ListItem","position":2,"name":"Produits","item":"https:\/\/www.gemm-srl.com\/fr\/produits\/"},{"@type":"ListItem","position":3,"name":"Caves \u00e0 vin","item":"https:\/\/www.gemm-srl.com\/fr\/vetrine-vino-fr\/"},{"@type":"ListItem","position":4,"name":"Wine Display","item":"https:\/\/www.gemm-srl.com\/fr\/vetrine-vino-fr\/wine-display-fr\/"},{"@type":"ListItem","position":5,"name":"WD7\/121"}]},{"@type":"WebSite","@id":"https:\/\/www.gemm-srl.com\/fr\/#website","url":"https:\/\/www.gemm-srl.com\/fr\/","name":"Gemm srl","description":"Sistemi refrigerati professionali di alta qualit\u00e0","publisher":{"@id":"https:\/\/www.gemm-srl.com\/fr\/#organization"},"potentialAction":[{"@type":"SearchAction","target":{"@type":"EntryPoint","urlTemplate":"https:\/\/www.gemm-srl.com\/fr\/?s={search_term_string}"},"query-input":{"@type":"PropertyValueSpecification","valueRequired":true,"valueName":"search_term_string"}}],"inLanguage":"fr-FR"},{"@type":"Organization","@id":"https:\/\/www.gemm-srl.com\/fr\/#organization","name":"Gemm srl","url":"https:\/\/www.gemm-srl.com\/fr\/","logo":{"@type":"ImageObject","inLanguage":"fr-FR","@id":"https:\/\/www.gemm-srl.com\/fr\/#\/schema\/logo\/image\/","url":"https:\/\/www.gemm-srl.com\/wp-content\/uploads\/2020\/11\/logo_nero.png","contentUrl":"https:\/\/www.gemm-srl.com\/wp-content\/uploads\/2020\/11\/logo_nero.png","width":250,"height":59,"caption":"Gemm srl"},"image":{"@id":"https:\/\/www.gemm-srl.com\/fr\/#\/schema\/logo\/image\/"},"sameAs":["https:\/\/www.facebook.com\/people\/GEMM-SRL\/100065046666797\/","https:\/\/www.youtube.com\/@gemmsrl","https:\/\/www.linkedin.com\/company\/gemm-s.r.l.\/","https:\/\/www.instagram.com\/gemmsrl\/"]}]}},"_links":{"self":[{"href":"https:\/\/www.gemm-srl.com\/fr\/wp-json\/wp\/v2\/product\/39137","targetHints":{"allow":["GET"]}}],"collection":[{"href":"https:\/\/www.gemm-srl.com\/fr\/wp-json\/wp\/v2\/product"}],"about":[{"href":"https:\/\/www.gemm-srl.com\/fr\/wp-json\/wp\/v2\/types\/product"}],"acf:post":[{"embeddable":true,"href":"https:\/\/www.gemm-srl.com\/fr\/wp-json\/wp\/v2\/wpdmpro\/151618"}],"wp:featuredmedia":[{"embeddable":true,"href":"https:\/\/www.gemm-srl.com\/fr\/wp-json\/wp\/v2\/media\/148611"}],"wp:attachment":[{"href":"https:\/\/www.gemm-srl.com\/fr\/wp-json\/wp\/v2\/media?parent=39137"}],"wp:term":[{"taxonomy":"product_brand","embeddable":true,"href":"https:\/\/www.gemm-srl.com\/fr\/wp-json\/wp\/v2\/product_brand?post=39137"},{"taxonomy":"product_cat","embeddable":true,"href":"https:\/\/www.gemm-srl.com\/fr\/wp-json\/wp\/v2\/product_cat?post=39137"},{"taxonomy":"product_tag","embeddable":true,"href":"https:\/\/www.gemm-srl.com\/fr\/wp-json\/wp\/v2\/product_tag?post=39137"}],"curies":[{"name":"wp","href":"https:\/\/api.w.org\/{rel}","templated":true}]}}