{"id":39117,"date":"2024-07-25T09:42:58","date_gmt":"2024-07-25T07:42:58","guid":{"rendered":"https:\/\/www.gemm-srl.com\/non%20class\u00e9\/wl6-422p\/"},"modified":"2026-03-21T01:25:53","modified_gmt":"2026-03-21T00:25:53","slug":"wl6-422p","status":"publish","type":"product","link":"https:\/\/www.gemm-srl.com\/fr\/vetrine-vino-fr\/wine-library-fr\/wl6-422p\/","title":{"rendered":"WL6\/422P"},"content":{"rendered":"<p>VITRINE R\u00c9FRIG\u00c9R\u00c9E \u00c0 VIN: version traversante 2 portes, capacit\u00e9 max. de bouteilles no. 512. Technologie, design et haute performance pour valoriser n&rsquo;importe quel environnement. Fabriqu\u00e9e en acier inoxydable AISI 304, elle permet de conserver au mieux tout type de vin en r\u00e9glant ind\u00e9pendamment la temp\u00e9rature \u00e0 l&rsquo;int\u00e9rieur de chaque compartiment, +4\/+16\u00b0C. Avec une finition couleur personnalisable, la porte tout verre brille gr\u00e2ce \u00e0 l&rsquo;\u00e9clairage interne LED blanc (ou lumi\u00e8re chaude sur demande)<\/p>\n","protected":false},"excerpt":{"rendered":"<p>VITRINE R\u00c9FRIG\u00c9R\u00c9E \u00c0 VIN: version traversante 2 portes, capacit\u00e9 max. de bouteilles no. 512. Technologie, design et haute performance pour valoriser n&rsquo;importe quel environnement. Fabriqu\u00e9e en acier inoxydable AISI 304, elle permet de conserver au mieux tout type de vin en r\u00e9glant ind\u00e9pendamment la temp\u00e9rature \u00e0 l&rsquo;int\u00e9rieur de chaque compartiment, +4\/+16\u00b0C. Avec une finition couleur [&hellip;]<\/p>\n","protected":false},"featured_media":147852,"template":"","meta":{"_acf_changed":false},"product_brand":[],"product_cat":[1092],"product_tag":[1133],"class_list":{"0":"post-39117","1":"product","2":"type-product","3":"status-publish","4":"has-post-thumbnail","6":"product_cat-wine-library-fr","7":"product_tag-wine-library-en","9":"first","10":"instock","11":"purchasable","12":"product-type-simple"},"acf":{"titolo_h2":"TRAVERSANTE","tipo":"","video":"","file_privati":[151632],"file_pubblici":"","scheda_tecnica":"https:\/\/gemm.datipro.it\/pdf-datasheet\/fr\/60000370","depliant":"https:\/\/gemm.datipro.it\/pdf-depliant\/\/DEPLIANT%202025\/GEMM_BRERA_2025_ENG.pdf","struttura_info":"corps modulaire en acier inoxydable","posizione_vano_tecnico":"sup\u00e9rieur","tipo_di_refrigerazione_info":"ventil\u00e9e","elettronica_info":"panneau de contr\u00f4le touch 2.2\", visualisation digit","sbrinamento_info":"avec r\u00e9sistance \u00e9lectrique","evaporazione_acqua_di_condensa_info":"automatique","allestimenti_a_richiesta":"finition couleur sur demande","dotazione_info":"dimmer pour r\u00e9gler l'intensit\u00e9 lumineuse","esclusioni_info":"structures porte-bouteilles","spessore_di_isolamento_info":"50","passo_guide_info":"","posizioni_su_cremagliera":"","piano_di_lavoro_inox_info":"","tipo_serratura":"OUI","illuminazione":"OUI, 6000K (sur demande 2700K)","controllo_ventilazione":"NON","controllo_umidita":"NON","umidita_relativa":"","gas_info":"R290","tensione_info":"1x230V ~ 50Hz","classe_climatica_info":"4","elenco_accessori":[{"accessori":"60000500 - Kit de 4 \u00e9tag\u00e8res en acier inox (SR5\/01)<br \/>Capacit\u00e9 bouteilles: no. 128"},{"accessori":"60000510 - Kit de 3 \u00e9tag\u00e8res en acier inox (SR5\/01) + 2 structures \u00e0 tuyaux inox (ST5\/02)<br \/>Capacit\u00e9 bouteilles: no. 108"},{"accessori":"60000520 - Kit de 3 \u00e9tag\u00e8res en acier inox (SR5\/01) + 2 \u00e9tag\u00e8res pour bouteilles inclin\u00e9s (SI5\/04)<br \/>Capacit\u00e9 bouteilles: no. 110"},{"accessori":"60000530 - Kit de 2 \u00e9tag\u00e8res en acier inox (SR5\/01) + 4 berceaux horizontaux en plexiglas (SC5\/03)<br \/>Capacit\u00e9 bouteilles: no. 92"},{"accessori":"60000540 - Kit de 2 \u00e9tag\u00e8res en acier inox (SR5\/01) + 2 berceaux horizontaux en plexiglas (SC5\/03) + 2 \u00e9tag\u00e8res pour bouteilles inclin\u00e9s (SI5\/04)<br \/>Capacit\u00e9 bouteilles: no. 92"},{"accessori":"60000700 - \u00c9tag\u00e8re en acier inox (capacit\u00e9 no. 32 bouteilles)"},{"accessori":"60000705 - Structure \u00e0 tuyaux inox horizontaux (capacit\u00e9 no. 6 bouteilles)"},{"accessori":"60000710 - Berceau horizontaux en plexiglas (capacit\u00e9 no. 7 bouteilles)"},{"accessori":"60000715 - \u00c9tag\u00e8re pour bouteilles inclin\u00e9s en plexiglas (capacit\u00e9 no. 7 bouteilles)"},{"accessori":"60000750 - C\u00f4t\u00e9s en verre pour WL6\/220 (suppl\u00e9ment)<br \/>longueur totale Wine Library +8cm par rapport \u00e0 la version standard"},{"accessori":"60000743 - Structure en tuyaux 25x25 en acier inox WL6 H220 (c&ocirc;t&eacute;s vitr&eacute;es) <br \/>finition brillante au miroir, trous au pas de 170 mm.<br \/>Capacit&eacute; max des &eacute;tag&egrave;res: 4 SR5\/01FV ou 8 SO5\/02FV ou 4 SI5\/03FV"},{"accessori":"60000770 - \u00c9tag\u00e8re en acier inox pour bouteilles \"verticales\" (capacit\u00e9 28 bouteilles) pour structure pour c\u00f4t\u00e9s en verre"},{"accessori":"60000780 - \u00c9tag\u00e8re en acier inox pour bouteilles \"horizontales\" (capacit\u00e9 22 bouteilles) pour structure pour c\u00f4t\u00e9s en verre"},{"accessori":"60000790 - \u00c9tag\u00e8re en inox pour bouteilles \"inclin\u00e9es\" (capacit\u00e9 12 bouteilles) pour structure pour c\u00f4t\u00e9s en verre"},{"accessori":"60000860 - Finition couleur WL6 3-4 portes (suppl\u00e9ment)"},{"accessori":"40200180Unit\u00e9 de condensation 1\/4 HP pour compartiment WL (distance > 10 m)"},{"accessori":"40200184Unit\u00e9 de condensation 1\/6 HP pour compartiment WL (distance \u2264 10 m)"},{"accessori":"45000565 - Syst\u00e8me de supervision Wi-Fi (suppl\u00e9ment)"},{"accessori":"40200560 - Fr\u00e9quence 60Hz"}],"immagini_portabottiglie":"","strutture_portabottiglie":null,"soluzioni_portabottiglie":null},"yoast_head":"<!-- This site is optimized with the Yoast SEO plugin v26.5 - https:\/\/yoast.com\/wordpress\/plugins\/seo\/ -->\n<title>WL6\/422P - Gemm srl<\/title>\n<meta name=\"robots\" content=\"index, follow, max-snippet:-1, max-image-preview:large, max-video-preview:-1\" \/>\n<link rel=\"canonical\" href=\"https:\/\/www.gemm-srl.com\/fr\/vetrine-vino-fr\/wine-library-fr\/wl6-422p\/\" \/>\n<meta property=\"og:locale\" content=\"fr_FR\" \/>\n<meta property=\"og:type\" content=\"article\" \/>\n<meta property=\"og:title\" content=\"WL6\/422P - Gemm srl\" \/>\n<meta property=\"og:description\" content=\"VITRINE R\u00c9FRIG\u00c9R\u00c9E \u00c0 VIN: version traversante 2 portes, capacit\u00e9 max. de bouteilles no. 512. Technologie, design et haute performance pour valoriser n&rsquo;importe quel environnement. Fabriqu\u00e9e en acier inoxydable AISI 304, elle permet de conserver au mieux tout type de vin en r\u00e9glant ind\u00e9pendamment la temp\u00e9rature \u00e0 l&rsquo;int\u00e9rieur de chaque compartiment, +4\/+16\u00b0C. Avec une finition couleur [&hellip;]\" \/>\n<meta property=\"og:url\" content=\"https:\/\/www.gemm-srl.com\/fr\/vetrine-vino-fr\/wine-library-fr\/wl6-422p\/\" \/>\n<meta property=\"og:site_name\" content=\"Gemm srl\" \/>\n<meta property=\"article:publisher\" content=\"https:\/\/www.facebook.com\/people\/GEMM-SRL\/100065046666797\/\" \/>\n<meta property=\"article:modified_time\" content=\"2026-03-21T00:25:53+00:00\" \/>\n<meta property=\"og:image\" content=\"https:\/\/www.gemm-srl.com\/wp-content\/uploads\/2025\/01\/WL6_422P-LIGHT-scaled.jpg\" \/>\n\t<meta property=\"og:image:width\" content=\"2560\" \/>\n\t<meta property=\"og:image:height\" content=\"1811\" \/>\n\t<meta property=\"og:image:type\" content=\"image\/jpeg\" \/>\n<meta name=\"twitter:card\" content=\"summary_large_image\" \/>\n<script type=\"application\/ld+json\" class=\"yoast-schema-graph\">{\"@context\":\"https:\/\/schema.org\",\"@graph\":[{\"@type\":\"WebPage\",\"@id\":\"https:\/\/www.gemm-srl.com\/fr\/vetrine-vino-fr\/wine-library-fr\/wl6-422p\/\",\"url\":\"https:\/\/www.gemm-srl.com\/fr\/vetrine-vino-fr\/wine-library-fr\/wl6-422p\/\",\"name\":\"WL6\/422P - Gemm srl\",\"isPartOf\":{\"@id\":\"https:\/\/www.gemm-srl.com\/fr\/#website\"},\"primaryImageOfPage\":{\"@id\":\"https:\/\/www.gemm-srl.com\/fr\/vetrine-vino-fr\/wine-library-fr\/wl6-422p\/#primaryimage\"},\"image\":{\"@id\":\"https:\/\/www.gemm-srl.com\/fr\/vetrine-vino-fr\/wine-library-fr\/wl6-422p\/#primaryimage\"},\"thumbnailUrl\":\"https:\/\/www.gemm-srl.com\/wp-content\/uploads\/2025\/01\/WL6_422P-LIGHT-scaled.jpg\",\"datePublished\":\"2024-07-25T07:42:58+00:00\",\"dateModified\":\"2026-03-21T00:25:53+00:00\",\"breadcrumb\":{\"@id\":\"https:\/\/www.gemm-srl.com\/fr\/vetrine-vino-fr\/wine-library-fr\/wl6-422p\/#breadcrumb\"},\"inLanguage\":\"fr-FR\",\"potentialAction\":[{\"@type\":\"ReadAction\",\"target\":[\"https:\/\/www.gemm-srl.com\/fr\/vetrine-vino-fr\/wine-library-fr\/wl6-422p\/\"]}]},{\"@type\":\"ImageObject\",\"inLanguage\":\"fr-FR\",\"@id\":\"https:\/\/www.gemm-srl.com\/fr\/vetrine-vino-fr\/wine-library-fr\/wl6-422p\/#primaryimage\",\"url\":\"https:\/\/www.gemm-srl.com\/wp-content\/uploads\/2025\/01\/WL6_422P-LIGHT-scaled.jpg\",\"contentUrl\":\"https:\/\/www.gemm-srl.com\/wp-content\/uploads\/2025\/01\/WL6_422P-LIGHT-scaled.jpg\",\"width\":2560,\"height\":1811},{\"@type\":\"BreadcrumbList\",\"@id\":\"https:\/\/www.gemm-srl.com\/fr\/vetrine-vino-fr\/wine-library-fr\/wl6-422p\/#breadcrumb\",\"itemListElement\":[{\"@type\":\"ListItem\",\"position\":1,\"name\":\"Home\",\"item\":\"https:\/\/www.gemm-srl.com\/fr\/\"},{\"@type\":\"ListItem\",\"position\":2,\"name\":\"Produits\",\"item\":\"https:\/\/www.gemm-srl.com\/fr\/produits\/\"},{\"@type\":\"ListItem\",\"position\":3,\"name\":\"Caves \u00e0 vin\",\"item\":\"https:\/\/www.gemm-srl.com\/fr\/vetrine-vino-fr\/\"},{\"@type\":\"ListItem\",\"position\":4,\"name\":\"Wine Library\",\"item\":\"https:\/\/www.gemm-srl.com\/fr\/vetrine-vino-fr\/wine-library-fr\/\"},{\"@type\":\"ListItem\",\"position\":5,\"name\":\"WL6\/422P\"}]},{\"@type\":\"WebSite\",\"@id\":\"https:\/\/www.gemm-srl.com\/fr\/#website\",\"url\":\"https:\/\/www.gemm-srl.com\/fr\/\",\"name\":\"Gemm srl\",\"description\":\"Sistemi refrigerati professionali di alta qualit\u00e0\",\"publisher\":{\"@id\":\"https:\/\/www.gemm-srl.com\/fr\/#organization\"},\"potentialAction\":[{\"@type\":\"SearchAction\",\"target\":{\"@type\":\"EntryPoint\",\"urlTemplate\":\"https:\/\/www.gemm-srl.com\/fr\/?s={search_term_string}\"},\"query-input\":{\"@type\":\"PropertyValueSpecification\",\"valueRequired\":true,\"valueName\":\"search_term_string\"}}],\"inLanguage\":\"fr-FR\"},{\"@type\":\"Organization\",\"@id\":\"https:\/\/www.gemm-srl.com\/fr\/#organization\",\"name\":\"Gemm srl\",\"url\":\"https:\/\/www.gemm-srl.com\/fr\/\",\"logo\":{\"@type\":\"ImageObject\",\"inLanguage\":\"fr-FR\",\"@id\":\"https:\/\/www.gemm-srl.com\/fr\/#\/schema\/logo\/image\/\",\"url\":\"https:\/\/www.gemm-srl.com\/wp-content\/uploads\/2020\/11\/logo_nero.png\",\"contentUrl\":\"https:\/\/www.gemm-srl.com\/wp-content\/uploads\/2020\/11\/logo_nero.png\",\"width\":250,\"height\":59,\"caption\":\"Gemm srl\"},\"image\":{\"@id\":\"https:\/\/www.gemm-srl.com\/fr\/#\/schema\/logo\/image\/\"},\"sameAs\":[\"https:\/\/www.facebook.com\/people\/GEMM-SRL\/100065046666797\/\",\"https:\/\/www.youtube.com\/@gemmsrl\",\"https:\/\/www.linkedin.com\/company\/gemm-s.r.l.\/\",\"https:\/\/www.instagram.com\/gemmsrl\/\"]}]}<\/script>\n<!-- \/ Yoast SEO plugin. -->","yoast_head_json":{"title":"WL6\/422P - Gemm srl","robots":{"index":"index","follow":"follow","max-snippet":"max-snippet:-1","max-image-preview":"max-image-preview:large","max-video-preview":"max-video-preview:-1"},"canonical":"https:\/\/www.gemm-srl.com\/fr\/vetrine-vino-fr\/wine-library-fr\/wl6-422p\/","og_locale":"fr_FR","og_type":"article","og_title":"WL6\/422P - Gemm srl","og_description":"VITRINE R\u00c9FRIG\u00c9R\u00c9E \u00c0 VIN: version traversante 2 portes, capacit\u00e9 max. de bouteilles no. 512. Technologie, design et haute performance pour valoriser n&rsquo;importe quel environnement. Fabriqu\u00e9e en acier inoxydable AISI 304, elle permet de conserver au mieux tout type de vin en r\u00e9glant ind\u00e9pendamment la temp\u00e9rature \u00e0 l&rsquo;int\u00e9rieur de chaque compartiment, +4\/+16\u00b0C. Avec une finition couleur [&hellip;]","og_url":"https:\/\/www.gemm-srl.com\/fr\/vetrine-vino-fr\/wine-library-fr\/wl6-422p\/","og_site_name":"Gemm srl","article_publisher":"https:\/\/www.facebook.com\/people\/GEMM-SRL\/100065046666797\/","article_modified_time":"2026-03-21T00:25:53+00:00","og_image":[{"width":2560,"height":1811,"url":"https:\/\/www.gemm-srl.com\/wp-content\/uploads\/2025\/01\/WL6_422P-LIGHT-scaled.jpg","type":"image\/jpeg"}],"twitter_card":"summary_large_image","schema":{"@context":"https:\/\/schema.org","@graph":[{"@type":"WebPage","@id":"https:\/\/www.gemm-srl.com\/fr\/vetrine-vino-fr\/wine-library-fr\/wl6-422p\/","url":"https:\/\/www.gemm-srl.com\/fr\/vetrine-vino-fr\/wine-library-fr\/wl6-422p\/","name":"WL6\/422P - Gemm srl","isPartOf":{"@id":"https:\/\/www.gemm-srl.com\/fr\/#website"},"primaryImageOfPage":{"@id":"https:\/\/www.gemm-srl.com\/fr\/vetrine-vino-fr\/wine-library-fr\/wl6-422p\/#primaryimage"},"image":{"@id":"https:\/\/www.gemm-srl.com\/fr\/vetrine-vino-fr\/wine-library-fr\/wl6-422p\/#primaryimage"},"thumbnailUrl":"https:\/\/www.gemm-srl.com\/wp-content\/uploads\/2025\/01\/WL6_422P-LIGHT-scaled.jpg","datePublished":"2024-07-25T07:42:58+00:00","dateModified":"2026-03-21T00:25:53+00:00","breadcrumb":{"@id":"https:\/\/www.gemm-srl.com\/fr\/vetrine-vino-fr\/wine-library-fr\/wl6-422p\/#breadcrumb"},"inLanguage":"fr-FR","potentialAction":[{"@type":"ReadAction","target":["https:\/\/www.gemm-srl.com\/fr\/vetrine-vino-fr\/wine-library-fr\/wl6-422p\/"]}]},{"@type":"ImageObject","inLanguage":"fr-FR","@id":"https:\/\/www.gemm-srl.com\/fr\/vetrine-vino-fr\/wine-library-fr\/wl6-422p\/#primaryimage","url":"https:\/\/www.gemm-srl.com\/wp-content\/uploads\/2025\/01\/WL6_422P-LIGHT-scaled.jpg","contentUrl":"https:\/\/www.gemm-srl.com\/wp-content\/uploads\/2025\/01\/WL6_422P-LIGHT-scaled.jpg","width":2560,"height":1811},{"@type":"BreadcrumbList","@id":"https:\/\/www.gemm-srl.com\/fr\/vetrine-vino-fr\/wine-library-fr\/wl6-422p\/#breadcrumb","itemListElement":[{"@type":"ListItem","position":1,"name":"Home","item":"https:\/\/www.gemm-srl.com\/fr\/"},{"@type":"ListItem","position":2,"name":"Produits","item":"https:\/\/www.gemm-srl.com\/fr\/produits\/"},{"@type":"ListItem","position":3,"name":"Caves \u00e0 vin","item":"https:\/\/www.gemm-srl.com\/fr\/vetrine-vino-fr\/"},{"@type":"ListItem","position":4,"name":"Wine Library","item":"https:\/\/www.gemm-srl.com\/fr\/vetrine-vino-fr\/wine-library-fr\/"},{"@type":"ListItem","position":5,"name":"WL6\/422P"}]},{"@type":"WebSite","@id":"https:\/\/www.gemm-srl.com\/fr\/#website","url":"https:\/\/www.gemm-srl.com\/fr\/","name":"Gemm srl","description":"Sistemi refrigerati professionali di alta qualit\u00e0","publisher":{"@id":"https:\/\/www.gemm-srl.com\/fr\/#organization"},"potentialAction":[{"@type":"SearchAction","target":{"@type":"EntryPoint","urlTemplate":"https:\/\/www.gemm-srl.com\/fr\/?s={search_term_string}"},"query-input":{"@type":"PropertyValueSpecification","valueRequired":true,"valueName":"search_term_string"}}],"inLanguage":"fr-FR"},{"@type":"Organization","@id":"https:\/\/www.gemm-srl.com\/fr\/#organization","name":"Gemm srl","url":"https:\/\/www.gemm-srl.com\/fr\/","logo":{"@type":"ImageObject","inLanguage":"fr-FR","@id":"https:\/\/www.gemm-srl.com\/fr\/#\/schema\/logo\/image\/","url":"https:\/\/www.gemm-srl.com\/wp-content\/uploads\/2020\/11\/logo_nero.png","contentUrl":"https:\/\/www.gemm-srl.com\/wp-content\/uploads\/2020\/11\/logo_nero.png","width":250,"height":59,"caption":"Gemm srl"},"image":{"@id":"https:\/\/www.gemm-srl.com\/fr\/#\/schema\/logo\/image\/"},"sameAs":["https:\/\/www.facebook.com\/people\/GEMM-SRL\/100065046666797\/","https:\/\/www.youtube.com\/@gemmsrl","https:\/\/www.linkedin.com\/company\/gemm-s.r.l.\/","https:\/\/www.instagram.com\/gemmsrl\/"]}]}},"_links":{"self":[{"href":"https:\/\/www.gemm-srl.com\/fr\/wp-json\/wp\/v2\/product\/39117","targetHints":{"allow":["GET"]}}],"collection":[{"href":"https:\/\/www.gemm-srl.com\/fr\/wp-json\/wp\/v2\/product"}],"about":[{"href":"https:\/\/www.gemm-srl.com\/fr\/wp-json\/wp\/v2\/types\/product"}],"acf:post":[{"embeddable":true,"href":"https:\/\/www.gemm-srl.com\/fr\/wp-json\/wp\/v2\/wpdmpro\/151632"}],"wp:featuredmedia":[{"embeddable":true,"href":"https:\/\/www.gemm-srl.com\/fr\/wp-json\/wp\/v2\/media\/147852"}],"wp:attachment":[{"href":"https:\/\/www.gemm-srl.com\/fr\/wp-json\/wp\/v2\/media?parent=39117"}],"wp:term":[{"taxonomy":"product_brand","embeddable":true,"href":"https:\/\/www.gemm-srl.com\/fr\/wp-json\/wp\/v2\/product_brand?post=39117"},{"taxonomy":"product_cat","embeddable":true,"href":"https:\/\/www.gemm-srl.com\/fr\/wp-json\/wp\/v2\/product_cat?post=39117"},{"taxonomy":"product_tag","embeddable":true,"href":"https:\/\/www.gemm-srl.com\/fr\/wp-json\/wp\/v2\/product_tag?post=39117"}],"curies":[{"name":"wp","href":"https:\/\/api.w.org\/{rel}","templated":true}]}}