{"id":33963,"date":"2023-06-23T11:14:05","date_gmt":"2023-06-23T09:14:05","guid":{"rendered":"https:\/\/www.gemm-srl.com\/?post_type=product&#038;p=33963"},"modified":"2026-04-14T06:32:41","modified_gmt":"2026-04-14T04:32:41","slug":"pr5-120","status":"publish","type":"product","link":"https:\/\/www.gemm-srl.com\/fr\/unites-murales-refrigerees\/pr5-120\/","title":{"rendered":"PR5\/120"},"content":{"rendered":"<p>R\u00c9FRIG\u00c9RATEUR MURALE &#8211; R\u00e9frig\u00e9rateur murale 2 portes avec moteur int\u00e9gr\u00e9. \u00c9galement disponible dans la version avec portes vitr\u00e9es et\/ou avec syst\u00e8me \u00e0 vannes pour l&rsquo;installation du moteur \u00e0 distance.<\/p>\n","protected":false},"excerpt":{"rendered":"<p>R\u00c9FRIG\u00c9RATEUR MURALE &#8211; R\u00e9frig\u00e9rateur murale 2 portes avec moteur int\u00e9gr\u00e9. \u00c9galement disponible dans la version avec portes vitr\u00e9es et\/ou avec syst\u00e8me \u00e0 vannes pour l&rsquo;installation du moteur \u00e0 distance.<\/p>\n","protected":false},"featured_media":147481,"template":"","meta":{"_acf_changed":false},"product_brand":[],"product_cat":[746],"product_tag":[612],"class_list":{"0":"post-33963","1":"product","2":"type-product","3":"status-publish","4":"has-post-thumbnail","6":"product_cat-unites-murales-refrigerees","7":"product_tag-restauration","9":"first","10":"instock","11":"purchasable","12":"product-type-simple"},"acf":{"titolo_h2":"TEMP\u00c9RATURE NORMALE","tipo":"","video":"udAVkLDWR-E","file_privati":"","file_pubblici":[""],"scheda_tecnica":"https:\/\/gemm.datipro.it\/pdf-datasheet\/fr\/40101000","depliant":"","struttura_info":"construction en ecier inox","posizione_vano_tecnico":"\u00e0 droite","tipo_di_refrigerazione_info":"ventil\u00e9e","elettronica_info":"panneau de contr\u00f4le touch 2.2\", visualisation digit","sbrinamento_info":"automatique avec r\u00e9sistance \u00e9lectrique","evaporazione_acqua_di_condensa_info":"automatique","allestimenti_a_richiesta":"pr\u00e9disposition pour groupe report\u00e9e (valve gaz R134a)","dotazione_info":"2 \u00e9tager\u00e8s en acier inox perfor\u00e9s 340x360 mm pour chaque porte","esclusioni_info":"","spessore_di_isolamento_info":"50","passo_guide_info":"","posizioni_su_cremagliera":"","piano_di_lavoro_inox_info":"","tipo_serratura":"","illuminazione":"OUI","controllo_ventilazione":"NON","controllo_umidita":"NON","umidita_relativa":"","gas_info":"R290","tensione_info":"1x230V ~ 50Hz","classe_climatica_info":"5","elenco_accessori":[{"accessori":"40101700 - Porte vitr\u00e9e pour r\u00e9frig\u00e9rateur murale (suppl\u00e9ment par porte)"},{"accessori":"40101710 - Etag\u00e8re en acier inox (no. 32 bouteilles) pour WD5\/"},{"accessori":"20801270 - Pr\u00e9disposition pour groupe \u00e0 distance (valve gas R134a)"},{"accessori":"45000565 - Syst\u00e8me de supervision Wi-Fi (suppl\u00e9ment)"},{"accessori":"40200560 - Fr\u00e9quence 60Hz"}],"immagini_portabottiglie":null,"strutture_portabottiglie":null,"soluzioni_portabottiglie":null},"yoast_head":"<!-- This site is optimized with the Yoast SEO plugin v26.5 - https:\/\/yoast.com\/wordpress\/plugins\/seo\/ -->\n<title>PR5\/120 - Gemm srl<\/title>\n<meta name=\"robots\" content=\"index, follow, max-snippet:-1, max-image-preview:large, max-video-preview:-1\" \/>\n<link rel=\"canonical\" href=\"https:\/\/www.gemm-srl.com\/fr\/unites-murales-refrigerees\/pr5-120\/\" \/>\n<meta property=\"og:locale\" content=\"fr_FR\" \/>\n<meta property=\"og:type\" content=\"article\" \/>\n<meta property=\"og:title\" content=\"PR5\/120 - Gemm srl\" \/>\n<meta property=\"og:description\" content=\"R\u00c9FRIG\u00c9RATEUR MURALE &#8211; R\u00e9frig\u00e9rateur murale 2 portes avec moteur int\u00e9gr\u00e9. \u00c9galement disponible dans la version avec portes vitr\u00e9es et\/ou avec syst\u00e8me \u00e0 vannes pour l&rsquo;installation du moteur \u00e0 distance.\" \/>\n<meta property=\"og:url\" content=\"https:\/\/www.gemm-srl.com\/fr\/unites-murales-refrigerees\/pr5-120\/\" \/>\n<meta property=\"og:site_name\" content=\"Gemm srl\" \/>\n<meta property=\"article:publisher\" content=\"https:\/\/www.facebook.com\/people\/GEMM-SRL\/100065046666797\/\" \/>\n<meta property=\"article:modified_time\" content=\"2026-04-14T04:32:41+00:00\" \/>\n<meta property=\"og:image\" content=\"https:\/\/www.gemm-srl.com\/wp-content\/uploads\/2025\/01\/PR5-120.jpg\" \/>\n\t<meta property=\"og:image:width\" content=\"657\" \/>\n\t<meta property=\"og:image:height\" content=\"657\" \/>\n\t<meta property=\"og:image:type\" content=\"image\/jpeg\" \/>\n<meta name=\"twitter:card\" content=\"summary_large_image\" \/>\n<meta name=\"twitter:label1\" content=\"Dur\u00e9e de lecture estim\u00e9e\" \/>\n\t<meta name=\"twitter:data1\" content=\"1 minute\" \/>\n<script type=\"application\/ld+json\" class=\"yoast-schema-graph\">{\"@context\":\"https:\/\/schema.org\",\"@graph\":[{\"@type\":\"WebPage\",\"@id\":\"https:\/\/www.gemm-srl.com\/fr\/unites-murales-refrigerees\/pr5-120\/\",\"url\":\"https:\/\/www.gemm-srl.com\/fr\/unites-murales-refrigerees\/pr5-120\/\",\"name\":\"PR5\/120 - Gemm srl\",\"isPartOf\":{\"@id\":\"https:\/\/www.gemm-srl.com\/fr\/#website\"},\"primaryImageOfPage\":{\"@id\":\"https:\/\/www.gemm-srl.com\/fr\/unites-murales-refrigerees\/pr5-120\/#primaryimage\"},\"image\":{\"@id\":\"https:\/\/www.gemm-srl.com\/fr\/unites-murales-refrigerees\/pr5-120\/#primaryimage\"},\"thumbnailUrl\":\"https:\/\/www.gemm-srl.com\/wp-content\/uploads\/2025\/01\/PR5-120.jpg\",\"datePublished\":\"2023-06-23T09:14:05+00:00\",\"dateModified\":\"2026-04-14T04:32:41+00:00\",\"breadcrumb\":{\"@id\":\"https:\/\/www.gemm-srl.com\/fr\/unites-murales-refrigerees\/pr5-120\/#breadcrumb\"},\"inLanguage\":\"fr-FR\",\"potentialAction\":[{\"@type\":\"ReadAction\",\"target\":[\"https:\/\/www.gemm-srl.com\/fr\/unites-murales-refrigerees\/pr5-120\/\"]}]},{\"@type\":\"ImageObject\",\"inLanguage\":\"fr-FR\",\"@id\":\"https:\/\/www.gemm-srl.com\/fr\/unites-murales-refrigerees\/pr5-120\/#primaryimage\",\"url\":\"https:\/\/www.gemm-srl.com\/wp-content\/uploads\/2025\/01\/PR5-120.jpg\",\"contentUrl\":\"https:\/\/www.gemm-srl.com\/wp-content\/uploads\/2025\/01\/PR5-120.jpg\",\"width\":657,\"height\":657},{\"@type\":\"BreadcrumbList\",\"@id\":\"https:\/\/www.gemm-srl.com\/fr\/unites-murales-refrigerees\/pr5-120\/#breadcrumb\",\"itemListElement\":[{\"@type\":\"ListItem\",\"position\":1,\"name\":\"Home\",\"item\":\"https:\/\/www.gemm-srl.com\/fr\/\"},{\"@type\":\"ListItem\",\"position\":2,\"name\":\"Produits\",\"item\":\"https:\/\/www.gemm-srl.com\/fr\/produits\/\"},{\"@type\":\"ListItem\",\"position\":3,\"name\":\"R\u00e9frig\u00e9rateur murale\",\"item\":\"https:\/\/www.gemm-srl.com\/fr\/unites-murales-refrigerees\/\"},{\"@type\":\"ListItem\",\"position\":4,\"name\":\"PR5\/120\"}]},{\"@type\":\"WebSite\",\"@id\":\"https:\/\/www.gemm-srl.com\/fr\/#website\",\"url\":\"https:\/\/www.gemm-srl.com\/fr\/\",\"name\":\"Gemm srl\",\"description\":\"Sistemi refrigerati professionali di alta qualit\u00e0\",\"publisher\":{\"@id\":\"https:\/\/www.gemm-srl.com\/fr\/#organization\"},\"potentialAction\":[{\"@type\":\"SearchAction\",\"target\":{\"@type\":\"EntryPoint\",\"urlTemplate\":\"https:\/\/www.gemm-srl.com\/fr\/?s={search_term_string}\"},\"query-input\":{\"@type\":\"PropertyValueSpecification\",\"valueRequired\":true,\"valueName\":\"search_term_string\"}}],\"inLanguage\":\"fr-FR\"},{\"@type\":\"Organization\",\"@id\":\"https:\/\/www.gemm-srl.com\/fr\/#organization\",\"name\":\"Gemm srl\",\"url\":\"https:\/\/www.gemm-srl.com\/fr\/\",\"logo\":{\"@type\":\"ImageObject\",\"inLanguage\":\"fr-FR\",\"@id\":\"https:\/\/www.gemm-srl.com\/fr\/#\/schema\/logo\/image\/\",\"url\":\"https:\/\/www.gemm-srl.com\/wp-content\/uploads\/2020\/11\/logo_nero.png\",\"contentUrl\":\"https:\/\/www.gemm-srl.com\/wp-content\/uploads\/2020\/11\/logo_nero.png\",\"width\":250,\"height\":59,\"caption\":\"Gemm srl\"},\"image\":{\"@id\":\"https:\/\/www.gemm-srl.com\/fr\/#\/schema\/logo\/image\/\"},\"sameAs\":[\"https:\/\/www.facebook.com\/people\/GEMM-SRL\/100065046666797\/\",\"https:\/\/www.youtube.com\/@gemmsrl\",\"https:\/\/www.linkedin.com\/company\/gemm-s.r.l.\/\",\"https:\/\/www.instagram.com\/gemmsrl\/\"]}]}<\/script>\n<!-- \/ Yoast SEO plugin. -->","yoast_head_json":{"title":"PR5\/120 - Gemm srl","robots":{"index":"index","follow":"follow","max-snippet":"max-snippet:-1","max-image-preview":"max-image-preview:large","max-video-preview":"max-video-preview:-1"},"canonical":"https:\/\/www.gemm-srl.com\/fr\/unites-murales-refrigerees\/pr5-120\/","og_locale":"fr_FR","og_type":"article","og_title":"PR5\/120 - Gemm srl","og_description":"R\u00c9FRIG\u00c9RATEUR MURALE &#8211; R\u00e9frig\u00e9rateur murale 2 portes avec moteur int\u00e9gr\u00e9. \u00c9galement disponible dans la version avec portes vitr\u00e9es et\/ou avec syst\u00e8me \u00e0 vannes pour l&rsquo;installation du moteur \u00e0 distance.","og_url":"https:\/\/www.gemm-srl.com\/fr\/unites-murales-refrigerees\/pr5-120\/","og_site_name":"Gemm srl","article_publisher":"https:\/\/www.facebook.com\/people\/GEMM-SRL\/100065046666797\/","article_modified_time":"2026-04-14T04:32:41+00:00","og_image":[{"width":657,"height":657,"url":"https:\/\/www.gemm-srl.com\/wp-content\/uploads\/2025\/01\/PR5-120.jpg","type":"image\/jpeg"}],"twitter_card":"summary_large_image","twitter_misc":{"Dur\u00e9e de lecture estim\u00e9e":"1 minute"},"schema":{"@context":"https:\/\/schema.org","@graph":[{"@type":"WebPage","@id":"https:\/\/www.gemm-srl.com\/fr\/unites-murales-refrigerees\/pr5-120\/","url":"https:\/\/www.gemm-srl.com\/fr\/unites-murales-refrigerees\/pr5-120\/","name":"PR5\/120 - Gemm srl","isPartOf":{"@id":"https:\/\/www.gemm-srl.com\/fr\/#website"},"primaryImageOfPage":{"@id":"https:\/\/www.gemm-srl.com\/fr\/unites-murales-refrigerees\/pr5-120\/#primaryimage"},"image":{"@id":"https:\/\/www.gemm-srl.com\/fr\/unites-murales-refrigerees\/pr5-120\/#primaryimage"},"thumbnailUrl":"https:\/\/www.gemm-srl.com\/wp-content\/uploads\/2025\/01\/PR5-120.jpg","datePublished":"2023-06-23T09:14:05+00:00","dateModified":"2026-04-14T04:32:41+00:00","breadcrumb":{"@id":"https:\/\/www.gemm-srl.com\/fr\/unites-murales-refrigerees\/pr5-120\/#breadcrumb"},"inLanguage":"fr-FR","potentialAction":[{"@type":"ReadAction","target":["https:\/\/www.gemm-srl.com\/fr\/unites-murales-refrigerees\/pr5-120\/"]}]},{"@type":"ImageObject","inLanguage":"fr-FR","@id":"https:\/\/www.gemm-srl.com\/fr\/unites-murales-refrigerees\/pr5-120\/#primaryimage","url":"https:\/\/www.gemm-srl.com\/wp-content\/uploads\/2025\/01\/PR5-120.jpg","contentUrl":"https:\/\/www.gemm-srl.com\/wp-content\/uploads\/2025\/01\/PR5-120.jpg","width":657,"height":657},{"@type":"BreadcrumbList","@id":"https:\/\/www.gemm-srl.com\/fr\/unites-murales-refrigerees\/pr5-120\/#breadcrumb","itemListElement":[{"@type":"ListItem","position":1,"name":"Home","item":"https:\/\/www.gemm-srl.com\/fr\/"},{"@type":"ListItem","position":2,"name":"Produits","item":"https:\/\/www.gemm-srl.com\/fr\/produits\/"},{"@type":"ListItem","position":3,"name":"R\u00e9frig\u00e9rateur murale","item":"https:\/\/www.gemm-srl.com\/fr\/unites-murales-refrigerees\/"},{"@type":"ListItem","position":4,"name":"PR5\/120"}]},{"@type":"WebSite","@id":"https:\/\/www.gemm-srl.com\/fr\/#website","url":"https:\/\/www.gemm-srl.com\/fr\/","name":"Gemm srl","description":"Sistemi refrigerati professionali di alta qualit\u00e0","publisher":{"@id":"https:\/\/www.gemm-srl.com\/fr\/#organization"},"potentialAction":[{"@type":"SearchAction","target":{"@type":"EntryPoint","urlTemplate":"https:\/\/www.gemm-srl.com\/fr\/?s={search_term_string}"},"query-input":{"@type":"PropertyValueSpecification","valueRequired":true,"valueName":"search_term_string"}}],"inLanguage":"fr-FR"},{"@type":"Organization","@id":"https:\/\/www.gemm-srl.com\/fr\/#organization","name":"Gemm srl","url":"https:\/\/www.gemm-srl.com\/fr\/","logo":{"@type":"ImageObject","inLanguage":"fr-FR","@id":"https:\/\/www.gemm-srl.com\/fr\/#\/schema\/logo\/image\/","url":"https:\/\/www.gemm-srl.com\/wp-content\/uploads\/2020\/11\/logo_nero.png","contentUrl":"https:\/\/www.gemm-srl.com\/wp-content\/uploads\/2020\/11\/logo_nero.png","width":250,"height":59,"caption":"Gemm srl"},"image":{"@id":"https:\/\/www.gemm-srl.com\/fr\/#\/schema\/logo\/image\/"},"sameAs":["https:\/\/www.facebook.com\/people\/GEMM-SRL\/100065046666797\/","https:\/\/www.youtube.com\/@gemmsrl","https:\/\/www.linkedin.com\/company\/gemm-s.r.l.\/","https:\/\/www.instagram.com\/gemmsrl\/"]}]}},"_links":{"self":[{"href":"https:\/\/www.gemm-srl.com\/fr\/wp-json\/wp\/v2\/product\/33963","targetHints":{"allow":["GET"]}}],"collection":[{"href":"https:\/\/www.gemm-srl.com\/fr\/wp-json\/wp\/v2\/product"}],"about":[{"href":"https:\/\/www.gemm-srl.com\/fr\/wp-json\/wp\/v2\/types\/product"}],"acf:post":[{"embeddable":true,"href":"https:\/\/www.gemm-srl.com\/fr\/wp-json\/wp\/v2\/product\/"}],"wp:featuredmedia":[{"embeddable":true,"href":"https:\/\/www.gemm-srl.com\/fr\/wp-json\/wp\/v2\/media\/147481"}],"wp:attachment":[{"href":"https:\/\/www.gemm-srl.com\/fr\/wp-json\/wp\/v2\/media?parent=33963"}],"wp:term":[{"taxonomy":"product_brand","embeddable":true,"href":"https:\/\/www.gemm-srl.com\/fr\/wp-json\/wp\/v2\/product_brand?post=33963"},{"taxonomy":"product_cat","embeddable":true,"href":"https:\/\/www.gemm-srl.com\/fr\/wp-json\/wp\/v2\/product_cat?post=33963"},{"taxonomy":"product_tag","embeddable":true,"href":"https:\/\/www.gemm-srl.com\/fr\/wp-json\/wp\/v2\/product_tag?post=33963"}],"curies":[{"name":"wp","href":"https:\/\/api.w.org\/{rel}","templated":true}]}}