{"id":31007,"date":"2022-06-06T15:01:44","date_gmt":"2022-06-06T13:01:44","guid":{"rendered":"https:\/\/gemmsrl2.cmsone.info\/non%20class\u00e9\/sff815g\/"},"modified":"2026-04-01T01:41:48","modified_gmt":"2026-03-31T23:41:48","slug":"sff815g","status":"publish","type":"product","link":"https:\/\/www.gemm-srl.com\/fr\/tables-refrigerees-pour-pizza\/new-smart-fr\/sff815g\/","title":{"rendered":"SFF\/815G"},"content":{"rendered":"<p>TABLE FAST-FOOD EN &#8211; Table preparation fast-food compos\u00e9e d&rsquo;un base r\u00e9frig\u00e9r\u00e9 2 portes EN, d&rsquo;un plan de travail en granit profondeur 440 et element r\u00e9frig\u00e9r\u00e9e pour bacs GN avec couvercle inox (bacs GN exclus).<\/p>\n","protected":false},"excerpt":{"rendered":"<p>TABLE FAST-FOOD EN &#8211; Table preparation fast-food compos\u00e9e d&rsquo;un base r\u00e9frig\u00e9r\u00e9 2 portes EN, d&rsquo;un plan de travail en granit profondeur 440 et element r\u00e9frig\u00e9r\u00e9e pour bacs GN avec couvercle inox (bacs GN exclus).<\/p>\n","protected":false},"featured_media":147421,"template":"","meta":{"_acf_changed":false},"product_brand":[],"product_cat":[702],"product_tag":[507],"class_list":{"0":"post-31007","1":"product","2":"type-product","3":"status-publish","4":"has-post-thumbnail","6":"product_cat-new-smart-fr","7":"product_tag-pizzeria-en","9":"first","10":"instock","11":"purchasable","12":"product-type-simple"},"acf":{"titolo_h2":"","tipo":"PF","video":"","file_privati":[31393],"file_pubblici":["",""],"scheda_tecnica":"https:\/\/gemm.datipro.it\/pdf-datasheet\/fr\/20800965","depliant":"https:\/\/gemm.datipro.it\/pdf-depliant\/\/DEPLIANT%202025\/GEMM_PIZZERIA_2025_ENG.pdf","struttura_info":"construction en ecier inox","posizione_vano_tecnico":"\u00e0 droite","tipo_di_refrigerazione_info":"r\u00e9frig\u00e9ration HSS \"Helped static System\"","elettronica_info":"contr\u00f4le digital","sbrinamento_info":"degivrage automatique avec arr\u00eat","evaporazione_acqua_di_condensa_info":"bac manuelle","allestimenti_a_richiesta":"","dotazione_info":"2 paires de glissi\u00e8res pour chaque porte, 1 grille 600x400 pour chaque porte","esclusioni_info":"bacs GN","spessore_di_isolamento_info":"50","passo_guide_info":"","posizioni_su_cremagliera":"","piano_di_lavoro_inox_info":"","tipo_serratura":"","illuminazione":"","controllo_ventilazione":"NON","controllo_umidita":"NON","umidita_relativa":"","gas_info":"R290","tensione_info":"1x230V ~ 50Hz","classe_climatica_info":"5","elenco_accessori":[{"accessori":"20801094 - Kit nr. 6 bacs en acier inox GN 1\/3 + nr. 1 GN 1\/2 pour SFF\/815I(G)"},{"accessori":"40190200 - Set tiroirs r\u00e9frig\u00e9r\u00e9 avec no. 2 tiroirs 1\/2 (suppl\u00e9ment)"},{"accessori":"20808031 - Paire de glissi\u00e8res pour \u00e9tag\u00e8re cm 60x40"},{"accessori":"20808030 - \u00c9tag\u00e8re cm 60x40 plastifi\u00e9e"},{"accessori":"20808040 - Bac plastifi\u00e9e cm 60x40x7h"},{"accessori":"20808041 - Couvercle bac plastifi\u00e9 60x40"},{"accessori":"40200530 - Kit no. 4 roulettes \u00d8 125 (dont 2 avec frein)"},{"accessori":"45000565 - Syst\u00e8me de supervision Wi-Fi (suppl\u00e9ment)"},{"accessori":"40200560 - Fr\u00e9quence 60Hz"}],"immagini_portabottiglie":null,"strutture_portabottiglie":null,"soluzioni_portabottiglie":null},"yoast_head":"<!-- This site is optimized with the Yoast SEO plugin v26.5 - https:\/\/yoast.com\/wordpress\/plugins\/seo\/ -->\n<title>SFF\/815G - Gemm srl<\/title>\n<meta name=\"robots\" content=\"index, follow, max-snippet:-1, max-image-preview:large, max-video-preview:-1\" \/>\n<link rel=\"canonical\" href=\"https:\/\/www.gemm-srl.com\/fr\/tables-refrigerees-pour-pizza\/new-smart-fr\/sff815g\/\" \/>\n<meta property=\"og:locale\" content=\"fr_FR\" \/>\n<meta property=\"og:type\" content=\"article\" \/>\n<meta property=\"og:title\" content=\"SFF\/815G - Gemm srl\" \/>\n<meta property=\"og:description\" content=\"TABLE FAST-FOOD EN &#8211; Table preparation fast-food compos\u00e9e d&rsquo;un base r\u00e9frig\u00e9r\u00e9 2 portes EN, d&rsquo;un plan de travail en granit profondeur 440 et element r\u00e9frig\u00e9r\u00e9e pour bacs GN avec couvercle inox (bacs GN exclus).\" \/>\n<meta property=\"og:url\" content=\"https:\/\/www.gemm-srl.com\/fr\/tables-refrigerees-pour-pizza\/new-smart-fr\/sff815g\/\" \/>\n<meta property=\"og:site_name\" content=\"Gemm srl\" \/>\n<meta property=\"article:publisher\" content=\"https:\/\/www.facebook.com\/people\/GEMM-SRL\/100065046666797\/\" \/>\n<meta property=\"article:modified_time\" content=\"2026-03-31T23:41:48+00:00\" \/>\n<meta property=\"og:image\" content=\"https:\/\/www.gemm-srl.com\/wp-content\/uploads\/2025\/01\/SFF_815G.jpg\" \/>\n\t<meta property=\"og:image:width\" content=\"657\" \/>\n\t<meta property=\"og:image:height\" content=\"657\" \/>\n\t<meta property=\"og:image:type\" content=\"image\/jpeg\" \/>\n<meta name=\"twitter:card\" content=\"summary_large_image\" \/>\n<script type=\"application\/ld+json\" class=\"yoast-schema-graph\">{\"@context\":\"https:\/\/schema.org\",\"@graph\":[{\"@type\":\"WebPage\",\"@id\":\"https:\/\/www.gemm-srl.com\/fr\/tables-refrigerees-pour-pizza\/new-smart-fr\/sff815g\/\",\"url\":\"https:\/\/www.gemm-srl.com\/fr\/tables-refrigerees-pour-pizza\/new-smart-fr\/sff815g\/\",\"name\":\"SFF\/815G - Gemm srl\",\"isPartOf\":{\"@id\":\"https:\/\/www.gemm-srl.com\/fr\/#website\"},\"primaryImageOfPage\":{\"@id\":\"https:\/\/www.gemm-srl.com\/fr\/tables-refrigerees-pour-pizza\/new-smart-fr\/sff815g\/#primaryimage\"},\"image\":{\"@id\":\"https:\/\/www.gemm-srl.com\/fr\/tables-refrigerees-pour-pizza\/new-smart-fr\/sff815g\/#primaryimage\"},\"thumbnailUrl\":\"https:\/\/www.gemm-srl.com\/wp-content\/uploads\/2025\/01\/SFF_815G.jpg\",\"datePublished\":\"2022-06-06T13:01:44+00:00\",\"dateModified\":\"2026-03-31T23:41:48+00:00\",\"breadcrumb\":{\"@id\":\"https:\/\/www.gemm-srl.com\/fr\/tables-refrigerees-pour-pizza\/new-smart-fr\/sff815g\/#breadcrumb\"},\"inLanguage\":\"fr-FR\",\"potentialAction\":[{\"@type\":\"ReadAction\",\"target\":[\"https:\/\/www.gemm-srl.com\/fr\/tables-refrigerees-pour-pizza\/new-smart-fr\/sff815g\/\"]}]},{\"@type\":\"ImageObject\",\"inLanguage\":\"fr-FR\",\"@id\":\"https:\/\/www.gemm-srl.com\/fr\/tables-refrigerees-pour-pizza\/new-smart-fr\/sff815g\/#primaryimage\",\"url\":\"https:\/\/www.gemm-srl.com\/wp-content\/uploads\/2025\/01\/SFF_815G.jpg\",\"contentUrl\":\"https:\/\/www.gemm-srl.com\/wp-content\/uploads\/2025\/01\/SFF_815G.jpg\",\"width\":657,\"height\":657},{\"@type\":\"BreadcrumbList\",\"@id\":\"https:\/\/www.gemm-srl.com\/fr\/tables-refrigerees-pour-pizza\/new-smart-fr\/sff815g\/#breadcrumb\",\"itemListElement\":[{\"@type\":\"ListItem\",\"position\":1,\"name\":\"Home\",\"item\":\"https:\/\/www.gemm-srl.com\/fr\/\"},{\"@type\":\"ListItem\",\"position\":2,\"name\":\"Produits\",\"item\":\"https:\/\/www.gemm-srl.com\/fr\/produits\/\"},{\"@type\":\"ListItem\",\"position\":3,\"name\":\"Tables r\u00e9frig\u00e9r\u00e9es pour pizza\",\"item\":\"https:\/\/www.gemm-srl.com\/fr\/tables-refrigerees-pour-pizza\/\"},{\"@type\":\"ListItem\",\"position\":4,\"name\":\"New Smart\",\"item\":\"https:\/\/www.gemm-srl.com\/fr\/tables-refrigerees-pour-pizza\/new-smart-fr\/\"},{\"@type\":\"ListItem\",\"position\":5,\"name\":\"SFF\/815G\"}]},{\"@type\":\"WebSite\",\"@id\":\"https:\/\/www.gemm-srl.com\/fr\/#website\",\"url\":\"https:\/\/www.gemm-srl.com\/fr\/\",\"name\":\"Gemm srl\",\"description\":\"Sistemi refrigerati professionali di alta qualit\u00e0\",\"publisher\":{\"@id\":\"https:\/\/www.gemm-srl.com\/fr\/#organization\"},\"potentialAction\":[{\"@type\":\"SearchAction\",\"target\":{\"@type\":\"EntryPoint\",\"urlTemplate\":\"https:\/\/www.gemm-srl.com\/fr\/?s={search_term_string}\"},\"query-input\":{\"@type\":\"PropertyValueSpecification\",\"valueRequired\":true,\"valueName\":\"search_term_string\"}}],\"inLanguage\":\"fr-FR\"},{\"@type\":\"Organization\",\"@id\":\"https:\/\/www.gemm-srl.com\/fr\/#organization\",\"name\":\"Gemm srl\",\"url\":\"https:\/\/www.gemm-srl.com\/fr\/\",\"logo\":{\"@type\":\"ImageObject\",\"inLanguage\":\"fr-FR\",\"@id\":\"https:\/\/www.gemm-srl.com\/fr\/#\/schema\/logo\/image\/\",\"url\":\"https:\/\/www.gemm-srl.com\/wp-content\/uploads\/2020\/11\/logo_nero.png\",\"contentUrl\":\"https:\/\/www.gemm-srl.com\/wp-content\/uploads\/2020\/11\/logo_nero.png\",\"width\":250,\"height\":59,\"caption\":\"Gemm srl\"},\"image\":{\"@id\":\"https:\/\/www.gemm-srl.com\/fr\/#\/schema\/logo\/image\/\"},\"sameAs\":[\"https:\/\/www.facebook.com\/people\/GEMM-SRL\/100065046666797\/\",\"https:\/\/www.youtube.com\/@gemmsrl\",\"https:\/\/www.linkedin.com\/company\/gemm-s.r.l.\/\",\"https:\/\/www.instagram.com\/gemmsrl\/\"]}]}<\/script>\n<!-- \/ Yoast SEO plugin. -->","yoast_head_json":{"title":"SFF\/815G - Gemm srl","robots":{"index":"index","follow":"follow","max-snippet":"max-snippet:-1","max-image-preview":"max-image-preview:large","max-video-preview":"max-video-preview:-1"},"canonical":"https:\/\/www.gemm-srl.com\/fr\/tables-refrigerees-pour-pizza\/new-smart-fr\/sff815g\/","og_locale":"fr_FR","og_type":"article","og_title":"SFF\/815G - Gemm srl","og_description":"TABLE FAST-FOOD EN &#8211; Table preparation fast-food compos\u00e9e d&rsquo;un base r\u00e9frig\u00e9r\u00e9 2 portes EN, d&rsquo;un plan de travail en granit profondeur 440 et element r\u00e9frig\u00e9r\u00e9e pour bacs GN avec couvercle inox (bacs GN exclus).","og_url":"https:\/\/www.gemm-srl.com\/fr\/tables-refrigerees-pour-pizza\/new-smart-fr\/sff815g\/","og_site_name":"Gemm srl","article_publisher":"https:\/\/www.facebook.com\/people\/GEMM-SRL\/100065046666797\/","article_modified_time":"2026-03-31T23:41:48+00:00","og_image":[{"width":657,"height":657,"url":"https:\/\/www.gemm-srl.com\/wp-content\/uploads\/2025\/01\/SFF_815G.jpg","type":"image\/jpeg"}],"twitter_card":"summary_large_image","schema":{"@context":"https:\/\/schema.org","@graph":[{"@type":"WebPage","@id":"https:\/\/www.gemm-srl.com\/fr\/tables-refrigerees-pour-pizza\/new-smart-fr\/sff815g\/","url":"https:\/\/www.gemm-srl.com\/fr\/tables-refrigerees-pour-pizza\/new-smart-fr\/sff815g\/","name":"SFF\/815G - Gemm srl","isPartOf":{"@id":"https:\/\/www.gemm-srl.com\/fr\/#website"},"primaryImageOfPage":{"@id":"https:\/\/www.gemm-srl.com\/fr\/tables-refrigerees-pour-pizza\/new-smart-fr\/sff815g\/#primaryimage"},"image":{"@id":"https:\/\/www.gemm-srl.com\/fr\/tables-refrigerees-pour-pizza\/new-smart-fr\/sff815g\/#primaryimage"},"thumbnailUrl":"https:\/\/www.gemm-srl.com\/wp-content\/uploads\/2025\/01\/SFF_815G.jpg","datePublished":"2022-06-06T13:01:44+00:00","dateModified":"2026-03-31T23:41:48+00:00","breadcrumb":{"@id":"https:\/\/www.gemm-srl.com\/fr\/tables-refrigerees-pour-pizza\/new-smart-fr\/sff815g\/#breadcrumb"},"inLanguage":"fr-FR","potentialAction":[{"@type":"ReadAction","target":["https:\/\/www.gemm-srl.com\/fr\/tables-refrigerees-pour-pizza\/new-smart-fr\/sff815g\/"]}]},{"@type":"ImageObject","inLanguage":"fr-FR","@id":"https:\/\/www.gemm-srl.com\/fr\/tables-refrigerees-pour-pizza\/new-smart-fr\/sff815g\/#primaryimage","url":"https:\/\/www.gemm-srl.com\/wp-content\/uploads\/2025\/01\/SFF_815G.jpg","contentUrl":"https:\/\/www.gemm-srl.com\/wp-content\/uploads\/2025\/01\/SFF_815G.jpg","width":657,"height":657},{"@type":"BreadcrumbList","@id":"https:\/\/www.gemm-srl.com\/fr\/tables-refrigerees-pour-pizza\/new-smart-fr\/sff815g\/#breadcrumb","itemListElement":[{"@type":"ListItem","position":1,"name":"Home","item":"https:\/\/www.gemm-srl.com\/fr\/"},{"@type":"ListItem","position":2,"name":"Produits","item":"https:\/\/www.gemm-srl.com\/fr\/produits\/"},{"@type":"ListItem","position":3,"name":"Tables r\u00e9frig\u00e9r\u00e9es pour pizza","item":"https:\/\/www.gemm-srl.com\/fr\/tables-refrigerees-pour-pizza\/"},{"@type":"ListItem","position":4,"name":"New Smart","item":"https:\/\/www.gemm-srl.com\/fr\/tables-refrigerees-pour-pizza\/new-smart-fr\/"},{"@type":"ListItem","position":5,"name":"SFF\/815G"}]},{"@type":"WebSite","@id":"https:\/\/www.gemm-srl.com\/fr\/#website","url":"https:\/\/www.gemm-srl.com\/fr\/","name":"Gemm srl","description":"Sistemi refrigerati professionali di alta qualit\u00e0","publisher":{"@id":"https:\/\/www.gemm-srl.com\/fr\/#organization"},"potentialAction":[{"@type":"SearchAction","target":{"@type":"EntryPoint","urlTemplate":"https:\/\/www.gemm-srl.com\/fr\/?s={search_term_string}"},"query-input":{"@type":"PropertyValueSpecification","valueRequired":true,"valueName":"search_term_string"}}],"inLanguage":"fr-FR"},{"@type":"Organization","@id":"https:\/\/www.gemm-srl.com\/fr\/#organization","name":"Gemm srl","url":"https:\/\/www.gemm-srl.com\/fr\/","logo":{"@type":"ImageObject","inLanguage":"fr-FR","@id":"https:\/\/www.gemm-srl.com\/fr\/#\/schema\/logo\/image\/","url":"https:\/\/www.gemm-srl.com\/wp-content\/uploads\/2020\/11\/logo_nero.png","contentUrl":"https:\/\/www.gemm-srl.com\/wp-content\/uploads\/2020\/11\/logo_nero.png","width":250,"height":59,"caption":"Gemm srl"},"image":{"@id":"https:\/\/www.gemm-srl.com\/fr\/#\/schema\/logo\/image\/"},"sameAs":["https:\/\/www.facebook.com\/people\/GEMM-SRL\/100065046666797\/","https:\/\/www.youtube.com\/@gemmsrl","https:\/\/www.linkedin.com\/company\/gemm-s.r.l.\/","https:\/\/www.instagram.com\/gemmsrl\/"]}]}},"_links":{"self":[{"href":"https:\/\/www.gemm-srl.com\/fr\/wp-json\/wp\/v2\/product\/31007","targetHints":{"allow":["GET"]}}],"collection":[{"href":"https:\/\/www.gemm-srl.com\/fr\/wp-json\/wp\/v2\/product"}],"about":[{"href":"https:\/\/www.gemm-srl.com\/fr\/wp-json\/wp\/v2\/types\/product"}],"acf:post":[{"embeddable":true,"href":"https:\/\/www.gemm-srl.com\/fr\/wp-json\/wp\/v2\/product\/"},{"embeddable":true,"href":"https:\/\/www.gemm-srl.com\/fr\/wp-json\/wp\/v2\/wpdmpro\/31393"}],"wp:featuredmedia":[{"embeddable":true,"href":"https:\/\/www.gemm-srl.com\/fr\/wp-json\/wp\/v2\/media\/147421"}],"wp:attachment":[{"href":"https:\/\/www.gemm-srl.com\/fr\/wp-json\/wp\/v2\/media?parent=31007"}],"wp:term":[{"taxonomy":"product_brand","embeddable":true,"href":"https:\/\/www.gemm-srl.com\/fr\/wp-json\/wp\/v2\/product_brand?post=31007"},{"taxonomy":"product_cat","embeddable":true,"href":"https:\/\/www.gemm-srl.com\/fr\/wp-json\/wp\/v2\/product_cat?post=31007"},{"taxonomy":"product_tag","embeddable":true,"href":"https:\/\/www.gemm-srl.com\/fr\/wp-json\/wp\/v2\/product_tag?post=31007"}],"curies":[{"name":"wp","href":"https:\/\/api.w.org\/{rel}","templated":true}]}}