{"id":30430,"date":"2022-06-06T15:04:34","date_gmt":"2022-06-06T13:04:34","guid":{"rendered":"https:\/\/gemmsrl2.cmsone.info\/non%20class\u00e9\/thbd170s\/"},"modified":"2026-02-24T03:28:36","modified_gmt":"2026-02-24T02:28:36","slug":"thbd170s","status":"publish","type":"product","link":"https:\/\/www.gemm-srl.com\/fr\/bases-et-tables-refrigerees\/atlas-plus-fr\/thbd170s\/","title":{"rendered":"THBD\/170S"},"content":{"rendered":"<p>TABLE GN 1\/1 CONG\u00c9LATEURE CORP H 760 AVEC COMPARTIMENT TECHNIQUE \u00c0 DROITE &#8211; Table gastronomie cong\u00e9lateure avec profondeur 700, \u00e9galement disponible avec compartiment technique \u00e0 gauche.<\/p>\n","protected":false},"excerpt":{"rendered":"<p>TABLE GN 1\/1 CONG\u00c9LATEURE CORP H 760 AVEC COMPARTIMENT TECHNIQUE \u00c0 DROITE &#8211; Table gastronomie cong\u00e9lateure avec profondeur 700, \u00e9galement disponible avec compartiment technique \u00e0 gauche.<\/p>\n","protected":false},"featured_media":150923,"template":"","meta":{"_acf_changed":false},"product_brand":[],"product_cat":[691],"product_tag":[516],"class_list":{"0":"post-30430","1":"product","2":"type-product","3":"status-publish","4":"has-post-thumbnail","6":"product_cat-atlas-plus-fr","7":"product_tag-professional-kitchens","9":"first","10":"instock","11":"purchasable","12":"product-type-simple"},"acf":{"titolo_h2":"TEMP\u00c9RATURE N\u00c9GATIVE","tipo":"VA","video":"","file_privati":[151279,152158],"file_pubblici":"","scheda_tecnica":"https:\/\/gemm.datipro.it\/pdf-datasheet\/fr\/40340067","depliant":"https:\/\/gemm.datipro.it\/pdf-depliant\/\/DEPLIANT%202025\/GEMM_NEW_ATLAS_ATLAS_PLUS_2026_FR.pdf","struttura_info":"construction en ecier inox","posizione_vano_tecnico":"\u00e0 droite","tipo_di_refrigerazione_info":"ventil\u00e9e","elettronica_info":"panneau de contr\u00f4le touch 2.8\", visualisation digit","sbrinamento_info":"avec r\u00e9sistance \u00e9lectrique","evaporazione_acqua_di_condensa_info":"automatique","allestimenti_a_richiesta":"set tiroirs","dotazione_info":"2 grilles GN 1\/1 pour chaque porte","esclusioni_info":"","spessore_di_isolamento_info":"50","passo_guide_info":"75","posizioni_su_cremagliera":"8","piano_di_lavoro_inox_info":"","tipo_serratura":"","illuminazione":"","controllo_ventilazione":"NON","controllo_umidita":"NON","umidita_relativa":"","gas_info":"R290","tensione_info":"1x230V ~ 50Hz","classe_climatica_info":"5","elenco_accessori":[{"accessori":"40341200 - Set tiroirs cong\u00e9lateur avec no. 2 tiroirs 1\/2 (suppl\u00e9ment)"},{"accessori":"40200506 - Paire de glissi\u00e8res pour grille GN 1\/1"},{"accessori":"40200500 - \u00c9tag\u00e8re GN 1\/1"},{"accessori":"45100240 - \u00c9tag\u00e8re en acier inox GN 1\/1"},{"accessori":"40105050 - Bac en acier inox GN 1\/1 h 40 mm"},{"accessori":"40105060 - Bac en acier inox GN 1\/1 h 65 mm"},{"accessori":"40105070 - Bac en acier inox GN 1\/1 h 100 mm"},{"accessori":"40105080 - Couvercle en acier inox pour bac GN 1\/1"},{"accessori":"40200530 - Kit no. 4 roulettes \u00d8 125 (dont 2 avec frein)"},{"accessori":"40203015 - \u00c9clairage led pour 3 portes (table), suppl\u00e9ment"},{"accessori":"45000565 - Syst\u00e8me de supervision Wi-Fi (suppl\u00e9ment)"},{"accessori":"40200560 - Fr\u00e9quence 60Hz"}],"immagini_portabottiglie":"","strutture_portabottiglie":null,"soluzioni_portabottiglie":null},"yoast_head":"<!-- This site is optimized with the Yoast SEO plugin v26.5 - https:\/\/yoast.com\/wordpress\/plugins\/seo\/ -->\n<title>THBD\/170S - Gemm srl<\/title>\n<meta name=\"robots\" content=\"index, follow, max-snippet:-1, max-image-preview:large, max-video-preview:-1\" \/>\n<link rel=\"canonical\" href=\"https:\/\/www.gemm-srl.com\/fr\/bases-et-tables-refrigerees\/atlas-plus-fr\/thbd170s\/\" \/>\n<meta property=\"og:locale\" content=\"fr_FR\" \/>\n<meta property=\"og:type\" content=\"article\" \/>\n<meta property=\"og:title\" content=\"THBD\/170S - Gemm srl\" \/>\n<meta property=\"og:description\" content=\"TABLE GN 1\/1 CONG\u00c9LATEURE CORP H 760 AVEC COMPARTIMENT TECHNIQUE \u00c0 DROITE &#8211; Table gastronomie cong\u00e9lateure avec profondeur 700, \u00e9galement disponible avec compartiment technique \u00e0 gauche.\" \/>\n<meta property=\"og:url\" content=\"https:\/\/www.gemm-srl.com\/fr\/bases-et-tables-refrigerees\/atlas-plus-fr\/thbd170s\/\" \/>\n<meta property=\"og:site_name\" content=\"Gemm srl\" \/>\n<meta property=\"article:publisher\" content=\"https:\/\/www.facebook.com\/people\/GEMM-SRL\/100065046666797\/\" \/>\n<meta property=\"article:modified_time\" content=\"2026-02-24T02:28:36+00:00\" \/>\n<meta property=\"og:image\" content=\"https:\/\/www.gemm-srl.com\/wp-content\/uploads\/2025\/06\/THBD_170S_SITO-scaled.jpg\" \/>\n\t<meta property=\"og:image:width\" content=\"2560\" \/>\n\t<meta property=\"og:image:height\" content=\"2560\" \/>\n\t<meta property=\"og:image:type\" content=\"image\/jpeg\" \/>\n<meta name=\"twitter:card\" content=\"summary_large_image\" \/>\n<script type=\"application\/ld+json\" class=\"yoast-schema-graph\">{\"@context\":\"https:\/\/schema.org\",\"@graph\":[{\"@type\":\"WebPage\",\"@id\":\"https:\/\/www.gemm-srl.com\/fr\/bases-et-tables-refrigerees\/atlas-plus-fr\/thbd170s\/\",\"url\":\"https:\/\/www.gemm-srl.com\/fr\/bases-et-tables-refrigerees\/atlas-plus-fr\/thbd170s\/\",\"name\":\"THBD\/170S - Gemm srl\",\"isPartOf\":{\"@id\":\"https:\/\/www.gemm-srl.com\/fr\/#website\"},\"primaryImageOfPage\":{\"@id\":\"https:\/\/www.gemm-srl.com\/fr\/bases-et-tables-refrigerees\/atlas-plus-fr\/thbd170s\/#primaryimage\"},\"image\":{\"@id\":\"https:\/\/www.gemm-srl.com\/fr\/bases-et-tables-refrigerees\/atlas-plus-fr\/thbd170s\/#primaryimage\"},\"thumbnailUrl\":\"https:\/\/www.gemm-srl.com\/wp-content\/uploads\/2025\/06\/THBD_170S_SITO-scaled.jpg\",\"datePublished\":\"2022-06-06T13:04:34+00:00\",\"dateModified\":\"2026-02-24T02:28:36+00:00\",\"breadcrumb\":{\"@id\":\"https:\/\/www.gemm-srl.com\/fr\/bases-et-tables-refrigerees\/atlas-plus-fr\/thbd170s\/#breadcrumb\"},\"inLanguage\":\"fr-FR\",\"potentialAction\":[{\"@type\":\"ReadAction\",\"target\":[\"https:\/\/www.gemm-srl.com\/fr\/bases-et-tables-refrigerees\/atlas-plus-fr\/thbd170s\/\"]}]},{\"@type\":\"ImageObject\",\"inLanguage\":\"fr-FR\",\"@id\":\"https:\/\/www.gemm-srl.com\/fr\/bases-et-tables-refrigerees\/atlas-plus-fr\/thbd170s\/#primaryimage\",\"url\":\"https:\/\/www.gemm-srl.com\/wp-content\/uploads\/2025\/06\/THBD_170S_SITO-scaled.jpg\",\"contentUrl\":\"https:\/\/www.gemm-srl.com\/wp-content\/uploads\/2025\/06\/THBD_170S_SITO-scaled.jpg\",\"width\":2560,\"height\":2560},{\"@type\":\"BreadcrumbList\",\"@id\":\"https:\/\/www.gemm-srl.com\/fr\/bases-et-tables-refrigerees\/atlas-plus-fr\/thbd170s\/#breadcrumb\",\"itemListElement\":[{\"@type\":\"ListItem\",\"position\":1,\"name\":\"Home\",\"item\":\"https:\/\/www.gemm-srl.com\/fr\/\"},{\"@type\":\"ListItem\",\"position\":2,\"name\":\"Produits\",\"item\":\"https:\/\/www.gemm-srl.com\/fr\/produits\/\"},{\"@type\":\"ListItem\",\"position\":3,\"name\":\"Bases et tables r\u00e9frig\u00e9r\u00e9es\",\"item\":\"https:\/\/www.gemm-srl.com\/fr\/bases-et-tables-refrigerees\/\"},{\"@type\":\"ListItem\",\"position\":4,\"name\":\"Atlas Plus\",\"item\":\"https:\/\/www.gemm-srl.com\/fr\/bases-et-tables-refrigerees\/atlas-plus-fr\/\"},{\"@type\":\"ListItem\",\"position\":5,\"name\":\"THBD\/170S\"}]},{\"@type\":\"WebSite\",\"@id\":\"https:\/\/www.gemm-srl.com\/fr\/#website\",\"url\":\"https:\/\/www.gemm-srl.com\/fr\/\",\"name\":\"Gemm srl\",\"description\":\"Sistemi refrigerati professionali di alta qualit\u00e0\",\"publisher\":{\"@id\":\"https:\/\/www.gemm-srl.com\/fr\/#organization\"},\"potentialAction\":[{\"@type\":\"SearchAction\",\"target\":{\"@type\":\"EntryPoint\",\"urlTemplate\":\"https:\/\/www.gemm-srl.com\/fr\/?s={search_term_string}\"},\"query-input\":{\"@type\":\"PropertyValueSpecification\",\"valueRequired\":true,\"valueName\":\"search_term_string\"}}],\"inLanguage\":\"fr-FR\"},{\"@type\":\"Organization\",\"@id\":\"https:\/\/www.gemm-srl.com\/fr\/#organization\",\"name\":\"Gemm srl\",\"url\":\"https:\/\/www.gemm-srl.com\/fr\/\",\"logo\":{\"@type\":\"ImageObject\",\"inLanguage\":\"fr-FR\",\"@id\":\"https:\/\/www.gemm-srl.com\/fr\/#\/schema\/logo\/image\/\",\"url\":\"https:\/\/www.gemm-srl.com\/wp-content\/uploads\/2020\/11\/logo_nero.png\",\"contentUrl\":\"https:\/\/www.gemm-srl.com\/wp-content\/uploads\/2020\/11\/logo_nero.png\",\"width\":250,\"height\":59,\"caption\":\"Gemm srl\"},\"image\":{\"@id\":\"https:\/\/www.gemm-srl.com\/fr\/#\/schema\/logo\/image\/\"},\"sameAs\":[\"https:\/\/www.facebook.com\/people\/GEMM-SRL\/100065046666797\/\",\"https:\/\/www.youtube.com\/@gemmsrl\",\"https:\/\/www.linkedin.com\/company\/gemm-s.r.l.\/\",\"https:\/\/www.instagram.com\/gemmsrl\/\"]}]}<\/script>\n<!-- \/ Yoast SEO plugin. -->","yoast_head_json":{"title":"THBD\/170S - Gemm srl","robots":{"index":"index","follow":"follow","max-snippet":"max-snippet:-1","max-image-preview":"max-image-preview:large","max-video-preview":"max-video-preview:-1"},"canonical":"https:\/\/www.gemm-srl.com\/fr\/bases-et-tables-refrigerees\/atlas-plus-fr\/thbd170s\/","og_locale":"fr_FR","og_type":"article","og_title":"THBD\/170S - Gemm srl","og_description":"TABLE GN 1\/1 CONG\u00c9LATEURE CORP H 760 AVEC COMPARTIMENT TECHNIQUE \u00c0 DROITE &#8211; Table gastronomie cong\u00e9lateure avec profondeur 700, \u00e9galement disponible avec compartiment technique \u00e0 gauche.","og_url":"https:\/\/www.gemm-srl.com\/fr\/bases-et-tables-refrigerees\/atlas-plus-fr\/thbd170s\/","og_site_name":"Gemm srl","article_publisher":"https:\/\/www.facebook.com\/people\/GEMM-SRL\/100065046666797\/","article_modified_time":"2026-02-24T02:28:36+00:00","og_image":[{"width":2560,"height":2560,"url":"https:\/\/www.gemm-srl.com\/wp-content\/uploads\/2025\/06\/THBD_170S_SITO-scaled.jpg","type":"image\/jpeg"}],"twitter_card":"summary_large_image","schema":{"@context":"https:\/\/schema.org","@graph":[{"@type":"WebPage","@id":"https:\/\/www.gemm-srl.com\/fr\/bases-et-tables-refrigerees\/atlas-plus-fr\/thbd170s\/","url":"https:\/\/www.gemm-srl.com\/fr\/bases-et-tables-refrigerees\/atlas-plus-fr\/thbd170s\/","name":"THBD\/170S - Gemm srl","isPartOf":{"@id":"https:\/\/www.gemm-srl.com\/fr\/#website"},"primaryImageOfPage":{"@id":"https:\/\/www.gemm-srl.com\/fr\/bases-et-tables-refrigerees\/atlas-plus-fr\/thbd170s\/#primaryimage"},"image":{"@id":"https:\/\/www.gemm-srl.com\/fr\/bases-et-tables-refrigerees\/atlas-plus-fr\/thbd170s\/#primaryimage"},"thumbnailUrl":"https:\/\/www.gemm-srl.com\/wp-content\/uploads\/2025\/06\/THBD_170S_SITO-scaled.jpg","datePublished":"2022-06-06T13:04:34+00:00","dateModified":"2026-02-24T02:28:36+00:00","breadcrumb":{"@id":"https:\/\/www.gemm-srl.com\/fr\/bases-et-tables-refrigerees\/atlas-plus-fr\/thbd170s\/#breadcrumb"},"inLanguage":"fr-FR","potentialAction":[{"@type":"ReadAction","target":["https:\/\/www.gemm-srl.com\/fr\/bases-et-tables-refrigerees\/atlas-plus-fr\/thbd170s\/"]}]},{"@type":"ImageObject","inLanguage":"fr-FR","@id":"https:\/\/www.gemm-srl.com\/fr\/bases-et-tables-refrigerees\/atlas-plus-fr\/thbd170s\/#primaryimage","url":"https:\/\/www.gemm-srl.com\/wp-content\/uploads\/2025\/06\/THBD_170S_SITO-scaled.jpg","contentUrl":"https:\/\/www.gemm-srl.com\/wp-content\/uploads\/2025\/06\/THBD_170S_SITO-scaled.jpg","width":2560,"height":2560},{"@type":"BreadcrumbList","@id":"https:\/\/www.gemm-srl.com\/fr\/bases-et-tables-refrigerees\/atlas-plus-fr\/thbd170s\/#breadcrumb","itemListElement":[{"@type":"ListItem","position":1,"name":"Home","item":"https:\/\/www.gemm-srl.com\/fr\/"},{"@type":"ListItem","position":2,"name":"Produits","item":"https:\/\/www.gemm-srl.com\/fr\/produits\/"},{"@type":"ListItem","position":3,"name":"Bases et tables r\u00e9frig\u00e9r\u00e9es","item":"https:\/\/www.gemm-srl.com\/fr\/bases-et-tables-refrigerees\/"},{"@type":"ListItem","position":4,"name":"Atlas Plus","item":"https:\/\/www.gemm-srl.com\/fr\/bases-et-tables-refrigerees\/atlas-plus-fr\/"},{"@type":"ListItem","position":5,"name":"THBD\/170S"}]},{"@type":"WebSite","@id":"https:\/\/www.gemm-srl.com\/fr\/#website","url":"https:\/\/www.gemm-srl.com\/fr\/","name":"Gemm srl","description":"Sistemi refrigerati professionali di alta qualit\u00e0","publisher":{"@id":"https:\/\/www.gemm-srl.com\/fr\/#organization"},"potentialAction":[{"@type":"SearchAction","target":{"@type":"EntryPoint","urlTemplate":"https:\/\/www.gemm-srl.com\/fr\/?s={search_term_string}"},"query-input":{"@type":"PropertyValueSpecification","valueRequired":true,"valueName":"search_term_string"}}],"inLanguage":"fr-FR"},{"@type":"Organization","@id":"https:\/\/www.gemm-srl.com\/fr\/#organization","name":"Gemm srl","url":"https:\/\/www.gemm-srl.com\/fr\/","logo":{"@type":"ImageObject","inLanguage":"fr-FR","@id":"https:\/\/www.gemm-srl.com\/fr\/#\/schema\/logo\/image\/","url":"https:\/\/www.gemm-srl.com\/wp-content\/uploads\/2020\/11\/logo_nero.png","contentUrl":"https:\/\/www.gemm-srl.com\/wp-content\/uploads\/2020\/11\/logo_nero.png","width":250,"height":59,"caption":"Gemm srl"},"image":{"@id":"https:\/\/www.gemm-srl.com\/fr\/#\/schema\/logo\/image\/"},"sameAs":["https:\/\/www.facebook.com\/people\/GEMM-SRL\/100065046666797\/","https:\/\/www.youtube.com\/@gemmsrl","https:\/\/www.linkedin.com\/company\/gemm-s.r.l.\/","https:\/\/www.instagram.com\/gemmsrl\/"]}]}},"_links":{"self":[{"href":"https:\/\/www.gemm-srl.com\/fr\/wp-json\/wp\/v2\/product\/30430","targetHints":{"allow":["GET"]}}],"collection":[{"href":"https:\/\/www.gemm-srl.com\/fr\/wp-json\/wp\/v2\/product"}],"about":[{"href":"https:\/\/www.gemm-srl.com\/fr\/wp-json\/wp\/v2\/types\/product"}],"acf:post":[{"embeddable":true,"href":"https:\/\/www.gemm-srl.com\/fr\/wp-json\/wp\/v2\/wpdmpro\/152158"},{"embeddable":true,"href":"https:\/\/www.gemm-srl.com\/fr\/wp-json\/wp\/v2\/wpdmpro\/151279"}],"wp:featuredmedia":[{"embeddable":true,"href":"https:\/\/www.gemm-srl.com\/fr\/wp-json\/wp\/v2\/media\/150923"}],"wp:attachment":[{"href":"https:\/\/www.gemm-srl.com\/fr\/wp-json\/wp\/v2\/media?parent=30430"}],"wp:term":[{"taxonomy":"product_brand","embeddable":true,"href":"https:\/\/www.gemm-srl.com\/fr\/wp-json\/wp\/v2\/product_brand?post=30430"},{"taxonomy":"product_cat","embeddable":true,"href":"https:\/\/www.gemm-srl.com\/fr\/wp-json\/wp\/v2\/product_cat?post=30430"},{"taxonomy":"product_tag","embeddable":true,"href":"https:\/\/www.gemm-srl.com\/fr\/wp-json\/wp\/v2\/product_tag?post=30430"}],"curies":[{"name":"wp","href":"https:\/\/api.w.org\/{rel}","templated":true}]}}