{"id":30380,"date":"2022-06-06T15:05:50","date_gmt":"2022-06-06T13:05:50","guid":{"rendered":"https:\/\/gemmsrl2.cmsone.info\/non%20class\u00e9\/talh27\/"},"modified":"2026-02-24T05:07:21","modified_gmt":"2026-02-24T04:07:21","slug":"talh27","status":"publish","type":"product","link":"https:\/\/www.gemm-srl.com\/fr\/fermentation-controlee\/planet-tables\/talh27\/","title":{"rendered":"TALH\/27"},"content":{"rendered":"<p>TABLE POUR FERMENTATION CONTR\u00d4L\u00c9E AVEC CONTR\u00d4LE D&rsquo;HUMIDIT\u00c9 &#8211; Table pour la fermentation contr\u00f4l\u00e9e pour bo\u00eetes\/plateaux 600&#215;400 avec contr\u00f4le de l&rsquo;humidit\u00e9<\/p>\n","protected":false},"excerpt":{"rendered":"<p>TABLE POUR FERMENTATION CONTR\u00d4L\u00c9E AVEC CONTR\u00d4LE D&rsquo;HUMIDIT\u00c9 &#8211; Table pour la fermentation contr\u00f4l\u00e9e pour bo\u00eetes\/plateaux 600&#215;400 avec contr\u00f4le de l&rsquo;humidit\u00e9<\/p>\n","protected":false},"featured_media":152853,"template":"","meta":{"_acf_changed":false},"product_brand":[],"product_cat":[685],"product_tag":[528],"class_list":{"0":"post-30380","1":"product","2":"type-product","3":"status-publish","4":"has-post-thumbnail","6":"product_cat-planet-tables","7":"product_tag-pastry","9":"first","10":"instock","11":"purchasable","12":"product-type-simple"},"acf":{"titolo_h2":"","tipo":"PF","video":"","file_privati":[151647],"file_pubblici":"","scheda_tecnica":"https:\/\/gemm.datipro.it\/pdf-datasheet\/fr\/42502031","depliant":"https:\/\/gemm.datipro.it\/pdf-depliant\/\/DEPLIANT%202025\/GEMM_PLANET_2026_FR.pdf","struttura_info":"construction en ecier inox","posizione_vano_tecnico":"\u00e0 droite","tipo_di_refrigerazione_info":"r\u00e9frig\u00e9ration HSS \"Helped static System\"","elettronica_info":"carte \u00e9lectronique \u00e0 \u00e9cran TACTILE 5''","sbrinamento_info":"automatique avec r\u00e9sistance \u00e9lectrique","evaporazione_acqua_di_condensa_info":"automatique","allestimenti_a_richiesta":"","dotazione_info":"7 paires de glissi\u00e8res pour chaque porte","esclusioni_info":"","spessore_di_isolamento_info":"50","passo_guide_info":"75","posizioni_su_cremagliera":"7","piano_di_lavoro_inox_info":"15\/10 h 40","tipo_serratura":"","illuminazione":"","controllo_ventilazione":"NON","controllo_umidita":"OUI","umidita_relativa":"60-90%","gas_info":"R290","tensione_info":"1x230V ~ 50Hz","classe_climatica_info":"5","elenco_accessori":[{"accessori":"45020550 - \u00c9tag\u00e8re rilsan cm 60x40"},{"accessori":"20808031 - Paire de glissi\u00e8res pour \u00e9tag\u00e8re cm 60x40"},{"accessori":"42000560 - \u00c9tag\u00e8re en acier inox cm 40x60x2h"},{"accessori":"42000562 - \u00c9tag\u00e8re en acier inox cm 40x60x3h"},{"accessori":"40200532 - Kit no. 6 roulettes \u00d8 125 (dont 2 avec frein)"},{"accessori":"45000563 - Syst\u00e9me de surveillance Wi-Fi (suppl\u00e9ment)"},{"accessori":"40200560 - Fr\u00e9quence 60Hz"}],"immagini_portabottiglie":"","strutture_portabottiglie":null,"soluzioni_portabottiglie":null},"yoast_head":"<!-- This site is optimized with the Yoast SEO plugin v26.5 - https:\/\/yoast.com\/wordpress\/plugins\/seo\/ -->\n<title>TALH\/27 - Gemm srl<\/title>\n<meta name=\"robots\" content=\"index, follow, max-snippet:-1, max-image-preview:large, max-video-preview:-1\" \/>\n<link rel=\"canonical\" href=\"https:\/\/www.gemm-srl.com\/fr\/fermentation-controlee\/planet-tables\/talh27\/\" \/>\n<meta property=\"og:locale\" content=\"fr_FR\" \/>\n<meta property=\"og:type\" content=\"article\" \/>\n<meta property=\"og:title\" content=\"TALH\/27 - Gemm srl\" \/>\n<meta property=\"og:description\" content=\"TABLE POUR FERMENTATION CONTR\u00d4L\u00c9E AVEC CONTR\u00d4LE D&rsquo;HUMIDIT\u00c9 &#8211; Table pour la fermentation contr\u00f4l\u00e9e pour bo\u00eetes\/plateaux 600&#215;400 avec contr\u00f4le de l&rsquo;humidit\u00e9\" \/>\n<meta property=\"og:url\" content=\"https:\/\/www.gemm-srl.com\/fr\/fermentation-controlee\/planet-tables\/talh27\/\" \/>\n<meta property=\"og:site_name\" content=\"Gemm srl\" \/>\n<meta property=\"article:publisher\" content=\"https:\/\/www.facebook.com\/people\/GEMM-SRL\/100065046666797\/\" \/>\n<meta property=\"article:modified_time\" content=\"2026-02-24T04:07:21+00:00\" \/>\n<meta property=\"og:image\" content=\"https:\/\/www.gemm-srl.com\/wp-content\/uploads\/2026\/01\/TALH_27_SITO-scaled.jpg\" \/>\n\t<meta property=\"og:image:width\" content=\"2560\" \/>\n\t<meta property=\"og:image:height\" content=\"2560\" \/>\n\t<meta property=\"og:image:type\" content=\"image\/jpeg\" \/>\n<meta name=\"twitter:card\" content=\"summary_large_image\" \/>\n<meta name=\"twitter:label1\" content=\"Dur\u00e9e de lecture estim\u00e9e\" \/>\n\t<meta name=\"twitter:data1\" content=\"1 minute\" \/>\n<script type=\"application\/ld+json\" class=\"yoast-schema-graph\">{\"@context\":\"https:\/\/schema.org\",\"@graph\":[{\"@type\":\"WebPage\",\"@id\":\"https:\/\/www.gemm-srl.com\/fr\/fermentation-controlee\/planet-tables\/talh27\/\",\"url\":\"https:\/\/www.gemm-srl.com\/fr\/fermentation-controlee\/planet-tables\/talh27\/\",\"name\":\"TALH\/27 - Gemm srl\",\"isPartOf\":{\"@id\":\"https:\/\/www.gemm-srl.com\/fr\/#website\"},\"primaryImageOfPage\":{\"@id\":\"https:\/\/www.gemm-srl.com\/fr\/fermentation-controlee\/planet-tables\/talh27\/#primaryimage\"},\"image\":{\"@id\":\"https:\/\/www.gemm-srl.com\/fr\/fermentation-controlee\/planet-tables\/talh27\/#primaryimage\"},\"thumbnailUrl\":\"https:\/\/www.gemm-srl.com\/wp-content\/uploads\/2026\/01\/TALH_27_SITO-scaled.jpg\",\"datePublished\":\"2022-06-06T13:05:50+00:00\",\"dateModified\":\"2026-02-24T04:07:21+00:00\",\"breadcrumb\":{\"@id\":\"https:\/\/www.gemm-srl.com\/fr\/fermentation-controlee\/planet-tables\/talh27\/#breadcrumb\"},\"inLanguage\":\"fr-FR\",\"potentialAction\":[{\"@type\":\"ReadAction\",\"target\":[\"https:\/\/www.gemm-srl.com\/fr\/fermentation-controlee\/planet-tables\/talh27\/\"]}]},{\"@type\":\"ImageObject\",\"inLanguage\":\"fr-FR\",\"@id\":\"https:\/\/www.gemm-srl.com\/fr\/fermentation-controlee\/planet-tables\/talh27\/#primaryimage\",\"url\":\"https:\/\/www.gemm-srl.com\/wp-content\/uploads\/2026\/01\/TALH_27_SITO-scaled.jpg\",\"contentUrl\":\"https:\/\/www.gemm-srl.com\/wp-content\/uploads\/2026\/01\/TALH_27_SITO-scaled.jpg\",\"width\":2560,\"height\":2560},{\"@type\":\"BreadcrumbList\",\"@id\":\"https:\/\/www.gemm-srl.com\/fr\/fermentation-controlee\/planet-tables\/talh27\/#breadcrumb\",\"itemListElement\":[{\"@type\":\"ListItem\",\"position\":1,\"name\":\"Home\",\"item\":\"https:\/\/www.gemm-srl.com\/fr\/\"},{\"@type\":\"ListItem\",\"position\":2,\"name\":\"Produits\",\"item\":\"https:\/\/www.gemm-srl.com\/fr\/produits\/\"},{\"@type\":\"ListItem\",\"position\":3,\"name\":\"Fermentation contr\u00f4l\u00e9e\",\"item\":\"https:\/\/www.gemm-srl.com\/fr\/fermentation-controlee\/\"},{\"@type\":\"ListItem\",\"position\":4,\"name\":\"Planet Tables\",\"item\":\"https:\/\/www.gemm-srl.com\/fr\/fermentation-controlee\/planet-tables\/\"},{\"@type\":\"ListItem\",\"position\":5,\"name\":\"TALH\/27\"}]},{\"@type\":\"WebSite\",\"@id\":\"https:\/\/www.gemm-srl.com\/fr\/#website\",\"url\":\"https:\/\/www.gemm-srl.com\/fr\/\",\"name\":\"Gemm srl\",\"description\":\"Sistemi refrigerati professionali di alta qualit\u00e0\",\"publisher\":{\"@id\":\"https:\/\/www.gemm-srl.com\/fr\/#organization\"},\"potentialAction\":[{\"@type\":\"SearchAction\",\"target\":{\"@type\":\"EntryPoint\",\"urlTemplate\":\"https:\/\/www.gemm-srl.com\/fr\/?s={search_term_string}\"},\"query-input\":{\"@type\":\"PropertyValueSpecification\",\"valueRequired\":true,\"valueName\":\"search_term_string\"}}],\"inLanguage\":\"fr-FR\"},{\"@type\":\"Organization\",\"@id\":\"https:\/\/www.gemm-srl.com\/fr\/#organization\",\"name\":\"Gemm srl\",\"url\":\"https:\/\/www.gemm-srl.com\/fr\/\",\"logo\":{\"@type\":\"ImageObject\",\"inLanguage\":\"fr-FR\",\"@id\":\"https:\/\/www.gemm-srl.com\/fr\/#\/schema\/logo\/image\/\",\"url\":\"https:\/\/www.gemm-srl.com\/wp-content\/uploads\/2020\/11\/logo_nero.png\",\"contentUrl\":\"https:\/\/www.gemm-srl.com\/wp-content\/uploads\/2020\/11\/logo_nero.png\",\"width\":250,\"height\":59,\"caption\":\"Gemm srl\"},\"image\":{\"@id\":\"https:\/\/www.gemm-srl.com\/fr\/#\/schema\/logo\/image\/\"},\"sameAs\":[\"https:\/\/www.facebook.com\/people\/GEMM-SRL\/100065046666797\/\",\"https:\/\/www.youtube.com\/@gemmsrl\",\"https:\/\/www.linkedin.com\/company\/gemm-s.r.l.\/\",\"https:\/\/www.instagram.com\/gemmsrl\/\"]}]}<\/script>\n<!-- \/ Yoast SEO plugin. -->","yoast_head_json":{"title":"TALH\/27 - Gemm srl","robots":{"index":"index","follow":"follow","max-snippet":"max-snippet:-1","max-image-preview":"max-image-preview:large","max-video-preview":"max-video-preview:-1"},"canonical":"https:\/\/www.gemm-srl.com\/fr\/fermentation-controlee\/planet-tables\/talh27\/","og_locale":"fr_FR","og_type":"article","og_title":"TALH\/27 - Gemm srl","og_description":"TABLE POUR FERMENTATION CONTR\u00d4L\u00c9E AVEC CONTR\u00d4LE D&rsquo;HUMIDIT\u00c9 &#8211; Table pour la fermentation contr\u00f4l\u00e9e pour bo\u00eetes\/plateaux 600&#215;400 avec contr\u00f4le de l&rsquo;humidit\u00e9","og_url":"https:\/\/www.gemm-srl.com\/fr\/fermentation-controlee\/planet-tables\/talh27\/","og_site_name":"Gemm srl","article_publisher":"https:\/\/www.facebook.com\/people\/GEMM-SRL\/100065046666797\/","article_modified_time":"2026-02-24T04:07:21+00:00","og_image":[{"width":2560,"height":2560,"url":"https:\/\/www.gemm-srl.com\/wp-content\/uploads\/2026\/01\/TALH_27_SITO-scaled.jpg","type":"image\/jpeg"}],"twitter_card":"summary_large_image","twitter_misc":{"Dur\u00e9e de lecture estim\u00e9e":"1 minute"},"schema":{"@context":"https:\/\/schema.org","@graph":[{"@type":"WebPage","@id":"https:\/\/www.gemm-srl.com\/fr\/fermentation-controlee\/planet-tables\/talh27\/","url":"https:\/\/www.gemm-srl.com\/fr\/fermentation-controlee\/planet-tables\/talh27\/","name":"TALH\/27 - Gemm srl","isPartOf":{"@id":"https:\/\/www.gemm-srl.com\/fr\/#website"},"primaryImageOfPage":{"@id":"https:\/\/www.gemm-srl.com\/fr\/fermentation-controlee\/planet-tables\/talh27\/#primaryimage"},"image":{"@id":"https:\/\/www.gemm-srl.com\/fr\/fermentation-controlee\/planet-tables\/talh27\/#primaryimage"},"thumbnailUrl":"https:\/\/www.gemm-srl.com\/wp-content\/uploads\/2026\/01\/TALH_27_SITO-scaled.jpg","datePublished":"2022-06-06T13:05:50+00:00","dateModified":"2026-02-24T04:07:21+00:00","breadcrumb":{"@id":"https:\/\/www.gemm-srl.com\/fr\/fermentation-controlee\/planet-tables\/talh27\/#breadcrumb"},"inLanguage":"fr-FR","potentialAction":[{"@type":"ReadAction","target":["https:\/\/www.gemm-srl.com\/fr\/fermentation-controlee\/planet-tables\/talh27\/"]}]},{"@type":"ImageObject","inLanguage":"fr-FR","@id":"https:\/\/www.gemm-srl.com\/fr\/fermentation-controlee\/planet-tables\/talh27\/#primaryimage","url":"https:\/\/www.gemm-srl.com\/wp-content\/uploads\/2026\/01\/TALH_27_SITO-scaled.jpg","contentUrl":"https:\/\/www.gemm-srl.com\/wp-content\/uploads\/2026\/01\/TALH_27_SITO-scaled.jpg","width":2560,"height":2560},{"@type":"BreadcrumbList","@id":"https:\/\/www.gemm-srl.com\/fr\/fermentation-controlee\/planet-tables\/talh27\/#breadcrumb","itemListElement":[{"@type":"ListItem","position":1,"name":"Home","item":"https:\/\/www.gemm-srl.com\/fr\/"},{"@type":"ListItem","position":2,"name":"Produits","item":"https:\/\/www.gemm-srl.com\/fr\/produits\/"},{"@type":"ListItem","position":3,"name":"Fermentation contr\u00f4l\u00e9e","item":"https:\/\/www.gemm-srl.com\/fr\/fermentation-controlee\/"},{"@type":"ListItem","position":4,"name":"Planet Tables","item":"https:\/\/www.gemm-srl.com\/fr\/fermentation-controlee\/planet-tables\/"},{"@type":"ListItem","position":5,"name":"TALH\/27"}]},{"@type":"WebSite","@id":"https:\/\/www.gemm-srl.com\/fr\/#website","url":"https:\/\/www.gemm-srl.com\/fr\/","name":"Gemm srl","description":"Sistemi refrigerati professionali di alta qualit\u00e0","publisher":{"@id":"https:\/\/www.gemm-srl.com\/fr\/#organization"},"potentialAction":[{"@type":"SearchAction","target":{"@type":"EntryPoint","urlTemplate":"https:\/\/www.gemm-srl.com\/fr\/?s={search_term_string}"},"query-input":{"@type":"PropertyValueSpecification","valueRequired":true,"valueName":"search_term_string"}}],"inLanguage":"fr-FR"},{"@type":"Organization","@id":"https:\/\/www.gemm-srl.com\/fr\/#organization","name":"Gemm srl","url":"https:\/\/www.gemm-srl.com\/fr\/","logo":{"@type":"ImageObject","inLanguage":"fr-FR","@id":"https:\/\/www.gemm-srl.com\/fr\/#\/schema\/logo\/image\/","url":"https:\/\/www.gemm-srl.com\/wp-content\/uploads\/2020\/11\/logo_nero.png","contentUrl":"https:\/\/www.gemm-srl.com\/wp-content\/uploads\/2020\/11\/logo_nero.png","width":250,"height":59,"caption":"Gemm srl"},"image":{"@id":"https:\/\/www.gemm-srl.com\/fr\/#\/schema\/logo\/image\/"},"sameAs":["https:\/\/www.facebook.com\/people\/GEMM-SRL\/100065046666797\/","https:\/\/www.youtube.com\/@gemmsrl","https:\/\/www.linkedin.com\/company\/gemm-s.r.l.\/","https:\/\/www.instagram.com\/gemmsrl\/"]}]}},"_links":{"self":[{"href":"https:\/\/www.gemm-srl.com\/fr\/wp-json\/wp\/v2\/product\/30380","targetHints":{"allow":["GET"]}}],"collection":[{"href":"https:\/\/www.gemm-srl.com\/fr\/wp-json\/wp\/v2\/product"}],"about":[{"href":"https:\/\/www.gemm-srl.com\/fr\/wp-json\/wp\/v2\/types\/product"}],"acf:post":[{"embeddable":true,"href":"https:\/\/www.gemm-srl.com\/fr\/wp-json\/wp\/v2\/wpdmpro\/151647"}],"wp:featuredmedia":[{"embeddable":true,"href":"https:\/\/www.gemm-srl.com\/fr\/wp-json\/wp\/v2\/media\/152853"}],"wp:attachment":[{"href":"https:\/\/www.gemm-srl.com\/fr\/wp-json\/wp\/v2\/media?parent=30380"}],"wp:term":[{"taxonomy":"product_brand","embeddable":true,"href":"https:\/\/www.gemm-srl.com\/fr\/wp-json\/wp\/v2\/product_brand?post=30380"},{"taxonomy":"product_cat","embeddable":true,"href":"https:\/\/www.gemm-srl.com\/fr\/wp-json\/wp\/v2\/product_cat?post=30380"},{"taxonomy":"product_tag","embeddable":true,"href":"https:\/\/www.gemm-srl.com\/fr\/wp-json\/wp\/v2\/product_tag?post=30380"}],"curies":[{"name":"wp","href":"https:\/\/api.w.org\/{rel}","templated":true}]}}