{"id":30343,"date":"2022-06-06T15:06:44","date_gmt":"2022-06-06T13:06:44","guid":{"rendered":"https:\/\/gemmsrl2.cmsone.info\/non%20class\u00e9\/adp41h\/"},"modified":"2026-02-24T03:45:59","modified_gmt":"2026-02-24T02:45:59","slug":"adp41h","status":"publish","type":"product","link":"https:\/\/www.gemm-srl.com\/fr\/armoires-refrigerees\/delice-plus-fr\/adp41h\/","title":{"rendered":"ADP\/41H"},"content":{"rendered":"<p>ARMOIRE P\u00c2TISSERIE R\u00c9FRIG\u00c9R\u00c9E 40 PLATEAUX HAUTE HUMIDIT\u00c9 AVEC CONTR\u00d4LE D&rsquo;HUMIDIT\u00c9 60-90%UR AVEC 2 1\/2 PORTES &#8211; Armoire r\u00e9frig\u00e9r\u00e9e p\u00e2tisserie fra\u00eeche pour 40 plateaux 600&#215;400. Contr\u00f4le de l&rsquo;humidit\u00e9 avec sonde \u00e9lectronique.  \u00c9galement disponible dans la version avec syst\u00e8me \u00e0 valve pour l&rsquo;installation du moteur \u00e0 distance.<\/p>\n","protected":false},"excerpt":{"rendered":"<p>ARMOIRE P\u00c2TISSERIE R\u00c9FRIG\u00c9R\u00c9E 40 PLATEAUX HAUTE HUMIDIT\u00c9 AVEC CONTR\u00d4LE D&rsquo;HUMIDIT\u00c9 60-90%UR AVEC 2 1\/2 PORTES &#8211; Armoire r\u00e9frig\u00e9r\u00e9e p\u00e2tisserie fra\u00eeche pour 40 plateaux 600&#215;400. Contr\u00f4le de l&rsquo;humidit\u00e9 avec sonde \u00e9lectronique. \u00c9galement disponible dans la version avec syst\u00e8me \u00e0 valve pour l&rsquo;installation du moteur \u00e0 distance.<\/p>\n","protected":false},"featured_media":153016,"template":"","meta":{"_acf_changed":false},"product_brand":[],"product_cat":[641],"product_tag":[528],"class_list":{"0":"post-30343","1":"product","2":"type-product","3":"status-publish","4":"has-post-thumbnail","6":"product_cat-delice-plus-fr","7":"product_tag-pastry","9":"first","10":"instock","11":"purchasable","12":"product-type-simple"},"acf":{"titolo_h2":"HAUTE HUMIDIT\u00c9","tipo":"PF","video":"","file_privati":[151233],"file_pubblici":"","scheda_tecnica":"https:\/\/gemm.datipro.it\/pdf-datasheet\/fr\/45011120","depliant":"https:\/\/gemm.datipro.it\/pdf-depliant\/\/DEPLIANT%202025\/GEMM_DELICE_DELICE_PLUS_2026_FR.pdf","struttura_info":"en ecier inox","posizione_vano_tecnico":"sup\u00e9rieur","tipo_di_refrigerazione_info":"froid ventil\u00e9 \"gentil\" indirect\/doux","elettronica_info":"contr\u00f4le digital tactile 2,8'' LCD","sbrinamento_info":"automatique avec gaz chaud","evaporazione_acqua_di_condensa_info":"automatique","allestimenti_a_richiesta":"pr\u00e9disposition pour groupe report\u00e9e (valve gaz R452A)","dotazione_info":"20 paires de glissi\u00e8res pour plateaux 600x800","esclusioni_info":"","spessore_di_isolamento_info":"75","passo_guide_info":"16,5","posizioni_su_cremagliera":"74","piano_di_lavoro_inox_info":"","tipo_serratura":"","illuminazione":"","controllo_ventilazione":"NON","controllo_umidita":"OUI","umidita_relativa":"60-90%","gas_info":"R290","tensione_info":"1x230V ~ 50Hz","classe_climatica_info":"5","elenco_accessori":[{"accessori":"45020511 - Paire de glissi\u00e8res pour \u00e9tag\u00e8re cm 60x80"},{"accessori":"45020512 - \u00c9tag\u00e8re rilsan cm 60x80"},{"accessori":"45020515 - \u00c9tag\u00e8re en acier inox cm 60x80"},{"accessori":"42000560 - \u00c9tag\u00e8re en acier inox cm 40x60x2h"},{"accessori":"42000562 - \u00c9tag\u00e8re en acier inox cm 40x60x3h"},{"accessori":"45020520 - Plateau en acier inox cm 60x80x2h"},{"accessori":"45000540 - Kit. no. 4 roulettes \u00d8 100 (suppl\u00e9ment)"},{"accessori":"45000565 - Syst\u00e8me de supervision Wi-Fi (suppl\u00e9ment)"},{"accessori":"40200560 - Fr\u00e9quence 60Hz"}],"immagini_portabottiglie":"","strutture_portabottiglie":null,"soluzioni_portabottiglie":null},"yoast_head":"<!-- This site is optimized with the Yoast SEO plugin v26.5 - https:\/\/yoast.com\/wordpress\/plugins\/seo\/ -->\n<title>ADP\/41H - Gemm srl<\/title>\n<meta name=\"robots\" content=\"index, follow, max-snippet:-1, max-image-preview:large, max-video-preview:-1\" \/>\n<link rel=\"canonical\" href=\"https:\/\/www.gemm-srl.com\/fr\/armoires-refrigerees\/delice-plus-fr\/adp41h\/\" \/>\n<meta property=\"og:locale\" content=\"fr_FR\" \/>\n<meta property=\"og:type\" content=\"article\" \/>\n<meta property=\"og:title\" content=\"ADP\/41H - Gemm srl\" \/>\n<meta property=\"og:description\" content=\"ARMOIRE P\u00c2TISSERIE R\u00c9FRIG\u00c9R\u00c9E 40 PLATEAUX HAUTE HUMIDIT\u00c9 AVEC CONTR\u00d4LE D&rsquo;HUMIDIT\u00c9 60-90%UR AVEC 2 1\/2 PORTES &#8211; Armoire r\u00e9frig\u00e9r\u00e9e p\u00e2tisserie fra\u00eeche pour 40 plateaux 600&#215;400. Contr\u00f4le de l&rsquo;humidit\u00e9 avec sonde \u00e9lectronique. \u00c9galement disponible dans la version avec syst\u00e8me \u00e0 valve pour l&rsquo;installation du moteur \u00e0 distance.\" \/>\n<meta property=\"og:url\" content=\"https:\/\/www.gemm-srl.com\/fr\/armoires-refrigerees\/delice-plus-fr\/adp41h\/\" \/>\n<meta property=\"og:site_name\" content=\"Gemm srl\" \/>\n<meta property=\"article:publisher\" content=\"https:\/\/www.facebook.com\/people\/GEMM-SRL\/100065046666797\/\" \/>\n<meta property=\"article:modified_time\" content=\"2026-02-24T02:45:59+00:00\" \/>\n<meta property=\"og:image\" content=\"https:\/\/www.gemm-srl.com\/wp-content\/uploads\/2026\/01\/ADP_41H_SITO-scaled.png\" \/>\n\t<meta property=\"og:image:width\" content=\"2560\" \/>\n\t<meta property=\"og:image:height\" content=\"2560\" \/>\n\t<meta property=\"og:image:type\" content=\"image\/png\" \/>\n<meta name=\"twitter:card\" content=\"summary_large_image\" \/>\n<meta name=\"twitter:label1\" content=\"Dur\u00e9e de lecture estim\u00e9e\" \/>\n\t<meta name=\"twitter:data1\" content=\"1 minute\" \/>\n<script type=\"application\/ld+json\" class=\"yoast-schema-graph\">{\"@context\":\"https:\/\/schema.org\",\"@graph\":[{\"@type\":\"WebPage\",\"@id\":\"https:\/\/www.gemm-srl.com\/fr\/armoires-refrigerees\/delice-plus-fr\/adp41h\/\",\"url\":\"https:\/\/www.gemm-srl.com\/fr\/armoires-refrigerees\/delice-plus-fr\/adp41h\/\",\"name\":\"ADP\/41H - Gemm srl\",\"isPartOf\":{\"@id\":\"https:\/\/www.gemm-srl.com\/fr\/#website\"},\"primaryImageOfPage\":{\"@id\":\"https:\/\/www.gemm-srl.com\/fr\/armoires-refrigerees\/delice-plus-fr\/adp41h\/#primaryimage\"},\"image\":{\"@id\":\"https:\/\/www.gemm-srl.com\/fr\/armoires-refrigerees\/delice-plus-fr\/adp41h\/#primaryimage\"},\"thumbnailUrl\":\"https:\/\/www.gemm-srl.com\/wp-content\/uploads\/2026\/01\/ADP_41H_SITO-scaled.png\",\"datePublished\":\"2022-06-06T13:06:44+00:00\",\"dateModified\":\"2026-02-24T02:45:59+00:00\",\"breadcrumb\":{\"@id\":\"https:\/\/www.gemm-srl.com\/fr\/armoires-refrigerees\/delice-plus-fr\/adp41h\/#breadcrumb\"},\"inLanguage\":\"fr-FR\",\"potentialAction\":[{\"@type\":\"ReadAction\",\"target\":[\"https:\/\/www.gemm-srl.com\/fr\/armoires-refrigerees\/delice-plus-fr\/adp41h\/\"]}]},{\"@type\":\"ImageObject\",\"inLanguage\":\"fr-FR\",\"@id\":\"https:\/\/www.gemm-srl.com\/fr\/armoires-refrigerees\/delice-plus-fr\/adp41h\/#primaryimage\",\"url\":\"https:\/\/www.gemm-srl.com\/wp-content\/uploads\/2026\/01\/ADP_41H_SITO-scaled.png\",\"contentUrl\":\"https:\/\/www.gemm-srl.com\/wp-content\/uploads\/2026\/01\/ADP_41H_SITO-scaled.png\",\"width\":2560,\"height\":2560},{\"@type\":\"BreadcrumbList\",\"@id\":\"https:\/\/www.gemm-srl.com\/fr\/armoires-refrigerees\/delice-plus-fr\/adp41h\/#breadcrumb\",\"itemListElement\":[{\"@type\":\"ListItem\",\"position\":1,\"name\":\"Home\",\"item\":\"https:\/\/www.gemm-srl.com\/fr\/\"},{\"@type\":\"ListItem\",\"position\":2,\"name\":\"Produits\",\"item\":\"https:\/\/www.gemm-srl.com\/fr\/produits\/\"},{\"@type\":\"ListItem\",\"position\":3,\"name\":\"Armoires r\u00e9frig\u00e9r\u00e9es\",\"item\":\"https:\/\/www.gemm-srl.com\/fr\/armoires-refrigerees\/\"},{\"@type\":\"ListItem\",\"position\":4,\"name\":\"Delice Plus\",\"item\":\"https:\/\/www.gemm-srl.com\/fr\/armoires-refrigerees\/delice-plus-fr\/\"},{\"@type\":\"ListItem\",\"position\":5,\"name\":\"ADP\/41H\"}]},{\"@type\":\"WebSite\",\"@id\":\"https:\/\/www.gemm-srl.com\/fr\/#website\",\"url\":\"https:\/\/www.gemm-srl.com\/fr\/\",\"name\":\"Gemm srl\",\"description\":\"Sistemi refrigerati professionali di alta qualit\u00e0\",\"publisher\":{\"@id\":\"https:\/\/www.gemm-srl.com\/fr\/#organization\"},\"potentialAction\":[{\"@type\":\"SearchAction\",\"target\":{\"@type\":\"EntryPoint\",\"urlTemplate\":\"https:\/\/www.gemm-srl.com\/fr\/?s={search_term_string}\"},\"query-input\":{\"@type\":\"PropertyValueSpecification\",\"valueRequired\":true,\"valueName\":\"search_term_string\"}}],\"inLanguage\":\"fr-FR\"},{\"@type\":\"Organization\",\"@id\":\"https:\/\/www.gemm-srl.com\/fr\/#organization\",\"name\":\"Gemm srl\",\"url\":\"https:\/\/www.gemm-srl.com\/fr\/\",\"logo\":{\"@type\":\"ImageObject\",\"inLanguage\":\"fr-FR\",\"@id\":\"https:\/\/www.gemm-srl.com\/fr\/#\/schema\/logo\/image\/\",\"url\":\"https:\/\/www.gemm-srl.com\/wp-content\/uploads\/2020\/11\/logo_nero.png\",\"contentUrl\":\"https:\/\/www.gemm-srl.com\/wp-content\/uploads\/2020\/11\/logo_nero.png\",\"width\":250,\"height\":59,\"caption\":\"Gemm srl\"},\"image\":{\"@id\":\"https:\/\/www.gemm-srl.com\/fr\/#\/schema\/logo\/image\/\"},\"sameAs\":[\"https:\/\/www.facebook.com\/people\/GEMM-SRL\/100065046666797\/\",\"https:\/\/www.youtube.com\/@gemmsrl\",\"https:\/\/www.linkedin.com\/company\/gemm-s.r.l.\/\",\"https:\/\/www.instagram.com\/gemmsrl\/\"]}]}<\/script>\n<!-- \/ Yoast SEO plugin. -->","yoast_head_json":{"title":"ADP\/41H - Gemm srl","robots":{"index":"index","follow":"follow","max-snippet":"max-snippet:-1","max-image-preview":"max-image-preview:large","max-video-preview":"max-video-preview:-1"},"canonical":"https:\/\/www.gemm-srl.com\/fr\/armoires-refrigerees\/delice-plus-fr\/adp41h\/","og_locale":"fr_FR","og_type":"article","og_title":"ADP\/41H - Gemm srl","og_description":"ARMOIRE P\u00c2TISSERIE R\u00c9FRIG\u00c9R\u00c9E 40 PLATEAUX HAUTE HUMIDIT\u00c9 AVEC CONTR\u00d4LE D&rsquo;HUMIDIT\u00c9 60-90%UR AVEC 2 1\/2 PORTES &#8211; Armoire r\u00e9frig\u00e9r\u00e9e p\u00e2tisserie fra\u00eeche pour 40 plateaux 600&#215;400. Contr\u00f4le de l&rsquo;humidit\u00e9 avec sonde \u00e9lectronique. \u00c9galement disponible dans la version avec syst\u00e8me \u00e0 valve pour l&rsquo;installation du moteur \u00e0 distance.","og_url":"https:\/\/www.gemm-srl.com\/fr\/armoires-refrigerees\/delice-plus-fr\/adp41h\/","og_site_name":"Gemm srl","article_publisher":"https:\/\/www.facebook.com\/people\/GEMM-SRL\/100065046666797\/","article_modified_time":"2026-02-24T02:45:59+00:00","og_image":[{"width":2560,"height":2560,"url":"https:\/\/www.gemm-srl.com\/wp-content\/uploads\/2026\/01\/ADP_41H_SITO-scaled.png","type":"image\/png"}],"twitter_card":"summary_large_image","twitter_misc":{"Dur\u00e9e de lecture estim\u00e9e":"1 minute"},"schema":{"@context":"https:\/\/schema.org","@graph":[{"@type":"WebPage","@id":"https:\/\/www.gemm-srl.com\/fr\/armoires-refrigerees\/delice-plus-fr\/adp41h\/","url":"https:\/\/www.gemm-srl.com\/fr\/armoires-refrigerees\/delice-plus-fr\/adp41h\/","name":"ADP\/41H - Gemm srl","isPartOf":{"@id":"https:\/\/www.gemm-srl.com\/fr\/#website"},"primaryImageOfPage":{"@id":"https:\/\/www.gemm-srl.com\/fr\/armoires-refrigerees\/delice-plus-fr\/adp41h\/#primaryimage"},"image":{"@id":"https:\/\/www.gemm-srl.com\/fr\/armoires-refrigerees\/delice-plus-fr\/adp41h\/#primaryimage"},"thumbnailUrl":"https:\/\/www.gemm-srl.com\/wp-content\/uploads\/2026\/01\/ADP_41H_SITO-scaled.png","datePublished":"2022-06-06T13:06:44+00:00","dateModified":"2026-02-24T02:45:59+00:00","breadcrumb":{"@id":"https:\/\/www.gemm-srl.com\/fr\/armoires-refrigerees\/delice-plus-fr\/adp41h\/#breadcrumb"},"inLanguage":"fr-FR","potentialAction":[{"@type":"ReadAction","target":["https:\/\/www.gemm-srl.com\/fr\/armoires-refrigerees\/delice-plus-fr\/adp41h\/"]}]},{"@type":"ImageObject","inLanguage":"fr-FR","@id":"https:\/\/www.gemm-srl.com\/fr\/armoires-refrigerees\/delice-plus-fr\/adp41h\/#primaryimage","url":"https:\/\/www.gemm-srl.com\/wp-content\/uploads\/2026\/01\/ADP_41H_SITO-scaled.png","contentUrl":"https:\/\/www.gemm-srl.com\/wp-content\/uploads\/2026\/01\/ADP_41H_SITO-scaled.png","width":2560,"height":2560},{"@type":"BreadcrumbList","@id":"https:\/\/www.gemm-srl.com\/fr\/armoires-refrigerees\/delice-plus-fr\/adp41h\/#breadcrumb","itemListElement":[{"@type":"ListItem","position":1,"name":"Home","item":"https:\/\/www.gemm-srl.com\/fr\/"},{"@type":"ListItem","position":2,"name":"Produits","item":"https:\/\/www.gemm-srl.com\/fr\/produits\/"},{"@type":"ListItem","position":3,"name":"Armoires r\u00e9frig\u00e9r\u00e9es","item":"https:\/\/www.gemm-srl.com\/fr\/armoires-refrigerees\/"},{"@type":"ListItem","position":4,"name":"Delice Plus","item":"https:\/\/www.gemm-srl.com\/fr\/armoires-refrigerees\/delice-plus-fr\/"},{"@type":"ListItem","position":5,"name":"ADP\/41H"}]},{"@type":"WebSite","@id":"https:\/\/www.gemm-srl.com\/fr\/#website","url":"https:\/\/www.gemm-srl.com\/fr\/","name":"Gemm srl","description":"Sistemi refrigerati professionali di alta qualit\u00e0","publisher":{"@id":"https:\/\/www.gemm-srl.com\/fr\/#organization"},"potentialAction":[{"@type":"SearchAction","target":{"@type":"EntryPoint","urlTemplate":"https:\/\/www.gemm-srl.com\/fr\/?s={search_term_string}"},"query-input":{"@type":"PropertyValueSpecification","valueRequired":true,"valueName":"search_term_string"}}],"inLanguage":"fr-FR"},{"@type":"Organization","@id":"https:\/\/www.gemm-srl.com\/fr\/#organization","name":"Gemm srl","url":"https:\/\/www.gemm-srl.com\/fr\/","logo":{"@type":"ImageObject","inLanguage":"fr-FR","@id":"https:\/\/www.gemm-srl.com\/fr\/#\/schema\/logo\/image\/","url":"https:\/\/www.gemm-srl.com\/wp-content\/uploads\/2020\/11\/logo_nero.png","contentUrl":"https:\/\/www.gemm-srl.com\/wp-content\/uploads\/2020\/11\/logo_nero.png","width":250,"height":59,"caption":"Gemm srl"},"image":{"@id":"https:\/\/www.gemm-srl.com\/fr\/#\/schema\/logo\/image\/"},"sameAs":["https:\/\/www.facebook.com\/people\/GEMM-SRL\/100065046666797\/","https:\/\/www.youtube.com\/@gemmsrl","https:\/\/www.linkedin.com\/company\/gemm-s.r.l.\/","https:\/\/www.instagram.com\/gemmsrl\/"]}]}},"_links":{"self":[{"href":"https:\/\/www.gemm-srl.com\/fr\/wp-json\/wp\/v2\/product\/30343","targetHints":{"allow":["GET"]}}],"collection":[{"href":"https:\/\/www.gemm-srl.com\/fr\/wp-json\/wp\/v2\/product"}],"about":[{"href":"https:\/\/www.gemm-srl.com\/fr\/wp-json\/wp\/v2\/types\/product"}],"acf:post":[{"embeddable":true,"href":"https:\/\/www.gemm-srl.com\/fr\/wp-json\/wp\/v2\/wpdmpro\/151233"}],"wp:featuredmedia":[{"embeddable":true,"href":"https:\/\/www.gemm-srl.com\/fr\/wp-json\/wp\/v2\/media\/153016"}],"wp:attachment":[{"href":"https:\/\/www.gemm-srl.com\/fr\/wp-json\/wp\/v2\/media?parent=30343"}],"wp:term":[{"taxonomy":"product_brand","embeddable":true,"href":"https:\/\/www.gemm-srl.com\/fr\/wp-json\/wp\/v2\/product_brand?post=30343"},{"taxonomy":"product_cat","embeddable":true,"href":"https:\/\/www.gemm-srl.com\/fr\/wp-json\/wp\/v2\/product_cat?post=30343"},{"taxonomy":"product_tag","embeddable":true,"href":"https:\/\/www.gemm-srl.com\/fr\/wp-json\/wp\/v2\/product_tag?post=30343"}],"curies":[{"name":"wp","href":"https:\/\/api.w.org\/{rel}","templated":true}]}}