{"id":30295,"date":"2022-06-06T15:07:36","date_gmt":"2022-06-06T13:07:36","guid":{"rendered":"https:\/\/gemmsrl2.cmsone.info\/non%20class\u00e9\/gt20340\/"},"modified":"2026-03-28T01:22:43","modified_gmt":"2026-03-28T00:22:43","slug":"gt20340","status":"publish","type":"product","link":"https:\/\/www.gemm-srl.com\/fr\/cellules-de-refroidissement-rapide\/new-runner-maxi-tunnel-fr\/gt20340\/","title":{"rendered":"GT2\/0340"},"content":{"rendered":"<p>REFROIDISSEUR RAPIDE TUNNEL POUR NO. 3 CHARIOTS GN 2\/1 \/ 600X800 &#8211; Cellule de refroidissement rapide pour joindre temp\u00e9rature \u00e0 c\u0153ur des aliments: refroidissement rapide positif de +90\u00b0C \u00e0 +3\u00b0C dans 90 minutes et refroidissement rapide n\u00e9gatif de +90\u00b0C \u00e0 -18 \u00b0C dans 240 minutes. La carte \u00e9lectronique multifonctionnelle et multilingue, gr\u00e2ce \u00e0 l&rsquo;\u00e9cran tactile 7\u00a0\u00bb \u00e0 couleur, permet d&rsquo;organiser facilement les cycles de travail, de configurer plusieurs fonctions et d&rsquo;avoir un contr\u00f4le total sur le refroidissement rapide ainsi qu&rsquo;interagir avec le dispositif Wi-Fi (travers du Cloud) pour surveiller et modifier le fonctionnement de l&rsquo;\u00e9quipement ou diagnostiquer d&rsquo;\u00e9ventuels probl\u00e8mes \u00e0 distance (PC, tablette ou smartphone).<\/p>\n","protected":false},"excerpt":{"rendered":"<p>REFROIDISSEUR RAPIDE TUNNEL POUR NO. 3 CHARIOTS GN 2\/1 \/ 600X800 &#8211; Cellule de refroidissement rapide pour joindre temp\u00e9rature \u00e0 c\u0153ur des aliments: refroidissement rapide positif de +90\u00b0C \u00e0 +3\u00b0C dans 90 minutes et refroidissement rapide n\u00e9gatif de +90\u00b0C \u00e0 -18 \u00b0C dans 240 minutes. La carte \u00e9lectronique multifonctionnelle et multilingue, gr\u00e2ce \u00e0 l&rsquo;\u00e9cran tactile [&hellip;]<\/p>\n","protected":false},"featured_media":147011,"template":"","meta":{"_acf_changed":false},"product_brand":[],"product_cat":[2632],"product_tag":[528,516,524],"class_list":{"0":"post-30295","1":"product","2":"type-product","3":"status-publish","4":"has-post-thumbnail","6":"product_cat-new-runner-maxi-tunnel-fr","7":"product_tag-pastry","8":"product_tag-professional-kitchens","9":"product_tag-ice-cream","11":"first","12":"instock","13":"purchasable","14":"product-type-simple"},"acf":{"titolo_h2":"","tipo":"PF","video":"","file_privati":[153158],"file_pubblici":"","scheda_tecnica":"https:\/\/gemm.datipro.it\/pdf-datasheet\/fr\/45101010","depliant":"https:\/\/gemm.datipro.it\/pdf-depliant\/\/DEPLIANT%202025\/GEMM_NEW_RUNNER_2026_FR.pdf","struttura_info":"finition int\u00e9rieure en acier inox AISI 304","posizione_vano_tecnico":"sup\u00e9rieur","tipo_di_refrigerazione_info":"refroidissement rapide positif de +90\u00b0C \u00e0 +3\u00b0C dans 90 minutes et refroidissement rapide n\u00e9gatif de +90\u00b0C \u00e0 -18 \u00b0C dans 240 minutes, temperature minimale de l'air -40\u00b0C","elettronica_info":"carte \u00e9lectronique \u00e0 \u00e9cran TACTILE 7''","sbrinamento_info":"automatique avec gaz chaud","evaporazione_acqua_di_condensa_info":"tuyau pour l'\u00e9limination de l'eau de condensation (pr\u00e9voir un raccordement)","allestimenti_a_richiesta":"","dotazione_info":"sonde au c\u0153ur, USB, syst\u00e8me de surveillance Wi-Fi GEMM-Cloud","esclusioni_info":"chariots, tuyauterie de connexion \u00e0 l\u2019unit\u00e9 de condensation et charge de gaz","spessore_di_isolamento_info":"100","passo_guide_info":"","posizioni_su_cremagliera":"","piano_di_lavoro_inox_info":"","tipo_serratura":"OUI","illuminazione":"OUI","controllo_ventilazione":"OUI","controllo_umidita":"NON","umidita_relativa":"","gas_info":"","tensione_info":"3x400V ~ 50Hz","classe_climatica_info":"5","elenco_accessori":[{"accessori":"45100919 - Kit hiver pour unit\u00e9 de condensation car\u00e9n\u00e9 pour BCC\/8027P GT2\/ GT3\/ GT4\/ GT5\/ (suppl\u00e9ment)"},{"accessori":"40200560 - Fr\u00e9quence 60Hz"}],"immagini_portabottiglie":"","strutture_portabottiglie":null,"soluzioni_portabottiglie":null},"yoast_head":"<!-- This site is optimized with the Yoast SEO plugin v26.5 - https:\/\/yoast.com\/wordpress\/plugins\/seo\/ -->\n<title>GT2\/0340 - Gemm srl<\/title>\n<meta name=\"robots\" content=\"index, follow, max-snippet:-1, max-image-preview:large, max-video-preview:-1\" \/>\n<link rel=\"canonical\" href=\"https:\/\/www.gemm-srl.com\/fr\/cellules-de-refroidissement-rapide\/new-runner-maxi-tunnel-fr\/gt20340\/\" \/>\n<meta property=\"og:locale\" content=\"fr_FR\" \/>\n<meta property=\"og:type\" content=\"article\" \/>\n<meta property=\"og:title\" content=\"GT2\/0340 - Gemm srl\" \/>\n<meta property=\"og:description\" content=\"REFROIDISSEUR RAPIDE TUNNEL POUR NO. 3 CHARIOTS GN 2\/1 \/ 600X800 &#8211; Cellule de refroidissement rapide pour joindre temp\u00e9rature \u00e0 c\u0153ur des aliments: refroidissement rapide positif de +90\u00b0C \u00e0 +3\u00b0C dans 90 minutes et refroidissement rapide n\u00e9gatif de +90\u00b0C \u00e0 -18 \u00b0C dans 240 minutes. La carte \u00e9lectronique multifonctionnelle et multilingue, gr\u00e2ce \u00e0 l&rsquo;\u00e9cran tactile [&hellip;]\" \/>\n<meta property=\"og:url\" content=\"https:\/\/www.gemm-srl.com\/fr\/cellules-de-refroidissement-rapide\/new-runner-maxi-tunnel-fr\/gt20340\/\" \/>\n<meta property=\"og:site_name\" content=\"Gemm srl\" \/>\n<meta property=\"article:publisher\" content=\"https:\/\/www.facebook.com\/people\/GEMM-SRL\/100065046666797\/\" \/>\n<meta property=\"article:modified_time\" content=\"2026-03-28T00:22:43+00:00\" \/>\n<meta property=\"og:image\" content=\"https:\/\/www.gemm-srl.com\/wp-content\/uploads\/2025\/01\/GT2_0340.jpg\" \/>\n\t<meta property=\"og:image:width\" content=\"657\" \/>\n\t<meta property=\"og:image:height\" content=\"657\" \/>\n\t<meta property=\"og:image:type\" content=\"image\/jpeg\" \/>\n<meta name=\"twitter:card\" content=\"summary_large_image\" \/>\n<meta name=\"twitter:label1\" content=\"Dur\u00e9e de lecture estim\u00e9e\" \/>\n\t<meta name=\"twitter:data1\" content=\"1 minute\" \/>\n<script type=\"application\/ld+json\" class=\"yoast-schema-graph\">{\"@context\":\"https:\/\/schema.org\",\"@graph\":[{\"@type\":\"WebPage\",\"@id\":\"https:\/\/www.gemm-srl.com\/fr\/cellules-de-refroidissement-rapide\/new-runner-maxi-tunnel-fr\/gt20340\/\",\"url\":\"https:\/\/www.gemm-srl.com\/fr\/cellules-de-refroidissement-rapide\/new-runner-maxi-tunnel-fr\/gt20340\/\",\"name\":\"GT2\/0340 - Gemm srl\",\"isPartOf\":{\"@id\":\"https:\/\/www.gemm-srl.com\/fr\/#website\"},\"primaryImageOfPage\":{\"@id\":\"https:\/\/www.gemm-srl.com\/fr\/cellules-de-refroidissement-rapide\/new-runner-maxi-tunnel-fr\/gt20340\/#primaryimage\"},\"image\":{\"@id\":\"https:\/\/www.gemm-srl.com\/fr\/cellules-de-refroidissement-rapide\/new-runner-maxi-tunnel-fr\/gt20340\/#primaryimage\"},\"thumbnailUrl\":\"https:\/\/www.gemm-srl.com\/wp-content\/uploads\/2025\/01\/GT2_0340.jpg\",\"datePublished\":\"2022-06-06T13:07:36+00:00\",\"dateModified\":\"2026-03-28T00:22:43+00:00\",\"breadcrumb\":{\"@id\":\"https:\/\/www.gemm-srl.com\/fr\/cellules-de-refroidissement-rapide\/new-runner-maxi-tunnel-fr\/gt20340\/#breadcrumb\"},\"inLanguage\":\"fr-FR\",\"potentialAction\":[{\"@type\":\"ReadAction\",\"target\":[\"https:\/\/www.gemm-srl.com\/fr\/cellules-de-refroidissement-rapide\/new-runner-maxi-tunnel-fr\/gt20340\/\"]}]},{\"@type\":\"ImageObject\",\"inLanguage\":\"fr-FR\",\"@id\":\"https:\/\/www.gemm-srl.com\/fr\/cellules-de-refroidissement-rapide\/new-runner-maxi-tunnel-fr\/gt20340\/#primaryimage\",\"url\":\"https:\/\/www.gemm-srl.com\/wp-content\/uploads\/2025\/01\/GT2_0340.jpg\",\"contentUrl\":\"https:\/\/www.gemm-srl.com\/wp-content\/uploads\/2025\/01\/GT2_0340.jpg\",\"width\":657,\"height\":657},{\"@type\":\"BreadcrumbList\",\"@id\":\"https:\/\/www.gemm-srl.com\/fr\/cellules-de-refroidissement-rapide\/new-runner-maxi-tunnel-fr\/gt20340\/#breadcrumb\",\"itemListElement\":[{\"@type\":\"ListItem\",\"position\":1,\"name\":\"Home\",\"item\":\"https:\/\/www.gemm-srl.com\/fr\/\"},{\"@type\":\"ListItem\",\"position\":2,\"name\":\"Produits\",\"item\":\"https:\/\/www.gemm-srl.com\/fr\/produits\/\"},{\"@type\":\"ListItem\",\"position\":3,\"name\":\"Cellules de refroidissement rapide\",\"item\":\"https:\/\/www.gemm-srl.com\/fr\/cellules-de-refroidissement-rapide\/\"},{\"@type\":\"ListItem\",\"position\":4,\"name\":\"New Runner Maxi Tunnel\",\"item\":\"https:\/\/www.gemm-srl.com\/fr\/cellules-de-refroidissement-rapide\/new-runner-maxi-tunnel-fr\/\"},{\"@type\":\"ListItem\",\"position\":5,\"name\":\"GT2\/0340\"}]},{\"@type\":\"WebSite\",\"@id\":\"https:\/\/www.gemm-srl.com\/fr\/#website\",\"url\":\"https:\/\/www.gemm-srl.com\/fr\/\",\"name\":\"Gemm srl\",\"description\":\"Sistemi refrigerati professionali di alta qualit\u00e0\",\"publisher\":{\"@id\":\"https:\/\/www.gemm-srl.com\/fr\/#organization\"},\"potentialAction\":[{\"@type\":\"SearchAction\",\"target\":{\"@type\":\"EntryPoint\",\"urlTemplate\":\"https:\/\/www.gemm-srl.com\/fr\/?s={search_term_string}\"},\"query-input\":{\"@type\":\"PropertyValueSpecification\",\"valueRequired\":true,\"valueName\":\"search_term_string\"}}],\"inLanguage\":\"fr-FR\"},{\"@type\":\"Organization\",\"@id\":\"https:\/\/www.gemm-srl.com\/fr\/#organization\",\"name\":\"Gemm srl\",\"url\":\"https:\/\/www.gemm-srl.com\/fr\/\",\"logo\":{\"@type\":\"ImageObject\",\"inLanguage\":\"fr-FR\",\"@id\":\"https:\/\/www.gemm-srl.com\/fr\/#\/schema\/logo\/image\/\",\"url\":\"https:\/\/www.gemm-srl.com\/wp-content\/uploads\/2020\/11\/logo_nero.png\",\"contentUrl\":\"https:\/\/www.gemm-srl.com\/wp-content\/uploads\/2020\/11\/logo_nero.png\",\"width\":250,\"height\":59,\"caption\":\"Gemm srl\"},\"image\":{\"@id\":\"https:\/\/www.gemm-srl.com\/fr\/#\/schema\/logo\/image\/\"},\"sameAs\":[\"https:\/\/www.facebook.com\/people\/GEMM-SRL\/100065046666797\/\",\"https:\/\/www.youtube.com\/@gemmsrl\",\"https:\/\/www.linkedin.com\/company\/gemm-s.r.l.\/\",\"https:\/\/www.instagram.com\/gemmsrl\/\"]}]}<\/script>\n<!-- \/ Yoast SEO plugin. -->","yoast_head_json":{"title":"GT2\/0340 - Gemm srl","robots":{"index":"index","follow":"follow","max-snippet":"max-snippet:-1","max-image-preview":"max-image-preview:large","max-video-preview":"max-video-preview:-1"},"canonical":"https:\/\/www.gemm-srl.com\/fr\/cellules-de-refroidissement-rapide\/new-runner-maxi-tunnel-fr\/gt20340\/","og_locale":"fr_FR","og_type":"article","og_title":"GT2\/0340 - Gemm srl","og_description":"REFROIDISSEUR RAPIDE TUNNEL POUR NO. 3 CHARIOTS GN 2\/1 \/ 600X800 &#8211; Cellule de refroidissement rapide pour joindre temp\u00e9rature \u00e0 c\u0153ur des aliments: refroidissement rapide positif de +90\u00b0C \u00e0 +3\u00b0C dans 90 minutes et refroidissement rapide n\u00e9gatif de +90\u00b0C \u00e0 -18 \u00b0C dans 240 minutes. La carte \u00e9lectronique multifonctionnelle et multilingue, gr\u00e2ce \u00e0 l&rsquo;\u00e9cran tactile [&hellip;]","og_url":"https:\/\/www.gemm-srl.com\/fr\/cellules-de-refroidissement-rapide\/new-runner-maxi-tunnel-fr\/gt20340\/","og_site_name":"Gemm srl","article_publisher":"https:\/\/www.facebook.com\/people\/GEMM-SRL\/100065046666797\/","article_modified_time":"2026-03-28T00:22:43+00:00","og_image":[{"width":657,"height":657,"url":"https:\/\/www.gemm-srl.com\/wp-content\/uploads\/2025\/01\/GT2_0340.jpg","type":"image\/jpeg"}],"twitter_card":"summary_large_image","twitter_misc":{"Dur\u00e9e de lecture estim\u00e9e":"1 minute"},"schema":{"@context":"https:\/\/schema.org","@graph":[{"@type":"WebPage","@id":"https:\/\/www.gemm-srl.com\/fr\/cellules-de-refroidissement-rapide\/new-runner-maxi-tunnel-fr\/gt20340\/","url":"https:\/\/www.gemm-srl.com\/fr\/cellules-de-refroidissement-rapide\/new-runner-maxi-tunnel-fr\/gt20340\/","name":"GT2\/0340 - Gemm srl","isPartOf":{"@id":"https:\/\/www.gemm-srl.com\/fr\/#website"},"primaryImageOfPage":{"@id":"https:\/\/www.gemm-srl.com\/fr\/cellules-de-refroidissement-rapide\/new-runner-maxi-tunnel-fr\/gt20340\/#primaryimage"},"image":{"@id":"https:\/\/www.gemm-srl.com\/fr\/cellules-de-refroidissement-rapide\/new-runner-maxi-tunnel-fr\/gt20340\/#primaryimage"},"thumbnailUrl":"https:\/\/www.gemm-srl.com\/wp-content\/uploads\/2025\/01\/GT2_0340.jpg","datePublished":"2022-06-06T13:07:36+00:00","dateModified":"2026-03-28T00:22:43+00:00","breadcrumb":{"@id":"https:\/\/www.gemm-srl.com\/fr\/cellules-de-refroidissement-rapide\/new-runner-maxi-tunnel-fr\/gt20340\/#breadcrumb"},"inLanguage":"fr-FR","potentialAction":[{"@type":"ReadAction","target":["https:\/\/www.gemm-srl.com\/fr\/cellules-de-refroidissement-rapide\/new-runner-maxi-tunnel-fr\/gt20340\/"]}]},{"@type":"ImageObject","inLanguage":"fr-FR","@id":"https:\/\/www.gemm-srl.com\/fr\/cellules-de-refroidissement-rapide\/new-runner-maxi-tunnel-fr\/gt20340\/#primaryimage","url":"https:\/\/www.gemm-srl.com\/wp-content\/uploads\/2025\/01\/GT2_0340.jpg","contentUrl":"https:\/\/www.gemm-srl.com\/wp-content\/uploads\/2025\/01\/GT2_0340.jpg","width":657,"height":657},{"@type":"BreadcrumbList","@id":"https:\/\/www.gemm-srl.com\/fr\/cellules-de-refroidissement-rapide\/new-runner-maxi-tunnel-fr\/gt20340\/#breadcrumb","itemListElement":[{"@type":"ListItem","position":1,"name":"Home","item":"https:\/\/www.gemm-srl.com\/fr\/"},{"@type":"ListItem","position":2,"name":"Produits","item":"https:\/\/www.gemm-srl.com\/fr\/produits\/"},{"@type":"ListItem","position":3,"name":"Cellules de refroidissement rapide","item":"https:\/\/www.gemm-srl.com\/fr\/cellules-de-refroidissement-rapide\/"},{"@type":"ListItem","position":4,"name":"New Runner Maxi Tunnel","item":"https:\/\/www.gemm-srl.com\/fr\/cellules-de-refroidissement-rapide\/new-runner-maxi-tunnel-fr\/"},{"@type":"ListItem","position":5,"name":"GT2\/0340"}]},{"@type":"WebSite","@id":"https:\/\/www.gemm-srl.com\/fr\/#website","url":"https:\/\/www.gemm-srl.com\/fr\/","name":"Gemm srl","description":"Sistemi refrigerati professionali di alta qualit\u00e0","publisher":{"@id":"https:\/\/www.gemm-srl.com\/fr\/#organization"},"potentialAction":[{"@type":"SearchAction","target":{"@type":"EntryPoint","urlTemplate":"https:\/\/www.gemm-srl.com\/fr\/?s={search_term_string}"},"query-input":{"@type":"PropertyValueSpecification","valueRequired":true,"valueName":"search_term_string"}}],"inLanguage":"fr-FR"},{"@type":"Organization","@id":"https:\/\/www.gemm-srl.com\/fr\/#organization","name":"Gemm srl","url":"https:\/\/www.gemm-srl.com\/fr\/","logo":{"@type":"ImageObject","inLanguage":"fr-FR","@id":"https:\/\/www.gemm-srl.com\/fr\/#\/schema\/logo\/image\/","url":"https:\/\/www.gemm-srl.com\/wp-content\/uploads\/2020\/11\/logo_nero.png","contentUrl":"https:\/\/www.gemm-srl.com\/wp-content\/uploads\/2020\/11\/logo_nero.png","width":250,"height":59,"caption":"Gemm srl"},"image":{"@id":"https:\/\/www.gemm-srl.com\/fr\/#\/schema\/logo\/image\/"},"sameAs":["https:\/\/www.facebook.com\/people\/GEMM-SRL\/100065046666797\/","https:\/\/www.youtube.com\/@gemmsrl","https:\/\/www.linkedin.com\/company\/gemm-s.r.l.\/","https:\/\/www.instagram.com\/gemmsrl\/"]}]}},"_links":{"self":[{"href":"https:\/\/www.gemm-srl.com\/fr\/wp-json\/wp\/v2\/product\/30295","targetHints":{"allow":["GET"]}}],"collection":[{"href":"https:\/\/www.gemm-srl.com\/fr\/wp-json\/wp\/v2\/product"}],"about":[{"href":"https:\/\/www.gemm-srl.com\/fr\/wp-json\/wp\/v2\/types\/product"}],"acf:post":[{"embeddable":true,"href":"https:\/\/www.gemm-srl.com\/fr\/wp-json\/wp\/v2\/wpdmpro\/153158"}],"wp:featuredmedia":[{"embeddable":true,"href":"https:\/\/www.gemm-srl.com\/fr\/wp-json\/wp\/v2\/media\/147011"}],"wp:attachment":[{"href":"https:\/\/www.gemm-srl.com\/fr\/wp-json\/wp\/v2\/media?parent=30295"}],"wp:term":[{"taxonomy":"product_brand","embeddable":true,"href":"https:\/\/www.gemm-srl.com\/fr\/wp-json\/wp\/v2\/product_brand?post=30295"},{"taxonomy":"product_cat","embeddable":true,"href":"https:\/\/www.gemm-srl.com\/fr\/wp-json\/wp\/v2\/product_cat?post=30295"},{"taxonomy":"product_tag","embeddable":true,"href":"https:\/\/www.gemm-srl.com\/fr\/wp-json\/wp\/v2\/product_tag?post=30295"}],"curies":[{"name":"wp","href":"https:\/\/api.w.org\/{rel}","templated":true}]}}