{"id":26782,"date":"2022-07-22T14:24:32","date_gmt":"2022-07-22T12:24:32","guid":{"rendered":"\/non%20class\u00e9\/bcm-4011\/"},"modified":"2026-02-24T04:10:38","modified_gmt":"2026-02-24T03:10:38","slug":"bcm-4011","status":"publish","type":"product","link":"https:\/\/www.gemm-srl.com\/fr\/cellules-de-refroidissement-rapide\/new-runner-flexi-fr-cellules-de-refroidissement-rapide\/bcm-4011\/","title":{"rendered":"BCM\/4011"},"content":{"rendered":"<p>REFROIDISSEUR RAPIDE MULTIFONCTION POUR NO. 1 CHARIOT GN 1\/1 \/ 600X400 &#8211; Cellule de refroidissement rapide multifonction pour g\u00e9rer diff\u00e9rents cycles de travail, y compris refroidissement rapide positif (hard\/soft) et n\u00e9gatif, fonction de levage avec g\u00e9n\u00e9rateur d&rsquo;humidit\u00e9, fonction de cuisson \u00e0 basse temp\u00e9rature (+70 \u00b0C). La carte \u00e9lectronique multifonctionnelle et multilingue, gr\u00e2ce \u00e0 l&rsquo;\u00e9cran tactile 7\u00a0\u00bb \u00e0 couleur, permet d&rsquo;organiser facilement les cycles de travail, de configurer plusieurs fonctions et d&rsquo;avoir un contr\u00f4le total sur le refroidissement rapide. Syst\u00e8me de supervision Wi-Fi via Cloud. Temperature minimale de l&rsquo;air -40\u00b0C.<\/p>\n","protected":false},"excerpt":{"rendered":"<p>REFROIDISSEUR RAPIDE MULTIFONCTION POUR NO. 1 CHARIOT GN 1\/1 \/ 600X400 &#8211; Cellule de refroidissement rapide multifonction pour g\u00e9rer diff\u00e9rents cycles de travail, y compris refroidissement rapide positif (hard\/soft) et n\u00e9gatif, fonction de levage avec g\u00e9n\u00e9rateur d&rsquo;humidit\u00e9, fonction de cuisson \u00e0 basse temp\u00e9rature (+70 \u00b0C). La carte \u00e9lectronique multifonctionnelle et multilingue, gr\u00e2ce \u00e0 l&rsquo;\u00e9cran tactile [&hellip;]<\/p>\n","protected":false},"featured_media":152125,"template":"","meta":{"_acf_changed":false},"product_brand":[],"product_cat":[2627],"product_tag":[596,612,613],"class_list":{"0":"post-26782","1":"product","2":"type-product","3":"status-publish","4":"has-post-thumbnail","6":"product_cat-new-runner-flexi-fr-cellules-de-refroidissement-rapide","7":"product_tag-patisserie","8":"product_tag-restauration","9":"product_tag-glacerie","11":"first","12":"instock","13":"purchasable","14":"product-type-simple"},"acf":{"titolo_h2":"","tipo":"PF","video":"","file_privati":[151265],"file_pubblici":"","scheda_tecnica":"https:\/\/gemm.datipro.it\/pdf-datasheet\/fr\/45102115","depliant":"https:\/\/gemm.datipro.it\/pdf-depliant\/\/DEPLIANT%202025\/GEMM_NEW_RUNNER_2026_FR.pdf","struttura_info":"finition int\u00e9rieure en acier inox AISI 304","posizione_vano_tecnico":"sup\u00e9rieur","tipo_di_refrigerazione_info":"refroidissement rapide positif (hard\/soft) et n\u00e9gatif, fonction de levage avec g\u00e9n\u00e9rateur d'humidit\u00e9, fonction de cuisson \u00e0 basse temp\u00e9rature (+70 \u00b0C)","elettronica_info":"carte \u00e9lectronique \u00e0 \u00e9cran TACTILE 7''","sbrinamento_info":"automatique avec gaz chaud","evaporazione_acqua_di_condensa_info":"tuyau pour l'\u00e9limination de l'eau de condensation (pr\u00e9voir un raccordement)","allestimenti_a_richiesta":"","dotazione_info":"sonde au c\u0153ur, USB, syst\u00e8me de surveillance Wi-Fi GEMM-Cloud","esclusioni_info":"chariots, tuyauterie de connexion \u00e0 l\u2019unit\u00e9 de condensation et charge de gaz","spessore_di_isolamento_info":"70","passo_guide_info":"","posizioni_su_cremagliera":"","piano_di_lavoro_inox_info":"","tipo_serratura":"OUI","illuminazione":"OUI","controllo_ventilazione":"OUI","controllo_umidita":"OUI","umidita_relativa":"0-100%","gas_info":"","tensione_info":"3x400V ~ 50Hz","classe_climatica_info":"5","elenco_accessori":[{"accessori":"45100912 - Kit de st\u00e9rilisation \u00e0 l'ozone pour BCC\/4008-4011-4014-6015 (suppl\u00e9ment)"},{"accessori":"45100917 - Kit hiver pour BCC\/4011 4014 4014P 6015 6015P 8027 (suppl\u00e9ment)"},{"accessori":"45100923 - Unit\u00e9 de condensation avec refroidissement \u00e0 eau BCC\/4014 BCC\/6015 (suppl\u00e9ment)"},{"accessori":"45100941 - Unit\u00e9 de condensation car\u00e9n\u00e9 silencieux pour BCC\/4014 BCC\/6015 (suppl\u00e9ment)"},{"accessori":"45100961 - Rampe L=110 cm pour BCC\/4008 BCC\/4011 BCC\/4014(P) (suppl\u00e9ment)"},{"accessori":"Version sans groupe de condensation pour BCC\/4011 (extraction)"},{"accessori":"40200560 - Fr\u00e9quence 60Hz"}],"immagini_portabottiglie":"","strutture_portabottiglie":null,"soluzioni_portabottiglie":null},"yoast_head":"<!-- This site is optimized with the Yoast SEO plugin v26.5 - https:\/\/yoast.com\/wordpress\/plugins\/seo\/ -->\n<title>BCM\/4011 - Gemm srl<\/title>\n<meta name=\"robots\" content=\"index, follow, max-snippet:-1, max-image-preview:large, max-video-preview:-1\" \/>\n<link rel=\"canonical\" href=\"https:\/\/www.gemm-srl.com\/fr\/cellules-de-refroidissement-rapide\/new-runner-flexi-fr-cellules-de-refroidissement-rapide\/bcm-4011\/\" \/>\n<meta property=\"og:locale\" content=\"fr_FR\" \/>\n<meta property=\"og:type\" content=\"article\" \/>\n<meta property=\"og:title\" content=\"BCM\/4011 - Gemm srl\" \/>\n<meta property=\"og:description\" content=\"REFROIDISSEUR RAPIDE MULTIFONCTION POUR NO. 1 CHARIOT GN 1\/1 \/ 600X400 &#8211; Cellule de refroidissement rapide multifonction pour g\u00e9rer diff\u00e9rents cycles de travail, y compris refroidissement rapide positif (hard\/soft) et n\u00e9gatif, fonction de levage avec g\u00e9n\u00e9rateur d&rsquo;humidit\u00e9, fonction de cuisson \u00e0 basse temp\u00e9rature (+70 \u00b0C). La carte \u00e9lectronique multifonctionnelle et multilingue, gr\u00e2ce \u00e0 l&rsquo;\u00e9cran tactile [&hellip;]\" \/>\n<meta property=\"og:url\" content=\"https:\/\/www.gemm-srl.com\/fr\/cellules-de-refroidissement-rapide\/new-runner-flexi-fr-cellules-de-refroidissement-rapide\/bcm-4011\/\" \/>\n<meta property=\"og:site_name\" content=\"Gemm srl\" \/>\n<meta property=\"article:publisher\" content=\"https:\/\/www.facebook.com\/people\/GEMM-SRL\/100065046666797\/\" \/>\n<meta property=\"article:modified_time\" content=\"2026-02-24T03:10:38+00:00\" \/>\n<meta property=\"og:image\" content=\"https:\/\/www.gemm-srl.com\/wp-content\/uploads\/2025\/10\/BCC_4008-4-scaled.png\" \/>\n\t<meta property=\"og:image:width\" content=\"2560\" \/>\n\t<meta property=\"og:image:height\" content=\"2560\" \/>\n\t<meta property=\"og:image:type\" content=\"image\/png\" \/>\n<meta name=\"twitter:card\" content=\"summary_large_image\" \/>\n<meta name=\"twitter:label1\" content=\"Dur\u00e9e de lecture estim\u00e9e\" \/>\n\t<meta name=\"twitter:data1\" content=\"1 minute\" \/>\n<script type=\"application\/ld+json\" class=\"yoast-schema-graph\">{\"@context\":\"https:\/\/schema.org\",\"@graph\":[{\"@type\":\"WebPage\",\"@id\":\"https:\/\/www.gemm-srl.com\/fr\/cellules-de-refroidissement-rapide\/new-runner-flexi-fr-cellules-de-refroidissement-rapide\/bcm-4011\/\",\"url\":\"https:\/\/www.gemm-srl.com\/fr\/cellules-de-refroidissement-rapide\/new-runner-flexi-fr-cellules-de-refroidissement-rapide\/bcm-4011\/\",\"name\":\"BCM\/4011 - Gemm srl\",\"isPartOf\":{\"@id\":\"https:\/\/www.gemm-srl.com\/fr\/#website\"},\"primaryImageOfPage\":{\"@id\":\"https:\/\/www.gemm-srl.com\/fr\/cellules-de-refroidissement-rapide\/new-runner-flexi-fr-cellules-de-refroidissement-rapide\/bcm-4011\/#primaryimage\"},\"image\":{\"@id\":\"https:\/\/www.gemm-srl.com\/fr\/cellules-de-refroidissement-rapide\/new-runner-flexi-fr-cellules-de-refroidissement-rapide\/bcm-4011\/#primaryimage\"},\"thumbnailUrl\":\"https:\/\/www.gemm-srl.com\/wp-content\/uploads\/2025\/10\/BCC_4008-4-scaled.png\",\"datePublished\":\"2022-07-22T12:24:32+00:00\",\"dateModified\":\"2026-02-24T03:10:38+00:00\",\"breadcrumb\":{\"@id\":\"https:\/\/www.gemm-srl.com\/fr\/cellules-de-refroidissement-rapide\/new-runner-flexi-fr-cellules-de-refroidissement-rapide\/bcm-4011\/#breadcrumb\"},\"inLanguage\":\"fr-FR\",\"potentialAction\":[{\"@type\":\"ReadAction\",\"target\":[\"https:\/\/www.gemm-srl.com\/fr\/cellules-de-refroidissement-rapide\/new-runner-flexi-fr-cellules-de-refroidissement-rapide\/bcm-4011\/\"]}]},{\"@type\":\"ImageObject\",\"inLanguage\":\"fr-FR\",\"@id\":\"https:\/\/www.gemm-srl.com\/fr\/cellules-de-refroidissement-rapide\/new-runner-flexi-fr-cellules-de-refroidissement-rapide\/bcm-4011\/#primaryimage\",\"url\":\"https:\/\/www.gemm-srl.com\/wp-content\/uploads\/2025\/10\/BCC_4008-4-scaled.png\",\"contentUrl\":\"https:\/\/www.gemm-srl.com\/wp-content\/uploads\/2025\/10\/BCC_4008-4-scaled.png\",\"width\":2560,\"height\":2560},{\"@type\":\"BreadcrumbList\",\"@id\":\"https:\/\/www.gemm-srl.com\/fr\/cellules-de-refroidissement-rapide\/new-runner-flexi-fr-cellules-de-refroidissement-rapide\/bcm-4011\/#breadcrumb\",\"itemListElement\":[{\"@type\":\"ListItem\",\"position\":1,\"name\":\"Home\",\"item\":\"https:\/\/www.gemm-srl.com\/fr\/\"},{\"@type\":\"ListItem\",\"position\":2,\"name\":\"Produits\",\"item\":\"https:\/\/www.gemm-srl.com\/fr\/produits\/\"},{\"@type\":\"ListItem\",\"position\":3,\"name\":\"Cellules de refroidissement rapide\",\"item\":\"https:\/\/www.gemm-srl.com\/fr\/cellules-de-refroidissement-rapide\/\"},{\"@type\":\"ListItem\",\"position\":4,\"name\":\"New Runner Flexi\",\"item\":\"https:\/\/www.gemm-srl.com\/fr\/cellules-de-refroidissement-rapide\/new-runner-flexi-fr-cellules-de-refroidissement-rapide\/\"},{\"@type\":\"ListItem\",\"position\":5,\"name\":\"BCM\/4011\"}]},{\"@type\":\"WebSite\",\"@id\":\"https:\/\/www.gemm-srl.com\/fr\/#website\",\"url\":\"https:\/\/www.gemm-srl.com\/fr\/\",\"name\":\"Gemm srl\",\"description\":\"Sistemi refrigerati professionali di alta qualit\u00e0\",\"publisher\":{\"@id\":\"https:\/\/www.gemm-srl.com\/fr\/#organization\"},\"potentialAction\":[{\"@type\":\"SearchAction\",\"target\":{\"@type\":\"EntryPoint\",\"urlTemplate\":\"https:\/\/www.gemm-srl.com\/fr\/?s={search_term_string}\"},\"query-input\":{\"@type\":\"PropertyValueSpecification\",\"valueRequired\":true,\"valueName\":\"search_term_string\"}}],\"inLanguage\":\"fr-FR\"},{\"@type\":\"Organization\",\"@id\":\"https:\/\/www.gemm-srl.com\/fr\/#organization\",\"name\":\"Gemm srl\",\"url\":\"https:\/\/www.gemm-srl.com\/fr\/\",\"logo\":{\"@type\":\"ImageObject\",\"inLanguage\":\"fr-FR\",\"@id\":\"https:\/\/www.gemm-srl.com\/fr\/#\/schema\/logo\/image\/\",\"url\":\"https:\/\/www.gemm-srl.com\/wp-content\/uploads\/2020\/11\/logo_nero.png\",\"contentUrl\":\"https:\/\/www.gemm-srl.com\/wp-content\/uploads\/2020\/11\/logo_nero.png\",\"width\":250,\"height\":59,\"caption\":\"Gemm srl\"},\"image\":{\"@id\":\"https:\/\/www.gemm-srl.com\/fr\/#\/schema\/logo\/image\/\"},\"sameAs\":[\"https:\/\/www.facebook.com\/people\/GEMM-SRL\/100065046666797\/\",\"https:\/\/www.youtube.com\/@gemmsrl\",\"https:\/\/www.linkedin.com\/company\/gemm-s.r.l.\/\",\"https:\/\/www.instagram.com\/gemmsrl\/\"]}]}<\/script>\n<!-- \/ Yoast SEO plugin. -->","yoast_head_json":{"title":"BCM\/4011 - Gemm srl","robots":{"index":"index","follow":"follow","max-snippet":"max-snippet:-1","max-image-preview":"max-image-preview:large","max-video-preview":"max-video-preview:-1"},"canonical":"https:\/\/www.gemm-srl.com\/fr\/cellules-de-refroidissement-rapide\/new-runner-flexi-fr-cellules-de-refroidissement-rapide\/bcm-4011\/","og_locale":"fr_FR","og_type":"article","og_title":"BCM\/4011 - Gemm srl","og_description":"REFROIDISSEUR RAPIDE MULTIFONCTION POUR NO. 1 CHARIOT GN 1\/1 \/ 600X400 &#8211; Cellule de refroidissement rapide multifonction pour g\u00e9rer diff\u00e9rents cycles de travail, y compris refroidissement rapide positif (hard\/soft) et n\u00e9gatif, fonction de levage avec g\u00e9n\u00e9rateur d&rsquo;humidit\u00e9, fonction de cuisson \u00e0 basse temp\u00e9rature (+70 \u00b0C). La carte \u00e9lectronique multifonctionnelle et multilingue, gr\u00e2ce \u00e0 l&rsquo;\u00e9cran tactile [&hellip;]","og_url":"https:\/\/www.gemm-srl.com\/fr\/cellules-de-refroidissement-rapide\/new-runner-flexi-fr-cellules-de-refroidissement-rapide\/bcm-4011\/","og_site_name":"Gemm srl","article_publisher":"https:\/\/www.facebook.com\/people\/GEMM-SRL\/100065046666797\/","article_modified_time":"2026-02-24T03:10:38+00:00","og_image":[{"width":2560,"height":2560,"url":"https:\/\/www.gemm-srl.com\/wp-content\/uploads\/2025\/10\/BCC_4008-4-scaled.png","type":"image\/png"}],"twitter_card":"summary_large_image","twitter_misc":{"Dur\u00e9e de lecture estim\u00e9e":"1 minute"},"schema":{"@context":"https:\/\/schema.org","@graph":[{"@type":"WebPage","@id":"https:\/\/www.gemm-srl.com\/fr\/cellules-de-refroidissement-rapide\/new-runner-flexi-fr-cellules-de-refroidissement-rapide\/bcm-4011\/","url":"https:\/\/www.gemm-srl.com\/fr\/cellules-de-refroidissement-rapide\/new-runner-flexi-fr-cellules-de-refroidissement-rapide\/bcm-4011\/","name":"BCM\/4011 - Gemm srl","isPartOf":{"@id":"https:\/\/www.gemm-srl.com\/fr\/#website"},"primaryImageOfPage":{"@id":"https:\/\/www.gemm-srl.com\/fr\/cellules-de-refroidissement-rapide\/new-runner-flexi-fr-cellules-de-refroidissement-rapide\/bcm-4011\/#primaryimage"},"image":{"@id":"https:\/\/www.gemm-srl.com\/fr\/cellules-de-refroidissement-rapide\/new-runner-flexi-fr-cellules-de-refroidissement-rapide\/bcm-4011\/#primaryimage"},"thumbnailUrl":"https:\/\/www.gemm-srl.com\/wp-content\/uploads\/2025\/10\/BCC_4008-4-scaled.png","datePublished":"2022-07-22T12:24:32+00:00","dateModified":"2026-02-24T03:10:38+00:00","breadcrumb":{"@id":"https:\/\/www.gemm-srl.com\/fr\/cellules-de-refroidissement-rapide\/new-runner-flexi-fr-cellules-de-refroidissement-rapide\/bcm-4011\/#breadcrumb"},"inLanguage":"fr-FR","potentialAction":[{"@type":"ReadAction","target":["https:\/\/www.gemm-srl.com\/fr\/cellules-de-refroidissement-rapide\/new-runner-flexi-fr-cellules-de-refroidissement-rapide\/bcm-4011\/"]}]},{"@type":"ImageObject","inLanguage":"fr-FR","@id":"https:\/\/www.gemm-srl.com\/fr\/cellules-de-refroidissement-rapide\/new-runner-flexi-fr-cellules-de-refroidissement-rapide\/bcm-4011\/#primaryimage","url":"https:\/\/www.gemm-srl.com\/wp-content\/uploads\/2025\/10\/BCC_4008-4-scaled.png","contentUrl":"https:\/\/www.gemm-srl.com\/wp-content\/uploads\/2025\/10\/BCC_4008-4-scaled.png","width":2560,"height":2560},{"@type":"BreadcrumbList","@id":"https:\/\/www.gemm-srl.com\/fr\/cellules-de-refroidissement-rapide\/new-runner-flexi-fr-cellules-de-refroidissement-rapide\/bcm-4011\/#breadcrumb","itemListElement":[{"@type":"ListItem","position":1,"name":"Home","item":"https:\/\/www.gemm-srl.com\/fr\/"},{"@type":"ListItem","position":2,"name":"Produits","item":"https:\/\/www.gemm-srl.com\/fr\/produits\/"},{"@type":"ListItem","position":3,"name":"Cellules de refroidissement rapide","item":"https:\/\/www.gemm-srl.com\/fr\/cellules-de-refroidissement-rapide\/"},{"@type":"ListItem","position":4,"name":"New Runner Flexi","item":"https:\/\/www.gemm-srl.com\/fr\/cellules-de-refroidissement-rapide\/new-runner-flexi-fr-cellules-de-refroidissement-rapide\/"},{"@type":"ListItem","position":5,"name":"BCM\/4011"}]},{"@type":"WebSite","@id":"https:\/\/www.gemm-srl.com\/fr\/#website","url":"https:\/\/www.gemm-srl.com\/fr\/","name":"Gemm srl","description":"Sistemi refrigerati professionali di alta qualit\u00e0","publisher":{"@id":"https:\/\/www.gemm-srl.com\/fr\/#organization"},"potentialAction":[{"@type":"SearchAction","target":{"@type":"EntryPoint","urlTemplate":"https:\/\/www.gemm-srl.com\/fr\/?s={search_term_string}"},"query-input":{"@type":"PropertyValueSpecification","valueRequired":true,"valueName":"search_term_string"}}],"inLanguage":"fr-FR"},{"@type":"Organization","@id":"https:\/\/www.gemm-srl.com\/fr\/#organization","name":"Gemm srl","url":"https:\/\/www.gemm-srl.com\/fr\/","logo":{"@type":"ImageObject","inLanguage":"fr-FR","@id":"https:\/\/www.gemm-srl.com\/fr\/#\/schema\/logo\/image\/","url":"https:\/\/www.gemm-srl.com\/wp-content\/uploads\/2020\/11\/logo_nero.png","contentUrl":"https:\/\/www.gemm-srl.com\/wp-content\/uploads\/2020\/11\/logo_nero.png","width":250,"height":59,"caption":"Gemm srl"},"image":{"@id":"https:\/\/www.gemm-srl.com\/fr\/#\/schema\/logo\/image\/"},"sameAs":["https:\/\/www.facebook.com\/people\/GEMM-SRL\/100065046666797\/","https:\/\/www.youtube.com\/@gemmsrl","https:\/\/www.linkedin.com\/company\/gemm-s.r.l.\/","https:\/\/www.instagram.com\/gemmsrl\/"]}]}},"_links":{"self":[{"href":"https:\/\/www.gemm-srl.com\/fr\/wp-json\/wp\/v2\/product\/26782","targetHints":{"allow":["GET"]}}],"collection":[{"href":"https:\/\/www.gemm-srl.com\/fr\/wp-json\/wp\/v2\/product"}],"about":[{"href":"https:\/\/www.gemm-srl.com\/fr\/wp-json\/wp\/v2\/types\/product"}],"acf:post":[{"embeddable":true,"href":"https:\/\/www.gemm-srl.com\/fr\/wp-json\/wp\/v2\/wpdmpro\/151265"}],"wp:featuredmedia":[{"embeddable":true,"href":"https:\/\/www.gemm-srl.com\/fr\/wp-json\/wp\/v2\/media\/152125"}],"wp:attachment":[{"href":"https:\/\/www.gemm-srl.com\/fr\/wp-json\/wp\/v2\/media?parent=26782"}],"wp:term":[{"taxonomy":"product_brand","embeddable":true,"href":"https:\/\/www.gemm-srl.com\/fr\/wp-json\/wp\/v2\/product_brand?post=26782"},{"taxonomy":"product_cat","embeddable":true,"href":"https:\/\/www.gemm-srl.com\/fr\/wp-json\/wp\/v2\/product_cat?post=26782"},{"taxonomy":"product_tag","embeddable":true,"href":"https:\/\/www.gemm-srl.com\/fr\/wp-json\/wp\/v2\/product_tag?post=26782"}],"curies":[{"name":"wp","href":"https:\/\/api.w.org\/{rel}","templated":true}]}}