{"id":129452,"date":"2024-12-06T16:34:56","date_gmt":"2024-12-06T15:34:56","guid":{"rendered":"https:\/\/www.gemm-srl.com\/non%20class\u00e9\/bcb-24\/"},"modified":"2026-02-24T05:51:06","modified_gmt":"2026-02-24T04:51:06","slug":"bcb-24","status":"publish","type":"product","link":"https:\/\/www.gemm-srl.com\/fr\/blast-freezers\/new-runner-en\/bcb-24\/","title":{"rendered":"BCB\/24"},"content":{"rendered":"<p>REFROIDISSEUR RAPIDE 12 PLATEAUX GN 2\/1 \/ 600X800 &#8211; Cellule de refroidissement rapide pour joindre temp\u00e9rature \u00e0 c\u0153ur des aliments: refroidissement rapide positif de +90\u00b0C \u00e0 +3\u00b0C dans 90 minutes et refroidissement rapide n\u00e9gatif de +90\u00b0C \u00e0 -18 \u00b0C dans 240 minutes. Temperature minimale de l&rsquo;air -40\u00b0C.<\/p>\n","protected":false},"excerpt":{"rendered":"<p>REFROIDISSEUR RAPIDE 12 PLATEAUX GN 2\/1 \/ 600X800 &#8211; Cellule de refroidissement rapide pour joindre temp\u00e9rature \u00e0 c\u0153ur des aliments: refroidissement rapide positif de +90\u00b0C \u00e0 +3\u00b0C dans 90 minutes et refroidissement rapide n\u00e9gatif de +90\u00b0C \u00e0 -18 \u00b0C dans 240 minutes. Temperature minimale de l&rsquo;air -40\u00b0C.<\/p>\n","protected":false},"featured_media":148149,"template":"","meta":{"_acf_changed":false},"product_brand":[],"product_cat":[300],"product_tag":[528,516,524],"class_list":{"0":"post-129452","1":"product","2":"type-product","3":"status-publish","4":"has-post-thumbnail","6":"product_cat-new-runner-en","7":"product_tag-pastry","8":"product_tag-professional-kitchens","9":"product_tag-ice-cream","11":"first","12":"instock","13":"shipping-taxable","14":"purchasable","15":"product-type-simple"},"acf":{"titolo_h2":"","tipo":"","video":"","file_privati":[137865,152154],"file_pubblici":"","scheda_tecnica":"https:\/\/gemm.datipro.it\/pdf-datasheet\/fr\/45100025","depliant":"https:\/\/gemm.datipro.it\/pdf-depliant\/\/DEPLIANT%202025\/GEMM_NEW_RUNNER_2026_FR.pdf","struttura_info":"construction en ecier inox","posizione_vano_tecnico":"plac\u00e9 dessous","tipo_di_refrigerazione_info":"refroidissement rapide positif de +90\u00b0C \u00e0 +3\u00b0C dans 90 minutes et refroidissement rapide n\u00e9gatif de +90\u00b0C \u00e0 -18 \u00b0C dans 240 minutes, temperature minimale de l'air -40\u00b0C","elettronica_info":"contr\u00f4le digital tactile 2,8'' LCD","sbrinamento_info":"automatique avec gaz chaud","evaporazione_acqua_di_condensa_info":"bac \u00e9limination de l\u2019eau de condensation manuel","allestimenti_a_richiesta":"pr\u00e9disposition pour groupe report\u00e9e (valve gaz R452A), GEMM-Cloud Wi-Fi","dotazione_info":"structure pour plateaux, pas 80 mm","esclusioni_info":"plateaux\/grilles","spessore_di_isolamento_info":"60","passo_guide_info":"80","posizioni_su_cremagliera":"","piano_di_lavoro_inox_info":"","tipo_serratura":"","illuminazione":"","controllo_ventilazione":"NON","controllo_umidita":"NON","umidita_relativa":"","gas_info":"R290","tensione_info":"3x400V ~ 50Hz","classe_climatica_info":"5","elenco_accessori":[{"accessori":"45100206 - Kit p\u00e2tisserie BCB(T)\/24 pour plateaux 60x80 pas 16,5 mm (suppl\u00e9ment)"},{"accessori":"45020511 - Paire de glissi\u00e8res pour \u00e9tag\u00e8re cm 60x80"},{"accessori":"45020515 - \u00c9tag\u00e8re en acier inox cm 60x80"},{"accessori":"45000540 - Kit. no. 4 roulettes \u00d8 100 (suppl\u00e9ment)"},{"accessori":"45100237 - Unit\u00e9 de condensation avec refroidissement \u00e0 eau BCB(T)\/10-15-24 (suppl\u00e9ment)"},{"accessori":"40200560 - Fr\u00e9quence 60Hz"},{"accessori":"45000565 - Syst\u00e8me de supervision Wi-Fi (suppl\u00e9ment)"}],"immagini_portabottiglie":"","strutture_portabottiglie":null,"soluzioni_portabottiglie":null},"yoast_head":"<!-- This site is optimized with the Yoast SEO plugin v26.5 - https:\/\/yoast.com\/wordpress\/plugins\/seo\/ -->\n<title>BCB\/24 - Gemm srl<\/title>\n<meta name=\"robots\" content=\"index, follow, max-snippet:-1, max-image-preview:large, max-video-preview:-1\" \/>\n<link rel=\"canonical\" href=\"https:\/\/www.gemm-srl.com\/fr\/blast-freezers\/new-runner-en\/bcb-24\/\" \/>\n<meta property=\"og:locale\" content=\"fr_FR\" \/>\n<meta property=\"og:type\" content=\"article\" \/>\n<meta property=\"og:title\" content=\"BCB\/24 - Gemm srl\" \/>\n<meta property=\"og:description\" content=\"REFROIDISSEUR RAPIDE 12 PLATEAUX GN 2\/1 \/ 600X800 &#8211; Cellule de refroidissement rapide pour joindre temp\u00e9rature \u00e0 c\u0153ur des aliments: refroidissement rapide positif de +90\u00b0C \u00e0 +3\u00b0C dans 90 minutes et refroidissement rapide n\u00e9gatif de +90\u00b0C \u00e0 -18 \u00b0C dans 240 minutes. Temperature minimale de l&rsquo;air -40\u00b0C.\" \/>\n<meta property=\"og:url\" content=\"https:\/\/www.gemm-srl.com\/fr\/blast-freezers\/new-runner-en\/bcb-24\/\" \/>\n<meta property=\"og:site_name\" content=\"Gemm srl\" \/>\n<meta property=\"article:publisher\" content=\"https:\/\/www.facebook.com\/people\/GEMM-SRL\/100065046666797\/\" \/>\n<meta property=\"article:modified_time\" content=\"2026-02-24T04:51:06+00:00\" \/>\n<meta property=\"og:image\" content=\"https:\/\/www.gemm-srl.com\/wp-content\/uploads\/2025\/02\/BCB_24PROVA-scaled.jpg\" \/>\n\t<meta property=\"og:image:width\" content=\"2560\" \/>\n\t<meta property=\"og:image:height\" content=\"2560\" \/>\n\t<meta property=\"og:image:type\" content=\"image\/jpeg\" \/>\n<meta name=\"twitter:card\" content=\"summary_large_image\" \/>\n<script type=\"application\/ld+json\" class=\"yoast-schema-graph\">{\"@context\":\"https:\/\/schema.org\",\"@graph\":[{\"@type\":\"WebPage\",\"@id\":\"https:\/\/www.gemm-srl.com\/fr\/blast-freezers\/new-runner-en\/bcb-24\/\",\"url\":\"https:\/\/www.gemm-srl.com\/fr\/blast-freezers\/new-runner-en\/bcb-24\/\",\"name\":\"BCB\/24 - Gemm srl\",\"isPartOf\":{\"@id\":\"https:\/\/www.gemm-srl.com\/fr\/#website\"},\"primaryImageOfPage\":{\"@id\":\"https:\/\/www.gemm-srl.com\/fr\/blast-freezers\/new-runner-en\/bcb-24\/#primaryimage\"},\"image\":{\"@id\":\"https:\/\/www.gemm-srl.com\/fr\/blast-freezers\/new-runner-en\/bcb-24\/#primaryimage\"},\"thumbnailUrl\":\"https:\/\/www.gemm-srl.com\/wp-content\/uploads\/2025\/02\/BCB_24PROVA-scaled.jpg\",\"datePublished\":\"2024-12-06T15:34:56+00:00\",\"dateModified\":\"2026-02-24T04:51:06+00:00\",\"breadcrumb\":{\"@id\":\"https:\/\/www.gemm-srl.com\/fr\/blast-freezers\/new-runner-en\/bcb-24\/#breadcrumb\"},\"inLanguage\":\"fr-FR\",\"potentialAction\":[{\"@type\":\"ReadAction\",\"target\":[\"https:\/\/www.gemm-srl.com\/fr\/blast-freezers\/new-runner-en\/bcb-24\/\"]}]},{\"@type\":\"ImageObject\",\"inLanguage\":\"fr-FR\",\"@id\":\"https:\/\/www.gemm-srl.com\/fr\/blast-freezers\/new-runner-en\/bcb-24\/#primaryimage\",\"url\":\"https:\/\/www.gemm-srl.com\/wp-content\/uploads\/2025\/02\/BCB_24PROVA-scaled.jpg\",\"contentUrl\":\"https:\/\/www.gemm-srl.com\/wp-content\/uploads\/2025\/02\/BCB_24PROVA-scaled.jpg\",\"width\":2560,\"height\":2560},{\"@type\":\"BreadcrumbList\",\"@id\":\"https:\/\/www.gemm-srl.com\/fr\/blast-freezers\/new-runner-en\/bcb-24\/#breadcrumb\",\"itemListElement\":[{\"@type\":\"ListItem\",\"position\":1,\"name\":\"Home\",\"item\":\"https:\/\/www.gemm-srl.com\/fr\/\"},{\"@type\":\"ListItem\",\"position\":2,\"name\":\"Produits\",\"item\":\"https:\/\/www.gemm-srl.com\/fr\/produits\/\"},{\"@type\":\"ListItem\",\"position\":3,\"name\":\"Cellules de refroidissement rapide\",\"item\":\"https:\/\/www.gemm-srl.com\/fr\/cellules-de-refroidissement-rapide\/\"},{\"@type\":\"ListItem\",\"position\":4,\"name\":\"New Runner Basic\",\"item\":\"https:\/\/www.gemm-srl.com\/fr\/cellules-de-refroidissement-rapide\/new-runner-fr\/\"},{\"@type\":\"ListItem\",\"position\":5,\"name\":\"BCB\/24\"}]},{\"@type\":\"WebSite\",\"@id\":\"https:\/\/www.gemm-srl.com\/fr\/#website\",\"url\":\"https:\/\/www.gemm-srl.com\/fr\/\",\"name\":\"Gemm srl\",\"description\":\"Sistemi refrigerati professionali di alta qualit\u00e0\",\"publisher\":{\"@id\":\"https:\/\/www.gemm-srl.com\/fr\/#organization\"},\"potentialAction\":[{\"@type\":\"SearchAction\",\"target\":{\"@type\":\"EntryPoint\",\"urlTemplate\":\"https:\/\/www.gemm-srl.com\/fr\/?s={search_term_string}\"},\"query-input\":{\"@type\":\"PropertyValueSpecification\",\"valueRequired\":true,\"valueName\":\"search_term_string\"}}],\"inLanguage\":\"fr-FR\"},{\"@type\":\"Organization\",\"@id\":\"https:\/\/www.gemm-srl.com\/fr\/#organization\",\"name\":\"Gemm srl\",\"url\":\"https:\/\/www.gemm-srl.com\/fr\/\",\"logo\":{\"@type\":\"ImageObject\",\"inLanguage\":\"fr-FR\",\"@id\":\"https:\/\/www.gemm-srl.com\/fr\/#\/schema\/logo\/image\/\",\"url\":\"https:\/\/www.gemm-srl.com\/wp-content\/uploads\/2020\/11\/logo_nero.png\",\"contentUrl\":\"https:\/\/www.gemm-srl.com\/wp-content\/uploads\/2020\/11\/logo_nero.png\",\"width\":250,\"height\":59,\"caption\":\"Gemm srl\"},\"image\":{\"@id\":\"https:\/\/www.gemm-srl.com\/fr\/#\/schema\/logo\/image\/\"},\"sameAs\":[\"https:\/\/www.facebook.com\/people\/GEMM-SRL\/100065046666797\/\",\"https:\/\/www.youtube.com\/@gemmsrl\",\"https:\/\/www.linkedin.com\/company\/gemm-s.r.l.\/\",\"https:\/\/www.instagram.com\/gemmsrl\/\"]}]}<\/script>\n<!-- \/ Yoast SEO plugin. -->","yoast_head_json":{"title":"BCB\/24 - Gemm srl","robots":{"index":"index","follow":"follow","max-snippet":"max-snippet:-1","max-image-preview":"max-image-preview:large","max-video-preview":"max-video-preview:-1"},"canonical":"https:\/\/www.gemm-srl.com\/fr\/blast-freezers\/new-runner-en\/bcb-24\/","og_locale":"fr_FR","og_type":"article","og_title":"BCB\/24 - Gemm srl","og_description":"REFROIDISSEUR RAPIDE 12 PLATEAUX GN 2\/1 \/ 600X800 &#8211; Cellule de refroidissement rapide pour joindre temp\u00e9rature \u00e0 c\u0153ur des aliments: refroidissement rapide positif de +90\u00b0C \u00e0 +3\u00b0C dans 90 minutes et refroidissement rapide n\u00e9gatif de +90\u00b0C \u00e0 -18 \u00b0C dans 240 minutes. Temperature minimale de l&rsquo;air -40\u00b0C.","og_url":"https:\/\/www.gemm-srl.com\/fr\/blast-freezers\/new-runner-en\/bcb-24\/","og_site_name":"Gemm srl","article_publisher":"https:\/\/www.facebook.com\/people\/GEMM-SRL\/100065046666797\/","article_modified_time":"2026-02-24T04:51:06+00:00","og_image":[{"width":2560,"height":2560,"url":"https:\/\/www.gemm-srl.com\/wp-content\/uploads\/2025\/02\/BCB_24PROVA-scaled.jpg","type":"image\/jpeg"}],"twitter_card":"summary_large_image","schema":{"@context":"https:\/\/schema.org","@graph":[{"@type":"WebPage","@id":"https:\/\/www.gemm-srl.com\/fr\/blast-freezers\/new-runner-en\/bcb-24\/","url":"https:\/\/www.gemm-srl.com\/fr\/blast-freezers\/new-runner-en\/bcb-24\/","name":"BCB\/24 - Gemm srl","isPartOf":{"@id":"https:\/\/www.gemm-srl.com\/fr\/#website"},"primaryImageOfPage":{"@id":"https:\/\/www.gemm-srl.com\/fr\/blast-freezers\/new-runner-en\/bcb-24\/#primaryimage"},"image":{"@id":"https:\/\/www.gemm-srl.com\/fr\/blast-freezers\/new-runner-en\/bcb-24\/#primaryimage"},"thumbnailUrl":"https:\/\/www.gemm-srl.com\/wp-content\/uploads\/2025\/02\/BCB_24PROVA-scaled.jpg","datePublished":"2024-12-06T15:34:56+00:00","dateModified":"2026-02-24T04:51:06+00:00","breadcrumb":{"@id":"https:\/\/www.gemm-srl.com\/fr\/blast-freezers\/new-runner-en\/bcb-24\/#breadcrumb"},"inLanguage":"fr-FR","potentialAction":[{"@type":"ReadAction","target":["https:\/\/www.gemm-srl.com\/fr\/blast-freezers\/new-runner-en\/bcb-24\/"]}]},{"@type":"ImageObject","inLanguage":"fr-FR","@id":"https:\/\/www.gemm-srl.com\/fr\/blast-freezers\/new-runner-en\/bcb-24\/#primaryimage","url":"https:\/\/www.gemm-srl.com\/wp-content\/uploads\/2025\/02\/BCB_24PROVA-scaled.jpg","contentUrl":"https:\/\/www.gemm-srl.com\/wp-content\/uploads\/2025\/02\/BCB_24PROVA-scaled.jpg","width":2560,"height":2560},{"@type":"BreadcrumbList","@id":"https:\/\/www.gemm-srl.com\/fr\/blast-freezers\/new-runner-en\/bcb-24\/#breadcrumb","itemListElement":[{"@type":"ListItem","position":1,"name":"Home","item":"https:\/\/www.gemm-srl.com\/fr\/"},{"@type":"ListItem","position":2,"name":"Produits","item":"https:\/\/www.gemm-srl.com\/fr\/produits\/"},{"@type":"ListItem","position":3,"name":"Cellules de refroidissement rapide","item":"https:\/\/www.gemm-srl.com\/fr\/cellules-de-refroidissement-rapide\/"},{"@type":"ListItem","position":4,"name":"New Runner Basic","item":"https:\/\/www.gemm-srl.com\/fr\/cellules-de-refroidissement-rapide\/new-runner-fr\/"},{"@type":"ListItem","position":5,"name":"BCB\/24"}]},{"@type":"WebSite","@id":"https:\/\/www.gemm-srl.com\/fr\/#website","url":"https:\/\/www.gemm-srl.com\/fr\/","name":"Gemm srl","description":"Sistemi refrigerati professionali di alta qualit\u00e0","publisher":{"@id":"https:\/\/www.gemm-srl.com\/fr\/#organization"},"potentialAction":[{"@type":"SearchAction","target":{"@type":"EntryPoint","urlTemplate":"https:\/\/www.gemm-srl.com\/fr\/?s={search_term_string}"},"query-input":{"@type":"PropertyValueSpecification","valueRequired":true,"valueName":"search_term_string"}}],"inLanguage":"fr-FR"},{"@type":"Organization","@id":"https:\/\/www.gemm-srl.com\/fr\/#organization","name":"Gemm srl","url":"https:\/\/www.gemm-srl.com\/fr\/","logo":{"@type":"ImageObject","inLanguage":"fr-FR","@id":"https:\/\/www.gemm-srl.com\/fr\/#\/schema\/logo\/image\/","url":"https:\/\/www.gemm-srl.com\/wp-content\/uploads\/2020\/11\/logo_nero.png","contentUrl":"https:\/\/www.gemm-srl.com\/wp-content\/uploads\/2020\/11\/logo_nero.png","width":250,"height":59,"caption":"Gemm srl"},"image":{"@id":"https:\/\/www.gemm-srl.com\/fr\/#\/schema\/logo\/image\/"},"sameAs":["https:\/\/www.facebook.com\/people\/GEMM-SRL\/100065046666797\/","https:\/\/www.youtube.com\/@gemmsrl","https:\/\/www.linkedin.com\/company\/gemm-s.r.l.\/","https:\/\/www.instagram.com\/gemmsrl\/"]}]}},"_links":{"self":[{"href":"https:\/\/www.gemm-srl.com\/fr\/wp-json\/wp\/v2\/product\/129452","targetHints":{"allow":["GET"]}}],"collection":[{"href":"https:\/\/www.gemm-srl.com\/fr\/wp-json\/wp\/v2\/product"}],"about":[{"href":"https:\/\/www.gemm-srl.com\/fr\/wp-json\/wp\/v2\/types\/product"}],"acf:post":[{"embeddable":true,"href":"https:\/\/www.gemm-srl.com\/fr\/wp-json\/wp\/v2\/wpdmpro\/152154"},{"embeddable":true,"href":"https:\/\/www.gemm-srl.com\/fr\/wp-json\/wp\/v2\/wpdmpro\/137865"}],"wp:featuredmedia":[{"embeddable":true,"href":"https:\/\/www.gemm-srl.com\/fr\/wp-json\/wp\/v2\/media\/148149"}],"wp:attachment":[{"href":"https:\/\/www.gemm-srl.com\/fr\/wp-json\/wp\/v2\/media?parent=129452"}],"wp:term":[{"taxonomy":"product_brand","embeddable":true,"href":"https:\/\/www.gemm-srl.com\/fr\/wp-json\/wp\/v2\/product_brand?post=129452"},{"taxonomy":"product_cat","embeddable":true,"href":"https:\/\/www.gemm-srl.com\/fr\/wp-json\/wp\/v2\/product_cat?post=129452"},{"taxonomy":"product_tag","embeddable":true,"href":"https:\/\/www.gemm-srl.com\/fr\/wp-json\/wp\/v2\/product_tag?post=129452"}],"curies":[{"name":"wp","href":"https:\/\/api.w.org\/{rel}","templated":true}]}}