{"id":30497,"date":"2019-04-19T09:58:38","date_gmt":"2019-04-19T09:58:38","guid":{"rendered":"https:\/\/gemmsrl2.cmsone.info\/rete-assistenza\/"},"modified":"2025-01-09T13:05:07","modified_gmt":"2025-01-09T12:05:07","slug":"reseau-de-support","status":"publish","type":"page","link":"https:\/\/www.gemm-srl.com\/fr\/reseau-de-support\/","title":{"rendered":"R\u00e9seau de support"},"content":{"rendered":"\t\t<div data-elementor-type=\"wp-post\" data-elementor-id=\"30497\" class=\"elementor elementor-30497 elementor-365\" data-elementor-post-type=\"page\">\n\t\t\t\t\t\t<section class=\"elementor-section elementor-top-section elementor-element elementor-element-9e22f04 elementor-section-items-bottom elementor-section-full_width elementor-section-height-min-height elementor-section-height-default\" data-id=\"9e22f04\" data-element_type=\"section\" data-settings=\"{&quot;jet_parallax_layout_list&quot;:[{&quot;jet_parallax_layout_image&quot;:{&quot;url&quot;:&quot;&quot;,&quot;id&quot;:&quot;&quot;,&quot;size&quot;:&quot;&quot;},&quot;_id&quot;:&quot;5263347&quot;,&quot;jet_parallax_layout_image_tablet&quot;:{&quot;url&quot;:&quot;&quot;,&quot;id&quot;:&quot;&quot;,&quot;size&quot;:&quot;&quot;},&quot;jet_parallax_layout_image_mobile&quot;:{&quot;url&quot;:&quot;&quot;,&quot;id&quot;:&quot;&quot;,&quot;size&quot;:&quot;&quot;},&quot;jet_parallax_layout_speed&quot;:{&quot;unit&quot;:&quot;%&quot;,&quot;size&quot;:50,&quot;sizes&quot;:[]},&quot;jet_parallax_layout_type&quot;:&quot;scroll&quot;,&quot;jet_parallax_layout_direction&quot;:&quot;1&quot;,&quot;jet_parallax_layout_fx_direction&quot;:null,&quot;jet_parallax_layout_z_index&quot;:&quot;&quot;,&quot;jet_parallax_layout_bg_x&quot;:50,&quot;jet_parallax_layout_bg_x_tablet&quot;:&quot;&quot;,&quot;jet_parallax_layout_bg_x_mobile&quot;:&quot;&quot;,&quot;jet_parallax_layout_bg_y&quot;:50,&quot;jet_parallax_layout_bg_y_tablet&quot;:&quot;&quot;,&quot;jet_parallax_layout_bg_y_mobile&quot;:&quot;&quot;,&quot;jet_parallax_layout_bg_size&quot;:&quot;auto&quot;,&quot;jet_parallax_layout_bg_size_tablet&quot;:&quot;&quot;,&quot;jet_parallax_layout_bg_size_mobile&quot;:&quot;&quot;,&quot;jet_parallax_layout_animation_prop&quot;:&quot;transform&quot;,&quot;jet_parallax_layout_on&quot;:[&quot;desktop&quot;,&quot;tablet&quot;]}],&quot;background_background&quot;:&quot;classic&quot;}\">\n\t\t\t\t\t\t<div class=\"elementor-container elementor-column-gap-default\">\n\t\t\t\t\t<div class=\"elementor-column elementor-col-100 elementor-top-column elementor-element elementor-element-e8ba76e\" data-id=\"e8ba76e\" data-element_type=\"column\">\n\t\t\t<div class=\"elementor-widget-wrap elementor-element-populated\">\n\t\t\t\t\t\t\t<\/div>\n\t\t<\/div>\n\t\t\t\t\t<\/div>\n\t\t<\/section>\n\t\t\t\t<section class=\"elementor-section elementor-top-section elementor-element elementor-element-db3f4e3 elementor-section-full_width elementor-section-stretched elementor-section-height-default elementor-section-height-default\" data-id=\"db3f4e3\" data-element_type=\"section\" data-settings=\"{&quot;jet_parallax_layout_list&quot;:[{&quot;jet_parallax_layout_image&quot;:{&quot;url&quot;:&quot;&quot;,&quot;id&quot;:&quot;&quot;,&quot;size&quot;:&quot;&quot;},&quot;_id&quot;:&quot;b8ef40d&quot;,&quot;jet_parallax_layout_image_tablet&quot;:{&quot;url&quot;:&quot;&quot;,&quot;id&quot;:&quot;&quot;,&quot;size&quot;:&quot;&quot;},&quot;jet_parallax_layout_image_mobile&quot;:{&quot;url&quot;:&quot;&quot;,&quot;id&quot;:&quot;&quot;,&quot;size&quot;:&quot;&quot;},&quot;jet_parallax_layout_speed&quot;:{&quot;unit&quot;:&quot;%&quot;,&quot;size&quot;:50,&quot;sizes&quot;:[]},&quot;jet_parallax_layout_type&quot;:&quot;scroll&quot;,&quot;jet_parallax_layout_direction&quot;:&quot;1&quot;,&quot;jet_parallax_layout_fx_direction&quot;:null,&quot;jet_parallax_layout_z_index&quot;:&quot;&quot;,&quot;jet_parallax_layout_bg_x&quot;:50,&quot;jet_parallax_layout_bg_x_tablet&quot;:&quot;&quot;,&quot;jet_parallax_layout_bg_x_mobile&quot;:&quot;&quot;,&quot;jet_parallax_layout_bg_y&quot;:50,&quot;jet_parallax_layout_bg_y_tablet&quot;:&quot;&quot;,&quot;jet_parallax_layout_bg_y_mobile&quot;:&quot;&quot;,&quot;jet_parallax_layout_bg_size&quot;:&quot;auto&quot;,&quot;jet_parallax_layout_bg_size_tablet&quot;:&quot;&quot;,&quot;jet_parallax_layout_bg_size_mobile&quot;:&quot;&quot;,&quot;jet_parallax_layout_animation_prop&quot;:&quot;transform&quot;,&quot;jet_parallax_layout_on&quot;:[&quot;desktop&quot;,&quot;tablet&quot;]}],&quot;stretch_section&quot;:&quot;section-stretched&quot;}\">\n\t\t\t\t\t\t<div class=\"elementor-container elementor-column-gap-no\">\n\t\t\t\t\t<div class=\"elementor-column elementor-col-100 elementor-top-column elementor-element elementor-element-d358c9a\" data-id=\"d358c9a\" data-element_type=\"column\">\n\t\t\t<div class=\"elementor-widget-wrap elementor-element-populated\">\n\t\t\t\t\t\t<div class=\"elementor-element elementor-element-8297571 elementor-widget elementor-widget-raven-image\" data-id=\"8297571\" data-element_type=\"widget\" data-widget_type=\"raven-image.default\">\n\t\t\t\t<div class=\"elementor-widget-container\">\n\t\t\t\t\t\t\t<div class=\"raven-image\">\n\t\t\n\t\t\n\t\t<img fetchpriority=\"high\" decoding=\"async\" width=\"2048\" height=\"912\" src=\"https:\/\/www.gemm-srl.com\/wp-content\/uploads\/2021\/09\/visual-rete-assistenza-2048x912.jpg\" class=\"attachment-2048x2048 size-2048x2048 wp-image-27838\" alt=\"\" srcset=\"https:\/\/www.gemm-srl.com\/wp-content\/uploads\/2021\/09\/visual-rete-assistenza-2048x912.jpg 2048w, https:\/\/www.gemm-srl.com\/wp-content\/uploads\/2021\/09\/visual-rete-assistenza-300x134.jpg 300w, https:\/\/www.gemm-srl.com\/wp-content\/uploads\/2021\/09\/visual-rete-assistenza-1024x456.jpg 1024w, https:\/\/www.gemm-srl.com\/wp-content\/uploads\/2021\/09\/visual-rete-assistenza-768x342.jpg 768w, https:\/\/www.gemm-srl.com\/wp-content\/uploads\/2021\/09\/visual-rete-assistenza-1536x684.jpg 1536w, https:\/\/www.gemm-srl.com\/wp-content\/uploads\/2021\/09\/visual-rete-assistenza-600x267.jpg 600w\" sizes=\"(max-width: 2048px) 100vw, 2048px\" \/>\t\t<\/div>\n\t\t\t\t\t\t<\/div>\n\t\t\t\t<\/div>\n\t\t\t\t\t<\/div>\n\t\t<\/div>\n\t\t\t\t\t<\/div>\n\t\t<\/section>\n\t\t\t\t<section class=\"elementor-section elementor-top-section elementor-element elementor-element-c010354 elementor-section-full_width elementor-section-height-default elementor-section-height-default\" data-id=\"c010354\" data-element_type=\"section\" data-settings=\"{&quot;jet_parallax_layout_list&quot;:[{&quot;jet_parallax_layout_image&quot;:{&quot;url&quot;:&quot;&quot;,&quot;id&quot;:&quot;&quot;,&quot;size&quot;:&quot;&quot;},&quot;_id&quot;:&quot;0c29ce8&quot;,&quot;jet_parallax_layout_image_tablet&quot;:{&quot;url&quot;:&quot;&quot;,&quot;id&quot;:&quot;&quot;,&quot;size&quot;:&quot;&quot;},&quot;jet_parallax_layout_image_mobile&quot;:{&quot;url&quot;:&quot;&quot;,&quot;id&quot;:&quot;&quot;,&quot;size&quot;:&quot;&quot;},&quot;jet_parallax_layout_speed&quot;:{&quot;unit&quot;:&quot;%&quot;,&quot;size&quot;:50,&quot;sizes&quot;:[]},&quot;jet_parallax_layout_type&quot;:&quot;scroll&quot;,&quot;jet_parallax_layout_direction&quot;:&quot;1&quot;,&quot;jet_parallax_layout_fx_direction&quot;:null,&quot;jet_parallax_layout_z_index&quot;:&quot;&quot;,&quot;jet_parallax_layout_bg_x&quot;:50,&quot;jet_parallax_layout_bg_x_tablet&quot;:&quot;&quot;,&quot;jet_parallax_layout_bg_x_mobile&quot;:&quot;&quot;,&quot;jet_parallax_layout_bg_y&quot;:50,&quot;jet_parallax_layout_bg_y_tablet&quot;:&quot;&quot;,&quot;jet_parallax_layout_bg_y_mobile&quot;:&quot;&quot;,&quot;jet_parallax_layout_bg_size&quot;:&quot;auto&quot;,&quot;jet_parallax_layout_bg_size_tablet&quot;:&quot;&quot;,&quot;jet_parallax_layout_bg_size_mobile&quot;:&quot;&quot;,&quot;jet_parallax_layout_animation_prop&quot;:&quot;transform&quot;,&quot;jet_parallax_layout_on&quot;:[&quot;desktop&quot;,&quot;tablet&quot;]}]}\">\n\t\t\t\t\t\t<div class=\"elementor-container elementor-column-gap-default\">\n\t\t\t\t\t<div class=\"elementor-column elementor-col-100 elementor-top-column elementor-element elementor-element-8ad3248\" data-id=\"8ad3248\" data-element_type=\"column\">\n\t\t\t<div class=\"elementor-widget-wrap elementor-element-populated\">\n\t\t\t\t\t\t<div class=\"elementor-element elementor-element-7b77b3f elementor-widget elementor-widget-spacer\" data-id=\"7b77b3f\" data-element_type=\"widget\" data-widget_type=\"spacer.default\">\n\t\t\t\t<div class=\"elementor-widget-container\">\n\t\t\t\t\t\t\t<div class=\"elementor-spacer\">\n\t\t\t<div class=\"elementor-spacer-inner\"><\/div>\n\t\t<\/div>\n\t\t\t\t\t\t<\/div>\n\t\t\t\t<\/div>\n\t\t\t\t\t<\/div>\n\t\t<\/div>\n\t\t\t\t\t<\/div>\n\t\t<\/section>\n\t\t\t\t<section class=\"elementor-section elementor-top-section elementor-element elementor-element-a2b754a elementor-section-boxed elementor-section-height-default elementor-section-height-default\" data-id=\"a2b754a\" data-element_type=\"section\" data-settings=\"{&quot;jet_parallax_layout_list&quot;:[{&quot;jet_parallax_layout_image&quot;:{&quot;url&quot;:&quot;&quot;,&quot;id&quot;:&quot;&quot;,&quot;size&quot;:&quot;&quot;},&quot;_id&quot;:&quot;3fda65c&quot;,&quot;jet_parallax_layout_image_tablet&quot;:{&quot;url&quot;:&quot;&quot;,&quot;id&quot;:&quot;&quot;,&quot;size&quot;:&quot;&quot;},&quot;jet_parallax_layout_image_mobile&quot;:{&quot;url&quot;:&quot;&quot;,&quot;id&quot;:&quot;&quot;,&quot;size&quot;:&quot;&quot;},&quot;jet_parallax_layout_speed&quot;:{&quot;unit&quot;:&quot;%&quot;,&quot;size&quot;:50,&quot;sizes&quot;:[]},&quot;jet_parallax_layout_type&quot;:&quot;scroll&quot;,&quot;jet_parallax_layout_direction&quot;:&quot;1&quot;,&quot;jet_parallax_layout_fx_direction&quot;:null,&quot;jet_parallax_layout_z_index&quot;:&quot;&quot;,&quot;jet_parallax_layout_bg_x&quot;:50,&quot;jet_parallax_layout_bg_x_tablet&quot;:&quot;&quot;,&quot;jet_parallax_layout_bg_x_mobile&quot;:&quot;&quot;,&quot;jet_parallax_layout_bg_y&quot;:50,&quot;jet_parallax_layout_bg_y_tablet&quot;:&quot;&quot;,&quot;jet_parallax_layout_bg_y_mobile&quot;:&quot;&quot;,&quot;jet_parallax_layout_bg_size&quot;:&quot;auto&quot;,&quot;jet_parallax_layout_bg_size_tablet&quot;:&quot;&quot;,&quot;jet_parallax_layout_bg_size_mobile&quot;:&quot;&quot;,&quot;jet_parallax_layout_animation_prop&quot;:&quot;transform&quot;,&quot;jet_parallax_layout_on&quot;:[&quot;desktop&quot;,&quot;tablet&quot;]}]}\">\n\t\t\t\t\t\t<div class=\"elementor-container elementor-column-gap-default\">\n\t\t\t\t\t<div class=\"elementor-column elementor-col-100 elementor-top-column elementor-element elementor-element-e1a9d2f\" data-id=\"e1a9d2f\" data-element_type=\"column\">\n\t\t\t<div class=\"elementor-widget-wrap elementor-element-populated\">\n\t\t\t\t\t\t<div class=\"elementor-element elementor-element-d5322c1 elementor-widget elementor-widget-text-editor\" data-id=\"d5322c1\" data-element_type=\"widget\" data-widget_type=\"text-editor.default\">\n\t\t\t\t<div class=\"elementor-widget-container\">\n\t\t\t\t\t\t\t\t\t<p>Forte de ses propres comp\u00e9tences et capacit\u00e9s techniques, une exp\u00e9rience consolid\u00e9e \u00e9tablie de longue date dans le domaine, <strong>GEMM est pr\u00e9sente<\/strong><br \/><strong>en Italie et dans plus de 80 pays au monde<\/strong>. Au fil des ans GEMM a continu\u00e9 \u00e0 pr\u00e9senter son produit dans les nouveaux pays, \u00e0 la recherche de la<br \/>conception et de la technologie italiennes, en arrivant sur tous les grands march\u00e9s, <strong>m\u00eame les plus \u00e9loign\u00e9s comme l\u2019Extr\u00eame-Orient, l\u2019Oc\u00e9anie, l\u2019Afrique et les Am\u00e9riques<\/strong>. Tous les produits sont distribu\u00e9s <strong>en Italie et \u00e0 l\u2019\u00e9tranger, gr\u00e2ce \u00e0 un r\u00e9seau \u00e9tendu et bien organis\u00e9 de revendeurs choisis parmi les plus qualifi\u00e9s<\/strong> et \u00e9tablis dans le secteur, <strong>assurant ainsi la fiabilit\u00e9 du produit et du service apr\u00e8s-vente<\/strong>.<\/p>\t\t\t\t\t\t\t\t<\/div>\n\t\t\t\t<\/div>\n\t\t\t\t<div class=\"elementor-element elementor-element-53e37b2 elementor-widget elementor-widget-heading\" data-id=\"53e37b2\" data-element_type=\"widget\" data-widget_type=\"heading.default\">\n\t\t\t\t<div class=\"elementor-widget-container\">\n\t\t\t\t\t<h2 class=\"elementor-heading-title elementor-size-default\">GEMM, un produit italien sur les march\u00e9s \u00e0 travers le monde!<\/h2>\t\t\t\t<\/div>\n\t\t\t\t<\/div>\n\t\t\t\t\t<\/div>\n\t\t<\/div>\n\t\t\t\t\t<\/div>\n\t\t<\/section>\n\t\t\t\t<section class=\"elementor-section elementor-top-section elementor-element elementor-element-4d90e72 elementor-section-boxed elementor-section-height-default elementor-section-height-default\" data-id=\"4d90e72\" data-element_type=\"section\" data-settings=\"{&quot;jet_parallax_layout_list&quot;:[{&quot;jet_parallax_layout_image&quot;:{&quot;url&quot;:&quot;&quot;,&quot;id&quot;:&quot;&quot;,&quot;size&quot;:&quot;&quot;},&quot;_id&quot;:&quot;2acab6f&quot;,&quot;jet_parallax_layout_image_tablet&quot;:{&quot;url&quot;:&quot;&quot;,&quot;id&quot;:&quot;&quot;,&quot;size&quot;:&quot;&quot;},&quot;jet_parallax_layout_image_mobile&quot;:{&quot;url&quot;:&quot;&quot;,&quot;id&quot;:&quot;&quot;,&quot;size&quot;:&quot;&quot;},&quot;jet_parallax_layout_speed&quot;:{&quot;unit&quot;:&quot;%&quot;,&quot;size&quot;:50,&quot;sizes&quot;:[]},&quot;jet_parallax_layout_type&quot;:&quot;scroll&quot;,&quot;jet_parallax_layout_direction&quot;:&quot;1&quot;,&quot;jet_parallax_layout_fx_direction&quot;:null,&quot;jet_parallax_layout_z_index&quot;:&quot;&quot;,&quot;jet_parallax_layout_bg_x&quot;:50,&quot;jet_parallax_layout_bg_x_tablet&quot;:&quot;&quot;,&quot;jet_parallax_layout_bg_x_mobile&quot;:&quot;&quot;,&quot;jet_parallax_layout_bg_y&quot;:50,&quot;jet_parallax_layout_bg_y_tablet&quot;:&quot;&quot;,&quot;jet_parallax_layout_bg_y_mobile&quot;:&quot;&quot;,&quot;jet_parallax_layout_bg_size&quot;:&quot;auto&quot;,&quot;jet_parallax_layout_bg_size_tablet&quot;:&quot;&quot;,&quot;jet_parallax_layout_bg_size_mobile&quot;:&quot;&quot;,&quot;jet_parallax_layout_animation_prop&quot;:&quot;transform&quot;,&quot;jet_parallax_layout_on&quot;:[&quot;desktop&quot;,&quot;tablet&quot;]}]}\">\n\t\t\t\t\t\t<div class=\"elementor-container elementor-column-gap-default\">\n\t\t\t\t\t<div class=\"elementor-column elementor-col-100 elementor-top-column elementor-element elementor-element-2d4c269\" data-id=\"2d4c269\" data-element_type=\"column\">\n\t\t\t<div class=\"elementor-widget-wrap elementor-element-populated\">\n\t\t\t\t\t\t<div class=\"elementor-element elementor-element-c961519 elementor-widget elementor-widget-spacer\" data-id=\"c961519\" data-element_type=\"widget\" data-widget_type=\"spacer.default\">\n\t\t\t\t<div class=\"elementor-widget-container\">\n\t\t\t\t\t\t\t<div class=\"elementor-spacer\">\n\t\t\t<div class=\"elementor-spacer-inner\"><\/div>\n\t\t<\/div>\n\t\t\t\t\t\t<\/div>\n\t\t\t\t<\/div>\n\t\t\t\t\t<\/div>\n\t\t<\/div>\n\t\t\t\t\t<\/div>\n\t\t<\/section>\n\t\t\t\t<\/div>\n\t\t","protected":false},"excerpt":{"rendered":"<p>Forte de ses propres comp\u00e9tences et capacit\u00e9s techniques, une exp\u00e9rience consolid\u00e9e \u00e9tablie de longue date dans le domaine, GEMM est pr\u00e9senteen Italie et dans plus de 80 pays au monde. Au fil des ans GEMM a continu\u00e9 \u00e0 pr\u00e9senter son produit dans les nouveaux pays, \u00e0 la recherche de laconception et de la technologie italiennes, [&hellip;]<\/p>\n","protected":false},"author":2,"featured_media":0,"parent":0,"menu_order":15,"comment_status":"closed","ping_status":"closed","template":"elementor_header_footer","meta":{"_acf_changed":false,"footnotes":""},"class_list":["post-30497","page","type-page","status-publish","hentry"],"acf":[],"yoast_head":"<!-- This site is optimized with the Yoast SEO plugin v26.5 - https:\/\/yoast.com\/wordpress\/plugins\/seo\/ -->\n<title>R\u00e9seau de support - Gemm srl<\/title>\n<meta name=\"robots\" content=\"index, follow, max-snippet:-1, max-image-preview:large, max-video-preview:-1\" \/>\n<link rel=\"canonical\" href=\"https:\/\/www.gemm-srl.com\/fr\/reseau-de-support\/\" \/>\n<meta property=\"og:locale\" content=\"fr_FR\" \/>\n<meta property=\"og:type\" content=\"article\" \/>\n<meta property=\"og:title\" content=\"R\u00e9seau de support - Gemm srl\" \/>\n<meta property=\"og:description\" content=\"Forte de ses propres comp\u00e9tences et capacit\u00e9s techniques, une exp\u00e9rience consolid\u00e9e \u00e9tablie de longue date dans le domaine, GEMM est pr\u00e9senteen Italie et dans plus de 80 pays au monde. Au fil des ans GEMM a continu\u00e9 \u00e0 pr\u00e9senter son produit dans les nouveaux pays, \u00e0 la recherche de laconception et de la technologie italiennes, [&hellip;]\" \/>\n<meta property=\"og:url\" content=\"https:\/\/www.gemm-srl.com\/fr\/reseau-de-support\/\" \/>\n<meta property=\"og:site_name\" content=\"Gemm srl\" \/>\n<meta property=\"article:publisher\" content=\"https:\/\/www.facebook.com\/people\/GEMM-SRL\/100065046666797\/\" \/>\n<meta property=\"article:modified_time\" content=\"2025-01-09T12:05:07+00:00\" \/>\n<meta property=\"og:image\" content=\"https:\/\/www.gemm-srl.com\/wp-content\/uploads\/2021\/09\/visual-rete-assistenza.jpg\" \/>\n\t<meta property=\"og:image:width\" content=\"2560\" \/>\n\t<meta property=\"og:image:height\" content=\"1140\" \/>\n\t<meta property=\"og:image:type\" content=\"image\/jpeg\" \/>\n<meta name=\"twitter:card\" content=\"summary_large_image\" \/>\n<meta name=\"twitter:label1\" content=\"Dur\u00e9e de lecture estim\u00e9e\" \/>\n\t<meta name=\"twitter:data1\" content=\"1 minute\" \/>\n<script type=\"application\/ld+json\" class=\"yoast-schema-graph\">{\"@context\":\"https:\/\/schema.org\",\"@graph\":[{\"@type\":\"WebPage\",\"@id\":\"https:\/\/www.gemm-srl.com\/fr\/reseau-de-support\/\",\"url\":\"https:\/\/www.gemm-srl.com\/fr\/reseau-de-support\/\",\"name\":\"R\u00e9seau de support - Gemm srl\",\"isPartOf\":{\"@id\":\"https:\/\/www.gemm-srl.com\/fr\/#website\"},\"primaryImageOfPage\":{\"@id\":\"https:\/\/www.gemm-srl.com\/fr\/reseau-de-support\/#primaryimage\"},\"image\":{\"@id\":\"https:\/\/www.gemm-srl.com\/fr\/reseau-de-support\/#primaryimage\"},\"thumbnailUrl\":\"https:\/\/www.gemm-srl.com\/wp-content\/uploads\/2021\/09\/visual-rete-assistenza-2048x912.jpg\",\"datePublished\":\"2019-04-19T09:58:38+00:00\",\"dateModified\":\"2025-01-09T12:05:07+00:00\",\"breadcrumb\":{\"@id\":\"https:\/\/www.gemm-srl.com\/fr\/reseau-de-support\/#breadcrumb\"},\"inLanguage\":\"fr-FR\",\"potentialAction\":[{\"@type\":\"ReadAction\",\"target\":[\"https:\/\/www.gemm-srl.com\/fr\/reseau-de-support\/\"]}]},{\"@type\":\"ImageObject\",\"inLanguage\":\"fr-FR\",\"@id\":\"https:\/\/www.gemm-srl.com\/fr\/reseau-de-support\/#primaryimage\",\"url\":\"https:\/\/www.gemm-srl.com\/wp-content\/uploads\/2021\/09\/visual-rete-assistenza-2048x912.jpg\",\"contentUrl\":\"https:\/\/www.gemm-srl.com\/wp-content\/uploads\/2021\/09\/visual-rete-assistenza-2048x912.jpg\"},{\"@type\":\"BreadcrumbList\",\"@id\":\"https:\/\/www.gemm-srl.com\/fr\/reseau-de-support\/#breadcrumb\",\"itemListElement\":[{\"@type\":\"ListItem\",\"position\":1,\"name\":\"Home\",\"item\":\"https:\/\/www.gemm-srl.com\/fr\/\"},{\"@type\":\"ListItem\",\"position\":2,\"name\":\"R\u00e9seau de support\"}]},{\"@type\":\"WebSite\",\"@id\":\"https:\/\/www.gemm-srl.com\/fr\/#website\",\"url\":\"https:\/\/www.gemm-srl.com\/fr\/\",\"name\":\"Gemm srl\",\"description\":\"Sistemi refrigerati professionali di alta qualit\u00e0\",\"publisher\":{\"@id\":\"https:\/\/www.gemm-srl.com\/fr\/#organization\"},\"potentialAction\":[{\"@type\":\"SearchAction\",\"target\":{\"@type\":\"EntryPoint\",\"urlTemplate\":\"https:\/\/www.gemm-srl.com\/fr\/?s={search_term_string}\"},\"query-input\":{\"@type\":\"PropertyValueSpecification\",\"valueRequired\":true,\"valueName\":\"search_term_string\"}}],\"inLanguage\":\"fr-FR\"},{\"@type\":\"Organization\",\"@id\":\"https:\/\/www.gemm-srl.com\/fr\/#organization\",\"name\":\"Gemm srl\",\"url\":\"https:\/\/www.gemm-srl.com\/fr\/\",\"logo\":{\"@type\":\"ImageObject\",\"inLanguage\":\"fr-FR\",\"@id\":\"https:\/\/www.gemm-srl.com\/fr\/#\/schema\/logo\/image\/\",\"url\":\"https:\/\/www.gemm-srl.com\/wp-content\/uploads\/2020\/11\/logo_nero.png\",\"contentUrl\":\"https:\/\/www.gemm-srl.com\/wp-content\/uploads\/2020\/11\/logo_nero.png\",\"width\":250,\"height\":59,\"caption\":\"Gemm srl\"},\"image\":{\"@id\":\"https:\/\/www.gemm-srl.com\/fr\/#\/schema\/logo\/image\/\"},\"sameAs\":[\"https:\/\/www.facebook.com\/people\/GEMM-SRL\/100065046666797\/\",\"https:\/\/www.youtube.com\/@gemmsrl\",\"https:\/\/www.linkedin.com\/company\/gemm-s.r.l.\/\",\"https:\/\/www.instagram.com\/gemmsrl\/\"]}]}<\/script>\n<!-- \/ Yoast SEO plugin. -->","yoast_head_json":{"title":"R\u00e9seau de support - Gemm srl","robots":{"index":"index","follow":"follow","max-snippet":"max-snippet:-1","max-image-preview":"max-image-preview:large","max-video-preview":"max-video-preview:-1"},"canonical":"https:\/\/www.gemm-srl.com\/fr\/reseau-de-support\/","og_locale":"fr_FR","og_type":"article","og_title":"R\u00e9seau de support - Gemm srl","og_description":"Forte de ses propres comp\u00e9tences et capacit\u00e9s techniques, une exp\u00e9rience consolid\u00e9e \u00e9tablie de longue date dans le domaine, GEMM est pr\u00e9senteen Italie et dans plus de 80 pays au monde. Au fil des ans GEMM a continu\u00e9 \u00e0 pr\u00e9senter son produit dans les nouveaux pays, \u00e0 la recherche de laconception et de la technologie italiennes, [&hellip;]","og_url":"https:\/\/www.gemm-srl.com\/fr\/reseau-de-support\/","og_site_name":"Gemm srl","article_publisher":"https:\/\/www.facebook.com\/people\/GEMM-SRL\/100065046666797\/","article_modified_time":"2025-01-09T12:05:07+00:00","og_image":[{"width":2560,"height":1140,"url":"https:\/\/www.gemm-srl.com\/wp-content\/uploads\/2021\/09\/visual-rete-assistenza.jpg","type":"image\/jpeg"}],"twitter_card":"summary_large_image","twitter_misc":{"Dur\u00e9e de lecture estim\u00e9e":"1 minute"},"schema":{"@context":"https:\/\/schema.org","@graph":[{"@type":"WebPage","@id":"https:\/\/www.gemm-srl.com\/fr\/reseau-de-support\/","url":"https:\/\/www.gemm-srl.com\/fr\/reseau-de-support\/","name":"R\u00e9seau de support - Gemm srl","isPartOf":{"@id":"https:\/\/www.gemm-srl.com\/fr\/#website"},"primaryImageOfPage":{"@id":"https:\/\/www.gemm-srl.com\/fr\/reseau-de-support\/#primaryimage"},"image":{"@id":"https:\/\/www.gemm-srl.com\/fr\/reseau-de-support\/#primaryimage"},"thumbnailUrl":"https:\/\/www.gemm-srl.com\/wp-content\/uploads\/2021\/09\/visual-rete-assistenza-2048x912.jpg","datePublished":"2019-04-19T09:58:38+00:00","dateModified":"2025-01-09T12:05:07+00:00","breadcrumb":{"@id":"https:\/\/www.gemm-srl.com\/fr\/reseau-de-support\/#breadcrumb"},"inLanguage":"fr-FR","potentialAction":[{"@type":"ReadAction","target":["https:\/\/www.gemm-srl.com\/fr\/reseau-de-support\/"]}]},{"@type":"ImageObject","inLanguage":"fr-FR","@id":"https:\/\/www.gemm-srl.com\/fr\/reseau-de-support\/#primaryimage","url":"https:\/\/www.gemm-srl.com\/wp-content\/uploads\/2021\/09\/visual-rete-assistenza-2048x912.jpg","contentUrl":"https:\/\/www.gemm-srl.com\/wp-content\/uploads\/2021\/09\/visual-rete-assistenza-2048x912.jpg"},{"@type":"BreadcrumbList","@id":"https:\/\/www.gemm-srl.com\/fr\/reseau-de-support\/#breadcrumb","itemListElement":[{"@type":"ListItem","position":1,"name":"Home","item":"https:\/\/www.gemm-srl.com\/fr\/"},{"@type":"ListItem","position":2,"name":"R\u00e9seau de support"}]},{"@type":"WebSite","@id":"https:\/\/www.gemm-srl.com\/fr\/#website","url":"https:\/\/www.gemm-srl.com\/fr\/","name":"Gemm srl","description":"Sistemi refrigerati professionali di alta qualit\u00e0","publisher":{"@id":"https:\/\/www.gemm-srl.com\/fr\/#organization"},"potentialAction":[{"@type":"SearchAction","target":{"@type":"EntryPoint","urlTemplate":"https:\/\/www.gemm-srl.com\/fr\/?s={search_term_string}"},"query-input":{"@type":"PropertyValueSpecification","valueRequired":true,"valueName":"search_term_string"}}],"inLanguage":"fr-FR"},{"@type":"Organization","@id":"https:\/\/www.gemm-srl.com\/fr\/#organization","name":"Gemm srl","url":"https:\/\/www.gemm-srl.com\/fr\/","logo":{"@type":"ImageObject","inLanguage":"fr-FR","@id":"https:\/\/www.gemm-srl.com\/fr\/#\/schema\/logo\/image\/","url":"https:\/\/www.gemm-srl.com\/wp-content\/uploads\/2020\/11\/logo_nero.png","contentUrl":"https:\/\/www.gemm-srl.com\/wp-content\/uploads\/2020\/11\/logo_nero.png","width":250,"height":59,"caption":"Gemm srl"},"image":{"@id":"https:\/\/www.gemm-srl.com\/fr\/#\/schema\/logo\/image\/"},"sameAs":["https:\/\/www.facebook.com\/people\/GEMM-SRL\/100065046666797\/","https:\/\/www.youtube.com\/@gemmsrl","https:\/\/www.linkedin.com\/company\/gemm-s.r.l.\/","https:\/\/www.instagram.com\/gemmsrl\/"]}]}},"_links":{"self":[{"href":"https:\/\/www.gemm-srl.com\/fr\/wp-json\/wp\/v2\/pages\/30497","targetHints":{"allow":["GET"]}}],"collection":[{"href":"https:\/\/www.gemm-srl.com\/fr\/wp-json\/wp\/v2\/pages"}],"about":[{"href":"https:\/\/www.gemm-srl.com\/fr\/wp-json\/wp\/v2\/types\/page"}],"author":[{"embeddable":true,"href":"https:\/\/www.gemm-srl.com\/fr\/wp-json\/wp\/v2\/users\/2"}],"replies":[{"embeddable":true,"href":"https:\/\/www.gemm-srl.com\/fr\/wp-json\/wp\/v2\/comments?post=30497"}],"version-history":[{"count":0,"href":"https:\/\/www.gemm-srl.com\/fr\/wp-json\/wp\/v2\/pages\/30497\/revisions"}],"wp:attachment":[{"href":"https:\/\/www.gemm-srl.com\/fr\/wp-json\/wp\/v2\/media?parent=30497"}],"curies":[{"name":"wp","href":"https:\/\/api.w.org\/{rel}","templated":true}]}}