{"id":39155,"date":"2024-07-25T09:42:58","date_gmt":"2024-07-25T07:42:58","guid":{"rendered":"https:\/\/www.gemm-srl.com\/unkategorisiert\/wl6-422p\/"},"modified":"2026-03-21T01:27:00","modified_gmt":"2026-03-21T00:27:00","slug":"wl6-422p","status":"publish","type":"product","link":"https:\/\/www.gemm-srl.com\/de\/weinkeller\/wine-library-de\/wl6-422p\/","title":{"rendered":"WL6\/422P"},"content":{"rendered":"<p>K\u00dcHLVITRINE F\u00dcR WEINPR\u00c4SENTATION: 4 T\u00fcre Durchgangsvitrine, maximale Flaschenkapazit\u00e4t 512. Technologie, Design und hohe Leistung, um jede Umgebung zu hervorheben. Hergestellt aus Edelstahl AISI 304, erm\u00f6glicht sie die optimale Lagerung jeder Weinsorte mit individuell einstellbarer Temperatur in jedem Fach, +4\/+16\u00b0C. Mit individuell anpassbarem Farbanstrich gl\u00e4nzt die Ganzglast\u00fcr dank der wei\u00dfen LED-Innenbeleuchtung (oder mit warmem Licht auf Anfrage).<\/p>\n","protected":false},"excerpt":{"rendered":"<p>K\u00dcHLVITRINE F\u00dcR WEINPR\u00c4SENTATION: 4 T\u00fcre Durchgangsvitrine, maximale Flaschenkapazit\u00e4t 512. Technologie, Design und hohe Leistung, um jede Umgebung zu hervorheben. Hergestellt aus Edelstahl AISI 304, erm\u00f6glicht sie die optimale Lagerung jeder Weinsorte mit individuell einstellbarer Temperatur in jedem Fach, +4\/+16\u00b0C. Mit individuell anpassbarem Farbanstrich gl\u00e4nzt die Ganzglast\u00fcr dank der wei\u00dfen LED-Innenbeleuchtung (oder mit warmem Licht auf [&hellip;]<\/p>\n","protected":false},"featured_media":147853,"template":"","meta":{"_acf_changed":false},"product_brand":[],"product_cat":[1093],"product_tag":[1133],"class_list":{"0":"post-39155","1":"product","2":"type-product","3":"status-publish","4":"has-post-thumbnail","6":"product_cat-wine-library-de","7":"product_tag-wine-library-en","9":"first","10":"instock","11":"purchasable","12":"product-type-simple"},"acf":{"titolo_h2":"DURCHGEHENDE AUSF\u00dcHRUNG","tipo":"","video":"","file_privati":[151632],"file_pubblici":"","scheda_tecnica":"https:\/\/gemm.datipro.it\/pdf-datasheet\/de\/60000370","depliant":"https:\/\/gemm.datipro.it\/pdf-depliant\/\/DEPLIANT%202025\/GEMM_BRERA_2025_ENG.pdf","struttura_info":"CNS Modulare Struktur","posizione_vano_tecnico":"oberes Installationsfach","tipo_di_refrigerazione_info":"Umluft","elettronica_info":"2.2'' Touch Bedienfeld, Digitalanzeige","sbrinamento_info":"mit Heizelementen","evaporazione_acqua_di_condensa_info":"automatisch","allestimenti_a_richiesta":"Farbausf\u00fchrung auf Anfrage","dotazione_info":"Dimmer f\u00fcr Helligkeitsregulierung","esclusioni_info":"Flaschenhalterstrukturen","spessore_di_isolamento_info":"50","passo_guide_info":"","posizioni_su_cremagliera":"","piano_di_lavoro_inox_info":"","tipo_serratura":"JA","illuminazione":"JA, 6000K (auf Anfrage 2700K)","controllo_ventilazione":"NEIN","controllo_umidita":"NEIN","umidita_relativa":"","gas_info":"R290","tensione_info":"1x230V ~ 50Hz","classe_climatica_info":"4","elenco_accessori":[{"accessori":"60000500 - Kit 4 CNS Auflageboden (SR5\/01) - no. 128 Flaschen"},{"accessori":"60000510 - Kit 3 CNS Auflageboden (SR5\/01) + 2 Rohr - Auflagenboden (ST5\/02) - no. 108 Flaschen"},{"accessori":"60000520 - Kit 3 CNS Auflageboden (SR5\/01) + 2 schr\u00e4gen Auflagenboden (SI5\/04) - no. 110 Flaschen"},{"accessori":"60000530 - Kit 2 CNS Auflageboden (SR5\/01) + 4 Plexiglas - Auflagenboden (SC5\/03)- no. 92 Flaschen"},{"accessori":"60000540 - Kit 2 CNS Auflageboden (SR5\/01) + 2 Plexiglas- Auflagenboden SC5\/03) + 2 schr\u00e4gen Auflagenboden (SI5\/04) - no. 92 Flaschen"},{"accessori":"60000700 - CNS Auflageboenn (no. 32 Flaschen)"},{"accessori":"60000705 - Rohr - Auflagenboden (no. 6 Flaschen)"},{"accessori":"60000710 - Schr\u00e4gen Auflagenboden (no. 7 Flaschen)"},{"accessori":"60000715 - Schr\u00e4ger Plexiglas - Auflagenboden (no. 7 Flaschen)"},{"accessori":"60000750 - 2 Glasw\u00e4nde f\u00fcr WL6\/220 (Mehrpreis) Lange Wine Library + 8 cm mehr als Standard Ausf\u00fchrung"},{"accessori":"60000743 - CNS Rohrstruktur 25X25 WL6 h220 (Glas Seitenw&auml;nde), <br \/>Spiegelgl&auml;nzende Oberfl&auml;che, L&ouml;cher im Raster von 170 mm.<br \/>Maximale Belastung der Regalb&ouml;den: 4 SR5\/01FV oder 8 SO5\/02FV oder 4 SI5\/03FV"},{"accessori":"60000770 - CNS Auflageboden \"senkrechte Flaschen\" (Nr. 28 Flaschen) f\u00fcr CNS Rohrstruktur geeignet f\u00fcr Glas Seitenw\u00e4nde"},{"accessori":"60000780 - CNS Auflageboden \"waagrechte Flaschen\" (Nr. 22 Flaschen) f\u00fcr CNS Rohrstruktur geeignet f\u00fcr Glas Seitenw\u00e4nde"},{"accessori":"60000790 - CNS Auflagenboden \"schr\u00e4ge Flaschen\" (Nr. 12 Flaschen) f\u00fcr CNS Rohrstruktur geeignet f\u00fcr Glas Seitenw\u00e4nde"},{"accessori":"60000860 - Lackierte Ausf\u00fchrung WL6 3 - 4 T\u00fcren (Mehrpreis)"},{"accessori":"40200180Kondensatoreinheit HP 1\/4 f\u00fcr WL Fach (Entfernung > 10m)"},{"accessori":"40200184Kondensatoreinheit HP 1\/6 f\u00fcr WL Fach (Entfernung \u2264 10m)"},{"accessori":"45000565 - \u00dcberwachungssystem Wi-Fi (Mehrpreis)"},{"accessori":"40200560 - Frequenz 60Hz"}],"immagini_portabottiglie":"","strutture_portabottiglie":null,"soluzioni_portabottiglie":null},"yoast_head":"<!-- This site is optimized with the Yoast SEO plugin v26.5 - https:\/\/yoast.com\/wordpress\/plugins\/seo\/ -->\n<title>WL6\/422P - Gemm srl<\/title>\n<meta name=\"robots\" content=\"index, follow, max-snippet:-1, max-image-preview:large, max-video-preview:-1\" \/>\n<link rel=\"canonical\" href=\"https:\/\/www.gemm-srl.com\/de\/weinkeller\/wine-library-de\/wl6-422p\/\" \/>\n<meta property=\"og:locale\" content=\"de_DE\" \/>\n<meta property=\"og:type\" content=\"article\" \/>\n<meta property=\"og:title\" content=\"WL6\/422P - Gemm srl\" \/>\n<meta property=\"og:description\" content=\"K\u00dcHLVITRINE F\u00dcR WEINPR\u00c4SENTATION: 4 T\u00fcre Durchgangsvitrine, maximale Flaschenkapazit\u00e4t 512. Technologie, Design und hohe Leistung, um jede Umgebung zu hervorheben. Hergestellt aus Edelstahl AISI 304, erm\u00f6glicht sie die optimale Lagerung jeder Weinsorte mit individuell einstellbarer Temperatur in jedem Fach, +4\/+16\u00b0C. Mit individuell anpassbarem Farbanstrich gl\u00e4nzt die Ganzglast\u00fcr dank der wei\u00dfen LED-Innenbeleuchtung (oder mit warmem Licht auf [&hellip;]\" \/>\n<meta property=\"og:url\" content=\"https:\/\/www.gemm-srl.com\/de\/weinkeller\/wine-library-de\/wl6-422p\/\" \/>\n<meta property=\"og:site_name\" content=\"Gemm srl\" \/>\n<meta property=\"article:publisher\" content=\"https:\/\/www.facebook.com\/people\/GEMM-SRL\/100065046666797\/\" \/>\n<meta property=\"article:modified_time\" content=\"2026-03-21T00:27:00+00:00\" \/>\n<meta property=\"og:image\" content=\"https:\/\/www.gemm-srl.com\/wp-content\/uploads\/2025\/01\/WL6_422P-LIGHT-scaled.jpg\" \/>\n\t<meta property=\"og:image:width\" content=\"2560\" \/>\n\t<meta property=\"og:image:height\" content=\"1811\" \/>\n\t<meta property=\"og:image:type\" content=\"image\/jpeg\" \/>\n<meta name=\"twitter:card\" content=\"summary_large_image\" \/>\n<script type=\"application\/ld+json\" class=\"yoast-schema-graph\">{\"@context\":\"https:\/\/schema.org\",\"@graph\":[{\"@type\":\"WebPage\",\"@id\":\"https:\/\/www.gemm-srl.com\/de\/weinkeller\/wine-library-de\/wl6-422p\/\",\"url\":\"https:\/\/www.gemm-srl.com\/de\/weinkeller\/wine-library-de\/wl6-422p\/\",\"name\":\"WL6\/422P - Gemm srl\",\"isPartOf\":{\"@id\":\"https:\/\/www.gemm-srl.com\/de\/#website\"},\"primaryImageOfPage\":{\"@id\":\"https:\/\/www.gemm-srl.com\/de\/weinkeller\/wine-library-de\/wl6-422p\/#primaryimage\"},\"image\":{\"@id\":\"https:\/\/www.gemm-srl.com\/de\/weinkeller\/wine-library-de\/wl6-422p\/#primaryimage\"},\"thumbnailUrl\":\"https:\/\/www.gemm-srl.com\/wp-content\/uploads\/2025\/01\/WL6_422P-LIGHT-scaled.jpg\",\"datePublished\":\"2024-07-25T07:42:58+00:00\",\"dateModified\":\"2026-03-21T00:27:00+00:00\",\"breadcrumb\":{\"@id\":\"https:\/\/www.gemm-srl.com\/de\/weinkeller\/wine-library-de\/wl6-422p\/#breadcrumb\"},\"inLanguage\":\"de\",\"potentialAction\":[{\"@type\":\"ReadAction\",\"target\":[\"https:\/\/www.gemm-srl.com\/de\/weinkeller\/wine-library-de\/wl6-422p\/\"]}]},{\"@type\":\"ImageObject\",\"inLanguage\":\"de\",\"@id\":\"https:\/\/www.gemm-srl.com\/de\/weinkeller\/wine-library-de\/wl6-422p\/#primaryimage\",\"url\":\"https:\/\/www.gemm-srl.com\/wp-content\/uploads\/2025\/01\/WL6_422P-LIGHT-scaled.jpg\",\"contentUrl\":\"https:\/\/www.gemm-srl.com\/wp-content\/uploads\/2025\/01\/WL6_422P-LIGHT-scaled.jpg\",\"width\":2560,\"height\":1811},{\"@type\":\"BreadcrumbList\",\"@id\":\"https:\/\/www.gemm-srl.com\/de\/weinkeller\/wine-library-de\/wl6-422p\/#breadcrumb\",\"itemListElement\":[{\"@type\":\"ListItem\",\"position\":1,\"name\":\"Home\",\"item\":\"https:\/\/www.gemm-srl.com\/de\/\"},{\"@type\":\"ListItem\",\"position\":2,\"name\":\"Produkte\",\"item\":\"https:\/\/www.gemm-srl.com\/de\/produkte\/\"},{\"@type\":\"ListItem\",\"position\":3,\"name\":\"Weinkeller\",\"item\":\"https:\/\/www.gemm-srl.com\/de\/weinkeller\/\"},{\"@type\":\"ListItem\",\"position\":4,\"name\":\"Wine Library\",\"item\":\"https:\/\/www.gemm-srl.com\/de\/weinkeller\/wine-library-de\/\"},{\"@type\":\"ListItem\",\"position\":5,\"name\":\"WL6\/422P\"}]},{\"@type\":\"WebSite\",\"@id\":\"https:\/\/www.gemm-srl.com\/de\/#website\",\"url\":\"https:\/\/www.gemm-srl.com\/de\/\",\"name\":\"Gemm srl\",\"description\":\"Sistemi refrigerati professionali di alta qualit\u00e0\",\"publisher\":{\"@id\":\"https:\/\/www.gemm-srl.com\/de\/#organization\"},\"potentialAction\":[{\"@type\":\"SearchAction\",\"target\":{\"@type\":\"EntryPoint\",\"urlTemplate\":\"https:\/\/www.gemm-srl.com\/de\/?s={search_term_string}\"},\"query-input\":{\"@type\":\"PropertyValueSpecification\",\"valueRequired\":true,\"valueName\":\"search_term_string\"}}],\"inLanguage\":\"de\"},{\"@type\":\"Organization\",\"@id\":\"https:\/\/www.gemm-srl.com\/de\/#organization\",\"name\":\"Gemm srl\",\"url\":\"https:\/\/www.gemm-srl.com\/de\/\",\"logo\":{\"@type\":\"ImageObject\",\"inLanguage\":\"de\",\"@id\":\"https:\/\/www.gemm-srl.com\/de\/#\/schema\/logo\/image\/\",\"url\":\"https:\/\/www.gemm-srl.com\/wp-content\/uploads\/2020\/11\/logo_nero.png\",\"contentUrl\":\"https:\/\/www.gemm-srl.com\/wp-content\/uploads\/2020\/11\/logo_nero.png\",\"width\":250,\"height\":59,\"caption\":\"Gemm srl\"},\"image\":{\"@id\":\"https:\/\/www.gemm-srl.com\/de\/#\/schema\/logo\/image\/\"},\"sameAs\":[\"https:\/\/www.facebook.com\/people\/GEMM-SRL\/100065046666797\/\",\"https:\/\/www.youtube.com\/@gemmsrl\",\"https:\/\/www.linkedin.com\/company\/gemm-s.r.l.\/\",\"https:\/\/www.instagram.com\/gemmsrl\/\"]}]}<\/script>\n<!-- \/ Yoast SEO plugin. -->","yoast_head_json":{"title":"WL6\/422P - Gemm srl","robots":{"index":"index","follow":"follow","max-snippet":"max-snippet:-1","max-image-preview":"max-image-preview:large","max-video-preview":"max-video-preview:-1"},"canonical":"https:\/\/www.gemm-srl.com\/de\/weinkeller\/wine-library-de\/wl6-422p\/","og_locale":"de_DE","og_type":"article","og_title":"WL6\/422P - Gemm srl","og_description":"K\u00dcHLVITRINE F\u00dcR WEINPR\u00c4SENTATION: 4 T\u00fcre Durchgangsvitrine, maximale Flaschenkapazit\u00e4t 512. Technologie, Design und hohe Leistung, um jede Umgebung zu hervorheben. Hergestellt aus Edelstahl AISI 304, erm\u00f6glicht sie die optimale Lagerung jeder Weinsorte mit individuell einstellbarer Temperatur in jedem Fach, +4\/+16\u00b0C. Mit individuell anpassbarem Farbanstrich gl\u00e4nzt die Ganzglast\u00fcr dank der wei\u00dfen LED-Innenbeleuchtung (oder mit warmem Licht auf [&hellip;]","og_url":"https:\/\/www.gemm-srl.com\/de\/weinkeller\/wine-library-de\/wl6-422p\/","og_site_name":"Gemm srl","article_publisher":"https:\/\/www.facebook.com\/people\/GEMM-SRL\/100065046666797\/","article_modified_time":"2026-03-21T00:27:00+00:00","og_image":[{"width":2560,"height":1811,"url":"https:\/\/www.gemm-srl.com\/wp-content\/uploads\/2025\/01\/WL6_422P-LIGHT-scaled.jpg","type":"image\/jpeg"}],"twitter_card":"summary_large_image","schema":{"@context":"https:\/\/schema.org","@graph":[{"@type":"WebPage","@id":"https:\/\/www.gemm-srl.com\/de\/weinkeller\/wine-library-de\/wl6-422p\/","url":"https:\/\/www.gemm-srl.com\/de\/weinkeller\/wine-library-de\/wl6-422p\/","name":"WL6\/422P - Gemm srl","isPartOf":{"@id":"https:\/\/www.gemm-srl.com\/de\/#website"},"primaryImageOfPage":{"@id":"https:\/\/www.gemm-srl.com\/de\/weinkeller\/wine-library-de\/wl6-422p\/#primaryimage"},"image":{"@id":"https:\/\/www.gemm-srl.com\/de\/weinkeller\/wine-library-de\/wl6-422p\/#primaryimage"},"thumbnailUrl":"https:\/\/www.gemm-srl.com\/wp-content\/uploads\/2025\/01\/WL6_422P-LIGHT-scaled.jpg","datePublished":"2024-07-25T07:42:58+00:00","dateModified":"2026-03-21T00:27:00+00:00","breadcrumb":{"@id":"https:\/\/www.gemm-srl.com\/de\/weinkeller\/wine-library-de\/wl6-422p\/#breadcrumb"},"inLanguage":"de","potentialAction":[{"@type":"ReadAction","target":["https:\/\/www.gemm-srl.com\/de\/weinkeller\/wine-library-de\/wl6-422p\/"]}]},{"@type":"ImageObject","inLanguage":"de","@id":"https:\/\/www.gemm-srl.com\/de\/weinkeller\/wine-library-de\/wl6-422p\/#primaryimage","url":"https:\/\/www.gemm-srl.com\/wp-content\/uploads\/2025\/01\/WL6_422P-LIGHT-scaled.jpg","contentUrl":"https:\/\/www.gemm-srl.com\/wp-content\/uploads\/2025\/01\/WL6_422P-LIGHT-scaled.jpg","width":2560,"height":1811},{"@type":"BreadcrumbList","@id":"https:\/\/www.gemm-srl.com\/de\/weinkeller\/wine-library-de\/wl6-422p\/#breadcrumb","itemListElement":[{"@type":"ListItem","position":1,"name":"Home","item":"https:\/\/www.gemm-srl.com\/de\/"},{"@type":"ListItem","position":2,"name":"Produkte","item":"https:\/\/www.gemm-srl.com\/de\/produkte\/"},{"@type":"ListItem","position":3,"name":"Weinkeller","item":"https:\/\/www.gemm-srl.com\/de\/weinkeller\/"},{"@type":"ListItem","position":4,"name":"Wine Library","item":"https:\/\/www.gemm-srl.com\/de\/weinkeller\/wine-library-de\/"},{"@type":"ListItem","position":5,"name":"WL6\/422P"}]},{"@type":"WebSite","@id":"https:\/\/www.gemm-srl.com\/de\/#website","url":"https:\/\/www.gemm-srl.com\/de\/","name":"Gemm srl","description":"Sistemi refrigerati professionali di alta qualit\u00e0","publisher":{"@id":"https:\/\/www.gemm-srl.com\/de\/#organization"},"potentialAction":[{"@type":"SearchAction","target":{"@type":"EntryPoint","urlTemplate":"https:\/\/www.gemm-srl.com\/de\/?s={search_term_string}"},"query-input":{"@type":"PropertyValueSpecification","valueRequired":true,"valueName":"search_term_string"}}],"inLanguage":"de"},{"@type":"Organization","@id":"https:\/\/www.gemm-srl.com\/de\/#organization","name":"Gemm srl","url":"https:\/\/www.gemm-srl.com\/de\/","logo":{"@type":"ImageObject","inLanguage":"de","@id":"https:\/\/www.gemm-srl.com\/de\/#\/schema\/logo\/image\/","url":"https:\/\/www.gemm-srl.com\/wp-content\/uploads\/2020\/11\/logo_nero.png","contentUrl":"https:\/\/www.gemm-srl.com\/wp-content\/uploads\/2020\/11\/logo_nero.png","width":250,"height":59,"caption":"Gemm srl"},"image":{"@id":"https:\/\/www.gemm-srl.com\/de\/#\/schema\/logo\/image\/"},"sameAs":["https:\/\/www.facebook.com\/people\/GEMM-SRL\/100065046666797\/","https:\/\/www.youtube.com\/@gemmsrl","https:\/\/www.linkedin.com\/company\/gemm-s.r.l.\/","https:\/\/www.instagram.com\/gemmsrl\/"]}]}},"_links":{"self":[{"href":"https:\/\/www.gemm-srl.com\/de\/wp-json\/wp\/v2\/product\/39155","targetHints":{"allow":["GET"]}}],"collection":[{"href":"https:\/\/www.gemm-srl.com\/de\/wp-json\/wp\/v2\/product"}],"about":[{"href":"https:\/\/www.gemm-srl.com\/de\/wp-json\/wp\/v2\/types\/product"}],"acf:post":[{"embeddable":true,"href":"https:\/\/www.gemm-srl.com\/de\/wp-json\/wp\/v2\/wpdmpro\/151632"}],"wp:featuredmedia":[{"embeddable":true,"href":"https:\/\/www.gemm-srl.com\/de\/wp-json\/wp\/v2\/media\/147853"}],"wp:attachment":[{"href":"https:\/\/www.gemm-srl.com\/de\/wp-json\/wp\/v2\/media?parent=39155"}],"wp:term":[{"taxonomy":"product_brand","embeddable":true,"href":"https:\/\/www.gemm-srl.com\/de\/wp-json\/wp\/v2\/product_brand?post=39155"},{"taxonomy":"product_cat","embeddable":true,"href":"https:\/\/www.gemm-srl.com\/de\/wp-json\/wp\/v2\/product_cat?post=39155"},{"taxonomy":"product_tag","embeddable":true,"href":"https:\/\/www.gemm-srl.com\/de\/wp-json\/wp\/v2\/product_tag?post=39155"}],"curies":[{"name":"wp","href":"https:\/\/api.w.org\/{rel}","templated":true}]}}