{"id":37083,"date":"2022-06-06T14:53:44","date_gmt":"2022-06-06T12:53:44","guid":{"rendered":"https:\/\/www.gemm-srl.com\/unkategorisiert\/pc160\/"},"modified":"2026-04-01T01:48:58","modified_gmt":"2026-03-31T23:48:58","slug":"pc160","status":"publish","type":"product","link":"https:\/\/www.gemm-srl.com\/de\/pizza-counters\/universal-en\/pc160\/","title":{"rendered":"PC\/160"},"content":{"rendered":"<p>PIZZAK\u00dcHLTISCH EN &#8211; Pizzak\u00fchltisch mit 2-t\u00fcrigem K\u00fchlabteil und ungek\u00fchlter Schublade \u00fcber dem Maschinenfach, Arbeitsplatte aus Rosa Sardo Granit mit hinterer Aufkantung und K\u00fchlaufsatz f\u00fcr GN-Beh\u00e4lter mit geradem Glas (ohne GN-Beh\u00e4lter).<\/p>\n","protected":false},"excerpt":{"rendered":"<p>PIZZAK\u00dcHLTISCH EN &#8211; Pizzak\u00fchltisch mit 2-t\u00fcrigem K\u00fchlabteil und ungek\u00fchlter Schublade \u00fcber dem Maschinenfach, Arbeitsplatte aus Rosa Sardo Granit mit hinterer Aufkantung und K\u00fchlaufsatz f\u00fcr GN-Beh\u00e4lter mit geradem Glas (ohne GN-Beh\u00e4lter).<\/p>\n","protected":false},"featured_media":147447,"template":"","meta":{"_acf_changed":false},"product_brand":[],"product_cat":[295],"product_tag":[507],"class_list":{"0":"post-37083","1":"product","2":"type-product","3":"status-publish","4":"has-post-thumbnail","6":"product_cat-universal-en","7":"product_tag-pizzeria-en","9":"first","10":"instock","11":"purchasable","12":"product-type-simple"},"acf":{"titolo_h2":"","tipo":"PF","video":"","file_privati":["",21688,26212],"file_pubblici":["",""],"scheda_tecnica":"https:\/\/gemm.datipro.it\/pdf-datasheet\/de\/20800425","depliant":"https:\/\/gemm.datipro.it\/pdf-depliant\/\/DEPLIANT%202025\/GEMM_PIZZERIA_2025_ENG.pdf","struttura_info":"Edelstahl","posizione_vano_tecnico":"am rechts","tipo_di_refrigerazione_info":"HSS \"Helped Static System\" K\u00fchlung","elettronica_info":"2.8'' Touch Bedienfeld, Digitalanzeige","sbrinamento_info":"automatisch Abtauen mit Heizelementen","evaporazione_acqua_di_condensa_info":"automatisch (Theke)","allestimenti_a_richiesta":"","dotazione_info":"3 Teigbeh\u00e4lter 600x400, 2 Auflageschienenpaar pro T\u00fcrfach, 1 Rost 600x400 pro T\u00fcrfach","esclusioni_info":"GN-Beh\u00e4lter","spessore_di_isolamento_info":"50","passo_guide_info":"75","posizioni_su_cremagliera":"7","piano_di_lavoro_inox_info":"","tipo_serratura":"","illuminazione":"","controllo_ventilazione":"NEIN","controllo_umidita":"NEIN","umidita_relativa":"","gas_info":"R290","tensione_info":"1x230V ~ 50Hz","classe_climatica_info":"5","elenco_accessori":[{"accessori":"20801310 - KIT\/16 KIT CNS Beh\u00e4ltern GN + Deckel f\u00fcr VRPG \/16 SMR\/16 C"},{"accessori":"42030009 - K\u00fchlschubladenblock mit 2 Schubladen 1\/2 (Mehrpreis)"},{"accessori":"20808031 - Schienenpaar f\u00fcr Backblech cm 60x40"},{"accessori":"20808030 - Kunstoffbeschichtetes Gitter cm 60x40"},{"accessori":"20808040 - Kunststoffbeh\u00e4lter cm 60x40x7h"},{"accessori":"20808041 - Kunststoffdeckel cm 60x40x7h"},{"accessori":"20808530 - CNS Sockel (\u20ac\/ml)"},{"accessori":"40200530 - Kit Rollen Nr. 4 \u00d8 125 (2 Blockrollen)"},{"accessori":"45000565 - \u00dcberwachungssystem Wi-Fi (Mehrpreis)"},{"accessori":"40200560 - Frequenz 60Hz"}],"immagini_portabottiglie":null,"strutture_portabottiglie":null,"soluzioni_portabottiglie":null},"yoast_head":"<!-- This site is optimized with the Yoast SEO plugin v26.5 - https:\/\/yoast.com\/wordpress\/plugins\/seo\/ -->\n<title>PC\/160 - Gemm srl<\/title>\n<meta name=\"robots\" content=\"index, follow, max-snippet:-1, max-image-preview:large, max-video-preview:-1\" \/>\n<link rel=\"canonical\" href=\"https:\/\/www.gemm-srl.com\/de\/pizza-counters\/universal-en\/pc160\/\" \/>\n<meta property=\"og:locale\" content=\"de_DE\" \/>\n<meta property=\"og:type\" content=\"article\" \/>\n<meta property=\"og:title\" content=\"PC\/160 - Gemm srl\" \/>\n<meta property=\"og:description\" content=\"PIZZAK\u00dcHLTISCH EN &#8211; Pizzak\u00fchltisch mit 2-t\u00fcrigem K\u00fchlabteil und ungek\u00fchlter Schublade \u00fcber dem Maschinenfach, Arbeitsplatte aus Rosa Sardo Granit mit hinterer Aufkantung und K\u00fchlaufsatz f\u00fcr GN-Beh\u00e4lter mit geradem Glas (ohne GN-Beh\u00e4lter).\" \/>\n<meta property=\"og:url\" content=\"https:\/\/www.gemm-srl.com\/de\/pizza-counters\/universal-en\/pc160\/\" \/>\n<meta property=\"og:site_name\" content=\"Gemm srl\" \/>\n<meta property=\"article:publisher\" content=\"https:\/\/www.facebook.com\/people\/GEMM-SRL\/100065046666797\/\" \/>\n<meta property=\"article:modified_time\" content=\"2026-03-31T23:48:58+00:00\" \/>\n<meta property=\"og:image\" content=\"https:\/\/www.gemm-srl.com\/wp-content\/uploads\/2025\/01\/PC_160-1.jpg\" \/>\n\t<meta property=\"og:image:width\" content=\"657\" \/>\n\t<meta property=\"og:image:height\" content=\"657\" \/>\n\t<meta property=\"og:image:type\" content=\"image\/jpeg\" \/>\n<meta name=\"twitter:card\" content=\"summary_large_image\" \/>\n<script type=\"application\/ld+json\" class=\"yoast-schema-graph\">{\"@context\":\"https:\/\/schema.org\",\"@graph\":[{\"@type\":\"WebPage\",\"@id\":\"https:\/\/www.gemm-srl.com\/de\/pizza-counters\/universal-en\/pc160\/\",\"url\":\"https:\/\/www.gemm-srl.com\/de\/pizza-counters\/universal-en\/pc160\/\",\"name\":\"PC\/160 - Gemm srl\",\"isPartOf\":{\"@id\":\"https:\/\/www.gemm-srl.com\/de\/#website\"},\"primaryImageOfPage\":{\"@id\":\"https:\/\/www.gemm-srl.com\/de\/pizza-counters\/universal-en\/pc160\/#primaryimage\"},\"image\":{\"@id\":\"https:\/\/www.gemm-srl.com\/de\/pizza-counters\/universal-en\/pc160\/#primaryimage\"},\"thumbnailUrl\":\"https:\/\/www.gemm-srl.com\/wp-content\/uploads\/2025\/01\/PC_160-1.jpg\",\"datePublished\":\"2022-06-06T12:53:44+00:00\",\"dateModified\":\"2026-03-31T23:48:58+00:00\",\"breadcrumb\":{\"@id\":\"https:\/\/www.gemm-srl.com\/de\/pizza-counters\/universal-en\/pc160\/#breadcrumb\"},\"inLanguage\":\"de\",\"potentialAction\":[{\"@type\":\"ReadAction\",\"target\":[\"https:\/\/www.gemm-srl.com\/de\/pizza-counters\/universal-en\/pc160\/\"]}]},{\"@type\":\"ImageObject\",\"inLanguage\":\"de\",\"@id\":\"https:\/\/www.gemm-srl.com\/de\/pizza-counters\/universal-en\/pc160\/#primaryimage\",\"url\":\"https:\/\/www.gemm-srl.com\/wp-content\/uploads\/2025\/01\/PC_160-1.jpg\",\"contentUrl\":\"https:\/\/www.gemm-srl.com\/wp-content\/uploads\/2025\/01\/PC_160-1.jpg\",\"width\":657,\"height\":657},{\"@type\":\"BreadcrumbList\",\"@id\":\"https:\/\/www.gemm-srl.com\/de\/pizza-counters\/universal-en\/pc160\/#breadcrumb\",\"itemListElement\":[{\"@type\":\"ListItem\",\"position\":1,\"name\":\"Home\",\"item\":\"https:\/\/www.gemm-srl.com\/de\/\"},{\"@type\":\"ListItem\",\"position\":2,\"name\":\"Produkte\",\"item\":\"https:\/\/www.gemm-srl.com\/de\/produkte\/\"},{\"@type\":\"ListItem\",\"position\":3,\"name\":\"Pizzatische\",\"item\":\"https:\/\/www.gemm-srl.com\/de\/pizzatische\/\"},{\"@type\":\"ListItem\",\"position\":4,\"name\":\"Universal\",\"item\":\"https:\/\/www.gemm-srl.com\/de\/pizzatische\/universal-de\/\"},{\"@type\":\"ListItem\",\"position\":5,\"name\":\"PC\/160\"}]},{\"@type\":\"WebSite\",\"@id\":\"https:\/\/www.gemm-srl.com\/de\/#website\",\"url\":\"https:\/\/www.gemm-srl.com\/de\/\",\"name\":\"Gemm srl\",\"description\":\"Sistemi refrigerati professionali di alta qualit\u00e0\",\"publisher\":{\"@id\":\"https:\/\/www.gemm-srl.com\/de\/#organization\"},\"potentialAction\":[{\"@type\":\"SearchAction\",\"target\":{\"@type\":\"EntryPoint\",\"urlTemplate\":\"https:\/\/www.gemm-srl.com\/de\/?s={search_term_string}\"},\"query-input\":{\"@type\":\"PropertyValueSpecification\",\"valueRequired\":true,\"valueName\":\"search_term_string\"}}],\"inLanguage\":\"de\"},{\"@type\":\"Organization\",\"@id\":\"https:\/\/www.gemm-srl.com\/de\/#organization\",\"name\":\"Gemm srl\",\"url\":\"https:\/\/www.gemm-srl.com\/de\/\",\"logo\":{\"@type\":\"ImageObject\",\"inLanguage\":\"de\",\"@id\":\"https:\/\/www.gemm-srl.com\/de\/#\/schema\/logo\/image\/\",\"url\":\"https:\/\/www.gemm-srl.com\/wp-content\/uploads\/2020\/11\/logo_nero.png\",\"contentUrl\":\"https:\/\/www.gemm-srl.com\/wp-content\/uploads\/2020\/11\/logo_nero.png\",\"width\":250,\"height\":59,\"caption\":\"Gemm srl\"},\"image\":{\"@id\":\"https:\/\/www.gemm-srl.com\/de\/#\/schema\/logo\/image\/\"},\"sameAs\":[\"https:\/\/www.facebook.com\/people\/GEMM-SRL\/100065046666797\/\",\"https:\/\/www.youtube.com\/@gemmsrl\",\"https:\/\/www.linkedin.com\/company\/gemm-s.r.l.\/\",\"https:\/\/www.instagram.com\/gemmsrl\/\"]}]}<\/script>\n<!-- \/ Yoast SEO plugin. -->","yoast_head_json":{"title":"PC\/160 - Gemm srl","robots":{"index":"index","follow":"follow","max-snippet":"max-snippet:-1","max-image-preview":"max-image-preview:large","max-video-preview":"max-video-preview:-1"},"canonical":"https:\/\/www.gemm-srl.com\/de\/pizza-counters\/universal-en\/pc160\/","og_locale":"de_DE","og_type":"article","og_title":"PC\/160 - Gemm srl","og_description":"PIZZAK\u00dcHLTISCH EN &#8211; Pizzak\u00fchltisch mit 2-t\u00fcrigem K\u00fchlabteil und ungek\u00fchlter Schublade \u00fcber dem Maschinenfach, Arbeitsplatte aus Rosa Sardo Granit mit hinterer Aufkantung und K\u00fchlaufsatz f\u00fcr GN-Beh\u00e4lter mit geradem Glas (ohne GN-Beh\u00e4lter).","og_url":"https:\/\/www.gemm-srl.com\/de\/pizza-counters\/universal-en\/pc160\/","og_site_name":"Gemm srl","article_publisher":"https:\/\/www.facebook.com\/people\/GEMM-SRL\/100065046666797\/","article_modified_time":"2026-03-31T23:48:58+00:00","og_image":[{"width":657,"height":657,"url":"https:\/\/www.gemm-srl.com\/wp-content\/uploads\/2025\/01\/PC_160-1.jpg","type":"image\/jpeg"}],"twitter_card":"summary_large_image","schema":{"@context":"https:\/\/schema.org","@graph":[{"@type":"WebPage","@id":"https:\/\/www.gemm-srl.com\/de\/pizza-counters\/universal-en\/pc160\/","url":"https:\/\/www.gemm-srl.com\/de\/pizza-counters\/universal-en\/pc160\/","name":"PC\/160 - Gemm srl","isPartOf":{"@id":"https:\/\/www.gemm-srl.com\/de\/#website"},"primaryImageOfPage":{"@id":"https:\/\/www.gemm-srl.com\/de\/pizza-counters\/universal-en\/pc160\/#primaryimage"},"image":{"@id":"https:\/\/www.gemm-srl.com\/de\/pizza-counters\/universal-en\/pc160\/#primaryimage"},"thumbnailUrl":"https:\/\/www.gemm-srl.com\/wp-content\/uploads\/2025\/01\/PC_160-1.jpg","datePublished":"2022-06-06T12:53:44+00:00","dateModified":"2026-03-31T23:48:58+00:00","breadcrumb":{"@id":"https:\/\/www.gemm-srl.com\/de\/pizza-counters\/universal-en\/pc160\/#breadcrumb"},"inLanguage":"de","potentialAction":[{"@type":"ReadAction","target":["https:\/\/www.gemm-srl.com\/de\/pizza-counters\/universal-en\/pc160\/"]}]},{"@type":"ImageObject","inLanguage":"de","@id":"https:\/\/www.gemm-srl.com\/de\/pizza-counters\/universal-en\/pc160\/#primaryimage","url":"https:\/\/www.gemm-srl.com\/wp-content\/uploads\/2025\/01\/PC_160-1.jpg","contentUrl":"https:\/\/www.gemm-srl.com\/wp-content\/uploads\/2025\/01\/PC_160-1.jpg","width":657,"height":657},{"@type":"BreadcrumbList","@id":"https:\/\/www.gemm-srl.com\/de\/pizza-counters\/universal-en\/pc160\/#breadcrumb","itemListElement":[{"@type":"ListItem","position":1,"name":"Home","item":"https:\/\/www.gemm-srl.com\/de\/"},{"@type":"ListItem","position":2,"name":"Produkte","item":"https:\/\/www.gemm-srl.com\/de\/produkte\/"},{"@type":"ListItem","position":3,"name":"Pizzatische","item":"https:\/\/www.gemm-srl.com\/de\/pizzatische\/"},{"@type":"ListItem","position":4,"name":"Universal","item":"https:\/\/www.gemm-srl.com\/de\/pizzatische\/universal-de\/"},{"@type":"ListItem","position":5,"name":"PC\/160"}]},{"@type":"WebSite","@id":"https:\/\/www.gemm-srl.com\/de\/#website","url":"https:\/\/www.gemm-srl.com\/de\/","name":"Gemm srl","description":"Sistemi refrigerati professionali di alta qualit\u00e0","publisher":{"@id":"https:\/\/www.gemm-srl.com\/de\/#organization"},"potentialAction":[{"@type":"SearchAction","target":{"@type":"EntryPoint","urlTemplate":"https:\/\/www.gemm-srl.com\/de\/?s={search_term_string}"},"query-input":{"@type":"PropertyValueSpecification","valueRequired":true,"valueName":"search_term_string"}}],"inLanguage":"de"},{"@type":"Organization","@id":"https:\/\/www.gemm-srl.com\/de\/#organization","name":"Gemm srl","url":"https:\/\/www.gemm-srl.com\/de\/","logo":{"@type":"ImageObject","inLanguage":"de","@id":"https:\/\/www.gemm-srl.com\/de\/#\/schema\/logo\/image\/","url":"https:\/\/www.gemm-srl.com\/wp-content\/uploads\/2020\/11\/logo_nero.png","contentUrl":"https:\/\/www.gemm-srl.com\/wp-content\/uploads\/2020\/11\/logo_nero.png","width":250,"height":59,"caption":"Gemm srl"},"image":{"@id":"https:\/\/www.gemm-srl.com\/de\/#\/schema\/logo\/image\/"},"sameAs":["https:\/\/www.facebook.com\/people\/GEMM-SRL\/100065046666797\/","https:\/\/www.youtube.com\/@gemmsrl","https:\/\/www.linkedin.com\/company\/gemm-s.r.l.\/","https:\/\/www.instagram.com\/gemmsrl\/"]}]}},"_links":{"self":[{"href":"https:\/\/www.gemm-srl.com\/de\/wp-json\/wp\/v2\/product\/37083","targetHints":{"allow":["GET"]}}],"collection":[{"href":"https:\/\/www.gemm-srl.com\/de\/wp-json\/wp\/v2\/product"}],"about":[{"href":"https:\/\/www.gemm-srl.com\/de\/wp-json\/wp\/v2\/types\/product"}],"acf:post":[{"embeddable":true,"href":"https:\/\/www.gemm-srl.com\/de\/wp-json\/wp\/v2\/wpdmpro\/26212"},{"embeddable":true,"href":"https:\/\/www.gemm-srl.com\/de\/wp-json\/wp\/v2\/wpdmpro\/21688"},{"embeddable":true,"href":"https:\/\/www.gemm-srl.com\/de\/wp-json\/wp\/v2\/product\/"}],"wp:featuredmedia":[{"embeddable":true,"href":"https:\/\/www.gemm-srl.com\/de\/wp-json\/wp\/v2\/media\/147447"}],"wp:attachment":[{"href":"https:\/\/www.gemm-srl.com\/de\/wp-json\/wp\/v2\/media?parent=37083"}],"wp:term":[{"taxonomy":"product_brand","embeddable":true,"href":"https:\/\/www.gemm-srl.com\/de\/wp-json\/wp\/v2\/product_brand?post=37083"},{"taxonomy":"product_cat","embeddable":true,"href":"https:\/\/www.gemm-srl.com\/de\/wp-json\/wp\/v2\/product_cat?post=37083"},{"taxonomy":"product_tag","embeddable":true,"href":"https:\/\/www.gemm-srl.com\/de\/wp-json\/wp\/v2\/product_tag?post=37083"}],"curies":[{"name":"wp","href":"https:\/\/api.w.org\/{rel}","templated":true}]}}