{"id":36879,"date":"2022-06-06T15:03:23","date_gmt":"2022-06-06T13:03:23","guid":{"rendered":"https:\/\/www.gemm-srl.com\/unkategorisiert\/tg7d090a\/"},"modified":"2026-04-03T02:16:39","modified_gmt":"2026-04-03T00:16:39","slug":"tg7d090a","status":"publish","type":"product","link":"https:\/\/www.gemm-srl.com\/de\/kuehl-tiefkuehlunterbauten-und-tische\/new-atlas-de\/tg7d090a\/","title":{"rendered":"TG7D\/090A"},"content":{"rendered":"<p>K\u00dcHLTISCH GN 1\/1 STECKERFERTIG &#8211; K\u00fchltisch GN, Tiefe 700, auch mit Maschinenfach links erh\u00e4ltlich.<\/p>\n","protected":false},"excerpt":{"rendered":"<p>K\u00dcHLTISCH GN 1\/1 STECKERFERTIG &#8211; K\u00fchltisch GN, Tiefe 700, auch mit Maschinenfach links erh\u00e4ltlich.<\/p>\n","protected":false},"featured_media":149411,"template":"","meta":{"_acf_changed":false},"product_brand":[],"product_cat":[849],"product_tag":[516],"class_list":{"0":"post-36879","1":"product","2":"type-product","3":"status-publish","4":"has-post-thumbnail","6":"product_cat-new-atlas-de","7":"product_tag-professional-kitchens","9":"first","10":"instock","11":"purchasable","12":"product-type-simple"},"acf":{"titolo_h2":"POSITIVE TEMPERATUR","tipo":"VA","video":"","file_privati":[151471,152159],"file_pubblici":"","scheda_tecnica":"https:\/\/gemm.datipro.it\/pdf-datasheet\/de\/40202397","depliant":"https:\/\/gemm.datipro.it\/pdf-depliant\/\/DEPLIANT%202025\/GEMM_NEW_ATLAS_ATLAS_PLUS_2026_DE.pdf","struttura_info":"Edelstahl","posizione_vano_tecnico":"am rechts","tipo_di_refrigerazione_info":"Umluft","elettronica_info":"2.8'' Touch Bedienfeld, Digitalanzeige","sbrinamento_info":"mit Heizelementen","evaporazione_acqua_di_condensa_info":"automatische Kondensatverdunstung","allestimenti_a_richiesta":"Schubladenbl\u00f6cke","dotazione_info":"1 GN 1\/1 Rost pro T\u00fcrfach","esclusioni_info":"","spessore_di_isolamento_info":"50","passo_guide_info":"75","posizioni_su_cremagliera":"7","piano_di_lavoro_inox_info":"10-ott","tipo_serratura":"","illuminazione":"","controllo_ventilazione":"NEIN","controllo_umidita":"NEIN","umidita_relativa":"","gas_info":"R290","tensione_info":"1x230V ~ 50Hz","classe_climatica_info":"5","elenco_accessori":[{"accessori":"40202300 - K\u00fchlschubladenblock mit 2 Schubladen 1\/2 (Mehrpreis)"},{"accessori":"40202305 - K\u00fchlschublade mit 3 Schublade 1\/3 (Mehrpreis)"},{"accessori":"40202310 - K\u00fchlschublade mit 2 Schublade 1\/3+2\/3 (Mehrpreis)"},{"accessori":"40200500 - Rost GN 1\/1"},{"accessori":"45100240 - CNS Rost GN 1\/1"},{"accessori":"40200506 - Schinenpaar f\u00fcr Rost GN1\/1"},{"accessori":"40105050 - CNS Beh\u00e4lter GN1\/1 h 40mm"},{"accessori":"40105060 - CNS Beh\u00e4lter GN1\/1 h 65mm"},{"accessori":"40105070 - CNS Beh\u00e4lter GN1\/1 h 100mm"},{"accessori":"40105080 - CNS Deckel f\u00fcr CNS Beh\u00e4lter GN 1\/1"},{"accessori":"40200530 - Kit Rollen Nr. 4 \u00d8 125 (2 Blockrollen)"},{"accessori":"40202700 - Glast\u00fcr f\u00fcr K\u00fchltisch mit Tiefe 600\/700 und Led-Beleuchtung (Mehrpreis)"},{"accessori":"40203005 - Led Beleuchtung f\u00fcr je T\u00fcr (K\u00fchltisch), Mehrpreis"},{"accessori":"45000565 - \u00dcberwachungssystem Wi-Fi (Mehrpreis)"},{"accessori":"40200560 - Frequenz 60Hz"}],"immagini_portabottiglie":"","strutture_portabottiglie":null,"soluzioni_portabottiglie":null},"yoast_head":"<!-- This site is optimized with the Yoast SEO plugin v26.5 - https:\/\/yoast.com\/wordpress\/plugins\/seo\/ -->\n<title>TG7D\/090A - Gemm srl<\/title>\n<meta name=\"robots\" content=\"index, follow, max-snippet:-1, max-image-preview:large, max-video-preview:-1\" \/>\n<link rel=\"canonical\" href=\"https:\/\/www.gemm-srl.com\/de\/kuehl-tiefkuehlunterbauten-und-tische\/new-atlas-de\/tg7d090a\/\" \/>\n<meta property=\"og:locale\" content=\"de_DE\" \/>\n<meta property=\"og:type\" content=\"article\" \/>\n<meta property=\"og:title\" content=\"TG7D\/090A - Gemm srl\" \/>\n<meta property=\"og:description\" content=\"K\u00dcHLTISCH GN 1\/1 STECKERFERTIG &#8211; K\u00fchltisch GN, Tiefe 700, auch mit Maschinenfach links erh\u00e4ltlich.\" \/>\n<meta property=\"og:url\" content=\"https:\/\/www.gemm-srl.com\/de\/kuehl-tiefkuehlunterbauten-und-tische\/new-atlas-de\/tg7d090a\/\" \/>\n<meta property=\"og:site_name\" content=\"Gemm srl\" \/>\n<meta property=\"article:publisher\" content=\"https:\/\/www.facebook.com\/people\/GEMM-SRL\/100065046666797\/\" \/>\n<meta property=\"article:modified_time\" content=\"2026-04-03T00:16:39+00:00\" \/>\n<meta property=\"og:image\" content=\"https:\/\/www.gemm-srl.com\/wp-content\/uploads\/2025\/05\/TG7D_090A_SITO-scaled.jpg\" \/>\n\t<meta property=\"og:image:width\" content=\"2560\" \/>\n\t<meta property=\"og:image:height\" content=\"2560\" \/>\n\t<meta property=\"og:image:type\" content=\"image\/jpeg\" \/>\n<meta name=\"twitter:card\" content=\"summary_large_image\" \/>\n<script type=\"application\/ld+json\" class=\"yoast-schema-graph\">{\"@context\":\"https:\/\/schema.org\",\"@graph\":[{\"@type\":\"WebPage\",\"@id\":\"https:\/\/www.gemm-srl.com\/de\/kuehl-tiefkuehlunterbauten-und-tische\/new-atlas-de\/tg7d090a\/\",\"url\":\"https:\/\/www.gemm-srl.com\/de\/kuehl-tiefkuehlunterbauten-und-tische\/new-atlas-de\/tg7d090a\/\",\"name\":\"TG7D\/090A - Gemm srl\",\"isPartOf\":{\"@id\":\"https:\/\/www.gemm-srl.com\/de\/#website\"},\"primaryImageOfPage\":{\"@id\":\"https:\/\/www.gemm-srl.com\/de\/kuehl-tiefkuehlunterbauten-und-tische\/new-atlas-de\/tg7d090a\/#primaryimage\"},\"image\":{\"@id\":\"https:\/\/www.gemm-srl.com\/de\/kuehl-tiefkuehlunterbauten-und-tische\/new-atlas-de\/tg7d090a\/#primaryimage\"},\"thumbnailUrl\":\"https:\/\/www.gemm-srl.com\/wp-content\/uploads\/2025\/05\/TG7D_090A_SITO-scaled.jpg\",\"datePublished\":\"2022-06-06T13:03:23+00:00\",\"dateModified\":\"2026-04-03T00:16:39+00:00\",\"breadcrumb\":{\"@id\":\"https:\/\/www.gemm-srl.com\/de\/kuehl-tiefkuehlunterbauten-und-tische\/new-atlas-de\/tg7d090a\/#breadcrumb\"},\"inLanguage\":\"de\",\"potentialAction\":[{\"@type\":\"ReadAction\",\"target\":[\"https:\/\/www.gemm-srl.com\/de\/kuehl-tiefkuehlunterbauten-und-tische\/new-atlas-de\/tg7d090a\/\"]}]},{\"@type\":\"ImageObject\",\"inLanguage\":\"de\",\"@id\":\"https:\/\/www.gemm-srl.com\/de\/kuehl-tiefkuehlunterbauten-und-tische\/new-atlas-de\/tg7d090a\/#primaryimage\",\"url\":\"https:\/\/www.gemm-srl.com\/wp-content\/uploads\/2025\/05\/TG7D_090A_SITO-scaled.jpg\",\"contentUrl\":\"https:\/\/www.gemm-srl.com\/wp-content\/uploads\/2025\/05\/TG7D_090A_SITO-scaled.jpg\",\"width\":2560,\"height\":2560},{\"@type\":\"BreadcrumbList\",\"@id\":\"https:\/\/www.gemm-srl.com\/de\/kuehl-tiefkuehlunterbauten-und-tische\/new-atlas-de\/tg7d090a\/#breadcrumb\",\"itemListElement\":[{\"@type\":\"ListItem\",\"position\":1,\"name\":\"Home\",\"item\":\"https:\/\/www.gemm-srl.com\/de\/\"},{\"@type\":\"ListItem\",\"position\":2,\"name\":\"Produkte\",\"item\":\"https:\/\/www.gemm-srl.com\/de\/produkte\/\"},{\"@type\":\"ListItem\",\"position\":3,\"name\":\"Gek\u00fchlte und tiefgek\u00fchlte Unterbauten und Tische\",\"item\":\"https:\/\/www.gemm-srl.com\/de\/kuehl-tiefkuehlunterbauten-und-tische\/\"},{\"@type\":\"ListItem\",\"position\":4,\"name\":\"New Atlas\",\"item\":\"https:\/\/www.gemm-srl.com\/de\/kuehl-tiefkuehlunterbauten-und-tische\/new-atlas-de\/\"},{\"@type\":\"ListItem\",\"position\":5,\"name\":\"TG7D\/090A\"}]},{\"@type\":\"WebSite\",\"@id\":\"https:\/\/www.gemm-srl.com\/de\/#website\",\"url\":\"https:\/\/www.gemm-srl.com\/de\/\",\"name\":\"Gemm srl\",\"description\":\"Sistemi refrigerati professionali di alta qualit\u00e0\",\"publisher\":{\"@id\":\"https:\/\/www.gemm-srl.com\/de\/#organization\"},\"potentialAction\":[{\"@type\":\"SearchAction\",\"target\":{\"@type\":\"EntryPoint\",\"urlTemplate\":\"https:\/\/www.gemm-srl.com\/de\/?s={search_term_string}\"},\"query-input\":{\"@type\":\"PropertyValueSpecification\",\"valueRequired\":true,\"valueName\":\"search_term_string\"}}],\"inLanguage\":\"de\"},{\"@type\":\"Organization\",\"@id\":\"https:\/\/www.gemm-srl.com\/de\/#organization\",\"name\":\"Gemm srl\",\"url\":\"https:\/\/www.gemm-srl.com\/de\/\",\"logo\":{\"@type\":\"ImageObject\",\"inLanguage\":\"de\",\"@id\":\"https:\/\/www.gemm-srl.com\/de\/#\/schema\/logo\/image\/\",\"url\":\"https:\/\/www.gemm-srl.com\/wp-content\/uploads\/2020\/11\/logo_nero.png\",\"contentUrl\":\"https:\/\/www.gemm-srl.com\/wp-content\/uploads\/2020\/11\/logo_nero.png\",\"width\":250,\"height\":59,\"caption\":\"Gemm srl\"},\"image\":{\"@id\":\"https:\/\/www.gemm-srl.com\/de\/#\/schema\/logo\/image\/\"},\"sameAs\":[\"https:\/\/www.facebook.com\/people\/GEMM-SRL\/100065046666797\/\",\"https:\/\/www.youtube.com\/@gemmsrl\",\"https:\/\/www.linkedin.com\/company\/gemm-s.r.l.\/\",\"https:\/\/www.instagram.com\/gemmsrl\/\"]}]}<\/script>\n<!-- \/ Yoast SEO plugin. -->","yoast_head_json":{"title":"TG7D\/090A - Gemm srl","robots":{"index":"index","follow":"follow","max-snippet":"max-snippet:-1","max-image-preview":"max-image-preview:large","max-video-preview":"max-video-preview:-1"},"canonical":"https:\/\/www.gemm-srl.com\/de\/kuehl-tiefkuehlunterbauten-und-tische\/new-atlas-de\/tg7d090a\/","og_locale":"de_DE","og_type":"article","og_title":"TG7D\/090A - Gemm srl","og_description":"K\u00dcHLTISCH GN 1\/1 STECKERFERTIG &#8211; K\u00fchltisch GN, Tiefe 700, auch mit Maschinenfach links erh\u00e4ltlich.","og_url":"https:\/\/www.gemm-srl.com\/de\/kuehl-tiefkuehlunterbauten-und-tische\/new-atlas-de\/tg7d090a\/","og_site_name":"Gemm srl","article_publisher":"https:\/\/www.facebook.com\/people\/GEMM-SRL\/100065046666797\/","article_modified_time":"2026-04-03T00:16:39+00:00","og_image":[{"width":2560,"height":2560,"url":"https:\/\/www.gemm-srl.com\/wp-content\/uploads\/2025\/05\/TG7D_090A_SITO-scaled.jpg","type":"image\/jpeg"}],"twitter_card":"summary_large_image","schema":{"@context":"https:\/\/schema.org","@graph":[{"@type":"WebPage","@id":"https:\/\/www.gemm-srl.com\/de\/kuehl-tiefkuehlunterbauten-und-tische\/new-atlas-de\/tg7d090a\/","url":"https:\/\/www.gemm-srl.com\/de\/kuehl-tiefkuehlunterbauten-und-tische\/new-atlas-de\/tg7d090a\/","name":"TG7D\/090A - Gemm srl","isPartOf":{"@id":"https:\/\/www.gemm-srl.com\/de\/#website"},"primaryImageOfPage":{"@id":"https:\/\/www.gemm-srl.com\/de\/kuehl-tiefkuehlunterbauten-und-tische\/new-atlas-de\/tg7d090a\/#primaryimage"},"image":{"@id":"https:\/\/www.gemm-srl.com\/de\/kuehl-tiefkuehlunterbauten-und-tische\/new-atlas-de\/tg7d090a\/#primaryimage"},"thumbnailUrl":"https:\/\/www.gemm-srl.com\/wp-content\/uploads\/2025\/05\/TG7D_090A_SITO-scaled.jpg","datePublished":"2022-06-06T13:03:23+00:00","dateModified":"2026-04-03T00:16:39+00:00","breadcrumb":{"@id":"https:\/\/www.gemm-srl.com\/de\/kuehl-tiefkuehlunterbauten-und-tische\/new-atlas-de\/tg7d090a\/#breadcrumb"},"inLanguage":"de","potentialAction":[{"@type":"ReadAction","target":["https:\/\/www.gemm-srl.com\/de\/kuehl-tiefkuehlunterbauten-und-tische\/new-atlas-de\/tg7d090a\/"]}]},{"@type":"ImageObject","inLanguage":"de","@id":"https:\/\/www.gemm-srl.com\/de\/kuehl-tiefkuehlunterbauten-und-tische\/new-atlas-de\/tg7d090a\/#primaryimage","url":"https:\/\/www.gemm-srl.com\/wp-content\/uploads\/2025\/05\/TG7D_090A_SITO-scaled.jpg","contentUrl":"https:\/\/www.gemm-srl.com\/wp-content\/uploads\/2025\/05\/TG7D_090A_SITO-scaled.jpg","width":2560,"height":2560},{"@type":"BreadcrumbList","@id":"https:\/\/www.gemm-srl.com\/de\/kuehl-tiefkuehlunterbauten-und-tische\/new-atlas-de\/tg7d090a\/#breadcrumb","itemListElement":[{"@type":"ListItem","position":1,"name":"Home","item":"https:\/\/www.gemm-srl.com\/de\/"},{"@type":"ListItem","position":2,"name":"Produkte","item":"https:\/\/www.gemm-srl.com\/de\/produkte\/"},{"@type":"ListItem","position":3,"name":"Gek\u00fchlte und tiefgek\u00fchlte Unterbauten und Tische","item":"https:\/\/www.gemm-srl.com\/de\/kuehl-tiefkuehlunterbauten-und-tische\/"},{"@type":"ListItem","position":4,"name":"New Atlas","item":"https:\/\/www.gemm-srl.com\/de\/kuehl-tiefkuehlunterbauten-und-tische\/new-atlas-de\/"},{"@type":"ListItem","position":5,"name":"TG7D\/090A"}]},{"@type":"WebSite","@id":"https:\/\/www.gemm-srl.com\/de\/#website","url":"https:\/\/www.gemm-srl.com\/de\/","name":"Gemm srl","description":"Sistemi refrigerati professionali di alta qualit\u00e0","publisher":{"@id":"https:\/\/www.gemm-srl.com\/de\/#organization"},"potentialAction":[{"@type":"SearchAction","target":{"@type":"EntryPoint","urlTemplate":"https:\/\/www.gemm-srl.com\/de\/?s={search_term_string}"},"query-input":{"@type":"PropertyValueSpecification","valueRequired":true,"valueName":"search_term_string"}}],"inLanguage":"de"},{"@type":"Organization","@id":"https:\/\/www.gemm-srl.com\/de\/#organization","name":"Gemm srl","url":"https:\/\/www.gemm-srl.com\/de\/","logo":{"@type":"ImageObject","inLanguage":"de","@id":"https:\/\/www.gemm-srl.com\/de\/#\/schema\/logo\/image\/","url":"https:\/\/www.gemm-srl.com\/wp-content\/uploads\/2020\/11\/logo_nero.png","contentUrl":"https:\/\/www.gemm-srl.com\/wp-content\/uploads\/2020\/11\/logo_nero.png","width":250,"height":59,"caption":"Gemm srl"},"image":{"@id":"https:\/\/www.gemm-srl.com\/de\/#\/schema\/logo\/image\/"},"sameAs":["https:\/\/www.facebook.com\/people\/GEMM-SRL\/100065046666797\/","https:\/\/www.youtube.com\/@gemmsrl","https:\/\/www.linkedin.com\/company\/gemm-s.r.l.\/","https:\/\/www.instagram.com\/gemmsrl\/"]}]}},"_links":{"self":[{"href":"https:\/\/www.gemm-srl.com\/de\/wp-json\/wp\/v2\/product\/36879","targetHints":{"allow":["GET"]}}],"collection":[{"href":"https:\/\/www.gemm-srl.com\/de\/wp-json\/wp\/v2\/product"}],"about":[{"href":"https:\/\/www.gemm-srl.com\/de\/wp-json\/wp\/v2\/types\/product"}],"acf:post":[{"embeddable":true,"href":"https:\/\/www.gemm-srl.com\/de\/wp-json\/wp\/v2\/wpdmpro\/152159"},{"embeddable":true,"href":"https:\/\/www.gemm-srl.com\/de\/wp-json\/wp\/v2\/wpdmpro\/151471"}],"wp:featuredmedia":[{"embeddable":true,"href":"https:\/\/www.gemm-srl.com\/de\/wp-json\/wp\/v2\/media\/149411"}],"wp:attachment":[{"href":"https:\/\/www.gemm-srl.com\/de\/wp-json\/wp\/v2\/media?parent=36879"}],"wp:term":[{"taxonomy":"product_brand","embeddable":true,"href":"https:\/\/www.gemm-srl.com\/de\/wp-json\/wp\/v2\/product_brand?post=36879"},{"taxonomy":"product_cat","embeddable":true,"href":"https:\/\/www.gemm-srl.com\/de\/wp-json\/wp\/v2\/product_cat?post=36879"},{"taxonomy":"product_tag","embeddable":true,"href":"https:\/\/www.gemm-srl.com\/de\/wp-json\/wp\/v2\/product_tag?post=36879"}],"curies":[{"name":"wp","href":"https:\/\/api.w.org\/{rel}","templated":true}]}}