{"id":36743,"date":"2022-06-06T15:04:59","date_gmt":"2022-06-06T13:04:59","guid":{"rendered":"https:\/\/www.gemm-srl.com\/unkategorisiert\/tapn13a\/"},"modified":"2026-02-24T04:27:42","modified_gmt":"2026-02-24T03:27:42","slug":"tapn13a","status":"publish","type":"product","link":"https:\/\/www.gemm-srl.com\/de\/kuehl-tiefkuehlunterbauten-und-tische\/labor-de\/tapn13a\/","title":{"rendered":"TAPN\/13A"},"content":{"rendered":"<p>B\u00c4CKEREIK\u00dcHLTISCH EN ZENTRALGEK\u00dcHLT &#8211; Backwarenk\u00fchltisch geeignet f\u00fcr Blechen 600&#215;400<\/p>\n","protected":false},"excerpt":{"rendered":"<p>B\u00c4CKEREIK\u00dcHLTISCH EN ZENTRALGEK\u00dcHLT &#8211; Backwarenk\u00fchltisch geeignet f\u00fcr Blechen 600&#215;400<\/p>\n","protected":false},"featured_media":149847,"template":"","meta":{"_acf_changed":false},"product_brand":[],"product_cat":[776],"product_tag":[528],"class_list":{"0":"post-36743","1":"product","2":"type-product","3":"status-publish","4":"has-post-thumbnail","6":"product_cat-labor-de","7":"product_tag-pastry","9":"first","10":"instock","11":"purchasable","12":"product-type-simple"},"acf":{"titolo_h2":"POSITIVE TEMPERATUR","tipo":"VA","video":"","file_privati":[151394],"file_pubblici":"","scheda_tecnica":"https:\/\/gemm.datipro.it\/pdf-datasheet\/de\/42030102","depliant":"https:\/\/gemm.datipro.it\/pdf-depliant\/\/DEPLIANT%202025\/GEMM_LABOR_LABOR_PLUS_2026_DE.pdf","struttura_info":"Edelstahl","posizione_vano_tecnico":"am rechts","tipo_di_refrigerazione_info":"HSS-K\u00fchlung \"Helped Static System\u201c","elettronica_info":"2.8'' Touch Bedienfeld, Digitalanzeige","sbrinamento_info":"automatisch Abtauen mit Heizelementen","evaporazione_acqua_di_condensa_info":"Tauwasserschale, herausziehbar","allestimenti_a_richiesta":"Schubladenbl\u00f6cke","dotazione_info":"7 Paar Auflageschienen pro T\u00fcrfach","esclusioni_info":"K\u00fchleinheit","spessore_di_isolamento_info":"50","passo_guide_info":"75","posizioni_su_cremagliera":"7","piano_di_lavoro_inox_info":"","tipo_serratura":"","illuminazione":"","controllo_ventilazione":"NEIN","controllo_umidita":"NEIN","umidita_relativa":"","gas_info":"R134a","tensione_info":"1x230V ~ 50Hz","classe_climatica_info":"5","elenco_accessori":null,"immagini_portabottiglie":"","strutture_portabottiglie":null,"soluzioni_portabottiglie":null},"yoast_head":"<!-- This site is optimized with the Yoast SEO plugin v26.5 - https:\/\/yoast.com\/wordpress\/plugins\/seo\/ -->\n<title>TAPN\/13A - Gemm srl<\/title>\n<meta name=\"robots\" content=\"index, follow, max-snippet:-1, max-image-preview:large, max-video-preview:-1\" \/>\n<link rel=\"canonical\" href=\"https:\/\/www.gemm-srl.com\/de\/kuehl-tiefkuehlunterbauten-und-tische\/labor-de\/tapn13a\/\" \/>\n<meta property=\"og:locale\" content=\"de_DE\" \/>\n<meta property=\"og:type\" content=\"article\" \/>\n<meta property=\"og:title\" content=\"TAPN\/13A - Gemm srl\" \/>\n<meta property=\"og:description\" content=\"B\u00c4CKEREIK\u00dcHLTISCH EN ZENTRALGEK\u00dcHLT &#8211; Backwarenk\u00fchltisch geeignet f\u00fcr Blechen 600&#215;400\" \/>\n<meta property=\"og:url\" content=\"https:\/\/www.gemm-srl.com\/de\/kuehl-tiefkuehlunterbauten-und-tische\/labor-de\/tapn13a\/\" \/>\n<meta property=\"og:site_name\" content=\"Gemm srl\" \/>\n<meta property=\"article:publisher\" content=\"https:\/\/www.facebook.com\/people\/GEMM-SRL\/100065046666797\/\" \/>\n<meta property=\"article:modified_time\" content=\"2026-02-24T03:27:42+00:00\" \/>\n<meta property=\"og:image\" content=\"https:\/\/www.gemm-srl.com\/wp-content\/uploads\/2025\/05\/TAPN_13A_SITO-scaled.jpg\" \/>\n\t<meta property=\"og:image:width\" content=\"2560\" \/>\n\t<meta property=\"og:image:height\" content=\"2560\" \/>\n\t<meta property=\"og:image:type\" content=\"image\/jpeg\" \/>\n<meta name=\"twitter:card\" content=\"summary_large_image\" \/>\n<script type=\"application\/ld+json\" class=\"yoast-schema-graph\">{\"@context\":\"https:\/\/schema.org\",\"@graph\":[{\"@type\":\"WebPage\",\"@id\":\"https:\/\/www.gemm-srl.com\/de\/kuehl-tiefkuehlunterbauten-und-tische\/labor-de\/tapn13a\/\",\"url\":\"https:\/\/www.gemm-srl.com\/de\/kuehl-tiefkuehlunterbauten-und-tische\/labor-de\/tapn13a\/\",\"name\":\"TAPN\/13A - Gemm srl\",\"isPartOf\":{\"@id\":\"https:\/\/www.gemm-srl.com\/de\/#website\"},\"primaryImageOfPage\":{\"@id\":\"https:\/\/www.gemm-srl.com\/de\/kuehl-tiefkuehlunterbauten-und-tische\/labor-de\/tapn13a\/#primaryimage\"},\"image\":{\"@id\":\"https:\/\/www.gemm-srl.com\/de\/kuehl-tiefkuehlunterbauten-und-tische\/labor-de\/tapn13a\/#primaryimage\"},\"thumbnailUrl\":\"https:\/\/www.gemm-srl.com\/wp-content\/uploads\/2025\/05\/TAPN_13A_SITO-scaled.jpg\",\"datePublished\":\"2022-06-06T13:04:59+00:00\",\"dateModified\":\"2026-02-24T03:27:42+00:00\",\"breadcrumb\":{\"@id\":\"https:\/\/www.gemm-srl.com\/de\/kuehl-tiefkuehlunterbauten-und-tische\/labor-de\/tapn13a\/#breadcrumb\"},\"inLanguage\":\"de\",\"potentialAction\":[{\"@type\":\"ReadAction\",\"target\":[\"https:\/\/www.gemm-srl.com\/de\/kuehl-tiefkuehlunterbauten-und-tische\/labor-de\/tapn13a\/\"]}]},{\"@type\":\"ImageObject\",\"inLanguage\":\"de\",\"@id\":\"https:\/\/www.gemm-srl.com\/de\/kuehl-tiefkuehlunterbauten-und-tische\/labor-de\/tapn13a\/#primaryimage\",\"url\":\"https:\/\/www.gemm-srl.com\/wp-content\/uploads\/2025\/05\/TAPN_13A_SITO-scaled.jpg\",\"contentUrl\":\"https:\/\/www.gemm-srl.com\/wp-content\/uploads\/2025\/05\/TAPN_13A_SITO-scaled.jpg\",\"width\":2560,\"height\":2560},{\"@type\":\"BreadcrumbList\",\"@id\":\"https:\/\/www.gemm-srl.com\/de\/kuehl-tiefkuehlunterbauten-und-tische\/labor-de\/tapn13a\/#breadcrumb\",\"itemListElement\":[{\"@type\":\"ListItem\",\"position\":1,\"name\":\"Home\",\"item\":\"https:\/\/www.gemm-srl.com\/de\/\"},{\"@type\":\"ListItem\",\"position\":2,\"name\":\"Produkte\",\"item\":\"https:\/\/www.gemm-srl.com\/de\/produkte\/\"},{\"@type\":\"ListItem\",\"position\":3,\"name\":\"Gek\u00fchlte und tiefgek\u00fchlte Unterbauten und Tische\",\"item\":\"https:\/\/www.gemm-srl.com\/de\/kuehl-tiefkuehlunterbauten-und-tische\/\"},{\"@type\":\"ListItem\",\"position\":4,\"name\":\"Labor\",\"item\":\"https:\/\/www.gemm-srl.com\/de\/kuehl-tiefkuehlunterbauten-und-tische\/labor-de\/\"},{\"@type\":\"ListItem\",\"position\":5,\"name\":\"TAPN\/13A\"}]},{\"@type\":\"WebSite\",\"@id\":\"https:\/\/www.gemm-srl.com\/de\/#website\",\"url\":\"https:\/\/www.gemm-srl.com\/de\/\",\"name\":\"Gemm srl\",\"description\":\"Sistemi refrigerati professionali di alta qualit\u00e0\",\"publisher\":{\"@id\":\"https:\/\/www.gemm-srl.com\/de\/#organization\"},\"potentialAction\":[{\"@type\":\"SearchAction\",\"target\":{\"@type\":\"EntryPoint\",\"urlTemplate\":\"https:\/\/www.gemm-srl.com\/de\/?s={search_term_string}\"},\"query-input\":{\"@type\":\"PropertyValueSpecification\",\"valueRequired\":true,\"valueName\":\"search_term_string\"}}],\"inLanguage\":\"de\"},{\"@type\":\"Organization\",\"@id\":\"https:\/\/www.gemm-srl.com\/de\/#organization\",\"name\":\"Gemm srl\",\"url\":\"https:\/\/www.gemm-srl.com\/de\/\",\"logo\":{\"@type\":\"ImageObject\",\"inLanguage\":\"de\",\"@id\":\"https:\/\/www.gemm-srl.com\/de\/#\/schema\/logo\/image\/\",\"url\":\"https:\/\/www.gemm-srl.com\/wp-content\/uploads\/2020\/11\/logo_nero.png\",\"contentUrl\":\"https:\/\/www.gemm-srl.com\/wp-content\/uploads\/2020\/11\/logo_nero.png\",\"width\":250,\"height\":59,\"caption\":\"Gemm srl\"},\"image\":{\"@id\":\"https:\/\/www.gemm-srl.com\/de\/#\/schema\/logo\/image\/\"},\"sameAs\":[\"https:\/\/www.facebook.com\/people\/GEMM-SRL\/100065046666797\/\",\"https:\/\/www.youtube.com\/@gemmsrl\",\"https:\/\/www.linkedin.com\/company\/gemm-s.r.l.\/\",\"https:\/\/www.instagram.com\/gemmsrl\/\"]}]}<\/script>\n<!-- \/ Yoast SEO plugin. -->","yoast_head_json":{"title":"TAPN\/13A - Gemm srl","robots":{"index":"index","follow":"follow","max-snippet":"max-snippet:-1","max-image-preview":"max-image-preview:large","max-video-preview":"max-video-preview:-1"},"canonical":"https:\/\/www.gemm-srl.com\/de\/kuehl-tiefkuehlunterbauten-und-tische\/labor-de\/tapn13a\/","og_locale":"de_DE","og_type":"article","og_title":"TAPN\/13A - Gemm srl","og_description":"B\u00c4CKEREIK\u00dcHLTISCH EN ZENTRALGEK\u00dcHLT &#8211; Backwarenk\u00fchltisch geeignet f\u00fcr Blechen 600&#215;400","og_url":"https:\/\/www.gemm-srl.com\/de\/kuehl-tiefkuehlunterbauten-und-tische\/labor-de\/tapn13a\/","og_site_name":"Gemm srl","article_publisher":"https:\/\/www.facebook.com\/people\/GEMM-SRL\/100065046666797\/","article_modified_time":"2026-02-24T03:27:42+00:00","og_image":[{"width":2560,"height":2560,"url":"https:\/\/www.gemm-srl.com\/wp-content\/uploads\/2025\/05\/TAPN_13A_SITO-scaled.jpg","type":"image\/jpeg"}],"twitter_card":"summary_large_image","schema":{"@context":"https:\/\/schema.org","@graph":[{"@type":"WebPage","@id":"https:\/\/www.gemm-srl.com\/de\/kuehl-tiefkuehlunterbauten-und-tische\/labor-de\/tapn13a\/","url":"https:\/\/www.gemm-srl.com\/de\/kuehl-tiefkuehlunterbauten-und-tische\/labor-de\/tapn13a\/","name":"TAPN\/13A - Gemm srl","isPartOf":{"@id":"https:\/\/www.gemm-srl.com\/de\/#website"},"primaryImageOfPage":{"@id":"https:\/\/www.gemm-srl.com\/de\/kuehl-tiefkuehlunterbauten-und-tische\/labor-de\/tapn13a\/#primaryimage"},"image":{"@id":"https:\/\/www.gemm-srl.com\/de\/kuehl-tiefkuehlunterbauten-und-tische\/labor-de\/tapn13a\/#primaryimage"},"thumbnailUrl":"https:\/\/www.gemm-srl.com\/wp-content\/uploads\/2025\/05\/TAPN_13A_SITO-scaled.jpg","datePublished":"2022-06-06T13:04:59+00:00","dateModified":"2026-02-24T03:27:42+00:00","breadcrumb":{"@id":"https:\/\/www.gemm-srl.com\/de\/kuehl-tiefkuehlunterbauten-und-tische\/labor-de\/tapn13a\/#breadcrumb"},"inLanguage":"de","potentialAction":[{"@type":"ReadAction","target":["https:\/\/www.gemm-srl.com\/de\/kuehl-tiefkuehlunterbauten-und-tische\/labor-de\/tapn13a\/"]}]},{"@type":"ImageObject","inLanguage":"de","@id":"https:\/\/www.gemm-srl.com\/de\/kuehl-tiefkuehlunterbauten-und-tische\/labor-de\/tapn13a\/#primaryimage","url":"https:\/\/www.gemm-srl.com\/wp-content\/uploads\/2025\/05\/TAPN_13A_SITO-scaled.jpg","contentUrl":"https:\/\/www.gemm-srl.com\/wp-content\/uploads\/2025\/05\/TAPN_13A_SITO-scaled.jpg","width":2560,"height":2560},{"@type":"BreadcrumbList","@id":"https:\/\/www.gemm-srl.com\/de\/kuehl-tiefkuehlunterbauten-und-tische\/labor-de\/tapn13a\/#breadcrumb","itemListElement":[{"@type":"ListItem","position":1,"name":"Home","item":"https:\/\/www.gemm-srl.com\/de\/"},{"@type":"ListItem","position":2,"name":"Produkte","item":"https:\/\/www.gemm-srl.com\/de\/produkte\/"},{"@type":"ListItem","position":3,"name":"Gek\u00fchlte und tiefgek\u00fchlte Unterbauten und Tische","item":"https:\/\/www.gemm-srl.com\/de\/kuehl-tiefkuehlunterbauten-und-tische\/"},{"@type":"ListItem","position":4,"name":"Labor","item":"https:\/\/www.gemm-srl.com\/de\/kuehl-tiefkuehlunterbauten-und-tische\/labor-de\/"},{"@type":"ListItem","position":5,"name":"TAPN\/13A"}]},{"@type":"WebSite","@id":"https:\/\/www.gemm-srl.com\/de\/#website","url":"https:\/\/www.gemm-srl.com\/de\/","name":"Gemm srl","description":"Sistemi refrigerati professionali di alta qualit\u00e0","publisher":{"@id":"https:\/\/www.gemm-srl.com\/de\/#organization"},"potentialAction":[{"@type":"SearchAction","target":{"@type":"EntryPoint","urlTemplate":"https:\/\/www.gemm-srl.com\/de\/?s={search_term_string}"},"query-input":{"@type":"PropertyValueSpecification","valueRequired":true,"valueName":"search_term_string"}}],"inLanguage":"de"},{"@type":"Organization","@id":"https:\/\/www.gemm-srl.com\/de\/#organization","name":"Gemm srl","url":"https:\/\/www.gemm-srl.com\/de\/","logo":{"@type":"ImageObject","inLanguage":"de","@id":"https:\/\/www.gemm-srl.com\/de\/#\/schema\/logo\/image\/","url":"https:\/\/www.gemm-srl.com\/wp-content\/uploads\/2020\/11\/logo_nero.png","contentUrl":"https:\/\/www.gemm-srl.com\/wp-content\/uploads\/2020\/11\/logo_nero.png","width":250,"height":59,"caption":"Gemm srl"},"image":{"@id":"https:\/\/www.gemm-srl.com\/de\/#\/schema\/logo\/image\/"},"sameAs":["https:\/\/www.facebook.com\/people\/GEMM-SRL\/100065046666797\/","https:\/\/www.youtube.com\/@gemmsrl","https:\/\/www.linkedin.com\/company\/gemm-s.r.l.\/","https:\/\/www.instagram.com\/gemmsrl\/"]}]}},"_links":{"self":[{"href":"https:\/\/www.gemm-srl.com\/de\/wp-json\/wp\/v2\/product\/36743","targetHints":{"allow":["GET"]}}],"collection":[{"href":"https:\/\/www.gemm-srl.com\/de\/wp-json\/wp\/v2\/product"}],"about":[{"href":"https:\/\/www.gemm-srl.com\/de\/wp-json\/wp\/v2\/types\/product"}],"acf:post":[{"embeddable":true,"href":"https:\/\/www.gemm-srl.com\/de\/wp-json\/wp\/v2\/wpdmpro\/151394"}],"wp:featuredmedia":[{"embeddable":true,"href":"https:\/\/www.gemm-srl.com\/de\/wp-json\/wp\/v2\/media\/149847"}],"wp:attachment":[{"href":"https:\/\/www.gemm-srl.com\/de\/wp-json\/wp\/v2\/media?parent=36743"}],"wp:term":[{"taxonomy":"product_brand","embeddable":true,"href":"https:\/\/www.gemm-srl.com\/de\/wp-json\/wp\/v2\/product_brand?post=36743"},{"taxonomy":"product_cat","embeddable":true,"href":"https:\/\/www.gemm-srl.com\/de\/wp-json\/wp\/v2\/product_cat?post=36743"},{"taxonomy":"product_tag","embeddable":true,"href":"https:\/\/www.gemm-srl.com\/de\/wp-json\/wp\/v2\/product_tag?post=36743"}],"curies":[{"name":"wp","href":"https:\/\/api.w.org\/{rel}","templated":true}]}}