{"id":36617,"date":"2022-06-06T15:05:50","date_gmt":"2022-06-06T13:05:50","guid":{"rendered":"https:\/\/www.gemm-srl.com\/unkategorisiert\/tapc21s\/"},"modified":"2026-02-24T04:55:42","modified_gmt":"2026-02-24T03:55:42","slug":"tapc21s","status":"publish","type":"product","link":"https:\/\/www.gemm-srl.com\/de\/kuehl-tiefkuehlunterbauten-und-tische\/labor-plus-de\/tapc21s\/","title":{"rendered":"TAPC\/21S"},"content":{"rendered":"<p>K\u00dcHLTISCH EN SCHOKOLADE MIT FEUCHTIGKEITSKONTROLLE 45-65% r.F. &#8211; K\u00fchltisch Schokolade geeignet f\u00fcr Blechen 600&#215;400 Feuchtigkeitskontrolle mit elektronischem F\u00fchler<\/p>\n","protected":false},"excerpt":{"rendered":"<p>K\u00dcHLTISCH EN SCHOKOLADE MIT FEUCHTIGKEITSKONTROLLE 45-65% r.F. &#8211; K\u00fchltisch Schokolade geeignet f\u00fcr Blechen 600&#215;400 Feuchtigkeitskontrolle mit elektronischem F\u00fchler<\/p>\n","protected":false},"featured_media":149600,"template":"","meta":{"_acf_changed":false},"product_brand":[],"product_cat":[841],"product_tag":[528],"class_list":{"0":"post-36617","1":"product","2":"type-product","3":"status-publish","4":"has-post-thumbnail","6":"product_cat-labor-plus-de","7":"product_tag-pastry","9":"first","10":"instock","11":"purchasable","12":"product-type-simple"},"acf":{"titolo_h2":"","tipo":"VA","video":"","file_privati":[151386,152170],"file_pubblici":"","scheda_tecnica":"https:\/\/gemm.datipro.it\/pdf-datasheet\/de\/42050020","depliant":"https:\/\/gemm.datipro.it\/pdf-depliant\/\/DEPLIANT%202025\/GEMM_LABOR_LABOR_PLUS_2026_DE.pdf","struttura_info":"Edelstahl","posizione_vano_tecnico":"am rechts","tipo_di_refrigerazione_info":"HSS-K\u00fchlung \"Helped Static System\u201c","elettronica_info":"2,8'' LCD digitale Steuerung mit Touchscreen","sbrinamento_info":"automatisch Abtauen mit Heizelementen","evaporazione_acqua_di_condensa_info":"automatisch","allestimenti_a_richiesta":"Schubladenbl\u00f6cke","dotazione_info":"7 Paar Auflageschienen pro T\u00fcrfach","esclusioni_info":"","spessore_di_isolamento_info":"50","passo_guide_info":"75","posizioni_su_cremagliera":"7","piano_di_lavoro_inox_info":"","tipo_serratura":"","illuminazione":"","controllo_ventilazione":"NEIN","controllo_umidita":"JA","umidita_relativa":"45-65%","gas_info":"R290","tensione_info":"1x230V ~ 50Hz","classe_climatica_info":"5","elenco_accessori":[{"accessori":"45020550 - Gitter Rilsan cm 60x40"},{"accessori":"20808031 - Schienenpaar f\u00fcr Backblech cm 60x40"},{"accessori":"42000560 - Edelstahlbackblech cm 40x60x2h"},{"accessori":"42000562 - Edelstahlbackblech cm 40x60x3h"},{"accessori":"40200532 - Kit Rollen Nr. 6 \u00d8 125 (2 Blockrollen)"},{"accessori":"40203015 - Led Beleuchtung f\u00fcr K\u00fchltisch mit 3 T\u00fcren (Mehrpreis)"},{"accessori":"45000565 - \u00dcberwachungssystem Wi-Fi (Mehrpreis)"},{"accessori":"40200560 - Frequenz 60Hz"}],"immagini_portabottiglie":"","strutture_portabottiglie":null,"soluzioni_portabottiglie":null},"yoast_head":"<!-- This site is optimized with the Yoast SEO plugin v26.5 - https:\/\/yoast.com\/wordpress\/plugins\/seo\/ -->\n<title>TAPC\/21S - Gemm srl<\/title>\n<meta name=\"robots\" content=\"index, follow, max-snippet:-1, max-image-preview:large, max-video-preview:-1\" \/>\n<link rel=\"canonical\" href=\"https:\/\/www.gemm-srl.com\/de\/kuehl-tiefkuehlunterbauten-und-tische\/labor-plus-de\/tapc21s\/\" \/>\n<meta property=\"og:locale\" content=\"de_DE\" \/>\n<meta property=\"og:type\" content=\"article\" \/>\n<meta property=\"og:title\" content=\"TAPC\/21S - Gemm srl\" \/>\n<meta property=\"og:description\" content=\"K\u00dcHLTISCH EN SCHOKOLADE MIT FEUCHTIGKEITSKONTROLLE 45-65% r.F. &#8211; K\u00fchltisch Schokolade geeignet f\u00fcr Blechen 600&#215;400 Feuchtigkeitskontrolle mit elektronischem F\u00fchler\" \/>\n<meta property=\"og:url\" content=\"https:\/\/www.gemm-srl.com\/de\/kuehl-tiefkuehlunterbauten-und-tische\/labor-plus-de\/tapc21s\/\" \/>\n<meta property=\"og:site_name\" content=\"Gemm srl\" \/>\n<meta property=\"article:publisher\" content=\"https:\/\/www.facebook.com\/people\/GEMM-SRL\/100065046666797\/\" \/>\n<meta property=\"article:modified_time\" content=\"2026-02-24T03:55:42+00:00\" \/>\n<meta property=\"og:image\" content=\"https:\/\/www.gemm-srl.com\/wp-content\/uploads\/2025\/05\/TAPC_21S_SITO-scaled.jpg\" \/>\n\t<meta property=\"og:image:width\" content=\"2560\" \/>\n\t<meta property=\"og:image:height\" content=\"2560\" \/>\n\t<meta property=\"og:image:type\" content=\"image\/jpeg\" \/>\n<meta name=\"twitter:card\" content=\"summary_large_image\" \/>\n<script type=\"application\/ld+json\" class=\"yoast-schema-graph\">{\"@context\":\"https:\/\/schema.org\",\"@graph\":[{\"@type\":\"WebPage\",\"@id\":\"https:\/\/www.gemm-srl.com\/de\/kuehl-tiefkuehlunterbauten-und-tische\/labor-plus-de\/tapc21s\/\",\"url\":\"https:\/\/www.gemm-srl.com\/de\/kuehl-tiefkuehlunterbauten-und-tische\/labor-plus-de\/tapc21s\/\",\"name\":\"TAPC\/21S - Gemm srl\",\"isPartOf\":{\"@id\":\"https:\/\/www.gemm-srl.com\/de\/#website\"},\"primaryImageOfPage\":{\"@id\":\"https:\/\/www.gemm-srl.com\/de\/kuehl-tiefkuehlunterbauten-und-tische\/labor-plus-de\/tapc21s\/#primaryimage\"},\"image\":{\"@id\":\"https:\/\/www.gemm-srl.com\/de\/kuehl-tiefkuehlunterbauten-und-tische\/labor-plus-de\/tapc21s\/#primaryimage\"},\"thumbnailUrl\":\"https:\/\/www.gemm-srl.com\/wp-content\/uploads\/2025\/05\/TAPC_21S_SITO-scaled.jpg\",\"datePublished\":\"2022-06-06T13:05:50+00:00\",\"dateModified\":\"2026-02-24T03:55:42+00:00\",\"breadcrumb\":{\"@id\":\"https:\/\/www.gemm-srl.com\/de\/kuehl-tiefkuehlunterbauten-und-tische\/labor-plus-de\/tapc21s\/#breadcrumb\"},\"inLanguage\":\"de\",\"potentialAction\":[{\"@type\":\"ReadAction\",\"target\":[\"https:\/\/www.gemm-srl.com\/de\/kuehl-tiefkuehlunterbauten-und-tische\/labor-plus-de\/tapc21s\/\"]}]},{\"@type\":\"ImageObject\",\"inLanguage\":\"de\",\"@id\":\"https:\/\/www.gemm-srl.com\/de\/kuehl-tiefkuehlunterbauten-und-tische\/labor-plus-de\/tapc21s\/#primaryimage\",\"url\":\"https:\/\/www.gemm-srl.com\/wp-content\/uploads\/2025\/05\/TAPC_21S_SITO-scaled.jpg\",\"contentUrl\":\"https:\/\/www.gemm-srl.com\/wp-content\/uploads\/2025\/05\/TAPC_21S_SITO-scaled.jpg\",\"width\":2560,\"height\":2560},{\"@type\":\"BreadcrumbList\",\"@id\":\"https:\/\/www.gemm-srl.com\/de\/kuehl-tiefkuehlunterbauten-und-tische\/labor-plus-de\/tapc21s\/#breadcrumb\",\"itemListElement\":[{\"@type\":\"ListItem\",\"position\":1,\"name\":\"Home\",\"item\":\"https:\/\/www.gemm-srl.com\/de\/\"},{\"@type\":\"ListItem\",\"position\":2,\"name\":\"Produkte\",\"item\":\"https:\/\/www.gemm-srl.com\/de\/produkte\/\"},{\"@type\":\"ListItem\",\"position\":3,\"name\":\"Gek\u00fchlte und tiefgek\u00fchlte Unterbauten und Tische\",\"item\":\"https:\/\/www.gemm-srl.com\/de\/kuehl-tiefkuehlunterbauten-und-tische\/\"},{\"@type\":\"ListItem\",\"position\":4,\"name\":\"Labor Plus\",\"item\":\"https:\/\/www.gemm-srl.com\/de\/kuehl-tiefkuehlunterbauten-und-tische\/labor-plus-de\/\"},{\"@type\":\"ListItem\",\"position\":5,\"name\":\"TAPC\/21S\"}]},{\"@type\":\"WebSite\",\"@id\":\"https:\/\/www.gemm-srl.com\/de\/#website\",\"url\":\"https:\/\/www.gemm-srl.com\/de\/\",\"name\":\"Gemm srl\",\"description\":\"Sistemi refrigerati professionali di alta qualit\u00e0\",\"publisher\":{\"@id\":\"https:\/\/www.gemm-srl.com\/de\/#organization\"},\"potentialAction\":[{\"@type\":\"SearchAction\",\"target\":{\"@type\":\"EntryPoint\",\"urlTemplate\":\"https:\/\/www.gemm-srl.com\/de\/?s={search_term_string}\"},\"query-input\":{\"@type\":\"PropertyValueSpecification\",\"valueRequired\":true,\"valueName\":\"search_term_string\"}}],\"inLanguage\":\"de\"},{\"@type\":\"Organization\",\"@id\":\"https:\/\/www.gemm-srl.com\/de\/#organization\",\"name\":\"Gemm srl\",\"url\":\"https:\/\/www.gemm-srl.com\/de\/\",\"logo\":{\"@type\":\"ImageObject\",\"inLanguage\":\"de\",\"@id\":\"https:\/\/www.gemm-srl.com\/de\/#\/schema\/logo\/image\/\",\"url\":\"https:\/\/www.gemm-srl.com\/wp-content\/uploads\/2020\/11\/logo_nero.png\",\"contentUrl\":\"https:\/\/www.gemm-srl.com\/wp-content\/uploads\/2020\/11\/logo_nero.png\",\"width\":250,\"height\":59,\"caption\":\"Gemm srl\"},\"image\":{\"@id\":\"https:\/\/www.gemm-srl.com\/de\/#\/schema\/logo\/image\/\"},\"sameAs\":[\"https:\/\/www.facebook.com\/people\/GEMM-SRL\/100065046666797\/\",\"https:\/\/www.youtube.com\/@gemmsrl\",\"https:\/\/www.linkedin.com\/company\/gemm-s.r.l.\/\",\"https:\/\/www.instagram.com\/gemmsrl\/\"]}]}<\/script>\n<!-- \/ Yoast SEO plugin. -->","yoast_head_json":{"title":"TAPC\/21S - Gemm srl","robots":{"index":"index","follow":"follow","max-snippet":"max-snippet:-1","max-image-preview":"max-image-preview:large","max-video-preview":"max-video-preview:-1"},"canonical":"https:\/\/www.gemm-srl.com\/de\/kuehl-tiefkuehlunterbauten-und-tische\/labor-plus-de\/tapc21s\/","og_locale":"de_DE","og_type":"article","og_title":"TAPC\/21S - Gemm srl","og_description":"K\u00dcHLTISCH EN SCHOKOLADE MIT FEUCHTIGKEITSKONTROLLE 45-65% r.F. &#8211; K\u00fchltisch Schokolade geeignet f\u00fcr Blechen 600&#215;400 Feuchtigkeitskontrolle mit elektronischem F\u00fchler","og_url":"https:\/\/www.gemm-srl.com\/de\/kuehl-tiefkuehlunterbauten-und-tische\/labor-plus-de\/tapc21s\/","og_site_name":"Gemm srl","article_publisher":"https:\/\/www.facebook.com\/people\/GEMM-SRL\/100065046666797\/","article_modified_time":"2026-02-24T03:55:42+00:00","og_image":[{"width":2560,"height":2560,"url":"https:\/\/www.gemm-srl.com\/wp-content\/uploads\/2025\/05\/TAPC_21S_SITO-scaled.jpg","type":"image\/jpeg"}],"twitter_card":"summary_large_image","schema":{"@context":"https:\/\/schema.org","@graph":[{"@type":"WebPage","@id":"https:\/\/www.gemm-srl.com\/de\/kuehl-tiefkuehlunterbauten-und-tische\/labor-plus-de\/tapc21s\/","url":"https:\/\/www.gemm-srl.com\/de\/kuehl-tiefkuehlunterbauten-und-tische\/labor-plus-de\/tapc21s\/","name":"TAPC\/21S - Gemm srl","isPartOf":{"@id":"https:\/\/www.gemm-srl.com\/de\/#website"},"primaryImageOfPage":{"@id":"https:\/\/www.gemm-srl.com\/de\/kuehl-tiefkuehlunterbauten-und-tische\/labor-plus-de\/tapc21s\/#primaryimage"},"image":{"@id":"https:\/\/www.gemm-srl.com\/de\/kuehl-tiefkuehlunterbauten-und-tische\/labor-plus-de\/tapc21s\/#primaryimage"},"thumbnailUrl":"https:\/\/www.gemm-srl.com\/wp-content\/uploads\/2025\/05\/TAPC_21S_SITO-scaled.jpg","datePublished":"2022-06-06T13:05:50+00:00","dateModified":"2026-02-24T03:55:42+00:00","breadcrumb":{"@id":"https:\/\/www.gemm-srl.com\/de\/kuehl-tiefkuehlunterbauten-und-tische\/labor-plus-de\/tapc21s\/#breadcrumb"},"inLanguage":"de","potentialAction":[{"@type":"ReadAction","target":["https:\/\/www.gemm-srl.com\/de\/kuehl-tiefkuehlunterbauten-und-tische\/labor-plus-de\/tapc21s\/"]}]},{"@type":"ImageObject","inLanguage":"de","@id":"https:\/\/www.gemm-srl.com\/de\/kuehl-tiefkuehlunterbauten-und-tische\/labor-plus-de\/tapc21s\/#primaryimage","url":"https:\/\/www.gemm-srl.com\/wp-content\/uploads\/2025\/05\/TAPC_21S_SITO-scaled.jpg","contentUrl":"https:\/\/www.gemm-srl.com\/wp-content\/uploads\/2025\/05\/TAPC_21S_SITO-scaled.jpg","width":2560,"height":2560},{"@type":"BreadcrumbList","@id":"https:\/\/www.gemm-srl.com\/de\/kuehl-tiefkuehlunterbauten-und-tische\/labor-plus-de\/tapc21s\/#breadcrumb","itemListElement":[{"@type":"ListItem","position":1,"name":"Home","item":"https:\/\/www.gemm-srl.com\/de\/"},{"@type":"ListItem","position":2,"name":"Produkte","item":"https:\/\/www.gemm-srl.com\/de\/produkte\/"},{"@type":"ListItem","position":3,"name":"Gek\u00fchlte und tiefgek\u00fchlte Unterbauten und Tische","item":"https:\/\/www.gemm-srl.com\/de\/kuehl-tiefkuehlunterbauten-und-tische\/"},{"@type":"ListItem","position":4,"name":"Labor Plus","item":"https:\/\/www.gemm-srl.com\/de\/kuehl-tiefkuehlunterbauten-und-tische\/labor-plus-de\/"},{"@type":"ListItem","position":5,"name":"TAPC\/21S"}]},{"@type":"WebSite","@id":"https:\/\/www.gemm-srl.com\/de\/#website","url":"https:\/\/www.gemm-srl.com\/de\/","name":"Gemm srl","description":"Sistemi refrigerati professionali di alta qualit\u00e0","publisher":{"@id":"https:\/\/www.gemm-srl.com\/de\/#organization"},"potentialAction":[{"@type":"SearchAction","target":{"@type":"EntryPoint","urlTemplate":"https:\/\/www.gemm-srl.com\/de\/?s={search_term_string}"},"query-input":{"@type":"PropertyValueSpecification","valueRequired":true,"valueName":"search_term_string"}}],"inLanguage":"de"},{"@type":"Organization","@id":"https:\/\/www.gemm-srl.com\/de\/#organization","name":"Gemm srl","url":"https:\/\/www.gemm-srl.com\/de\/","logo":{"@type":"ImageObject","inLanguage":"de","@id":"https:\/\/www.gemm-srl.com\/de\/#\/schema\/logo\/image\/","url":"https:\/\/www.gemm-srl.com\/wp-content\/uploads\/2020\/11\/logo_nero.png","contentUrl":"https:\/\/www.gemm-srl.com\/wp-content\/uploads\/2020\/11\/logo_nero.png","width":250,"height":59,"caption":"Gemm srl"},"image":{"@id":"https:\/\/www.gemm-srl.com\/de\/#\/schema\/logo\/image\/"},"sameAs":["https:\/\/www.facebook.com\/people\/GEMM-SRL\/100065046666797\/","https:\/\/www.youtube.com\/@gemmsrl","https:\/\/www.linkedin.com\/company\/gemm-s.r.l.\/","https:\/\/www.instagram.com\/gemmsrl\/"]}]}},"_links":{"self":[{"href":"https:\/\/www.gemm-srl.com\/de\/wp-json\/wp\/v2\/product\/36617","targetHints":{"allow":["GET"]}}],"collection":[{"href":"https:\/\/www.gemm-srl.com\/de\/wp-json\/wp\/v2\/product"}],"about":[{"href":"https:\/\/www.gemm-srl.com\/de\/wp-json\/wp\/v2\/types\/product"}],"acf:post":[{"embeddable":true,"href":"https:\/\/www.gemm-srl.com\/de\/wp-json\/wp\/v2\/wpdmpro\/152170"},{"embeddable":true,"href":"https:\/\/www.gemm-srl.com\/de\/wp-json\/wp\/v2\/wpdmpro\/151386"}],"wp:featuredmedia":[{"embeddable":true,"href":"https:\/\/www.gemm-srl.com\/de\/wp-json\/wp\/v2\/media\/149600"}],"wp:attachment":[{"href":"https:\/\/www.gemm-srl.com\/de\/wp-json\/wp\/v2\/media?parent=36617"}],"wp:term":[{"taxonomy":"product_brand","embeddable":true,"href":"https:\/\/www.gemm-srl.com\/de\/wp-json\/wp\/v2\/product_brand?post=36617"},{"taxonomy":"product_cat","embeddable":true,"href":"https:\/\/www.gemm-srl.com\/de\/wp-json\/wp\/v2\/product_cat?post=36617"},{"taxonomy":"product_tag","embeddable":true,"href":"https:\/\/www.gemm-srl.com\/de\/wp-json\/wp\/v2\/product_tag?post=36617"}],"curies":[{"name":"wp","href":"https:\/\/api.w.org\/{rel}","templated":true}]}}