{"id":36440,"date":"2022-06-06T15:07:36","date_gmt":"2022-06-06T13:07:36","guid":{"rendered":"https:\/\/www.gemm-srl.com\/unkategorisiert\/bcc4014p\/"},"modified":"2026-02-24T03:59:38","modified_gmt":"2026-02-24T02:59:38","slug":"bcc4014p","status":"publish","type":"product","link":"https:\/\/www.gemm-srl.com\/de\/blast-freezers\/new-runner-maxi-en\/bcc4014p\/","title":{"rendered":"BCC\/4014P"},"content":{"rendered":"<p>SCHNELLK\u00dcHLER\/SCHOCKFROSTER F\u00dcR 1 STIKKENWAGEN GN 2\/1 &#8211; 600X800 VERST\u00c4RKT- Die Schockk\u00fchler\/-froster f\u00fcr Wagen der MAXI-Linie wurden f\u00fcr die Anforderungen einer schnellen Abk\u00fchlung in mittelgro\u00dfen bis gro\u00dfen Produktionsst\u00e4tten entwickelt \u2013 vom Gastronomiebetrieb bis hin zur semi-industriellen Konditorei oder B\u00e4ckerei. Positives Schnellk\u00fchlen von +90\u00b0C auf +3\u00b0C in 90 Minuten und negatives Schnellk\u00fchlen von +90\u00b0C auf -18\u00b0C in 240 Minuten, mit einer minimalen Lufttemperatur von -40\u00b0C. 7&#8243;-Touchscreen-Steuerung mit Fern\u00fcberwachung \u00fcber GEMM-Cloud via WLAN.<\/p>\n","protected":false},"excerpt":{"rendered":"<p>SCHNELLK\u00dcHLER\/SCHOCKFROSTER F\u00dcR 1 STIKKENWAGEN GN 2\/1 &#8211; 600X800 VERST\u00c4RKT- Die Schockk\u00fchler\/-froster f\u00fcr Wagen der MAXI-Linie wurden f\u00fcr die Anforderungen einer schnellen Abk\u00fchlung in mittelgro\u00dfen bis gro\u00dfen Produktionsst\u00e4tten entwickelt \u2013 vom Gastronomiebetrieb bis hin zur semi-industriellen Konditorei oder B\u00e4ckerei. Positives Schnellk\u00fchlen von +90\u00b0C auf +3\u00b0C in 90 Minuten und negatives Schnellk\u00fchlen von +90\u00b0C auf -18\u00b0C in [&hellip;]<\/p>\n","protected":false},"featured_media":152798,"template":"","meta":{"_acf_changed":false},"product_brand":[],"product_cat":[2635],"product_tag":[528,524,516],"class_list":{"0":"post-36440","1":"product","2":"type-product","3":"status-publish","4":"has-post-thumbnail","6":"product_cat-new-runner-maxi-en","7":"product_tag-pastry","8":"product_tag-ice-cream","9":"product_tag-professional-kitchens","11":"first","12":"instock","13":"purchasable","14":"product-type-simple"},"acf":{"titolo_h2":"","tipo":"PF","video":"","file_privati":[153165],"file_pubblici":"","scheda_tecnica":"https:\/\/gemm.datipro.it\/pdf-datasheet\/de\/45100625","depliant":"https:\/\/gemm.datipro.it\/pdf-depliant\/\/DEPLIANT%202025\/GEMM_NEW_RUNNER_2026_DE.pdf","struttura_info":"innenausf\u00fchrung aus Edelstahl AISI 304","posizione_vano_tecnico":"oberes Installationsfach","tipo_di_refrigerazione_info":"schnellk\u00fchlleistung von +90\u00b0C auf +3\u00b0C in 90 Minuten und Schockfrostleistung von +90\u00b0C auf -18\u00b0C in 240 Minuten, betriebstemperatur bis zum -40\u00b0C","elettronica_info":"elektronische Steuerung mit 7''-Touchscreen","sbrinamento_info":"automatische Hei\u00dfgasabtauung","evaporazione_acqua_di_condensa_info":"Kondenswasserablaufrohr (Wasserablauf vorsehen)","allestimenti_a_richiesta":"","dotazione_info":"Kerntemperatursf\u00fchler, USB, GEMM-Cloud Wi-Fi \u00dcberwachungssystem","esclusioni_info":"Wagen, Rohrleitungen zur Verbindung mit der Kondensatoreinheit und Gasbef\u00fcllung","spessore_di_isolamento_info":"80","passo_guide_info":"","posizioni_su_cremagliera":"","piano_di_lavoro_inox_info":"","tipo_serratura":"JA","illuminazione":"","controllo_ventilazione":"JA","controllo_umidita":"NEIN","umidita_relativa":"","gas_info":"","tensione_info":"3x400V ~ 50Hz","classe_climatica_info":"5","elenco_accessori":[{"accessori":"45100951 - Zus\u00e4tzliche Durchgangst\u00fcr f\u00fcr BCC\/4014(P) (Mehrpreis)"},{"accessori":"45100927 - Kondensatoreinheit mit Wasser gek\u00fchlt f\u00fcr BCC\/4014P BCC\/6015P (Mehrpreis)"},{"accessori":"45100945 - Kondensatoreinheit mit Abdeckung und Schalld\u00e4mmung f\u00fcr BCC\/4014P BCC\/6015P (Mehrpreis)"},{"accessori":"45100961 - B\u00fchne L=110 cm BCC\/4008 BCC\/4011 BCC\/4014(P) (Mehrpreis)"},{"accessori":"45100971 - T\u00fcr mit linken Scharnieren f\u00fcr BCC\/4014(P) (Mehrpreis)"},{"accessori":"45100917 - Kit f\u00fcr Winter Temperaturen BCC\/4011 4014 4014P 6015 6015P 8027 (Mehrpreis)"},{"accessori":"Ausf\u00fchrung ohne Verfl\u00fcssigungssatz f\u00fcr BCC\/4014P 6015P (Abzug)"},{"accessori":"40200560 - Frequenz 60Hz"}],"immagini_portabottiglie":"","strutture_portabottiglie":null,"soluzioni_portabottiglie":null},"yoast_head":"<!-- This site is optimized with the Yoast SEO plugin v26.5 - https:\/\/yoast.com\/wordpress\/plugins\/seo\/ -->\n<title>BCC\/4014P - Gemm srl<\/title>\n<meta name=\"robots\" content=\"index, follow, max-snippet:-1, max-image-preview:large, max-video-preview:-1\" \/>\n<link rel=\"canonical\" href=\"https:\/\/www.gemm-srl.com\/de\/blast-freezers\/new-runner-maxi-en\/bcc4014p\/\" \/>\n<meta property=\"og:locale\" content=\"de_DE\" \/>\n<meta property=\"og:type\" content=\"article\" \/>\n<meta property=\"og:title\" content=\"BCC\/4014P - Gemm srl\" \/>\n<meta property=\"og:description\" content=\"SCHNELLK\u00dcHLER\/SCHOCKFROSTER F\u00dcR 1 STIKKENWAGEN GN 2\/1 &#8211; 600X800 VERST\u00c4RKT- Die Schockk\u00fchler\/-froster f\u00fcr Wagen der MAXI-Linie wurden f\u00fcr die Anforderungen einer schnellen Abk\u00fchlung in mittelgro\u00dfen bis gro\u00dfen Produktionsst\u00e4tten entwickelt \u2013 vom Gastronomiebetrieb bis hin zur semi-industriellen Konditorei oder B\u00e4ckerei. Positives Schnellk\u00fchlen von +90\u00b0C auf +3\u00b0C in 90 Minuten und negatives Schnellk\u00fchlen von +90\u00b0C auf -18\u00b0C in [&hellip;]\" \/>\n<meta property=\"og:url\" content=\"https:\/\/www.gemm-srl.com\/de\/blast-freezers\/new-runner-maxi-en\/bcc4014p\/\" \/>\n<meta property=\"og:site_name\" content=\"Gemm srl\" \/>\n<meta property=\"article:publisher\" content=\"https:\/\/www.facebook.com\/people\/GEMM-SRL\/100065046666797\/\" \/>\n<meta property=\"article:modified_time\" content=\"2026-02-24T02:59:38+00:00\" \/>\n<meta property=\"og:image\" content=\"https:\/\/www.gemm-srl.com\/wp-content\/uploads\/2026\/01\/BCC_4014-1-scaled.png\" \/>\n\t<meta property=\"og:image:width\" content=\"2560\" \/>\n\t<meta property=\"og:image:height\" content=\"2560\" \/>\n\t<meta property=\"og:image:type\" content=\"image\/png\" \/>\n<meta name=\"twitter:card\" content=\"summary_large_image\" \/>\n<script type=\"application\/ld+json\" class=\"yoast-schema-graph\">{\"@context\":\"https:\/\/schema.org\",\"@graph\":[{\"@type\":\"WebPage\",\"@id\":\"https:\/\/www.gemm-srl.com\/de\/blast-freezers\/new-runner-maxi-en\/bcc4014p\/\",\"url\":\"https:\/\/www.gemm-srl.com\/de\/blast-freezers\/new-runner-maxi-en\/bcc4014p\/\",\"name\":\"BCC\/4014P - Gemm srl\",\"isPartOf\":{\"@id\":\"https:\/\/www.gemm-srl.com\/de\/#website\"},\"primaryImageOfPage\":{\"@id\":\"https:\/\/www.gemm-srl.com\/de\/blast-freezers\/new-runner-maxi-en\/bcc4014p\/#primaryimage\"},\"image\":{\"@id\":\"https:\/\/www.gemm-srl.com\/de\/blast-freezers\/new-runner-maxi-en\/bcc4014p\/#primaryimage\"},\"thumbnailUrl\":\"https:\/\/www.gemm-srl.com\/wp-content\/uploads\/2026\/01\/BCC_4014-1-scaled.png\",\"datePublished\":\"2022-06-06T13:07:36+00:00\",\"dateModified\":\"2026-02-24T02:59:38+00:00\",\"breadcrumb\":{\"@id\":\"https:\/\/www.gemm-srl.com\/de\/blast-freezers\/new-runner-maxi-en\/bcc4014p\/#breadcrumb\"},\"inLanguage\":\"de\",\"potentialAction\":[{\"@type\":\"ReadAction\",\"target\":[\"https:\/\/www.gemm-srl.com\/de\/blast-freezers\/new-runner-maxi-en\/bcc4014p\/\"]}]},{\"@type\":\"ImageObject\",\"inLanguage\":\"de\",\"@id\":\"https:\/\/www.gemm-srl.com\/de\/blast-freezers\/new-runner-maxi-en\/bcc4014p\/#primaryimage\",\"url\":\"https:\/\/www.gemm-srl.com\/wp-content\/uploads\/2026\/01\/BCC_4014-1-scaled.png\",\"contentUrl\":\"https:\/\/www.gemm-srl.com\/wp-content\/uploads\/2026\/01\/BCC_4014-1-scaled.png\",\"width\":2560,\"height\":2560},{\"@type\":\"BreadcrumbList\",\"@id\":\"https:\/\/www.gemm-srl.com\/de\/blast-freezers\/new-runner-maxi-en\/bcc4014p\/#breadcrumb\",\"itemListElement\":[{\"@type\":\"ListItem\",\"position\":1,\"name\":\"Home\",\"item\":\"https:\/\/www.gemm-srl.com\/de\/\"},{\"@type\":\"ListItem\",\"position\":2,\"name\":\"Produkte\",\"item\":\"https:\/\/www.gemm-srl.com\/de\/produkte\/\"},{\"@type\":\"ListItem\",\"position\":3,\"name\":\"Schnellk\u00fchler \/ Schockfroster\",\"item\":\"https:\/\/www.gemm-srl.com\/de\/schnellkuehler-schockfroster\/\"},{\"@type\":\"ListItem\",\"position\":4,\"name\":\"New Runner Maxi\",\"item\":\"https:\/\/www.gemm-srl.com\/de\/schnellkuehler-schockfroster\/new-runner-maxi-de\/\"},{\"@type\":\"ListItem\",\"position\":5,\"name\":\"BCC\/4014P\"}]},{\"@type\":\"WebSite\",\"@id\":\"https:\/\/www.gemm-srl.com\/de\/#website\",\"url\":\"https:\/\/www.gemm-srl.com\/de\/\",\"name\":\"Gemm srl\",\"description\":\"Sistemi refrigerati professionali di alta qualit\u00e0\",\"publisher\":{\"@id\":\"https:\/\/www.gemm-srl.com\/de\/#organization\"},\"potentialAction\":[{\"@type\":\"SearchAction\",\"target\":{\"@type\":\"EntryPoint\",\"urlTemplate\":\"https:\/\/www.gemm-srl.com\/de\/?s={search_term_string}\"},\"query-input\":{\"@type\":\"PropertyValueSpecification\",\"valueRequired\":true,\"valueName\":\"search_term_string\"}}],\"inLanguage\":\"de\"},{\"@type\":\"Organization\",\"@id\":\"https:\/\/www.gemm-srl.com\/de\/#organization\",\"name\":\"Gemm srl\",\"url\":\"https:\/\/www.gemm-srl.com\/de\/\",\"logo\":{\"@type\":\"ImageObject\",\"inLanguage\":\"de\",\"@id\":\"https:\/\/www.gemm-srl.com\/de\/#\/schema\/logo\/image\/\",\"url\":\"https:\/\/www.gemm-srl.com\/wp-content\/uploads\/2020\/11\/logo_nero.png\",\"contentUrl\":\"https:\/\/www.gemm-srl.com\/wp-content\/uploads\/2020\/11\/logo_nero.png\",\"width\":250,\"height\":59,\"caption\":\"Gemm srl\"},\"image\":{\"@id\":\"https:\/\/www.gemm-srl.com\/de\/#\/schema\/logo\/image\/\"},\"sameAs\":[\"https:\/\/www.facebook.com\/people\/GEMM-SRL\/100065046666797\/\",\"https:\/\/www.youtube.com\/@gemmsrl\",\"https:\/\/www.linkedin.com\/company\/gemm-s.r.l.\/\",\"https:\/\/www.instagram.com\/gemmsrl\/\"]}]}<\/script>\n<!-- \/ Yoast SEO plugin. -->","yoast_head_json":{"title":"BCC\/4014P - Gemm srl","robots":{"index":"index","follow":"follow","max-snippet":"max-snippet:-1","max-image-preview":"max-image-preview:large","max-video-preview":"max-video-preview:-1"},"canonical":"https:\/\/www.gemm-srl.com\/de\/blast-freezers\/new-runner-maxi-en\/bcc4014p\/","og_locale":"de_DE","og_type":"article","og_title":"BCC\/4014P - Gemm srl","og_description":"SCHNELLK\u00dcHLER\/SCHOCKFROSTER F\u00dcR 1 STIKKENWAGEN GN 2\/1 &#8211; 600X800 VERST\u00c4RKT- Die Schockk\u00fchler\/-froster f\u00fcr Wagen der MAXI-Linie wurden f\u00fcr die Anforderungen einer schnellen Abk\u00fchlung in mittelgro\u00dfen bis gro\u00dfen Produktionsst\u00e4tten entwickelt \u2013 vom Gastronomiebetrieb bis hin zur semi-industriellen Konditorei oder B\u00e4ckerei. Positives Schnellk\u00fchlen von +90\u00b0C auf +3\u00b0C in 90 Minuten und negatives Schnellk\u00fchlen von +90\u00b0C auf -18\u00b0C in [&hellip;]","og_url":"https:\/\/www.gemm-srl.com\/de\/blast-freezers\/new-runner-maxi-en\/bcc4014p\/","og_site_name":"Gemm srl","article_publisher":"https:\/\/www.facebook.com\/people\/GEMM-SRL\/100065046666797\/","article_modified_time":"2026-02-24T02:59:38+00:00","og_image":[{"width":2560,"height":2560,"url":"https:\/\/www.gemm-srl.com\/wp-content\/uploads\/2026\/01\/BCC_4014-1-scaled.png","type":"image\/png"}],"twitter_card":"summary_large_image","schema":{"@context":"https:\/\/schema.org","@graph":[{"@type":"WebPage","@id":"https:\/\/www.gemm-srl.com\/de\/blast-freezers\/new-runner-maxi-en\/bcc4014p\/","url":"https:\/\/www.gemm-srl.com\/de\/blast-freezers\/new-runner-maxi-en\/bcc4014p\/","name":"BCC\/4014P - Gemm srl","isPartOf":{"@id":"https:\/\/www.gemm-srl.com\/de\/#website"},"primaryImageOfPage":{"@id":"https:\/\/www.gemm-srl.com\/de\/blast-freezers\/new-runner-maxi-en\/bcc4014p\/#primaryimage"},"image":{"@id":"https:\/\/www.gemm-srl.com\/de\/blast-freezers\/new-runner-maxi-en\/bcc4014p\/#primaryimage"},"thumbnailUrl":"https:\/\/www.gemm-srl.com\/wp-content\/uploads\/2026\/01\/BCC_4014-1-scaled.png","datePublished":"2022-06-06T13:07:36+00:00","dateModified":"2026-02-24T02:59:38+00:00","breadcrumb":{"@id":"https:\/\/www.gemm-srl.com\/de\/blast-freezers\/new-runner-maxi-en\/bcc4014p\/#breadcrumb"},"inLanguage":"de","potentialAction":[{"@type":"ReadAction","target":["https:\/\/www.gemm-srl.com\/de\/blast-freezers\/new-runner-maxi-en\/bcc4014p\/"]}]},{"@type":"ImageObject","inLanguage":"de","@id":"https:\/\/www.gemm-srl.com\/de\/blast-freezers\/new-runner-maxi-en\/bcc4014p\/#primaryimage","url":"https:\/\/www.gemm-srl.com\/wp-content\/uploads\/2026\/01\/BCC_4014-1-scaled.png","contentUrl":"https:\/\/www.gemm-srl.com\/wp-content\/uploads\/2026\/01\/BCC_4014-1-scaled.png","width":2560,"height":2560},{"@type":"BreadcrumbList","@id":"https:\/\/www.gemm-srl.com\/de\/blast-freezers\/new-runner-maxi-en\/bcc4014p\/#breadcrumb","itemListElement":[{"@type":"ListItem","position":1,"name":"Home","item":"https:\/\/www.gemm-srl.com\/de\/"},{"@type":"ListItem","position":2,"name":"Produkte","item":"https:\/\/www.gemm-srl.com\/de\/produkte\/"},{"@type":"ListItem","position":3,"name":"Schnellk\u00fchler \/ Schockfroster","item":"https:\/\/www.gemm-srl.com\/de\/schnellkuehler-schockfroster\/"},{"@type":"ListItem","position":4,"name":"New Runner Maxi","item":"https:\/\/www.gemm-srl.com\/de\/schnellkuehler-schockfroster\/new-runner-maxi-de\/"},{"@type":"ListItem","position":5,"name":"BCC\/4014P"}]},{"@type":"WebSite","@id":"https:\/\/www.gemm-srl.com\/de\/#website","url":"https:\/\/www.gemm-srl.com\/de\/","name":"Gemm srl","description":"Sistemi refrigerati professionali di alta qualit\u00e0","publisher":{"@id":"https:\/\/www.gemm-srl.com\/de\/#organization"},"potentialAction":[{"@type":"SearchAction","target":{"@type":"EntryPoint","urlTemplate":"https:\/\/www.gemm-srl.com\/de\/?s={search_term_string}"},"query-input":{"@type":"PropertyValueSpecification","valueRequired":true,"valueName":"search_term_string"}}],"inLanguage":"de"},{"@type":"Organization","@id":"https:\/\/www.gemm-srl.com\/de\/#organization","name":"Gemm srl","url":"https:\/\/www.gemm-srl.com\/de\/","logo":{"@type":"ImageObject","inLanguage":"de","@id":"https:\/\/www.gemm-srl.com\/de\/#\/schema\/logo\/image\/","url":"https:\/\/www.gemm-srl.com\/wp-content\/uploads\/2020\/11\/logo_nero.png","contentUrl":"https:\/\/www.gemm-srl.com\/wp-content\/uploads\/2020\/11\/logo_nero.png","width":250,"height":59,"caption":"Gemm srl"},"image":{"@id":"https:\/\/www.gemm-srl.com\/de\/#\/schema\/logo\/image\/"},"sameAs":["https:\/\/www.facebook.com\/people\/GEMM-SRL\/100065046666797\/","https:\/\/www.youtube.com\/@gemmsrl","https:\/\/www.linkedin.com\/company\/gemm-s.r.l.\/","https:\/\/www.instagram.com\/gemmsrl\/"]}]}},"_links":{"self":[{"href":"https:\/\/www.gemm-srl.com\/de\/wp-json\/wp\/v2\/product\/36440","targetHints":{"allow":["GET"]}}],"collection":[{"href":"https:\/\/www.gemm-srl.com\/de\/wp-json\/wp\/v2\/product"}],"about":[{"href":"https:\/\/www.gemm-srl.com\/de\/wp-json\/wp\/v2\/types\/product"}],"acf:post":[{"embeddable":true,"href":"https:\/\/www.gemm-srl.com\/de\/wp-json\/wp\/v2\/wpdmpro\/153165"}],"wp:featuredmedia":[{"embeddable":true,"href":"https:\/\/www.gemm-srl.com\/de\/wp-json\/wp\/v2\/media\/152798"}],"wp:attachment":[{"href":"https:\/\/www.gemm-srl.com\/de\/wp-json\/wp\/v2\/media?parent=36440"}],"wp:term":[{"taxonomy":"product_brand","embeddable":true,"href":"https:\/\/www.gemm-srl.com\/de\/wp-json\/wp\/v2\/product_brand?post=36440"},{"taxonomy":"product_cat","embeddable":true,"href":"https:\/\/www.gemm-srl.com\/de\/wp-json\/wp\/v2\/product_cat?post=36440"},{"taxonomy":"product_tag","embeddable":true,"href":"https:\/\/www.gemm-srl.com\/de\/wp-json\/wp\/v2\/product_tag?post=36440"}],"curies":[{"name":"wp","href":"https:\/\/api.w.org\/{rel}","templated":true}]}}