{"id":36427,"date":"2022-07-22T09:43:09","date_gmt":"2022-07-22T07:43:09","guid":{"rendered":"https:\/\/www.gemm-srl.com\/unkategorisiert\/bcm-05\/"},"modified":"2026-02-24T05:38:02","modified_gmt":"2026-02-24T04:38:02","slug":"bcm-05","status":"publish","type":"product","link":"https:\/\/www.gemm-srl.com\/de\/schnellkuehler-schockfroster\/new-runner-flexi-de\/bcm-05\/","title":{"rendered":"BCM\/05"},"content":{"rendered":"<p>MULTIFUNKTIONSGER\u00c4T 5 BLECHE GN 1\/1 \/ 600X400 &#8211; Multifunktionsger\u00e4t f\u00fcr verschiedene Arbeitszyklen, einschlie\u00dflich Schnellk\u00fchlung (hard\/soft) und Schockfrosten, G\u00e4rung mit Befeuchtungssystem, NT-Garung (+70 \u00b0C). Die multifunktionale und mehrsprachige elektronische Platine erm\u00f6glicht dank des grafischen 7-Zoll-Farb-Touchscreens die einfache Organisation von Arbeitszyklen, die Einstellung mehrerer Funktionen und die vollst\u00e4ndige Kontrolle \u00fcber das Ger\u00e4t. Integriertes WLAN-\u00dcberwachungssystem \u00fcber Gemm Cloud-Plattform. Betriebstemperatur bis zum -40\u00b0C.<\/p>\n","protected":false},"excerpt":{"rendered":"<p>MULTIFUNKTIONSGER\u00c4T 5 BLECHE GN 1\/1 \/ 600X400 &#8211; Multifunktionsger\u00e4t f\u00fcr verschiedene Arbeitszyklen, einschlie\u00dflich Schnellk\u00fchlung (hard\/soft) und Schockfrosten, G\u00e4rung mit Befeuchtungssystem, NT-Garung (+70 \u00b0C). Die multifunktionale und mehrsprachige elektronische Platine erm\u00f6glicht dank des grafischen 7-Zoll-Farb-Touchscreens die einfache Organisation von Arbeitszyklen, die Einstellung mehrerer Funktionen und die vollst\u00e4ndige Kontrolle \u00fcber das Ger\u00e4t. Integriertes WLAN-\u00dcberwachungssystem \u00fcber Gemm Cloud-Plattform. [&hellip;]<\/p>\n","protected":false},"featured_media":148796,"template":"","meta":{"_acf_changed":false},"product_brand":[],"product_cat":[2634],"product_tag":[758,765,766],"class_list":{"0":"post-36427","1":"product","2":"type-product","3":"status-publish","4":"has-post-thumbnail","6":"product_cat-new-runner-flexi-de","7":"product_tag-pasticceria-de","8":"product_tag-gelateria-de","9":"product_tag-ristorazione-de","11":"first","12":"instock","13":"purchasable","14":"product-type-simple"},"acf":{"titolo_h2":"","tipo":"PF","video":"","file_privati":[151261],"file_pubblici":"","scheda_tecnica":"https:\/\/gemm.datipro.it\/pdf-datasheet\/de\/45101520","depliant":"https:\/\/gemm.datipro.it\/pdf-depliant\/\/DEPLIANT%202025\/GEMM_NEW_RUNNER_2026_DE.pdf","struttura_info":"Edelstahl","posizione_vano_tecnico":"Installationsfach unten montiert","tipo_di_refrigerazione_info":"einschlie\u00dflich Schnellk\u00fchlung (hard\/soft) und Schockfrosten, G\u00e4rung mit Befeuchtungssystem, NT-Garung (+70 \u00b0C)","elettronica_info":"elektronische Steuerung mit 7''-Touchscreen","sbrinamento_info":"automatische Hei\u00dfgasabtauung","evaporazione_acqua_di_condensa_info":"Tauwasserschale","allestimenti_a_richiesta":"vorbereitet f\u00fcr Zentralk\u00fchlung Anschluss ( K\u00e4ltemittel R452A)","dotazione_info":"Rostaufnahmegestell, abstand 67 mm","esclusioni_info":"Roste\/Bleche","spessore_di_isolamento_info":"60","passo_guide_info":"67","posizioni_su_cremagliera":"","piano_di_lavoro_inox_info":"","tipo_serratura":"","illuminazione":"","controllo_ventilazione":"JA","controllo_umidita":"JA","umidita_relativa":"0-100%","gas_info":"R290","tensione_info":"1x230V ~ 50Hz","classe_climatica_info":"5","elenco_accessori":[{"accessori":"45100200 - Backgestell f\u00fcr BCB(T)\/05 60x40 cm; Steckpl\u00e4tze mm 16,5mm (Mehrpreis)"},{"accessori":"45020503 - Schienenpaar f\u00fcr Gitter cm 60x40"},{"accessori":"45000540 - Kit Nr. 4 Rollen \u00d8 100 (Mehrpreis)"},{"accessori":"45100240 - CNS Rost GN 1\/1"},{"accessori":"45100242 - CNS Rost cm 60x40"},{"accessori":"40200560 - Frequenz 60Hz"}],"immagini_portabottiglie":"","strutture_portabottiglie":null,"soluzioni_portabottiglie":null},"yoast_head":"<!-- This site is optimized with the Yoast SEO plugin v26.5 - https:\/\/yoast.com\/wordpress\/plugins\/seo\/ -->\n<title>BCM\/05 - Gemm srl<\/title>\n<meta name=\"robots\" content=\"index, follow, max-snippet:-1, max-image-preview:large, max-video-preview:-1\" \/>\n<link rel=\"canonical\" href=\"https:\/\/www.gemm-srl.com\/de\/schnellkuehler-schockfroster\/new-runner-flexi-de\/bcm-05\/\" \/>\n<meta property=\"og:locale\" content=\"de_DE\" \/>\n<meta property=\"og:type\" content=\"article\" \/>\n<meta property=\"og:title\" content=\"BCM\/05 - Gemm srl\" \/>\n<meta property=\"og:description\" content=\"MULTIFUNKTIONSGER\u00c4T 5 BLECHE GN 1\/1 \/ 600X400 &#8211; Multifunktionsger\u00e4t f\u00fcr verschiedene Arbeitszyklen, einschlie\u00dflich Schnellk\u00fchlung (hard\/soft) und Schockfrosten, G\u00e4rung mit Befeuchtungssystem, NT-Garung (+70 \u00b0C). Die multifunktionale und mehrsprachige elektronische Platine erm\u00f6glicht dank des grafischen 7-Zoll-Farb-Touchscreens die einfache Organisation von Arbeitszyklen, die Einstellung mehrerer Funktionen und die vollst\u00e4ndige Kontrolle \u00fcber das Ger\u00e4t. Integriertes WLAN-\u00dcberwachungssystem \u00fcber Gemm Cloud-Plattform. [&hellip;]\" \/>\n<meta property=\"og:url\" content=\"https:\/\/www.gemm-srl.com\/de\/schnellkuehler-schockfroster\/new-runner-flexi-de\/bcm-05\/\" \/>\n<meta property=\"og:site_name\" content=\"Gemm srl\" \/>\n<meta property=\"article:publisher\" content=\"https:\/\/www.facebook.com\/people\/GEMM-SRL\/100065046666797\/\" \/>\n<meta property=\"article:modified_time\" content=\"2026-02-24T04:38:02+00:00\" \/>\n<meta property=\"og:image\" content=\"https:\/\/www.gemm-srl.com\/wp-content\/uploads\/2025\/03\/BCM_05PROVA-8-scaled.jpg\" \/>\n\t<meta property=\"og:image:width\" content=\"2560\" \/>\n\t<meta property=\"og:image:height\" content=\"2560\" \/>\n\t<meta property=\"og:image:type\" content=\"image\/jpeg\" \/>\n<meta name=\"twitter:card\" content=\"summary_large_image\" \/>\n<script type=\"application\/ld+json\" class=\"yoast-schema-graph\">{\"@context\":\"https:\/\/schema.org\",\"@graph\":[{\"@type\":\"WebPage\",\"@id\":\"https:\/\/www.gemm-srl.com\/de\/schnellkuehler-schockfroster\/new-runner-flexi-de\/bcm-05\/\",\"url\":\"https:\/\/www.gemm-srl.com\/de\/schnellkuehler-schockfroster\/new-runner-flexi-de\/bcm-05\/\",\"name\":\"BCM\/05 - Gemm srl\",\"isPartOf\":{\"@id\":\"https:\/\/www.gemm-srl.com\/de\/#website\"},\"primaryImageOfPage\":{\"@id\":\"https:\/\/www.gemm-srl.com\/de\/schnellkuehler-schockfroster\/new-runner-flexi-de\/bcm-05\/#primaryimage\"},\"image\":{\"@id\":\"https:\/\/www.gemm-srl.com\/de\/schnellkuehler-schockfroster\/new-runner-flexi-de\/bcm-05\/#primaryimage\"},\"thumbnailUrl\":\"https:\/\/www.gemm-srl.com\/wp-content\/uploads\/2025\/03\/BCM_05PROVA-8-scaled.jpg\",\"datePublished\":\"2022-07-22T07:43:09+00:00\",\"dateModified\":\"2026-02-24T04:38:02+00:00\",\"breadcrumb\":{\"@id\":\"https:\/\/www.gemm-srl.com\/de\/schnellkuehler-schockfroster\/new-runner-flexi-de\/bcm-05\/#breadcrumb\"},\"inLanguage\":\"de\",\"potentialAction\":[{\"@type\":\"ReadAction\",\"target\":[\"https:\/\/www.gemm-srl.com\/de\/schnellkuehler-schockfroster\/new-runner-flexi-de\/bcm-05\/\"]}]},{\"@type\":\"ImageObject\",\"inLanguage\":\"de\",\"@id\":\"https:\/\/www.gemm-srl.com\/de\/schnellkuehler-schockfroster\/new-runner-flexi-de\/bcm-05\/#primaryimage\",\"url\":\"https:\/\/www.gemm-srl.com\/wp-content\/uploads\/2025\/03\/BCM_05PROVA-8-scaled.jpg\",\"contentUrl\":\"https:\/\/www.gemm-srl.com\/wp-content\/uploads\/2025\/03\/BCM_05PROVA-8-scaled.jpg\",\"width\":2560,\"height\":2560},{\"@type\":\"BreadcrumbList\",\"@id\":\"https:\/\/www.gemm-srl.com\/de\/schnellkuehler-schockfroster\/new-runner-flexi-de\/bcm-05\/#breadcrumb\",\"itemListElement\":[{\"@type\":\"ListItem\",\"position\":1,\"name\":\"Home\",\"item\":\"https:\/\/www.gemm-srl.com\/de\/\"},{\"@type\":\"ListItem\",\"position\":2,\"name\":\"Produkte\",\"item\":\"https:\/\/www.gemm-srl.com\/de\/produkte\/\"},{\"@type\":\"ListItem\",\"position\":3,\"name\":\"Schnellk\u00fchler \/ Schockfroster\",\"item\":\"https:\/\/www.gemm-srl.com\/de\/schnellkuehler-schockfroster\/\"},{\"@type\":\"ListItem\",\"position\":4,\"name\":\"New Runner Flexi\",\"item\":\"https:\/\/www.gemm-srl.com\/de\/schnellkuehler-schockfroster\/new-runner-flexi-de\/\"},{\"@type\":\"ListItem\",\"position\":5,\"name\":\"BCM\/05\"}]},{\"@type\":\"WebSite\",\"@id\":\"https:\/\/www.gemm-srl.com\/de\/#website\",\"url\":\"https:\/\/www.gemm-srl.com\/de\/\",\"name\":\"Gemm srl\",\"description\":\"Sistemi refrigerati professionali di alta qualit\u00e0\",\"publisher\":{\"@id\":\"https:\/\/www.gemm-srl.com\/de\/#organization\"},\"potentialAction\":[{\"@type\":\"SearchAction\",\"target\":{\"@type\":\"EntryPoint\",\"urlTemplate\":\"https:\/\/www.gemm-srl.com\/de\/?s={search_term_string}\"},\"query-input\":{\"@type\":\"PropertyValueSpecification\",\"valueRequired\":true,\"valueName\":\"search_term_string\"}}],\"inLanguage\":\"de\"},{\"@type\":\"Organization\",\"@id\":\"https:\/\/www.gemm-srl.com\/de\/#organization\",\"name\":\"Gemm srl\",\"url\":\"https:\/\/www.gemm-srl.com\/de\/\",\"logo\":{\"@type\":\"ImageObject\",\"inLanguage\":\"de\",\"@id\":\"https:\/\/www.gemm-srl.com\/de\/#\/schema\/logo\/image\/\",\"url\":\"https:\/\/www.gemm-srl.com\/wp-content\/uploads\/2020\/11\/logo_nero.png\",\"contentUrl\":\"https:\/\/www.gemm-srl.com\/wp-content\/uploads\/2020\/11\/logo_nero.png\",\"width\":250,\"height\":59,\"caption\":\"Gemm srl\"},\"image\":{\"@id\":\"https:\/\/www.gemm-srl.com\/de\/#\/schema\/logo\/image\/\"},\"sameAs\":[\"https:\/\/www.facebook.com\/people\/GEMM-SRL\/100065046666797\/\",\"https:\/\/www.youtube.com\/@gemmsrl\",\"https:\/\/www.linkedin.com\/company\/gemm-s.r.l.\/\",\"https:\/\/www.instagram.com\/gemmsrl\/\"]}]}<\/script>\n<!-- \/ Yoast SEO plugin. -->","yoast_head_json":{"title":"BCM\/05 - Gemm srl","robots":{"index":"index","follow":"follow","max-snippet":"max-snippet:-1","max-image-preview":"max-image-preview:large","max-video-preview":"max-video-preview:-1"},"canonical":"https:\/\/www.gemm-srl.com\/de\/schnellkuehler-schockfroster\/new-runner-flexi-de\/bcm-05\/","og_locale":"de_DE","og_type":"article","og_title":"BCM\/05 - Gemm srl","og_description":"MULTIFUNKTIONSGER\u00c4T 5 BLECHE GN 1\/1 \/ 600X400 &#8211; Multifunktionsger\u00e4t f\u00fcr verschiedene Arbeitszyklen, einschlie\u00dflich Schnellk\u00fchlung (hard\/soft) und Schockfrosten, G\u00e4rung mit Befeuchtungssystem, NT-Garung (+70 \u00b0C). Die multifunktionale und mehrsprachige elektronische Platine erm\u00f6glicht dank des grafischen 7-Zoll-Farb-Touchscreens die einfache Organisation von Arbeitszyklen, die Einstellung mehrerer Funktionen und die vollst\u00e4ndige Kontrolle \u00fcber das Ger\u00e4t. Integriertes WLAN-\u00dcberwachungssystem \u00fcber Gemm Cloud-Plattform. [&hellip;]","og_url":"https:\/\/www.gemm-srl.com\/de\/schnellkuehler-schockfroster\/new-runner-flexi-de\/bcm-05\/","og_site_name":"Gemm srl","article_publisher":"https:\/\/www.facebook.com\/people\/GEMM-SRL\/100065046666797\/","article_modified_time":"2026-02-24T04:38:02+00:00","og_image":[{"width":2560,"height":2560,"url":"https:\/\/www.gemm-srl.com\/wp-content\/uploads\/2025\/03\/BCM_05PROVA-8-scaled.jpg","type":"image\/jpeg"}],"twitter_card":"summary_large_image","schema":{"@context":"https:\/\/schema.org","@graph":[{"@type":"WebPage","@id":"https:\/\/www.gemm-srl.com\/de\/schnellkuehler-schockfroster\/new-runner-flexi-de\/bcm-05\/","url":"https:\/\/www.gemm-srl.com\/de\/schnellkuehler-schockfroster\/new-runner-flexi-de\/bcm-05\/","name":"BCM\/05 - Gemm srl","isPartOf":{"@id":"https:\/\/www.gemm-srl.com\/de\/#website"},"primaryImageOfPage":{"@id":"https:\/\/www.gemm-srl.com\/de\/schnellkuehler-schockfroster\/new-runner-flexi-de\/bcm-05\/#primaryimage"},"image":{"@id":"https:\/\/www.gemm-srl.com\/de\/schnellkuehler-schockfroster\/new-runner-flexi-de\/bcm-05\/#primaryimage"},"thumbnailUrl":"https:\/\/www.gemm-srl.com\/wp-content\/uploads\/2025\/03\/BCM_05PROVA-8-scaled.jpg","datePublished":"2022-07-22T07:43:09+00:00","dateModified":"2026-02-24T04:38:02+00:00","breadcrumb":{"@id":"https:\/\/www.gemm-srl.com\/de\/schnellkuehler-schockfroster\/new-runner-flexi-de\/bcm-05\/#breadcrumb"},"inLanguage":"de","potentialAction":[{"@type":"ReadAction","target":["https:\/\/www.gemm-srl.com\/de\/schnellkuehler-schockfroster\/new-runner-flexi-de\/bcm-05\/"]}]},{"@type":"ImageObject","inLanguage":"de","@id":"https:\/\/www.gemm-srl.com\/de\/schnellkuehler-schockfroster\/new-runner-flexi-de\/bcm-05\/#primaryimage","url":"https:\/\/www.gemm-srl.com\/wp-content\/uploads\/2025\/03\/BCM_05PROVA-8-scaled.jpg","contentUrl":"https:\/\/www.gemm-srl.com\/wp-content\/uploads\/2025\/03\/BCM_05PROVA-8-scaled.jpg","width":2560,"height":2560},{"@type":"BreadcrumbList","@id":"https:\/\/www.gemm-srl.com\/de\/schnellkuehler-schockfroster\/new-runner-flexi-de\/bcm-05\/#breadcrumb","itemListElement":[{"@type":"ListItem","position":1,"name":"Home","item":"https:\/\/www.gemm-srl.com\/de\/"},{"@type":"ListItem","position":2,"name":"Produkte","item":"https:\/\/www.gemm-srl.com\/de\/produkte\/"},{"@type":"ListItem","position":3,"name":"Schnellk\u00fchler \/ Schockfroster","item":"https:\/\/www.gemm-srl.com\/de\/schnellkuehler-schockfroster\/"},{"@type":"ListItem","position":4,"name":"New Runner Flexi","item":"https:\/\/www.gemm-srl.com\/de\/schnellkuehler-schockfroster\/new-runner-flexi-de\/"},{"@type":"ListItem","position":5,"name":"BCM\/05"}]},{"@type":"WebSite","@id":"https:\/\/www.gemm-srl.com\/de\/#website","url":"https:\/\/www.gemm-srl.com\/de\/","name":"Gemm srl","description":"Sistemi refrigerati professionali di alta qualit\u00e0","publisher":{"@id":"https:\/\/www.gemm-srl.com\/de\/#organization"},"potentialAction":[{"@type":"SearchAction","target":{"@type":"EntryPoint","urlTemplate":"https:\/\/www.gemm-srl.com\/de\/?s={search_term_string}"},"query-input":{"@type":"PropertyValueSpecification","valueRequired":true,"valueName":"search_term_string"}}],"inLanguage":"de"},{"@type":"Organization","@id":"https:\/\/www.gemm-srl.com\/de\/#organization","name":"Gemm srl","url":"https:\/\/www.gemm-srl.com\/de\/","logo":{"@type":"ImageObject","inLanguage":"de","@id":"https:\/\/www.gemm-srl.com\/de\/#\/schema\/logo\/image\/","url":"https:\/\/www.gemm-srl.com\/wp-content\/uploads\/2020\/11\/logo_nero.png","contentUrl":"https:\/\/www.gemm-srl.com\/wp-content\/uploads\/2020\/11\/logo_nero.png","width":250,"height":59,"caption":"Gemm srl"},"image":{"@id":"https:\/\/www.gemm-srl.com\/de\/#\/schema\/logo\/image\/"},"sameAs":["https:\/\/www.facebook.com\/people\/GEMM-SRL\/100065046666797\/","https:\/\/www.youtube.com\/@gemmsrl","https:\/\/www.linkedin.com\/company\/gemm-s.r.l.\/","https:\/\/www.instagram.com\/gemmsrl\/"]}]}},"_links":{"self":[{"href":"https:\/\/www.gemm-srl.com\/de\/wp-json\/wp\/v2\/product\/36427","targetHints":{"allow":["GET"]}}],"collection":[{"href":"https:\/\/www.gemm-srl.com\/de\/wp-json\/wp\/v2\/product"}],"about":[{"href":"https:\/\/www.gemm-srl.com\/de\/wp-json\/wp\/v2\/types\/product"}],"acf:post":[{"embeddable":true,"href":"https:\/\/www.gemm-srl.com\/de\/wp-json\/wp\/v2\/wpdmpro\/151261"}],"wp:featuredmedia":[{"embeddable":true,"href":"https:\/\/www.gemm-srl.com\/de\/wp-json\/wp\/v2\/media\/148796"}],"wp:attachment":[{"href":"https:\/\/www.gemm-srl.com\/de\/wp-json\/wp\/v2\/media?parent=36427"}],"wp:term":[{"taxonomy":"product_brand","embeddable":true,"href":"https:\/\/www.gemm-srl.com\/de\/wp-json\/wp\/v2\/product_brand?post=36427"},{"taxonomy":"product_cat","embeddable":true,"href":"https:\/\/www.gemm-srl.com\/de\/wp-json\/wp\/v2\/product_cat?post=36427"},{"taxonomy":"product_tag","embeddable":true,"href":"https:\/\/www.gemm-srl.com\/de\/wp-json\/wp\/v2\/product_tag?post=36427"}],"curies":[{"name":"wp","href":"https:\/\/api.w.org\/{rel}","templated":true}]}}