{"id":36418,"date":"2022-07-22T14:24:32","date_gmt":"2022-07-22T12:24:32","guid":{"rendered":"https:\/\/www.gemm-srl.com\/unkategorisiert\/bcm-4011\/"},"modified":"2026-02-24T04:11:55","modified_gmt":"2026-02-24T03:11:55","slug":"bcm-4011","status":"publish","type":"product","link":"https:\/\/www.gemm-srl.com\/de\/schnellkuehler-schockfroster\/new-runner-flexi-de\/bcm-4011\/","title":{"rendered":"BCM\/4011"},"content":{"rendered":"<p>MULTIFUNKTIONSGER\u00c4T F\u00dcR 1 STIKKEN-\/G\u00c4RWAGEN GN 2\/1 \/ 600X800 &#8211; Multifunktionsger\u00e4t f\u00fcr verschiedene Arbeitszyklen, einschlie\u00dflich Schnellk\u00fchlung (hard\/soft) und Schockfrosten, G\u00e4rung mit Befeuchtungssystem, NT-Garung (+70 \u00b0C). Die multifunktionale und mehrsprachige elektronische Platine erm\u00f6glicht dank des grafischen 7-Zoll-Farb-Touchscreens die einfache Organisation von Arbeitszyklen, die Einstellung mehrerer Funktionen und die vollst\u00e4ndige Kontrolle \u00fcber das Ger\u00e4t. Integriertes WLAN-\u00dcberwachungssystem \u00fcber Cloud-Plattform. Betriebstemperatur bis zum -40\u00b0C.<\/p>\n","protected":false},"excerpt":{"rendered":"<p>MULTIFUNKTIONSGER\u00c4T F\u00dcR 1 STIKKEN-\/G\u00c4RWAGEN GN 2\/1 \/ 600X800 &#8211; Multifunktionsger\u00e4t f\u00fcr verschiedene Arbeitszyklen, einschlie\u00dflich Schnellk\u00fchlung (hard\/soft) und Schockfrosten, G\u00e4rung mit Befeuchtungssystem, NT-Garung (+70 \u00b0C). Die multifunktionale und mehrsprachige elektronische Platine erm\u00f6glicht dank des grafischen 7-Zoll-Farb-Touchscreens die einfache Organisation von Arbeitszyklen, die Einstellung mehrerer Funktionen und die vollst\u00e4ndige Kontrolle \u00fcber das Ger\u00e4t. Integriertes WLAN-\u00dcberwachungssystem \u00fcber Cloud-Plattform. [&hellip;]<\/p>\n","protected":false},"featured_media":152126,"template":"","meta":{"_acf_changed":false},"product_brand":[],"product_cat":[2634],"product_tag":[758,765,766],"class_list":{"0":"post-36418","1":"product","2":"type-product","3":"status-publish","4":"has-post-thumbnail","6":"product_cat-new-runner-flexi-de","7":"product_tag-pasticceria-de","8":"product_tag-gelateria-de","9":"product_tag-ristorazione-de","11":"first","12":"instock","13":"purchasable","14":"product-type-simple"},"acf":{"titolo_h2":"","tipo":"PF","video":"","file_privati":[151265],"file_pubblici":"","scheda_tecnica":"https:\/\/gemm.datipro.it\/pdf-datasheet\/de\/45102115","depliant":"https:\/\/gemm.datipro.it\/pdf-depliant\/\/DEPLIANT%202025\/GEMM_NEW_RUNNER_2026_DE.pdf","struttura_info":"innenausf\u00fchrung aus Edelstahl AISI 304","posizione_vano_tecnico":"oberes Installationsfach","tipo_di_refrigerazione_info":"einschlie\u00dflich Schnellk\u00fchlung (hard\/soft) und Schockfrosten, G\u00e4rung mit Befeuchtungssystem, NT-Garung (+70 \u00b0C)","elettronica_info":"elektronische Steuerung mit 7''-Touchscreen","sbrinamento_info":"automatische Hei\u00dfgasabtauung","evaporazione_acqua_di_condensa_info":"Kondenswasserablaufrohr (Wasserablauf vorsehen)","allestimenti_a_richiesta":"","dotazione_info":"Kerntemperatursf\u00fchler, USB, GEMM-Cloud Wi-Fi \u00dcberwachungssystem","esclusioni_info":"Wagen, Rohrleitungen zur Verbindung mit der Kondensatoreinheit und Gasbef\u00fcllung","spessore_di_isolamento_info":"70","passo_guide_info":"","posizioni_su_cremagliera":"","piano_di_lavoro_inox_info":"","tipo_serratura":"JA","illuminazione":"JA","controllo_ventilazione":"JA","controllo_umidita":"JA","umidita_relativa":"0-100%","gas_info":"","tensione_info":"3x400V ~ 50Hz","classe_climatica_info":"5","elenco_accessori":[{"accessori":"45100912 - Ozon Sterilisator Kit f\u00fcr BCC\/4008-4011-4014-6015 (Mehrpreis)"},{"accessori":"45100917 - Kit f\u00fcr Winter Temperaturen BCC\/4011 4014 4014P 6015 6015P 8027 (Mehrpreis)"},{"accessori":"45100923 - Kondensatoreinheit mit Wasser gek\u00fchlt f\u00fcr BCC\/4011 (Mehrpreis)"},{"accessori":"45100941 - Kondensatoreinheit mit Abdeckung und Schalld\u00e4mmung f\u00fcr BCC\/4011 (Mehrpreis)"},{"accessori":"45100961 - B\u00fchne L=110 cm BCC\/4008 BCC\/4011 BCC\/4014(P) (Mehrpreis)"},{"accessori":"Ausf\u00fchrung ohne Verfl\u00fcssigungssatz f\u00fcr BCC\/4011 (Abzug)"},{"accessori":"40200560 - Frequenz 60Hz"}],"immagini_portabottiglie":"","strutture_portabottiglie":null,"soluzioni_portabottiglie":null},"yoast_head":"<!-- This site is optimized with the Yoast SEO plugin v26.5 - https:\/\/yoast.com\/wordpress\/plugins\/seo\/ -->\n<title>BCM\/4011 - Gemm srl<\/title>\n<meta name=\"robots\" content=\"index, follow, max-snippet:-1, max-image-preview:large, max-video-preview:-1\" \/>\n<link rel=\"canonical\" href=\"https:\/\/www.gemm-srl.com\/de\/schnellkuehler-schockfroster\/new-runner-flexi-de\/bcm-4011\/\" \/>\n<meta property=\"og:locale\" content=\"de_DE\" \/>\n<meta property=\"og:type\" content=\"article\" \/>\n<meta property=\"og:title\" content=\"BCM\/4011 - Gemm srl\" \/>\n<meta property=\"og:description\" content=\"MULTIFUNKTIONSGER\u00c4T F\u00dcR 1 STIKKEN-\/G\u00c4RWAGEN GN 2\/1 \/ 600X800 &#8211; Multifunktionsger\u00e4t f\u00fcr verschiedene Arbeitszyklen, einschlie\u00dflich Schnellk\u00fchlung (hard\/soft) und Schockfrosten, G\u00e4rung mit Befeuchtungssystem, NT-Garung (+70 \u00b0C). Die multifunktionale und mehrsprachige elektronische Platine erm\u00f6glicht dank des grafischen 7-Zoll-Farb-Touchscreens die einfache Organisation von Arbeitszyklen, die Einstellung mehrerer Funktionen und die vollst\u00e4ndige Kontrolle \u00fcber das Ger\u00e4t. Integriertes WLAN-\u00dcberwachungssystem \u00fcber Cloud-Plattform. [&hellip;]\" \/>\n<meta property=\"og:url\" content=\"https:\/\/www.gemm-srl.com\/de\/schnellkuehler-schockfroster\/new-runner-flexi-de\/bcm-4011\/\" \/>\n<meta property=\"og:site_name\" content=\"Gemm srl\" \/>\n<meta property=\"article:publisher\" content=\"https:\/\/www.facebook.com\/people\/GEMM-SRL\/100065046666797\/\" \/>\n<meta property=\"article:modified_time\" content=\"2026-02-24T03:11:55+00:00\" \/>\n<meta property=\"og:image\" content=\"https:\/\/www.gemm-srl.com\/wp-content\/uploads\/2025\/10\/BCC_4008-4-scaled.png\" \/>\n\t<meta property=\"og:image:width\" content=\"2560\" \/>\n\t<meta property=\"og:image:height\" content=\"2560\" \/>\n\t<meta property=\"og:image:type\" content=\"image\/png\" \/>\n<meta name=\"twitter:card\" content=\"summary_large_image\" \/>\n<script type=\"application\/ld+json\" class=\"yoast-schema-graph\">{\"@context\":\"https:\/\/schema.org\",\"@graph\":[{\"@type\":\"WebPage\",\"@id\":\"https:\/\/www.gemm-srl.com\/de\/schnellkuehler-schockfroster\/new-runner-flexi-de\/bcm-4011\/\",\"url\":\"https:\/\/www.gemm-srl.com\/de\/schnellkuehler-schockfroster\/new-runner-flexi-de\/bcm-4011\/\",\"name\":\"BCM\/4011 - Gemm srl\",\"isPartOf\":{\"@id\":\"https:\/\/www.gemm-srl.com\/de\/#website\"},\"primaryImageOfPage\":{\"@id\":\"https:\/\/www.gemm-srl.com\/de\/schnellkuehler-schockfroster\/new-runner-flexi-de\/bcm-4011\/#primaryimage\"},\"image\":{\"@id\":\"https:\/\/www.gemm-srl.com\/de\/schnellkuehler-schockfroster\/new-runner-flexi-de\/bcm-4011\/#primaryimage\"},\"thumbnailUrl\":\"https:\/\/www.gemm-srl.com\/wp-content\/uploads\/2025\/10\/BCC_4008-4-scaled.png\",\"datePublished\":\"2022-07-22T12:24:32+00:00\",\"dateModified\":\"2026-02-24T03:11:55+00:00\",\"breadcrumb\":{\"@id\":\"https:\/\/www.gemm-srl.com\/de\/schnellkuehler-schockfroster\/new-runner-flexi-de\/bcm-4011\/#breadcrumb\"},\"inLanguage\":\"de\",\"potentialAction\":[{\"@type\":\"ReadAction\",\"target\":[\"https:\/\/www.gemm-srl.com\/de\/schnellkuehler-schockfroster\/new-runner-flexi-de\/bcm-4011\/\"]}]},{\"@type\":\"ImageObject\",\"inLanguage\":\"de\",\"@id\":\"https:\/\/www.gemm-srl.com\/de\/schnellkuehler-schockfroster\/new-runner-flexi-de\/bcm-4011\/#primaryimage\",\"url\":\"https:\/\/www.gemm-srl.com\/wp-content\/uploads\/2025\/10\/BCC_4008-4-scaled.png\",\"contentUrl\":\"https:\/\/www.gemm-srl.com\/wp-content\/uploads\/2025\/10\/BCC_4008-4-scaled.png\",\"width\":2560,\"height\":2560},{\"@type\":\"BreadcrumbList\",\"@id\":\"https:\/\/www.gemm-srl.com\/de\/schnellkuehler-schockfroster\/new-runner-flexi-de\/bcm-4011\/#breadcrumb\",\"itemListElement\":[{\"@type\":\"ListItem\",\"position\":1,\"name\":\"Home\",\"item\":\"https:\/\/www.gemm-srl.com\/de\/\"},{\"@type\":\"ListItem\",\"position\":2,\"name\":\"Produkte\",\"item\":\"https:\/\/www.gemm-srl.com\/de\/produkte\/\"},{\"@type\":\"ListItem\",\"position\":3,\"name\":\"Schnellk\u00fchler \/ Schockfroster\",\"item\":\"https:\/\/www.gemm-srl.com\/de\/schnellkuehler-schockfroster\/\"},{\"@type\":\"ListItem\",\"position\":4,\"name\":\"New Runner Flexi\",\"item\":\"https:\/\/www.gemm-srl.com\/de\/schnellkuehler-schockfroster\/new-runner-flexi-de\/\"},{\"@type\":\"ListItem\",\"position\":5,\"name\":\"BCM\/4011\"}]},{\"@type\":\"WebSite\",\"@id\":\"https:\/\/www.gemm-srl.com\/de\/#website\",\"url\":\"https:\/\/www.gemm-srl.com\/de\/\",\"name\":\"Gemm srl\",\"description\":\"Sistemi refrigerati professionali di alta qualit\u00e0\",\"publisher\":{\"@id\":\"https:\/\/www.gemm-srl.com\/de\/#organization\"},\"potentialAction\":[{\"@type\":\"SearchAction\",\"target\":{\"@type\":\"EntryPoint\",\"urlTemplate\":\"https:\/\/www.gemm-srl.com\/de\/?s={search_term_string}\"},\"query-input\":{\"@type\":\"PropertyValueSpecification\",\"valueRequired\":true,\"valueName\":\"search_term_string\"}}],\"inLanguage\":\"de\"},{\"@type\":\"Organization\",\"@id\":\"https:\/\/www.gemm-srl.com\/de\/#organization\",\"name\":\"Gemm srl\",\"url\":\"https:\/\/www.gemm-srl.com\/de\/\",\"logo\":{\"@type\":\"ImageObject\",\"inLanguage\":\"de\",\"@id\":\"https:\/\/www.gemm-srl.com\/de\/#\/schema\/logo\/image\/\",\"url\":\"https:\/\/www.gemm-srl.com\/wp-content\/uploads\/2020\/11\/logo_nero.png\",\"contentUrl\":\"https:\/\/www.gemm-srl.com\/wp-content\/uploads\/2020\/11\/logo_nero.png\",\"width\":250,\"height\":59,\"caption\":\"Gemm srl\"},\"image\":{\"@id\":\"https:\/\/www.gemm-srl.com\/de\/#\/schema\/logo\/image\/\"},\"sameAs\":[\"https:\/\/www.facebook.com\/people\/GEMM-SRL\/100065046666797\/\",\"https:\/\/www.youtube.com\/@gemmsrl\",\"https:\/\/www.linkedin.com\/company\/gemm-s.r.l.\/\",\"https:\/\/www.instagram.com\/gemmsrl\/\"]}]}<\/script>\n<!-- \/ Yoast SEO plugin. -->","yoast_head_json":{"title":"BCM\/4011 - Gemm srl","robots":{"index":"index","follow":"follow","max-snippet":"max-snippet:-1","max-image-preview":"max-image-preview:large","max-video-preview":"max-video-preview:-1"},"canonical":"https:\/\/www.gemm-srl.com\/de\/schnellkuehler-schockfroster\/new-runner-flexi-de\/bcm-4011\/","og_locale":"de_DE","og_type":"article","og_title":"BCM\/4011 - Gemm srl","og_description":"MULTIFUNKTIONSGER\u00c4T F\u00dcR 1 STIKKEN-\/G\u00c4RWAGEN GN 2\/1 \/ 600X800 &#8211; Multifunktionsger\u00e4t f\u00fcr verschiedene Arbeitszyklen, einschlie\u00dflich Schnellk\u00fchlung (hard\/soft) und Schockfrosten, G\u00e4rung mit Befeuchtungssystem, NT-Garung (+70 \u00b0C). Die multifunktionale und mehrsprachige elektronische Platine erm\u00f6glicht dank des grafischen 7-Zoll-Farb-Touchscreens die einfache Organisation von Arbeitszyklen, die Einstellung mehrerer Funktionen und die vollst\u00e4ndige Kontrolle \u00fcber das Ger\u00e4t. Integriertes WLAN-\u00dcberwachungssystem \u00fcber Cloud-Plattform. [&hellip;]","og_url":"https:\/\/www.gemm-srl.com\/de\/schnellkuehler-schockfroster\/new-runner-flexi-de\/bcm-4011\/","og_site_name":"Gemm srl","article_publisher":"https:\/\/www.facebook.com\/people\/GEMM-SRL\/100065046666797\/","article_modified_time":"2026-02-24T03:11:55+00:00","og_image":[{"width":2560,"height":2560,"url":"https:\/\/www.gemm-srl.com\/wp-content\/uploads\/2025\/10\/BCC_4008-4-scaled.png","type":"image\/png"}],"twitter_card":"summary_large_image","schema":{"@context":"https:\/\/schema.org","@graph":[{"@type":"WebPage","@id":"https:\/\/www.gemm-srl.com\/de\/schnellkuehler-schockfroster\/new-runner-flexi-de\/bcm-4011\/","url":"https:\/\/www.gemm-srl.com\/de\/schnellkuehler-schockfroster\/new-runner-flexi-de\/bcm-4011\/","name":"BCM\/4011 - Gemm srl","isPartOf":{"@id":"https:\/\/www.gemm-srl.com\/de\/#website"},"primaryImageOfPage":{"@id":"https:\/\/www.gemm-srl.com\/de\/schnellkuehler-schockfroster\/new-runner-flexi-de\/bcm-4011\/#primaryimage"},"image":{"@id":"https:\/\/www.gemm-srl.com\/de\/schnellkuehler-schockfroster\/new-runner-flexi-de\/bcm-4011\/#primaryimage"},"thumbnailUrl":"https:\/\/www.gemm-srl.com\/wp-content\/uploads\/2025\/10\/BCC_4008-4-scaled.png","datePublished":"2022-07-22T12:24:32+00:00","dateModified":"2026-02-24T03:11:55+00:00","breadcrumb":{"@id":"https:\/\/www.gemm-srl.com\/de\/schnellkuehler-schockfroster\/new-runner-flexi-de\/bcm-4011\/#breadcrumb"},"inLanguage":"de","potentialAction":[{"@type":"ReadAction","target":["https:\/\/www.gemm-srl.com\/de\/schnellkuehler-schockfroster\/new-runner-flexi-de\/bcm-4011\/"]}]},{"@type":"ImageObject","inLanguage":"de","@id":"https:\/\/www.gemm-srl.com\/de\/schnellkuehler-schockfroster\/new-runner-flexi-de\/bcm-4011\/#primaryimage","url":"https:\/\/www.gemm-srl.com\/wp-content\/uploads\/2025\/10\/BCC_4008-4-scaled.png","contentUrl":"https:\/\/www.gemm-srl.com\/wp-content\/uploads\/2025\/10\/BCC_4008-4-scaled.png","width":2560,"height":2560},{"@type":"BreadcrumbList","@id":"https:\/\/www.gemm-srl.com\/de\/schnellkuehler-schockfroster\/new-runner-flexi-de\/bcm-4011\/#breadcrumb","itemListElement":[{"@type":"ListItem","position":1,"name":"Home","item":"https:\/\/www.gemm-srl.com\/de\/"},{"@type":"ListItem","position":2,"name":"Produkte","item":"https:\/\/www.gemm-srl.com\/de\/produkte\/"},{"@type":"ListItem","position":3,"name":"Schnellk\u00fchler \/ Schockfroster","item":"https:\/\/www.gemm-srl.com\/de\/schnellkuehler-schockfroster\/"},{"@type":"ListItem","position":4,"name":"New Runner Flexi","item":"https:\/\/www.gemm-srl.com\/de\/schnellkuehler-schockfroster\/new-runner-flexi-de\/"},{"@type":"ListItem","position":5,"name":"BCM\/4011"}]},{"@type":"WebSite","@id":"https:\/\/www.gemm-srl.com\/de\/#website","url":"https:\/\/www.gemm-srl.com\/de\/","name":"Gemm srl","description":"Sistemi refrigerati professionali di alta qualit\u00e0","publisher":{"@id":"https:\/\/www.gemm-srl.com\/de\/#organization"},"potentialAction":[{"@type":"SearchAction","target":{"@type":"EntryPoint","urlTemplate":"https:\/\/www.gemm-srl.com\/de\/?s={search_term_string}"},"query-input":{"@type":"PropertyValueSpecification","valueRequired":true,"valueName":"search_term_string"}}],"inLanguage":"de"},{"@type":"Organization","@id":"https:\/\/www.gemm-srl.com\/de\/#organization","name":"Gemm srl","url":"https:\/\/www.gemm-srl.com\/de\/","logo":{"@type":"ImageObject","inLanguage":"de","@id":"https:\/\/www.gemm-srl.com\/de\/#\/schema\/logo\/image\/","url":"https:\/\/www.gemm-srl.com\/wp-content\/uploads\/2020\/11\/logo_nero.png","contentUrl":"https:\/\/www.gemm-srl.com\/wp-content\/uploads\/2020\/11\/logo_nero.png","width":250,"height":59,"caption":"Gemm srl"},"image":{"@id":"https:\/\/www.gemm-srl.com\/de\/#\/schema\/logo\/image\/"},"sameAs":["https:\/\/www.facebook.com\/people\/GEMM-SRL\/100065046666797\/","https:\/\/www.youtube.com\/@gemmsrl","https:\/\/www.linkedin.com\/company\/gemm-s.r.l.\/","https:\/\/www.instagram.com\/gemmsrl\/"]}]}},"_links":{"self":[{"href":"https:\/\/www.gemm-srl.com\/de\/wp-json\/wp\/v2\/product\/36418","targetHints":{"allow":["GET"]}}],"collection":[{"href":"https:\/\/www.gemm-srl.com\/de\/wp-json\/wp\/v2\/product"}],"about":[{"href":"https:\/\/www.gemm-srl.com\/de\/wp-json\/wp\/v2\/types\/product"}],"acf:post":[{"embeddable":true,"href":"https:\/\/www.gemm-srl.com\/de\/wp-json\/wp\/v2\/wpdmpro\/151265"}],"wp:featuredmedia":[{"embeddable":true,"href":"https:\/\/www.gemm-srl.com\/de\/wp-json\/wp\/v2\/media\/152126"}],"wp:attachment":[{"href":"https:\/\/www.gemm-srl.com\/de\/wp-json\/wp\/v2\/media?parent=36418"}],"wp:term":[{"taxonomy":"product_brand","embeddable":true,"href":"https:\/\/www.gemm-srl.com\/de\/wp-json\/wp\/v2\/product_brand?post=36418"},{"taxonomy":"product_cat","embeddable":true,"href":"https:\/\/www.gemm-srl.com\/de\/wp-json\/wp\/v2\/product_cat?post=36418"},{"taxonomy":"product_tag","embeddable":true,"href":"https:\/\/www.gemm-srl.com\/de\/wp-json\/wp\/v2\/product_tag?post=36418"}],"curies":[{"name":"wp","href":"https:\/\/api.w.org\/{rel}","templated":true}]}}