{"id":36414,"date":"2022-07-22T16:12:34","date_gmt":"2022-07-22T14:12:34","guid":{"rendered":"https:\/\/www.gemm-srl.com\/unkategorisiert\/alev-40\/"},"modified":"2026-03-05T01:24:49","modified_gmt":"2026-03-05T00:24:49","slug":"alev-40","status":"publish","type":"product","link":"https:\/\/www.gemm-srl.com\/de\/gaerunterbrecher\/planet-schranke\/alev-40\/","title":{"rendered":"ALEV\/40"},"content":{"rendered":"<p>G\u00c4RSCHRANK 20 BLECHE 600&#215;800 MIT FEUCHTIGKEITSKONTROLLE 90% RF MAX &#8211; G\u00e4rschrank mit \u00dcberwachung und Steuerung der Temperatur, der G\u00e4rzeiten und der relativen Luftfeuchtigkeit mit maximaler Sicherheit und Pr\u00e4zision. Das voreingestellte Programm beinhaltet: +40\u00b0C Temperatur, 90% Luftfeuchtigkeit.<\/p>\n","protected":false},"excerpt":{"rendered":"<p>G\u00c4RSCHRANK 20 BLECHE 600&#215;800 MIT FEUCHTIGKEITSKONTROLLE 90% RF MAX &#8211; G\u00e4rschrank mit \u00dcberwachung und Steuerung der Temperatur, der G\u00e4rzeiten und der relativen Luftfeuchtigkeit mit maximaler Sicherheit und Pr\u00e4zision. Das voreingestellte Programm beinhaltet: +40\u00b0C Temperatur, 90% Luftfeuchtigkeit.<\/p>\n","protected":false},"featured_media":152826,"template":"","meta":{"_acf_changed":false},"product_brand":[],"product_cat":[783],"product_tag":[528],"class_list":{"0":"post-36414","1":"product","2":"type-product","3":"status-publish","4":"has-post-thumbnail","6":"product_cat-planet-schranke","7":"product_tag-pastry","9":"first","10":"instock","11":"purchasable","12":"product-type-simple"},"acf":{"titolo_h2":"","tipo":"PF","video":"","file_privati":["",""],"file_pubblici":["",""],"scheda_tecnica":"https:\/\/gemm.datipro.it\/pdf-datasheet\/de\/45020420","depliant":"https:\/\/gemm.datipro.it\/pdf-depliant\/\/DEPLIANT%202025\/GEMM_PLANET_2026_DE.pdf","struttura_info":"Edelstahl","posizione_vano_tecnico":"oberes Installationsfach","tipo_di_refrigerazione_info":"","elettronica_info":"2.8'' Touch Bedienfeld, Digitalanzeige","sbrinamento_info":"","evaporazione_acqua_di_condensa_info":"automatisch","allestimenti_a_richiesta":"","dotazione_info":"20 Paar Auflageschienen f\u00fcr Backbleche 600x800","esclusioni_info":"","spessore_di_isolamento_info":"75","passo_guide_info":"16,5","posizioni_su_cremagliera":"74","piano_di_lavoro_inox_info":"","tipo_serratura":"","illuminazione":"","controllo_ventilazione":"","controllo_umidita":"JA","umidita_relativa":"max 90%","gas_info":"","tensione_info":"1x230V ~ 50Hz","classe_climatica_info":"5","elenco_accessori":[{"accessori":"45020511 - Schienenpaar f\u00fcr Gitter cm 60x80"},{"accessori":"45020512 - Gitter Rilsan cm 60x80"},{"accessori":"45020515 - CNS Gitter cm 60x80"},{"accessori":"45020520 - CNS Backblech cm 60x80x2h"},{"accessori":"45020525 - T\u00fcr aus geh\u00e4rtetem Glas mit Led Beleuchtung (Mehrpreis)"},{"accessori":"45000540 - Kit Nr. 4 Rollen \u00d8 100 (Mehrpreis)"},{"accessori":"45000563 - \u00dcberwachungssystem WI-FI f\u00fcr BCT, AFLV (Mehrpreis)"},{"accessori":"40200560 - Frequenz 60Hz"}],"immagini_portabottiglie":"","strutture_portabottiglie":null,"soluzioni_portabottiglie":null},"yoast_head":"<!-- This site is optimized with the Yoast SEO plugin v26.5 - https:\/\/yoast.com\/wordpress\/plugins\/seo\/ -->\n<title>ALEV\/40 - Gemm srl<\/title>\n<meta name=\"robots\" content=\"index, follow, max-snippet:-1, max-image-preview:large, max-video-preview:-1\" \/>\n<link rel=\"canonical\" href=\"https:\/\/www.gemm-srl.com\/de\/gaerunterbrecher\/planet-schranke\/alev-40\/\" \/>\n<meta property=\"og:locale\" content=\"de_DE\" \/>\n<meta property=\"og:type\" content=\"article\" \/>\n<meta property=\"og:title\" content=\"ALEV\/40 - Gemm srl\" \/>\n<meta property=\"og:description\" content=\"G\u00c4RSCHRANK 20 BLECHE 600&#215;800 MIT FEUCHTIGKEITSKONTROLLE 90% RF MAX &#8211; G\u00e4rschrank mit \u00dcberwachung und Steuerung der Temperatur, der G\u00e4rzeiten und der relativen Luftfeuchtigkeit mit maximaler Sicherheit und Pr\u00e4zision. Das voreingestellte Programm beinhaltet: +40\u00b0C Temperatur, 90% Luftfeuchtigkeit.\" \/>\n<meta property=\"og:url\" content=\"https:\/\/www.gemm-srl.com\/de\/gaerunterbrecher\/planet-schranke\/alev-40\/\" \/>\n<meta property=\"og:site_name\" content=\"Gemm srl\" \/>\n<meta property=\"article:publisher\" content=\"https:\/\/www.facebook.com\/people\/GEMM-SRL\/100065046666797\/\" \/>\n<meta property=\"article:modified_time\" content=\"2026-03-05T00:24:49+00:00\" \/>\n<meta property=\"og:image\" content=\"https:\/\/www.gemm-srl.com\/wp-content\/uploads\/2026\/01\/ADP_40C_SITO-1-scaled.jpg\" \/>\n\t<meta property=\"og:image:width\" content=\"2560\" \/>\n\t<meta property=\"og:image:height\" content=\"2560\" \/>\n\t<meta property=\"og:image:type\" content=\"image\/jpeg\" \/>\n<meta name=\"twitter:card\" content=\"summary_large_image\" \/>\n<script type=\"application\/ld+json\" class=\"yoast-schema-graph\">{\"@context\":\"https:\/\/schema.org\",\"@graph\":[{\"@type\":\"WebPage\",\"@id\":\"https:\/\/www.gemm-srl.com\/de\/gaerunterbrecher\/planet-schranke\/alev-40\/\",\"url\":\"https:\/\/www.gemm-srl.com\/de\/gaerunterbrecher\/planet-schranke\/alev-40\/\",\"name\":\"ALEV\/40 - Gemm srl\",\"isPartOf\":{\"@id\":\"https:\/\/www.gemm-srl.com\/de\/#website\"},\"primaryImageOfPage\":{\"@id\":\"https:\/\/www.gemm-srl.com\/de\/gaerunterbrecher\/planet-schranke\/alev-40\/#primaryimage\"},\"image\":{\"@id\":\"https:\/\/www.gemm-srl.com\/de\/gaerunterbrecher\/planet-schranke\/alev-40\/#primaryimage\"},\"thumbnailUrl\":\"https:\/\/www.gemm-srl.com\/wp-content\/uploads\/2026\/01\/ADP_40C_SITO-1-scaled.jpg\",\"datePublished\":\"2022-07-22T14:12:34+00:00\",\"dateModified\":\"2026-03-05T00:24:49+00:00\",\"breadcrumb\":{\"@id\":\"https:\/\/www.gemm-srl.com\/de\/gaerunterbrecher\/planet-schranke\/alev-40\/#breadcrumb\"},\"inLanguage\":\"de\",\"potentialAction\":[{\"@type\":\"ReadAction\",\"target\":[\"https:\/\/www.gemm-srl.com\/de\/gaerunterbrecher\/planet-schranke\/alev-40\/\"]}]},{\"@type\":\"ImageObject\",\"inLanguage\":\"de\",\"@id\":\"https:\/\/www.gemm-srl.com\/de\/gaerunterbrecher\/planet-schranke\/alev-40\/#primaryimage\",\"url\":\"https:\/\/www.gemm-srl.com\/wp-content\/uploads\/2026\/01\/ADP_40C_SITO-1-scaled.jpg\",\"contentUrl\":\"https:\/\/www.gemm-srl.com\/wp-content\/uploads\/2026\/01\/ADP_40C_SITO-1-scaled.jpg\",\"width\":2560,\"height\":2560},{\"@type\":\"BreadcrumbList\",\"@id\":\"https:\/\/www.gemm-srl.com\/de\/gaerunterbrecher\/planet-schranke\/alev-40\/#breadcrumb\",\"itemListElement\":[{\"@type\":\"ListItem\",\"position\":1,\"name\":\"Home\",\"item\":\"https:\/\/www.gemm-srl.com\/de\/\"},{\"@type\":\"ListItem\",\"position\":2,\"name\":\"Produkte\",\"item\":\"https:\/\/www.gemm-srl.com\/de\/produkte\/\"},{\"@type\":\"ListItem\",\"position\":3,\"name\":\"G\u00e4runterbrecher\",\"item\":\"https:\/\/www.gemm-srl.com\/de\/gaerunterbrecher\/\"},{\"@type\":\"ListItem\",\"position\":4,\"name\":\"Planet Schr\u00e4nke\",\"item\":\"https:\/\/www.gemm-srl.com\/de\/gaerunterbrecher\/planet-schranke\/\"},{\"@type\":\"ListItem\",\"position\":5,\"name\":\"ALEV\/40\"}]},{\"@type\":\"WebSite\",\"@id\":\"https:\/\/www.gemm-srl.com\/de\/#website\",\"url\":\"https:\/\/www.gemm-srl.com\/de\/\",\"name\":\"Gemm srl\",\"description\":\"Sistemi refrigerati professionali di alta qualit\u00e0\",\"publisher\":{\"@id\":\"https:\/\/www.gemm-srl.com\/de\/#organization\"},\"potentialAction\":[{\"@type\":\"SearchAction\",\"target\":{\"@type\":\"EntryPoint\",\"urlTemplate\":\"https:\/\/www.gemm-srl.com\/de\/?s={search_term_string}\"},\"query-input\":{\"@type\":\"PropertyValueSpecification\",\"valueRequired\":true,\"valueName\":\"search_term_string\"}}],\"inLanguage\":\"de\"},{\"@type\":\"Organization\",\"@id\":\"https:\/\/www.gemm-srl.com\/de\/#organization\",\"name\":\"Gemm srl\",\"url\":\"https:\/\/www.gemm-srl.com\/de\/\",\"logo\":{\"@type\":\"ImageObject\",\"inLanguage\":\"de\",\"@id\":\"https:\/\/www.gemm-srl.com\/de\/#\/schema\/logo\/image\/\",\"url\":\"https:\/\/www.gemm-srl.com\/wp-content\/uploads\/2020\/11\/logo_nero.png\",\"contentUrl\":\"https:\/\/www.gemm-srl.com\/wp-content\/uploads\/2020\/11\/logo_nero.png\",\"width\":250,\"height\":59,\"caption\":\"Gemm srl\"},\"image\":{\"@id\":\"https:\/\/www.gemm-srl.com\/de\/#\/schema\/logo\/image\/\"},\"sameAs\":[\"https:\/\/www.facebook.com\/people\/GEMM-SRL\/100065046666797\/\",\"https:\/\/www.youtube.com\/@gemmsrl\",\"https:\/\/www.linkedin.com\/company\/gemm-s.r.l.\/\",\"https:\/\/www.instagram.com\/gemmsrl\/\"]}]}<\/script>\n<!-- \/ Yoast SEO plugin. -->","yoast_head_json":{"title":"ALEV\/40 - Gemm srl","robots":{"index":"index","follow":"follow","max-snippet":"max-snippet:-1","max-image-preview":"max-image-preview:large","max-video-preview":"max-video-preview:-1"},"canonical":"https:\/\/www.gemm-srl.com\/de\/gaerunterbrecher\/planet-schranke\/alev-40\/","og_locale":"de_DE","og_type":"article","og_title":"ALEV\/40 - Gemm srl","og_description":"G\u00c4RSCHRANK 20 BLECHE 600&#215;800 MIT FEUCHTIGKEITSKONTROLLE 90% RF MAX &#8211; G\u00e4rschrank mit \u00dcberwachung und Steuerung der Temperatur, der G\u00e4rzeiten und der relativen Luftfeuchtigkeit mit maximaler Sicherheit und Pr\u00e4zision. Das voreingestellte Programm beinhaltet: +40\u00b0C Temperatur, 90% Luftfeuchtigkeit.","og_url":"https:\/\/www.gemm-srl.com\/de\/gaerunterbrecher\/planet-schranke\/alev-40\/","og_site_name":"Gemm srl","article_publisher":"https:\/\/www.facebook.com\/people\/GEMM-SRL\/100065046666797\/","article_modified_time":"2026-03-05T00:24:49+00:00","og_image":[{"width":2560,"height":2560,"url":"https:\/\/www.gemm-srl.com\/wp-content\/uploads\/2026\/01\/ADP_40C_SITO-1-scaled.jpg","type":"image\/jpeg"}],"twitter_card":"summary_large_image","schema":{"@context":"https:\/\/schema.org","@graph":[{"@type":"WebPage","@id":"https:\/\/www.gemm-srl.com\/de\/gaerunterbrecher\/planet-schranke\/alev-40\/","url":"https:\/\/www.gemm-srl.com\/de\/gaerunterbrecher\/planet-schranke\/alev-40\/","name":"ALEV\/40 - Gemm srl","isPartOf":{"@id":"https:\/\/www.gemm-srl.com\/de\/#website"},"primaryImageOfPage":{"@id":"https:\/\/www.gemm-srl.com\/de\/gaerunterbrecher\/planet-schranke\/alev-40\/#primaryimage"},"image":{"@id":"https:\/\/www.gemm-srl.com\/de\/gaerunterbrecher\/planet-schranke\/alev-40\/#primaryimage"},"thumbnailUrl":"https:\/\/www.gemm-srl.com\/wp-content\/uploads\/2026\/01\/ADP_40C_SITO-1-scaled.jpg","datePublished":"2022-07-22T14:12:34+00:00","dateModified":"2026-03-05T00:24:49+00:00","breadcrumb":{"@id":"https:\/\/www.gemm-srl.com\/de\/gaerunterbrecher\/planet-schranke\/alev-40\/#breadcrumb"},"inLanguage":"de","potentialAction":[{"@type":"ReadAction","target":["https:\/\/www.gemm-srl.com\/de\/gaerunterbrecher\/planet-schranke\/alev-40\/"]}]},{"@type":"ImageObject","inLanguage":"de","@id":"https:\/\/www.gemm-srl.com\/de\/gaerunterbrecher\/planet-schranke\/alev-40\/#primaryimage","url":"https:\/\/www.gemm-srl.com\/wp-content\/uploads\/2026\/01\/ADP_40C_SITO-1-scaled.jpg","contentUrl":"https:\/\/www.gemm-srl.com\/wp-content\/uploads\/2026\/01\/ADP_40C_SITO-1-scaled.jpg","width":2560,"height":2560},{"@type":"BreadcrumbList","@id":"https:\/\/www.gemm-srl.com\/de\/gaerunterbrecher\/planet-schranke\/alev-40\/#breadcrumb","itemListElement":[{"@type":"ListItem","position":1,"name":"Home","item":"https:\/\/www.gemm-srl.com\/de\/"},{"@type":"ListItem","position":2,"name":"Produkte","item":"https:\/\/www.gemm-srl.com\/de\/produkte\/"},{"@type":"ListItem","position":3,"name":"G\u00e4runterbrecher","item":"https:\/\/www.gemm-srl.com\/de\/gaerunterbrecher\/"},{"@type":"ListItem","position":4,"name":"Planet Schr\u00e4nke","item":"https:\/\/www.gemm-srl.com\/de\/gaerunterbrecher\/planet-schranke\/"},{"@type":"ListItem","position":5,"name":"ALEV\/40"}]},{"@type":"WebSite","@id":"https:\/\/www.gemm-srl.com\/de\/#website","url":"https:\/\/www.gemm-srl.com\/de\/","name":"Gemm srl","description":"Sistemi refrigerati professionali di alta qualit\u00e0","publisher":{"@id":"https:\/\/www.gemm-srl.com\/de\/#organization"},"potentialAction":[{"@type":"SearchAction","target":{"@type":"EntryPoint","urlTemplate":"https:\/\/www.gemm-srl.com\/de\/?s={search_term_string}"},"query-input":{"@type":"PropertyValueSpecification","valueRequired":true,"valueName":"search_term_string"}}],"inLanguage":"de"},{"@type":"Organization","@id":"https:\/\/www.gemm-srl.com\/de\/#organization","name":"Gemm srl","url":"https:\/\/www.gemm-srl.com\/de\/","logo":{"@type":"ImageObject","inLanguage":"de","@id":"https:\/\/www.gemm-srl.com\/de\/#\/schema\/logo\/image\/","url":"https:\/\/www.gemm-srl.com\/wp-content\/uploads\/2020\/11\/logo_nero.png","contentUrl":"https:\/\/www.gemm-srl.com\/wp-content\/uploads\/2020\/11\/logo_nero.png","width":250,"height":59,"caption":"Gemm srl"},"image":{"@id":"https:\/\/www.gemm-srl.com\/de\/#\/schema\/logo\/image\/"},"sameAs":["https:\/\/www.facebook.com\/people\/GEMM-SRL\/100065046666797\/","https:\/\/www.youtube.com\/@gemmsrl","https:\/\/www.linkedin.com\/company\/gemm-s.r.l.\/","https:\/\/www.instagram.com\/gemmsrl\/"]}]}},"_links":{"self":[{"href":"https:\/\/www.gemm-srl.com\/de\/wp-json\/wp\/v2\/product\/36414","targetHints":{"allow":["GET"]}}],"collection":[{"href":"https:\/\/www.gemm-srl.com\/de\/wp-json\/wp\/v2\/product"}],"about":[{"href":"https:\/\/www.gemm-srl.com\/de\/wp-json\/wp\/v2\/types\/product"}],"acf:post":[{"embeddable":true,"href":"https:\/\/www.gemm-srl.com\/de\/wp-json\/wp\/v2\/product\/"}],"wp:featuredmedia":[{"embeddable":true,"href":"https:\/\/www.gemm-srl.com\/de\/wp-json\/wp\/v2\/media\/152826"}],"wp:attachment":[{"href":"https:\/\/www.gemm-srl.com\/de\/wp-json\/wp\/v2\/media?parent=36414"}],"wp:term":[{"taxonomy":"product_brand","embeddable":true,"href":"https:\/\/www.gemm-srl.com\/de\/wp-json\/wp\/v2\/product_brand?post=36414"},{"taxonomy":"product_cat","embeddable":true,"href":"https:\/\/www.gemm-srl.com\/de\/wp-json\/wp\/v2\/product_cat?post=36414"},{"taxonomy":"product_tag","embeddable":true,"href":"https:\/\/www.gemm-srl.com\/de\/wp-json\/wp\/v2\/product_tag?post=36414"}],"curies":[{"name":"wp","href":"https:\/\/api.w.org\/{rel}","templated":true}]}}