{"id":36387,"date":"2023-06-23T11:14:05","date_gmt":"2023-06-23T09:14:05","guid":{"rendered":"https:\/\/www.gemm-srl.com\/unkategorisiert\/pr5-120\/"},"modified":"2026-04-16T06:35:22","modified_gmt":"2026-04-16T04:35:22","slug":"pr5-120","status":"publish","type":"product","link":"https:\/\/www.gemm-srl.com\/de\/gekuhlte-wandhangeschranke\/pr5-120\/","title":{"rendered":"PR5\/120"},"content":{"rendered":"<p>GEK\u00dcHLTER WANDH\u00c4NGESCHRANK- Gek\u00fchlter Wandh\u00e4ngeschrank 2 T\u00fcren steckerfertig. Erh\u00e4ltlich auch in der Ausf\u00fchrung mit Glast\u00fcren und\/oder mit Ventil f\u00fcr Zentralk\u00fchlung.<\/p>\n","protected":false},"excerpt":{"rendered":"<p>GEK\u00dcHLTER WANDH\u00c4NGESCHRANK- Gek\u00fchlter Wandh\u00e4ngeschrank 2 T\u00fcren steckerfertig. Erh\u00e4ltlich auch in der Ausf\u00fchrung mit Glast\u00fcren und\/oder mit Ventil f\u00fcr Zentralk\u00fchlung.<\/p>\n","protected":false},"featured_media":147482,"template":"","meta":{"_acf_changed":false},"product_brand":[],"product_cat":[888],"product_tag":[766],"class_list":{"0":"post-36387","1":"product","2":"type-product","3":"status-publish","4":"has-post-thumbnail","6":"product_cat-gekuhlte-wandhangeschranke","7":"product_tag-ristorazione-de","9":"first","10":"instock","11":"purchasable","12":"product-type-simple"},"acf":{"titolo_h2":"POSITIVE TEMPERATUR","tipo":"","video":"udAVkLDWR-E","file_privati":"","file_pubblici":[""],"scheda_tecnica":"https:\/\/gemm.datipro.it\/pdf-datasheet\/de\/40101000","depliant":"","struttura_info":"Edelstahl","posizione_vano_tecnico":"am rechts","tipo_di_refrigerazione_info":"Umluft","elettronica_info":"2.2'' Touch Bedienfeld, Digitalanzeige","sbrinamento_info":"automatisch Abtauen mit Heizelementen","evaporazione_acqua_di_condensa_info":"automatisch","allestimenti_a_richiesta":"vorbereitet f\u00fcr Zentralk\u00fchlung Anschluss (K\u00e4ltemittel R134a)","dotazione_info":"2 perforierte Edelstahlregale 340x360 mm f\u00fcr T\u00fcr","esclusioni_info":"","spessore_di_isolamento_info":"50","passo_guide_info":"","posizioni_su_cremagliera":"","piano_di_lavoro_inox_info":"","tipo_serratura":"","illuminazione":"JA","controllo_ventilazione":"NEIN","controllo_umidita":"NEIN","umidita_relativa":"","gas_info":"R290","tensione_info":"1x230V ~ 50Hz","classe_climatica_info":"5","elenco_accessori":[{"accessori":"40101700 - Glastur f\u00fcr gek\u00fchlten Wandh\u00e4ngeschrank (Mehrpreis f\u00fcr je T\u00fcr)"},{"accessori":"40101710 - CNS Auflagenboden (no. 32 Flaschen) f\u00fcr WD5\/"},{"accessori":"20801270 - Vorbereitung f\u00fcr Zentralk\u00fchlung (K\u00e4ltemittel R134a)"},{"accessori":"45000565 - \u00dcberwachungssystem Wi-Fi (Mehrpreis)"},{"accessori":"40200560 - Frequenz 60Hz"}],"immagini_portabottiglie":null,"strutture_portabottiglie":null,"soluzioni_portabottiglie":null},"yoast_head":"<!-- This site is optimized with the Yoast SEO plugin v26.5 - https:\/\/yoast.com\/wordpress\/plugins\/seo\/ -->\n<title>PR5\/120 - Gemm srl<\/title>\n<meta name=\"robots\" content=\"index, follow, max-snippet:-1, max-image-preview:large, max-video-preview:-1\" \/>\n<link rel=\"canonical\" href=\"https:\/\/www.gemm-srl.com\/de\/gekuhlte-wandhangeschranke\/pr5-120\/\" \/>\n<meta property=\"og:locale\" content=\"de_DE\" \/>\n<meta property=\"og:type\" content=\"article\" \/>\n<meta property=\"og:title\" content=\"PR5\/120 - Gemm srl\" \/>\n<meta property=\"og:description\" content=\"GEK\u00dcHLTER WANDH\u00c4NGESCHRANK- Gek\u00fchlter Wandh\u00e4ngeschrank 2 T\u00fcren steckerfertig. Erh\u00e4ltlich auch in der Ausf\u00fchrung mit Glast\u00fcren und\/oder mit Ventil f\u00fcr Zentralk\u00fchlung.\" \/>\n<meta property=\"og:url\" content=\"https:\/\/www.gemm-srl.com\/de\/gekuhlte-wandhangeschranke\/pr5-120\/\" \/>\n<meta property=\"og:site_name\" content=\"Gemm srl\" \/>\n<meta property=\"article:publisher\" content=\"https:\/\/www.facebook.com\/people\/GEMM-SRL\/100065046666797\/\" \/>\n<meta property=\"article:modified_time\" content=\"2026-04-16T04:35:22+00:00\" \/>\n<meta property=\"og:image\" content=\"https:\/\/www.gemm-srl.com\/wp-content\/uploads\/2025\/01\/PR5-120.jpg\" \/>\n\t<meta property=\"og:image:width\" content=\"657\" \/>\n\t<meta property=\"og:image:height\" content=\"657\" \/>\n\t<meta property=\"og:image:type\" content=\"image\/jpeg\" \/>\n<meta name=\"twitter:card\" content=\"summary_large_image\" \/>\n<script type=\"application\/ld+json\" class=\"yoast-schema-graph\">{\"@context\":\"https:\/\/schema.org\",\"@graph\":[{\"@type\":\"WebPage\",\"@id\":\"https:\/\/www.gemm-srl.com\/de\/gekuhlte-wandhangeschranke\/pr5-120\/\",\"url\":\"https:\/\/www.gemm-srl.com\/de\/gekuhlte-wandhangeschranke\/pr5-120\/\",\"name\":\"PR5\/120 - Gemm srl\",\"isPartOf\":{\"@id\":\"https:\/\/www.gemm-srl.com\/de\/#website\"},\"primaryImageOfPage\":{\"@id\":\"https:\/\/www.gemm-srl.com\/de\/gekuhlte-wandhangeschranke\/pr5-120\/#primaryimage\"},\"image\":{\"@id\":\"https:\/\/www.gemm-srl.com\/de\/gekuhlte-wandhangeschranke\/pr5-120\/#primaryimage\"},\"thumbnailUrl\":\"https:\/\/www.gemm-srl.com\/wp-content\/uploads\/2025\/01\/PR5-120.jpg\",\"datePublished\":\"2023-06-23T09:14:05+00:00\",\"dateModified\":\"2026-04-16T04:35:22+00:00\",\"breadcrumb\":{\"@id\":\"https:\/\/www.gemm-srl.com\/de\/gekuhlte-wandhangeschranke\/pr5-120\/#breadcrumb\"},\"inLanguage\":\"de\",\"potentialAction\":[{\"@type\":\"ReadAction\",\"target\":[\"https:\/\/www.gemm-srl.com\/de\/gekuhlte-wandhangeschranke\/pr5-120\/\"]}]},{\"@type\":\"ImageObject\",\"inLanguage\":\"de\",\"@id\":\"https:\/\/www.gemm-srl.com\/de\/gekuhlte-wandhangeschranke\/pr5-120\/#primaryimage\",\"url\":\"https:\/\/www.gemm-srl.com\/wp-content\/uploads\/2025\/01\/PR5-120.jpg\",\"contentUrl\":\"https:\/\/www.gemm-srl.com\/wp-content\/uploads\/2025\/01\/PR5-120.jpg\",\"width\":657,\"height\":657},{\"@type\":\"BreadcrumbList\",\"@id\":\"https:\/\/www.gemm-srl.com\/de\/gekuhlte-wandhangeschranke\/pr5-120\/#breadcrumb\",\"itemListElement\":[{\"@type\":\"ListItem\",\"position\":1,\"name\":\"Home\",\"item\":\"https:\/\/www.gemm-srl.com\/de\/\"},{\"@type\":\"ListItem\",\"position\":2,\"name\":\"Produkte\",\"item\":\"https:\/\/www.gemm-srl.com\/de\/produkte\/\"},{\"@type\":\"ListItem\",\"position\":3,\"name\":\"Gek\u00fchlte K\u00fchlschr\u00e4nke\",\"item\":\"https:\/\/www.gemm-srl.com\/de\/gekuhlte-wandhangeschranke\/\"},{\"@type\":\"ListItem\",\"position\":4,\"name\":\"PR5\/120\"}]},{\"@type\":\"WebSite\",\"@id\":\"https:\/\/www.gemm-srl.com\/de\/#website\",\"url\":\"https:\/\/www.gemm-srl.com\/de\/\",\"name\":\"Gemm srl\",\"description\":\"Sistemi refrigerati professionali di alta qualit\u00e0\",\"publisher\":{\"@id\":\"https:\/\/www.gemm-srl.com\/de\/#organization\"},\"potentialAction\":[{\"@type\":\"SearchAction\",\"target\":{\"@type\":\"EntryPoint\",\"urlTemplate\":\"https:\/\/www.gemm-srl.com\/de\/?s={search_term_string}\"},\"query-input\":{\"@type\":\"PropertyValueSpecification\",\"valueRequired\":true,\"valueName\":\"search_term_string\"}}],\"inLanguage\":\"de\"},{\"@type\":\"Organization\",\"@id\":\"https:\/\/www.gemm-srl.com\/de\/#organization\",\"name\":\"Gemm srl\",\"url\":\"https:\/\/www.gemm-srl.com\/de\/\",\"logo\":{\"@type\":\"ImageObject\",\"inLanguage\":\"de\",\"@id\":\"https:\/\/www.gemm-srl.com\/de\/#\/schema\/logo\/image\/\",\"url\":\"https:\/\/www.gemm-srl.com\/wp-content\/uploads\/2020\/11\/logo_nero.png\",\"contentUrl\":\"https:\/\/www.gemm-srl.com\/wp-content\/uploads\/2020\/11\/logo_nero.png\",\"width\":250,\"height\":59,\"caption\":\"Gemm srl\"},\"image\":{\"@id\":\"https:\/\/www.gemm-srl.com\/de\/#\/schema\/logo\/image\/\"},\"sameAs\":[\"https:\/\/www.facebook.com\/people\/GEMM-SRL\/100065046666797\/\",\"https:\/\/www.youtube.com\/@gemmsrl\",\"https:\/\/www.linkedin.com\/company\/gemm-s.r.l.\/\",\"https:\/\/www.instagram.com\/gemmsrl\/\"]}]}<\/script>\n<!-- \/ Yoast SEO plugin. -->","yoast_head_json":{"title":"PR5\/120 - Gemm srl","robots":{"index":"index","follow":"follow","max-snippet":"max-snippet:-1","max-image-preview":"max-image-preview:large","max-video-preview":"max-video-preview:-1"},"canonical":"https:\/\/www.gemm-srl.com\/de\/gekuhlte-wandhangeschranke\/pr5-120\/","og_locale":"de_DE","og_type":"article","og_title":"PR5\/120 - Gemm srl","og_description":"GEK\u00dcHLTER WANDH\u00c4NGESCHRANK- Gek\u00fchlter Wandh\u00e4ngeschrank 2 T\u00fcren steckerfertig. Erh\u00e4ltlich auch in der Ausf\u00fchrung mit Glast\u00fcren und\/oder mit Ventil f\u00fcr Zentralk\u00fchlung.","og_url":"https:\/\/www.gemm-srl.com\/de\/gekuhlte-wandhangeschranke\/pr5-120\/","og_site_name":"Gemm srl","article_publisher":"https:\/\/www.facebook.com\/people\/GEMM-SRL\/100065046666797\/","article_modified_time":"2026-04-16T04:35:22+00:00","og_image":[{"width":657,"height":657,"url":"https:\/\/www.gemm-srl.com\/wp-content\/uploads\/2025\/01\/PR5-120.jpg","type":"image\/jpeg"}],"twitter_card":"summary_large_image","schema":{"@context":"https:\/\/schema.org","@graph":[{"@type":"WebPage","@id":"https:\/\/www.gemm-srl.com\/de\/gekuhlte-wandhangeschranke\/pr5-120\/","url":"https:\/\/www.gemm-srl.com\/de\/gekuhlte-wandhangeschranke\/pr5-120\/","name":"PR5\/120 - Gemm srl","isPartOf":{"@id":"https:\/\/www.gemm-srl.com\/de\/#website"},"primaryImageOfPage":{"@id":"https:\/\/www.gemm-srl.com\/de\/gekuhlte-wandhangeschranke\/pr5-120\/#primaryimage"},"image":{"@id":"https:\/\/www.gemm-srl.com\/de\/gekuhlte-wandhangeschranke\/pr5-120\/#primaryimage"},"thumbnailUrl":"https:\/\/www.gemm-srl.com\/wp-content\/uploads\/2025\/01\/PR5-120.jpg","datePublished":"2023-06-23T09:14:05+00:00","dateModified":"2026-04-16T04:35:22+00:00","breadcrumb":{"@id":"https:\/\/www.gemm-srl.com\/de\/gekuhlte-wandhangeschranke\/pr5-120\/#breadcrumb"},"inLanguage":"de","potentialAction":[{"@type":"ReadAction","target":["https:\/\/www.gemm-srl.com\/de\/gekuhlte-wandhangeschranke\/pr5-120\/"]}]},{"@type":"ImageObject","inLanguage":"de","@id":"https:\/\/www.gemm-srl.com\/de\/gekuhlte-wandhangeschranke\/pr5-120\/#primaryimage","url":"https:\/\/www.gemm-srl.com\/wp-content\/uploads\/2025\/01\/PR5-120.jpg","contentUrl":"https:\/\/www.gemm-srl.com\/wp-content\/uploads\/2025\/01\/PR5-120.jpg","width":657,"height":657},{"@type":"BreadcrumbList","@id":"https:\/\/www.gemm-srl.com\/de\/gekuhlte-wandhangeschranke\/pr5-120\/#breadcrumb","itemListElement":[{"@type":"ListItem","position":1,"name":"Home","item":"https:\/\/www.gemm-srl.com\/de\/"},{"@type":"ListItem","position":2,"name":"Produkte","item":"https:\/\/www.gemm-srl.com\/de\/produkte\/"},{"@type":"ListItem","position":3,"name":"Gek\u00fchlte K\u00fchlschr\u00e4nke","item":"https:\/\/www.gemm-srl.com\/de\/gekuhlte-wandhangeschranke\/"},{"@type":"ListItem","position":4,"name":"PR5\/120"}]},{"@type":"WebSite","@id":"https:\/\/www.gemm-srl.com\/de\/#website","url":"https:\/\/www.gemm-srl.com\/de\/","name":"Gemm srl","description":"Sistemi refrigerati professionali di alta qualit\u00e0","publisher":{"@id":"https:\/\/www.gemm-srl.com\/de\/#organization"},"potentialAction":[{"@type":"SearchAction","target":{"@type":"EntryPoint","urlTemplate":"https:\/\/www.gemm-srl.com\/de\/?s={search_term_string}"},"query-input":{"@type":"PropertyValueSpecification","valueRequired":true,"valueName":"search_term_string"}}],"inLanguage":"de"},{"@type":"Organization","@id":"https:\/\/www.gemm-srl.com\/de\/#organization","name":"Gemm srl","url":"https:\/\/www.gemm-srl.com\/de\/","logo":{"@type":"ImageObject","inLanguage":"de","@id":"https:\/\/www.gemm-srl.com\/de\/#\/schema\/logo\/image\/","url":"https:\/\/www.gemm-srl.com\/wp-content\/uploads\/2020\/11\/logo_nero.png","contentUrl":"https:\/\/www.gemm-srl.com\/wp-content\/uploads\/2020\/11\/logo_nero.png","width":250,"height":59,"caption":"Gemm srl"},"image":{"@id":"https:\/\/www.gemm-srl.com\/de\/#\/schema\/logo\/image\/"},"sameAs":["https:\/\/www.facebook.com\/people\/GEMM-SRL\/100065046666797\/","https:\/\/www.youtube.com\/@gemmsrl","https:\/\/www.linkedin.com\/company\/gemm-s.r.l.\/","https:\/\/www.instagram.com\/gemmsrl\/"]}]}},"_links":{"self":[{"href":"https:\/\/www.gemm-srl.com\/de\/wp-json\/wp\/v2\/product\/36387","targetHints":{"allow":["GET"]}}],"collection":[{"href":"https:\/\/www.gemm-srl.com\/de\/wp-json\/wp\/v2\/product"}],"about":[{"href":"https:\/\/www.gemm-srl.com\/de\/wp-json\/wp\/v2\/types\/product"}],"acf:post":[{"embeddable":true,"href":"https:\/\/www.gemm-srl.com\/de\/wp-json\/wp\/v2\/product\/"}],"wp:featuredmedia":[{"embeddable":true,"href":"https:\/\/www.gemm-srl.com\/de\/wp-json\/wp\/v2\/media\/147482"}],"wp:attachment":[{"href":"https:\/\/www.gemm-srl.com\/de\/wp-json\/wp\/v2\/media?parent=36387"}],"wp:term":[{"taxonomy":"product_brand","embeddable":true,"href":"https:\/\/www.gemm-srl.com\/de\/wp-json\/wp\/v2\/product_brand?post=36387"},{"taxonomy":"product_cat","embeddable":true,"href":"https:\/\/www.gemm-srl.com\/de\/wp-json\/wp\/v2\/product_cat?post=36387"},{"taxonomy":"product_tag","embeddable":true,"href":"https:\/\/www.gemm-srl.com\/de\/wp-json\/wp\/v2\/product_tag?post=36387"}],"curies":[{"name":"wp","href":"https:\/\/api.w.org\/{rel}","templated":true}]}}