{"id":37109,"date":"2021-10-20T13:15:44","date_gmt":"2021-10-20T11:15:44","guid":{"rendered":"https:\/\/www.gemm-srl.com\/privacy-policy\/"},"modified":"2025-11-24T16:22:39","modified_gmt":"2025-11-24T15:22:39","slug":"datenschutzerklaerung","status":"publish","type":"page","link":"https:\/\/www.gemm-srl.com\/de\/datenschutzerklaerung\/","title":{"rendered":"Datenschutzerkl\u00e4rung"},"content":{"rendered":"\t\t<div data-elementor-type=\"wp-page\" data-elementor-id=\"37109\" class=\"elementor elementor-37109 elementor-3199\" data-elementor-post-type=\"page\">\n\t\t\t\t\t\t<section class=\"elementor-section elementor-top-section elementor-element elementor-element-f6b3a60 elementor-section-items-bottom elementor-section-full_width elementor-section-height-min-height elementor-section-stretched elementor-section-height-default\" data-id=\"f6b3a60\" data-element_type=\"section\" data-settings=\"{&quot;jet_parallax_layout_list&quot;:[{&quot;jet_parallax_layout_image&quot;:{&quot;url&quot;:&quot;&quot;,&quot;id&quot;:&quot;&quot;,&quot;size&quot;:&quot;&quot;},&quot;_id&quot;:&quot;5263347&quot;,&quot;jet_parallax_layout_image_tablet&quot;:{&quot;url&quot;:&quot;&quot;,&quot;id&quot;:&quot;&quot;,&quot;size&quot;:&quot;&quot;},&quot;jet_parallax_layout_image_mobile&quot;:{&quot;url&quot;:&quot;&quot;,&quot;id&quot;:&quot;&quot;,&quot;size&quot;:&quot;&quot;},&quot;jet_parallax_layout_speed&quot;:{&quot;unit&quot;:&quot;%&quot;,&quot;size&quot;:50,&quot;sizes&quot;:[]},&quot;jet_parallax_layout_type&quot;:&quot;scroll&quot;,&quot;jet_parallax_layout_direction&quot;:&quot;1&quot;,&quot;jet_parallax_layout_fx_direction&quot;:null,&quot;jet_parallax_layout_z_index&quot;:&quot;&quot;,&quot;jet_parallax_layout_bg_x&quot;:50,&quot;jet_parallax_layout_bg_x_tablet&quot;:&quot;&quot;,&quot;jet_parallax_layout_bg_x_mobile&quot;:&quot;&quot;,&quot;jet_parallax_layout_bg_y&quot;:50,&quot;jet_parallax_layout_bg_y_tablet&quot;:&quot;&quot;,&quot;jet_parallax_layout_bg_y_mobile&quot;:&quot;&quot;,&quot;jet_parallax_layout_bg_size&quot;:&quot;auto&quot;,&quot;jet_parallax_layout_bg_size_tablet&quot;:&quot;&quot;,&quot;jet_parallax_layout_bg_size_mobile&quot;:&quot;&quot;,&quot;jet_parallax_layout_animation_prop&quot;:&quot;transform&quot;,&quot;jet_parallax_layout_on&quot;:[&quot;desktop&quot;,&quot;tablet&quot;]}],&quot;background_background&quot;:&quot;classic&quot;,&quot;stretch_section&quot;:&quot;section-stretched&quot;}\">\n\t\t\t\t\t\t<div class=\"elementor-container elementor-column-gap-default\">\n\t\t\t\t\t<div class=\"elementor-column elementor-col-100 elementor-top-column elementor-element elementor-element-28df5a9\" data-id=\"28df5a9\" data-element_type=\"column\">\n\t\t\t<div class=\"elementor-widget-wrap elementor-element-populated\">\n\t\t\t\t\t\t\t<\/div>\n\t\t<\/div>\n\t\t\t\t\t<\/div>\n\t\t<\/section>\n\t\t\t\t<section class=\"elementor-section elementor-top-section elementor-element elementor-element-7831e65 elementor-section-boxed elementor-section-height-default elementor-section-height-default\" data-id=\"7831e65\" data-element_type=\"section\" data-settings=\"{&quot;jet_parallax_layout_list&quot;:[{&quot;jet_parallax_layout_image&quot;:{&quot;url&quot;:&quot;&quot;,&quot;id&quot;:&quot;&quot;,&quot;size&quot;:&quot;&quot;},&quot;_id&quot;:&quot;3a539ef&quot;,&quot;jet_parallax_layout_image_tablet&quot;:{&quot;url&quot;:&quot;&quot;,&quot;id&quot;:&quot;&quot;,&quot;size&quot;:&quot;&quot;},&quot;jet_parallax_layout_image_mobile&quot;:{&quot;url&quot;:&quot;&quot;,&quot;id&quot;:&quot;&quot;,&quot;size&quot;:&quot;&quot;},&quot;jet_parallax_layout_speed&quot;:{&quot;unit&quot;:&quot;%&quot;,&quot;size&quot;:50,&quot;sizes&quot;:[]},&quot;jet_parallax_layout_type&quot;:&quot;scroll&quot;,&quot;jet_parallax_layout_direction&quot;:&quot;1&quot;,&quot;jet_parallax_layout_fx_direction&quot;:null,&quot;jet_parallax_layout_z_index&quot;:&quot;&quot;,&quot;jet_parallax_layout_bg_x&quot;:50,&quot;jet_parallax_layout_bg_x_tablet&quot;:&quot;&quot;,&quot;jet_parallax_layout_bg_x_mobile&quot;:&quot;&quot;,&quot;jet_parallax_layout_bg_y&quot;:50,&quot;jet_parallax_layout_bg_y_tablet&quot;:&quot;&quot;,&quot;jet_parallax_layout_bg_y_mobile&quot;:&quot;&quot;,&quot;jet_parallax_layout_bg_size&quot;:&quot;auto&quot;,&quot;jet_parallax_layout_bg_size_tablet&quot;:&quot;&quot;,&quot;jet_parallax_layout_bg_size_mobile&quot;:&quot;&quot;,&quot;jet_parallax_layout_animation_prop&quot;:&quot;transform&quot;,&quot;jet_parallax_layout_on&quot;:[&quot;desktop&quot;,&quot;tablet&quot;]}]}\">\n\t\t\t\t\t\t<div class=\"elementor-container elementor-column-gap-default\">\n\t\t\t\t\t<div class=\"elementor-column elementor-col-100 elementor-top-column elementor-element elementor-element-39acdde6\" data-id=\"39acdde6\" data-element_type=\"column\">\n\t\t\t<div class=\"elementor-widget-wrap elementor-element-populated\">\n\t\t\t\t\t\t<div class=\"elementor-element elementor-element-41fbeafb elementor-widget elementor-widget-text-editor\" data-id=\"41fbeafb\" data-element_type=\"widget\" data-widget_type=\"text-editor.default\">\n\t\t\t\t<div class=\"elementor-widget-container\">\n\t\t\t\t\t\t\t\t\t<p>GEMM S.r.l. Unipersonale, mit Sitz in Codogn\u00e8 (TV), Via del Lavoro 37 \u2013 Cimavilla, Tel. 0438.778504, als Verantwortlicher f\u00fcr die Verarbeitung Ihrer personenbezogenen Daten (im Folgenden \u201eVerantwortlicher\u201c) stellt diese Informationen in \u00dcbereinstimmung mit den europ\u00e4ischen und italienischen Vorschriften zum Schutz personenbezogener Daten zur Verf\u00fcgung, um Sie \u00fcber die Zwecke und Methoden der Verarbeitung personenbezogener Daten zu informieren, die Sie w\u00e4hrend des Navigierens auf dieser Website (im Folgenden \u201eWebsite\u201c) mitteilen k\u00f6nnten. Es wird darauf hingewiesen, dass sich diese Informationen nur auf die Website und nicht auf Websites Dritter beziehen, die der Benutzer m\u00f6glicherweise \u00fcber die darin enthaltenen Links erreichen kann.<\/p><p>VERARBEITETE DATENKATEGORIEN Die f\u00fcr den Betrieb dieser Website verantwortlichen Computersysteme und Softwareverfahren erfassen w\u00e4hrend ihres normalen Betriebs einige personenbezogene Daten, deren \u00dcbertragung bei der Verwendung von Internet-Kommunikationsprotokollen implizit ist. Diese Informationen werden nicht erhoben, um mit identifizierten Personen in Verbindung gebracht zu werden, sondern k\u00f6nnten aufgrund ihrer Beschaffenheit durch die Verarbeitung und Verkn\u00fcpfung mit Daten im Besitz von Dritten die Identifizierung von Nutzern erm\u00f6glichen. Zu dieser Datenkategorie geh\u00f6ren beispielsweise die IP-Adressen oder Dom\u00e4nennamen der Computer, die von den Benutzern verwendet werden, die sich mit der Website verbinden, die URI-Adressen (Uniform Resource Identifier) der angeforderten Ressourcen, die Uhrzeit der Anfrage, die Methode, mit der die Anfrage an den Server gesendet wurde, die Gr\u00f6\u00dfe der als Antwort erhaltenen Datei, der numerische Code, der den Status der vom Server gegebenen Antwort angibt (erfolgreich, Fehler usw.) und andere Parameter, die sich auf das Betriebssystem und die Computerumgebung des Benutzers beziehen. Diese Daten werden ausschlie\u00dflich zu dem Zweck verwendet, anonyme statistische Informationen \u00fcber die Nutzung der Website zu erhalten und deren korrekte Funktionsweise zu \u00fcberpr\u00fcfen. Sie werden sofort nach der Verarbeitung gel\u00f6scht. Von Ihnen freiwillig angegebene Daten. Das Versenden von E-Mails an die auf der Website angegebenen Adressen &#8211; optional, explizit und freiwillig &#8211; f\u00fchrt zur anschlie\u00dfenden Erfassung Ihrer E-Mail-Adresse, die zur Beantwortung von Anfragen erforderlich ist, sowie etwaiger weiterer personenbezogener Daten, die Sie uns mitgeteilt haben. Die Website enth\u00e4lt Ausf\u00fcllformulare, die von spezifischen Informationen \u00fcber die Verarbeitung personenbezogener Daten und, falls erforderlich, von Einwilligungsanfragen begleitet werden: Wir bitten Sie daher, diese vor der Verwendung des Formulars zu lesen. Cookie F\u00fcr alle Informationen \u00fcber die Verwendung von Cookies durch die Website, greifen Sie auf die entsprechenden Informationen zu, indem Sie hier klicken.<\/p><p>ZWECK UND RECHTSGRUNDLAGE DER VERARBEITUNG, ART DER BEREITSTELLUNG DER DATEN Und FOLGEN IM FALLE EINER VERWEIGERUNG. Der Eigent\u00fcmer verarbeitet Ihre Daten, um die Navigation zu erleichtern und die von Ihnen angeforderten Dienste \u00fcber die speziell auf der Website bereitgestellten Formulare bereitzustellen. Abgesehen von dem, was f\u00fcr Navigationsdaten und technische Cookies angegeben ist, steht es Ihnen im Rahmen der Abschnitte der Website, die f\u00fcr bestimmte Dienste auf Ihre Anfrage eingerichtet wurden, frei, Ihre personenbezogenen Daten f\u00fcr die in den jeweiligen Informationen angegebenen Zwecke zur Verf\u00fcgung zu stellen, aber ihre Nichtbereitstellung kann dazu f\u00fchren, dass der angeforderte Dienst nicht erbracht werden kann.<\/p><p>AUFBEWAHRUNGSFRIST DER DATEN Der Inhaber der Datenverarbeitung verarbeitet die durch die Nutzung der Website erhobenen personenbezogenen Daten f\u00fcr die Zeit, die unbedingt erforderlich ist, um die Zwecke zu erreichen, f\u00fcr die sie erhoben wurden, sowie f\u00fcr die Zeit, die gegebenenfalls in den geltenden Vorschriften festgelegt ist. F\u00fcr weitere Details verweisen wir auf die m\u00f6glicherweise f\u00fcr bestimmte Dienste erstellten Informationen.<\/p><p>UMFANG DER DATENKOMMUNIKATION Und ZIELKATEGORIEN Der Datenverantwortliche wird die Daten nicht verbreiten, sondern beabsichtigt, sie an interne Personen weiterzugeben, die aufgrund ihrer jeweiligen Aufgaben zur Verarbeitung berechtigt sind, sowie an externe Personen, denen die Daten mitgeteilt werden m\u00fcssen. Diese Empf\u00e4nger werden, wenn sie Daten im Auftrag des Datenverantwortlichen verarbeiten m\u00fcssen, durch einen entsprechenden Vertrag oder einen anderen Rechtsakt als Datenverantwortliche bestimmt. F\u00fcr weitere Informationen verweisen wir auf die f\u00fcr bestimmte Dienste bereitgestellten Informationen.<\/p><p>DATEN\u00dcBERTRAGUNG IN EIN DRITTLAND UND\/ODER EINE INTERNATIONALE ORGANISATION Ihre personenbezogenen Daten werden nicht in au\u00dfereurop\u00e4ische Drittl\u00e4nder \u00fcbermittelt. RECHTE DER BETROFFENEN Sie haben das Recht, den Datenverantwortlichen aufzufordern, auf Ihre personenbezogenen Daten zuzugreifen und sie zu berichtigen, wenn sie unrichtig sind, sie zu l\u00f6schen oder ihre Verarbeitung einzuschr\u00e4nken, wenn die Voraussetzungen erf\u00fcllt sind, ihrer Verarbeitung aus legitimen Interessen des Datenverantwortlichen zu widersprechen und die \u00dcbertragbarkeit der personenbezogenen Daten zu erhalten, die nur dann zur Verf\u00fcgung gestellt werden, wenn sie Gegenstand einer automatisierten Verarbeitung auf der Grundlage einer Einwilligung oder eines Vertrags sind. Sie haben au\u00dferdem das Recht, Ihre Einwilligung f\u00fcr die Zwecke der Verarbeitung, f\u00fcr die sie erforderlich ist, zu widerrufen, unbeschadet der Rechtm\u00e4\u00dfigkeit der bis zum Widerruf erfolgten Verarbeitung. Um Ihre Rechte auszu\u00fcben, k\u00f6nnen Sie das hier verf\u00fcgbare Formular verwenden und es an folgende Adresse senden: privacy@gemm-srl.com. Schlie\u00dflich m\u00f6chten wir Sie daran erinnern, dass Sie auch das Recht haben, eine Beschwerde bei der zust\u00e4ndigen Aufsichtsbeh\u00f6rde f\u00fcr den Schutz personenbezogener Daten (www.garanteprivacy.it) einzureichen. Zuletzt aktualisiert: Dezember 2021. Diese Richtlinie kann sich \u00e4ndern: Wir empfehlen Ihnen daher, das Datum der letzten \u00dcberarbeitung zu \u00fcberpr\u00fcfen. Alle \u00c4nderungen werden ab dem Datum der Ver\u00f6ffentlichung auf der Website wirksam, aber die als wesentlich erachteten \u00c4nderungen werden Ihnen nach M\u00f6glichkeit mitgeteilt (z. B. wenn Sie unseren Newsletter-Service abonniert haben).<\/p>\t\t\t\t\t\t\t\t<\/div>\n\t\t\t\t<\/div>\n\t\t\t\t\t<\/div>\n\t\t<\/div>\n\t\t\t\t\t<\/div>\n\t\t<\/section>\n\t\t\t\t<section class=\"elementor-section elementor-top-section elementor-element elementor-element-4a7cb51 elementor-section-boxed elementor-section-height-default elementor-section-height-default\" data-id=\"4a7cb51\" data-element_type=\"section\" data-settings=\"{&quot;jet_parallax_layout_list&quot;:[{&quot;jet_parallax_layout_image&quot;:{&quot;url&quot;:&quot;&quot;,&quot;id&quot;:&quot;&quot;,&quot;size&quot;:&quot;&quot;},&quot;_id&quot;:&quot;5126064&quot;,&quot;jet_parallax_layout_image_tablet&quot;:{&quot;url&quot;:&quot;&quot;,&quot;id&quot;:&quot;&quot;,&quot;size&quot;:&quot;&quot;},&quot;jet_parallax_layout_image_mobile&quot;:{&quot;url&quot;:&quot;&quot;,&quot;id&quot;:&quot;&quot;,&quot;size&quot;:&quot;&quot;},&quot;jet_parallax_layout_speed&quot;:{&quot;unit&quot;:&quot;%&quot;,&quot;size&quot;:50,&quot;sizes&quot;:[]},&quot;jet_parallax_layout_type&quot;:&quot;scroll&quot;,&quot;jet_parallax_layout_direction&quot;:&quot;1&quot;,&quot;jet_parallax_layout_fx_direction&quot;:null,&quot;jet_parallax_layout_z_index&quot;:&quot;&quot;,&quot;jet_parallax_layout_bg_x&quot;:50,&quot;jet_parallax_layout_bg_x_tablet&quot;:&quot;&quot;,&quot;jet_parallax_layout_bg_x_mobile&quot;:&quot;&quot;,&quot;jet_parallax_layout_bg_y&quot;:50,&quot;jet_parallax_layout_bg_y_tablet&quot;:&quot;&quot;,&quot;jet_parallax_layout_bg_y_mobile&quot;:&quot;&quot;,&quot;jet_parallax_layout_bg_size&quot;:&quot;auto&quot;,&quot;jet_parallax_layout_bg_size_tablet&quot;:&quot;&quot;,&quot;jet_parallax_layout_bg_size_mobile&quot;:&quot;&quot;,&quot;jet_parallax_layout_animation_prop&quot;:&quot;transform&quot;,&quot;jet_parallax_layout_on&quot;:[&quot;desktop&quot;,&quot;tablet&quot;]}]}\">\n\t\t\t\t\t\t<div class=\"elementor-container elementor-column-gap-default\">\n\t\t\t\t\t<div class=\"elementor-column elementor-col-100 elementor-top-column elementor-element elementor-element-7dc7ccc\" data-id=\"7dc7ccc\" data-element_type=\"column\">\n\t\t\t<div class=\"elementor-widget-wrap elementor-element-populated\">\n\t\t\t\t\t\t<div class=\"elementor-element elementor-element-47babad elementor-align-center elementor-widget elementor-widget-button\" data-id=\"47babad\" data-element_type=\"widget\" data-widget_type=\"button.default\">\n\t\t\t\t<div class=\"elementor-widget-container\">\n\t\t\t\t\t\t\t\t\t<div class=\"elementor-button-wrapper\">\n\t\t\t\t\t<a class=\"elementor-button elementor-button-link elementor-size-sm\" href=\"https:\/\/www.gemm-srl.com\/wp-content\/uploads\/2021\/12\/GP_informativa-estesa-sul-trattamento-green-pass-rev-02_EN.pdf\" target=\"_blank\" rel=\"nofollow\">\n\t\t\t\t\t\t<span class=\"elementor-button-content-wrapper\">\n\t\t\t\t\t\t\t\t\t<span class=\"elementor-button-text\">Datenschutzerkl\u00e4rung Green Pass<\/span>\n\t\t\t\t\t<\/span>\n\t\t\t\t\t<\/a>\n\t\t\t\t<\/div>\n\t\t\t\t\t\t\t\t<\/div>\n\t\t\t\t<\/div>\n\t\t\t\t\t<\/div>\n\t\t<\/div>\n\t\t\t\t\t<\/div>\n\t\t<\/section>\n\t\t\t\t<\/div>\n\t\t","protected":false},"excerpt":{"rendered":"<p>GEMM S.r.l. Unipersonale, mit Sitz in Codogn\u00e8 (TV), Via del Lavoro 37 \u2013 Cimavilla, Tel. 0438.778504, als Verantwortlicher f\u00fcr die Verarbeitung Ihrer personenbezogenen Daten (im Folgenden \u201eVerantwortlicher\u201c) stellt diese Informationen in \u00dcbereinstimmung mit den europ\u00e4ischen und italienischen Vorschriften zum Schutz personenbezogener Daten zur Verf\u00fcgung, um Sie \u00fcber die Zwecke und Methoden der Verarbeitung personenbezogener Daten [&hellip;]<\/p>\n","protected":false},"author":2,"featured_media":0,"parent":0,"menu_order":13,"comment_status":"closed","ping_status":"closed","template":"elementor_header_footer","meta":{"_acf_changed":false,"footnotes":""},"class_list":["post-37109","page","type-page","status-publish","hentry"],"acf":[],"yoast_head":"<!-- This site is optimized with the Yoast SEO plugin v26.5 - https:\/\/yoast.com\/wordpress\/plugins\/seo\/ -->\n<title>Datenschutzerkl\u00e4rung - Gemm srl<\/title>\n<meta name=\"robots\" content=\"noindex, follow\" \/>\n<meta property=\"og:locale\" content=\"de_DE\" \/>\n<meta property=\"og:type\" content=\"article\" \/>\n<meta property=\"og:title\" content=\"Datenschutzerkl\u00e4rung - Gemm srl\" \/>\n<meta property=\"og:description\" content=\"GEMM S.r.l. Unipersonale, mit Sitz in Codogn\u00e8 (TV), Via del Lavoro 37 \u2013 Cimavilla, Tel. 0438.778504, als Verantwortlicher f\u00fcr die Verarbeitung Ihrer personenbezogenen Daten (im Folgenden \u201eVerantwortlicher\u201c) stellt diese Informationen in \u00dcbereinstimmung mit den europ\u00e4ischen und italienischen Vorschriften zum Schutz personenbezogener Daten zur Verf\u00fcgung, um Sie \u00fcber die Zwecke und Methoden der Verarbeitung personenbezogener Daten [&hellip;]\" \/>\n<meta property=\"og:url\" content=\"https:\/\/www.gemm-srl.com\/de\/datenschutzerklaerung\/\" \/>\n<meta property=\"og:site_name\" content=\"Gemm srl\" \/>\n<meta property=\"article:publisher\" content=\"https:\/\/www.facebook.com\/people\/GEMM-SRL\/100065046666797\/\" \/>\n<meta property=\"article:modified_time\" content=\"2025-11-24T15:22:39+00:00\" \/>\n<meta name=\"twitter:card\" content=\"summary_large_image\" \/>\n<meta name=\"twitter:label1\" content=\"Gesch\u00e4tzte Lesezeit\" \/>\n\t<meta name=\"twitter:data1\" content=\"5\u00a0Minuten\" \/>\n<script type=\"application\/ld+json\" class=\"yoast-schema-graph\">{\"@context\":\"https:\/\/schema.org\",\"@graph\":[{\"@type\":\"WebPage\",\"@id\":\"https:\/\/www.gemm-srl.com\/de\/datenschutzerklaerung\/\",\"url\":\"https:\/\/www.gemm-srl.com\/de\/datenschutzerklaerung\/\",\"name\":\"Datenschutzerkl\u00e4rung - Gemm srl\",\"isPartOf\":{\"@id\":\"https:\/\/www.gemm-srl.com\/de\/#website\"},\"datePublished\":\"2021-10-20T11:15:44+00:00\",\"dateModified\":\"2025-11-24T15:22:39+00:00\",\"breadcrumb\":{\"@id\":\"https:\/\/www.gemm-srl.com\/de\/datenschutzerklaerung\/#breadcrumb\"},\"inLanguage\":\"de\",\"potentialAction\":[{\"@type\":\"ReadAction\",\"target\":[\"https:\/\/www.gemm-srl.com\/de\/datenschutzerklaerung\/\"]}]},{\"@type\":\"BreadcrumbList\",\"@id\":\"https:\/\/www.gemm-srl.com\/de\/datenschutzerklaerung\/#breadcrumb\",\"itemListElement\":[{\"@type\":\"ListItem\",\"position\":1,\"name\":\"Home\",\"item\":\"https:\/\/www.gemm-srl.com\/de\/\"},{\"@type\":\"ListItem\",\"position\":2,\"name\":\"Datenschutzerkl\u00e4rung\"}]},{\"@type\":\"WebSite\",\"@id\":\"https:\/\/www.gemm-srl.com\/de\/#website\",\"url\":\"https:\/\/www.gemm-srl.com\/de\/\",\"name\":\"Gemm srl\",\"description\":\"Sistemi refrigerati professionali di alta qualit\u00e0\",\"publisher\":{\"@id\":\"https:\/\/www.gemm-srl.com\/de\/#organization\"},\"potentialAction\":[{\"@type\":\"SearchAction\",\"target\":{\"@type\":\"EntryPoint\",\"urlTemplate\":\"https:\/\/www.gemm-srl.com\/de\/?s={search_term_string}\"},\"query-input\":{\"@type\":\"PropertyValueSpecification\",\"valueRequired\":true,\"valueName\":\"search_term_string\"}}],\"inLanguage\":\"de\"},{\"@type\":\"Organization\",\"@id\":\"https:\/\/www.gemm-srl.com\/de\/#organization\",\"name\":\"Gemm srl\",\"url\":\"https:\/\/www.gemm-srl.com\/de\/\",\"logo\":{\"@type\":\"ImageObject\",\"inLanguage\":\"de\",\"@id\":\"https:\/\/www.gemm-srl.com\/de\/#\/schema\/logo\/image\/\",\"url\":\"https:\/\/www.gemm-srl.com\/wp-content\/uploads\/2020\/11\/logo_nero.png\",\"contentUrl\":\"https:\/\/www.gemm-srl.com\/wp-content\/uploads\/2020\/11\/logo_nero.png\",\"width\":250,\"height\":59,\"caption\":\"Gemm srl\"},\"image\":{\"@id\":\"https:\/\/www.gemm-srl.com\/de\/#\/schema\/logo\/image\/\"},\"sameAs\":[\"https:\/\/www.facebook.com\/people\/GEMM-SRL\/100065046666797\/\",\"https:\/\/www.youtube.com\/@gemmsrl\",\"https:\/\/www.linkedin.com\/company\/gemm-s.r.l.\/\",\"https:\/\/www.instagram.com\/gemmsrl\/\"]}]}<\/script>\n<!-- \/ Yoast SEO plugin. -->","yoast_head_json":{"title":"Datenschutzerkl\u00e4rung - Gemm srl","robots":{"index":"noindex","follow":"follow"},"og_locale":"de_DE","og_type":"article","og_title":"Datenschutzerkl\u00e4rung - Gemm srl","og_description":"GEMM S.r.l. Unipersonale, mit Sitz in Codogn\u00e8 (TV), Via del Lavoro 37 \u2013 Cimavilla, Tel. 0438.778504, als Verantwortlicher f\u00fcr die Verarbeitung Ihrer personenbezogenen Daten (im Folgenden \u201eVerantwortlicher\u201c) stellt diese Informationen in \u00dcbereinstimmung mit den europ\u00e4ischen und italienischen Vorschriften zum Schutz personenbezogener Daten zur Verf\u00fcgung, um Sie \u00fcber die Zwecke und Methoden der Verarbeitung personenbezogener Daten [&hellip;]","og_url":"https:\/\/www.gemm-srl.com\/de\/datenschutzerklaerung\/","og_site_name":"Gemm srl","article_publisher":"https:\/\/www.facebook.com\/people\/GEMM-SRL\/100065046666797\/","article_modified_time":"2025-11-24T15:22:39+00:00","twitter_card":"summary_large_image","twitter_misc":{"Gesch\u00e4tzte Lesezeit":"5\u00a0Minuten"},"schema":{"@context":"https:\/\/schema.org","@graph":[{"@type":"WebPage","@id":"https:\/\/www.gemm-srl.com\/de\/datenschutzerklaerung\/","url":"https:\/\/www.gemm-srl.com\/de\/datenschutzerklaerung\/","name":"Datenschutzerkl\u00e4rung - Gemm srl","isPartOf":{"@id":"https:\/\/www.gemm-srl.com\/de\/#website"},"datePublished":"2021-10-20T11:15:44+00:00","dateModified":"2025-11-24T15:22:39+00:00","breadcrumb":{"@id":"https:\/\/www.gemm-srl.com\/de\/datenschutzerklaerung\/#breadcrumb"},"inLanguage":"de","potentialAction":[{"@type":"ReadAction","target":["https:\/\/www.gemm-srl.com\/de\/datenschutzerklaerung\/"]}]},{"@type":"BreadcrumbList","@id":"https:\/\/www.gemm-srl.com\/de\/datenschutzerklaerung\/#breadcrumb","itemListElement":[{"@type":"ListItem","position":1,"name":"Home","item":"https:\/\/www.gemm-srl.com\/de\/"},{"@type":"ListItem","position":2,"name":"Datenschutzerkl\u00e4rung"}]},{"@type":"WebSite","@id":"https:\/\/www.gemm-srl.com\/de\/#website","url":"https:\/\/www.gemm-srl.com\/de\/","name":"Gemm srl","description":"Sistemi refrigerati professionali di alta qualit\u00e0","publisher":{"@id":"https:\/\/www.gemm-srl.com\/de\/#organization"},"potentialAction":[{"@type":"SearchAction","target":{"@type":"EntryPoint","urlTemplate":"https:\/\/www.gemm-srl.com\/de\/?s={search_term_string}"},"query-input":{"@type":"PropertyValueSpecification","valueRequired":true,"valueName":"search_term_string"}}],"inLanguage":"de"},{"@type":"Organization","@id":"https:\/\/www.gemm-srl.com\/de\/#organization","name":"Gemm srl","url":"https:\/\/www.gemm-srl.com\/de\/","logo":{"@type":"ImageObject","inLanguage":"de","@id":"https:\/\/www.gemm-srl.com\/de\/#\/schema\/logo\/image\/","url":"https:\/\/www.gemm-srl.com\/wp-content\/uploads\/2020\/11\/logo_nero.png","contentUrl":"https:\/\/www.gemm-srl.com\/wp-content\/uploads\/2020\/11\/logo_nero.png","width":250,"height":59,"caption":"Gemm srl"},"image":{"@id":"https:\/\/www.gemm-srl.com\/de\/#\/schema\/logo\/image\/"},"sameAs":["https:\/\/www.facebook.com\/people\/GEMM-SRL\/100065046666797\/","https:\/\/www.youtube.com\/@gemmsrl","https:\/\/www.linkedin.com\/company\/gemm-s.r.l.\/","https:\/\/www.instagram.com\/gemmsrl\/"]}]}},"_links":{"self":[{"href":"https:\/\/www.gemm-srl.com\/de\/wp-json\/wp\/v2\/pages\/37109","targetHints":{"allow":["GET"]}}],"collection":[{"href":"https:\/\/www.gemm-srl.com\/de\/wp-json\/wp\/v2\/pages"}],"about":[{"href":"https:\/\/www.gemm-srl.com\/de\/wp-json\/wp\/v2\/types\/page"}],"author":[{"embeddable":true,"href":"https:\/\/www.gemm-srl.com\/de\/wp-json\/wp\/v2\/users\/2"}],"replies":[{"embeddable":true,"href":"https:\/\/www.gemm-srl.com\/de\/wp-json\/wp\/v2\/comments?post=37109"}],"version-history":[{"count":3,"href":"https:\/\/www.gemm-srl.com\/de\/wp-json\/wp\/v2\/pages\/37109\/revisions"}],"predecessor-version":[{"id":152455,"href":"https:\/\/www.gemm-srl.com\/de\/wp-json\/wp\/v2\/pages\/37109\/revisions\/152455"}],"wp:attachment":[{"href":"https:\/\/www.gemm-srl.com\/de\/wp-json\/wp\/v2\/media?parent=37109"}],"curies":[{"name":"wp","href":"https:\/\/api.w.org\/{rel}","templated":true}]}}